{"id":13312,"date":"2025-03-31T10:12:27","date_gmt":"2025-03-31T08:12:27","guid":{"rendered":"https:\/\/ptm-mechatronics.com\/?post_type=product&#038;p=13312"},"modified":"2025-11-07T15:54:32","modified_gmt":"2025-11-07T14:54:32","slug":"scheibenruehrer","status":"publish","type":"product","link":"https:\/\/ptm-mechatronics.com\/hu\/product\/scheibenruehrer\/","title":{"rendered":"T\u00e1rcs\u00e1s kever\u0151"},"content":{"rendered":"<p class=\"\" data-start=\"123\" data-end=\"202\">T\u00e1rcs\u00e1s kever\u0151 - er\u0151teljes ny\u00edr\u00e1s a hat\u00e9kony g\u00e1zos\u00edt\u00e1shoz \u00e9s emulge\u00e1l\u00e1shoz<\/p>\n<p class=\"\" data-start=\"204\" data-end=\"491\">A t\u00e1rcs\u00e1s kever\u0151 egy nagy teljes\u00edtm\u00e9ny\u0171, radi\u00e1lisan sz\u00e1ll\u00edt\u00f3 kever\u0151, amely er\u0151s ny\u00edr\u00f3er\u0151t gener\u00e1l, k\u00fcl\u00f6n\u00f6sen a k\u00f6zvetlen kil\u00e9p\u0151 sug\u00e1r ter\u00fclet\u00e9n. Ezek a tulajdons\u00e1gok ide\u00e1lisak a nagy energiabefektet\u00e9s\u0171, folyamatorient\u00e1lt alkalmaz\u00e1sokhoz.<\/p>\n<p class=\"\" data-start=\"493\" data-end=\"805\">A gyakorlatban a t\u00e1rcs\u00e1s kever\u0151t gyakran haszn\u00e1lj\u00e1k folyad\u00e9kok leveg\u0151ztet\u00e9s\u00e9re, p\u00e9ld\u00e1ul a vegyiparban, a biotechnol\u00f3gi\u00e1ban vagy a szennyv\u00edzkezel\u00e9sben. Az el nem keverhet\u0151 f\u00e1zisok emulge\u00e1l\u00e1sakor is nagy hat\u00e9konys\u00e1ggal \u00e9s egyenletes diszperzi\u00f3val ny\u0171g\u00f6z le.<\/p>\n<p class=\"\" data-start=\"807\" data-end=\"838\">El\u0151ny\u00f6k egy pillant\u00e1sra:<\/p>\n<ul>\n<li data-start=\"841\" data-end=\"874\">Radi\u00e1lis sz\u00e1ll\u00edt\u00f3 kever\u0151 viselked\u00e9s<\/li>\n<li data-start=\"841\" data-end=\"874\">Er\u0151s ny\u00edr\u00f3er\u0151k<\/li>\n<li data-start=\"841\" data-end=\"874\">Ide\u00e1lis f\u00fcst\u00f6l\u00e9shez<\/li>\n<li data-start=\"841\" data-end=\"874\">Hat\u00e9kony emulge\u00e1l\u00e1s<\/li>\n<li data-start=\"841\" data-end=\"874\">Sokoldal\u00fa haszn\u00e1lat<\/li>\n<li data-start=\"841\" data-end=\"874\">Ipari min\u0151s\u00e9g<\/li>\n<\/ul>","protected":false},"excerpt":{"rendered":"<p>Radi\u00e1lis sz\u00e1ll\u00edt\u00f3 kever\u0151g\u00e9p er\u0151s ny\u00edr\u00f3er\u0151kkel a kimeneti ter\u00fcleten, ide\u00e1lis g\u00e1zos\u00edt\u00e1si folyamatokhoz \u00e9s k\u00fcl\u00f6nb\u00f6z\u0151 f\u00e1zisok emulge\u00e1l\u00e1s\u00e1hoz ipari alkalmaz\u00e1sokban.<\/p>","protected":false},"featured_media":15531,"comment_status":"closed","ping_status":"closed","template":"","meta":{"_acf_changed":false},"product_brand":[],"product_cat":[595,631],"product_tag":[2510,2717,2718,2719,2720,2721,2722,2723,2724],"class_list":{"0":"post-13312","1":"product","2":"type-product","3":"status-publish","4":"has-post-thumbnail","6":"product_cat-ruehrwerkstechnik","7":"product_cat-ruehrorgane","8":"product_tag-scheibenruehrer","9":"product_tag-ruehrorgan-radial","10":"product_tag-ruehrwerk-begasung","11":"product_tag-emulgieren-ruehrtechnik","12":"product_tag-ruehrorgan-mit-scherkraeften","13":"product_tag-ruehrwerk-emulsion","14":"product_tag-industrie-ruehrtechnik","15":"product_tag-ruehrwerkzeug-kaufen","16":"product_tag-mischtechnik-scherung","17":"product_shipping_class-karton-paketversand","18":"pa_material-v4a-edelstahl-1-4404","19":"pa_schiebenabe-20mm","21":"first","22":"instock","23":"taxable","24":"shipping-taxable","25":"purchasable","26":"product-type-variable"},"bundled_by":[],"bundle_stock_status":"instock","bundle_stock_quantity":null,"bundle_virtual":false,"bundle_layout":"","bundle_add_to_cart_form_location":"","bundle_editable_in_cart":false,"bundle_sold_individually_context":"","bundle_item_grouping":"","bundle_min_size":"","bundle_max_size":"","bundle_price":[],"bundled_items":[],"bundle_sell_ids":[],"exclude_global_add_ons":[],"addons":[],"acf":[],"_links":{"self":[{"href":"https:\/\/ptm-mechatronics.com\/hu\/wp-json\/wp\/v2\/product\/13312","targetHints":{"allow":["GET"]}}],"collection":[{"href":"https:\/\/ptm-mechatronics.com\/hu\/wp-json\/wp\/v2\/product"}],"about":[{"href":"https:\/\/ptm-mechatronics.com\/hu\/wp-json\/wp\/v2\/types\/product"}],"replies":[{"embeddable":true,"href":"https:\/\/ptm-mechatronics.com\/hu\/wp-json\/wp\/v2\/comments?post=13312"}],"wp:featuredmedia":[{"embeddable":true,"href":"https:\/\/ptm-mechatronics.com\/hu\/wp-json\/wp\/v2\/media\/15531"}],"wp:attachment":[{"href":"https:\/\/ptm-mechatronics.com\/hu\/wp-json\/wp\/v2\/media?parent=13312"}],"wp:term":[{"taxonomy":"product_brand","embeddable":true,"href":"https:\/\/ptm-mechatronics.com\/hu\/wp-json\/wp\/v2\/product_brand?post=13312"},{"taxonomy":"product_cat","embeddable":true,"href":"https:\/\/ptm-mechatronics.com\/hu\/wp-json\/wp\/v2\/product_cat?post=13312"},{"taxonomy":"product_tag","embeddable":true,"href":"https:\/\/ptm-mechatronics.com\/hu\/wp-json\/wp\/v2\/product_tag?post=13312"}],"curies":[{"name":"wp","href":"https:\/\/api.w.org\/{rel}","templated":true}]}}