{"id":13293,"date":"2025-03-31T09:49:05","date_gmt":"2025-03-31T07:49:05","guid":{"rendered":"https:\/\/ptm-mechatronics.com\/?post_type=product&#038;p=13293"},"modified":"2026-04-14T13:31:19","modified_gmt":"2026-04-14T11:31:19","slug":"becherruehrorgan-eco-cup","status":"publish","type":"product","link":"https:\/\/ptm-mechatronics.com\/hu\/product\/becherruehrorgan-eco-cup\/","title":{"rendered":"eco-Cup cs\u00e9szekever\u0151"},"content":{"rendered":"<h2 data-start=\"102\" data-end=\"193\"><span style=\"font-size: 75%\">Hat\u00e9kony kever\u00e9s minim\u00e1lis ny\u00edr\u00e1ssal - v\u00f6d\u00f6rkever\u0151k \u00e9rz\u00e9keny kever\u00e9si folyamatokhoz<\/span><\/h2>\n<p class=\"\" data-start=\"195\" data-end=\"482\">Kiv\u00e1l\u00f3 min\u0151s\u00e9g\u0171, kiv\u00e1l\u00f3 min\u0151s\u00e9g\u0171 V4A rozsdamentes ac\u00e9lb\u00f3l (1.4404) k\u00e9sz\u00fclt, kiv\u00e1l\u00f3 min\u0151s\u00e9g\u0171 kever\u0151poharaink k\u00edm\u00e9letes \u00e9s hat\u00e9kony kever\u00e9st biztos\u00edtanak - m\u00e9g alacsony fordulatsz\u00e1mon is. Speci\u00e1lis kialak\u00edt\u00e1suknak k\u00f6sz\u00f6nhet\u0151en ide\u00e1lisak \u00e9rz\u00e9keny k\u00f6zegekhez \u00e9s finom kever\u00e9kekhez, ahol alacsony ny\u00edr\u00f3er\u0151re van sz\u00fcks\u00e9g.<\/p>\n<p class=\"\" data-start=\"484\" data-end=\"861\">A cs\u00e9szekever\u0151k alacsony sebess\u00e9g\u0171 kever\u0151k\u00e9nt val\u00f3 m\u0171k\u00f6d\u00e9s\u00fcknek k\u00f6sz\u00f6nhet\u0151en lamin\u00e1ris \u00e1raml\u00e1st hoznak l\u00e9tre axi\u00e1lis sz\u00e1ll\u00edt\u00f3 viselked\u00e9ssel, ami egyenletes \u00e9s term\u00e9kk\u00edm\u00e9l\u0151 kever\u00e9st biztos\u00edt. Ez teszi \u0151ket t\u00f6k\u00e9letes megold\u00e1ss\u00e1 a gy\u00f3gyszer-, \u00e9lelmiszer- \u00e9s kozmetikai iparban, valamint m\u00e1s olyan ter\u00fcleteken, ahol a term\u00e9k s\u00e9rtetlens\u00e9ge els\u0151dleges fontoss\u00e1g\u00fa.<\/p>\n<p class=\"\" data-start=\"863\" data-end=\"892\">El\u0151ny\u00f6k egy pillant\u00e1sra:<\/p>\n<ul>\n<li data-start=\"895\" data-end=\"944\">Hat\u00e9kony kever\u0151hat\u00e1s alacsony fordulatsz\u00e1mon<\/li>\n<li data-start=\"895\" data-end=\"944\">K\u00fcl\u00f6n\u00f6sen alkalmas \u00e9rz\u00e9keny k\u00f6zegekhez<\/li>\n<li data-start=\"895\" data-end=\"944\">Minim\u00e1lis ny\u00edr\u00e1s v\u00e9di a term\u00e9k szerkezet\u00e9t<\/li>\n<li data-start=\"895\" data-end=\"944\">Lamin\u00e1ris \u00e1raml\u00e1s axi\u00e1lis sz\u00e1ll\u00edt\u00f3profillal<\/li>\n<li data-start=\"895\" data-end=\"944\">Ide\u00e1lis az \u00e9rz\u00e9keny ipar\u00e1gak ig\u00e9nyes kever\u00e9si folyamataihoz<\/li>\n<\/ul>","protected":false},"excerpt":{"rendered":"<p>Hat\u00e9kony \u00e9s k\u00edm\u00e9letes kever\u00e9s alacsony fordulatsz\u00e1mon a lamin\u00e1ris \u00e1raml\u00e1snak \u00e9s az axi\u00e1lis sz\u00e1ll\u00edt\u00f3 viselked\u00e9snek k\u00f6sz\u00f6nhet\u0151en - ide\u00e1lis \u00e9rz\u00e9keny kever\u00e9kekhez minim\u00e1lis ny\u00edr\u00f3fesz\u00fclts\u00e9ggel.<\/p>","protected":false},"featured_media":15333,"comment_status":"closed","ping_status":"closed","template":"","meta":{"_acf_changed":false},"product_brand":[],"product_cat":[595,631],"product_tag":[2708,2709,2710,2711,2712,2713,2714,2715,2705,2706,2707],"class_list":{"0":"post-13293","1":"product","2":"type-product","3":"status-publish","4":"has-post-thumbnail","6":"product_cat-ruehrwerkstechnik","7":"product_cat-ruehrorgane","8":"product_tag-mischtechnik-schonend","9":"product_tag-ruehrwerkzeug-sensibel","10":"product_tag-ruehrorgan-niedrige-drehzahl","11":"product_tag-ruehrwerk-pharma","12":"product_tag-ruehrsystem-laminar","13":"product_tag-mischtechnik-geringe-scherung","14":"product_tag-langsamlaeufer-ruehrwerk","15":"product_tag-ruehrorgan-axial","16":"product_tag-becherruehrorgan","17":"product_tag-ruehrorgan-kaufen","18":"product_tag-ruehrtechnik-industrie","19":"product_shipping_class-karton-paketversand","20":"pa_material-v4a-edelstahl-1-4404","22":"first","23":"instock","24":"taxable","25":"shipping-taxable","26":"purchasable","27":"product-type-variable"},"bundled_by":[],"bundle_stock_status":"instock","bundle_stock_quantity":null,"bundle_virtual":false,"bundle_layout":"","bundle_add_to_cart_form_location":"","bundle_editable_in_cart":false,"bundle_sold_individually_context":"","bundle_item_grouping":"","bundle_min_size":"","bundle_max_size":"","bundle_price":[],"bundled_items":[],"bundle_sell_ids":[],"exclude_global_add_ons":[],"addons":[],"acf":[],"_links":{"self":[{"href":"https:\/\/ptm-mechatronics.com\/hu\/wp-json\/wp\/v2\/product\/13293","targetHints":{"allow":["GET"]}}],"collection":[{"href":"https:\/\/ptm-mechatronics.com\/hu\/wp-json\/wp\/v2\/product"}],"about":[{"href":"https:\/\/ptm-mechatronics.com\/hu\/wp-json\/wp\/v2\/types\/product"}],"replies":[{"embeddable":true,"href":"https:\/\/ptm-mechatronics.com\/hu\/wp-json\/wp\/v2\/comments?post=13293"}],"wp:featuredmedia":[{"embeddable":true,"href":"https:\/\/ptm-mechatronics.com\/hu\/wp-json\/wp\/v2\/media\/15333"}],"wp:attachment":[{"href":"https:\/\/ptm-mechatronics.com\/hu\/wp-json\/wp\/v2\/media?parent=13293"}],"wp:term":[{"taxonomy":"product_brand","embeddable":true,"href":"https:\/\/ptm-mechatronics.com\/hu\/wp-json\/wp\/v2\/product_brand?post=13293"},{"taxonomy":"product_cat","embeddable":true,"href":"https:\/\/ptm-mechatronics.com\/hu\/wp-json\/wp\/v2\/product_cat?post=13293"},{"taxonomy":"product_tag","embeddable":true,"href":"https:\/\/ptm-mechatronics.com\/hu\/wp-json\/wp\/v2\/product_tag?post=13293"}],"curies":[{"name":"wp","href":"https:\/\/api.w.org\/{rel}","templated":true}]}}