{"id":13191,"date":"2025-03-25T11:09:20","date_gmt":"2025-03-25T10:09:20","guid":{"rendered":"https:\/\/ptm-mechatronics.com\/?post_type=product&#038;p=13191"},"modified":"2026-03-09T10:22:42","modified_gmt":"2026-03-09T09:22:42","slug":"untergestell-fuer-kleingebindestation-und-eco-station-30l","status":"publish","type":"product","link":"https:\/\/ptm-mechatronics.com\/hu\/product\/untergestell-fuer-kleingebindestation-und-eco-station-30l\/","title":{"rendered":"Alapkeret kis k\u00f6t\u0151\u00e1llom\u00e1shoz \u00e9s \u00f6ko\u00e1llom\u00e1shoz 30 literes alapkeret"},"content":{"rendered":"<h1 data-start=\"147\" data-end=\"225\"><span style=\"font-size: 90%;\">Rozsdamentes ac\u00e9l asztal csepegtet\u0151 peremmel - alapkeret kever\u0151\u00e1llv\u00e1nyokhoz, higi\u00e9nikus \u00e9s hangszigetel\u0151, sz\u00e9less\u00e9g 1000 mm<\/span><\/h1>\n<p class=\"\" data-start=\"227\" data-end=\"531\">A kiv\u00e1l\u00f3 min\u0151s\u00e9g\u0171 rozsdamentes ac\u00e9lb\u00f3l k\u00e9sz\u00fclt asztalt kifejezetten professzion\u00e1lis felhaszn\u00e1l\u00e1sra tervezt\u00e9k a termel\u00e9sben, laborat\u00f3riumokban, \u00e9lelmiszer-feldolgoz\u00e1sban \u00e9s higi\u00e9niai ter\u00fcleteken. Robusztus fel\u00e9p\u00edt\u00e9s\u00e9vel \u00e9s \u00e1tgondolt funkci\u00f3ival megb\u00edzhat\u00f3 \u00e9s tart\u00f3s munkafel\u00fcletet k\u00edn\u00e1l kompakt t\u00e9rben.<\/p>\n<p class=\"\" data-start=\"533\" data-end=\"873\">A csiszolt, r\u00e9szben pol\u00edrozott rozsdamentes ac\u00e9lb\u00f3l k\u00e9sz\u00fclt massz\u00edv v\u00e1zszerkezet maxim\u00e1lis tart\u00f3ss\u00e1got biztos\u00edt, m\u00e9g nagy ig\u00e9nybev\u00e9tel eset\u00e9n is. Az asztallap k\u00f6r\u00f6s-k\u00f6r\u00fcl 40 mm-es fazett\u00e1val \u00e9s hangelnyel\u0151, 19 mm vastag forg\u00e1cslap al\u00e1t\u00e9ttel rendelkezik, amely biztos\u00edtja a k\u00e9nyelmes, zavar\u00f3 zajok n\u00e9lk\u00fcli munkav\u00e9gz\u00e9st.<\/p>\n<p class=\"\" data-start=\"875\" data-end=\"1271\">A k\u00f6rbefut\u00f3 csepegtet\u0151 perem v\u00e9d a folyad\u00e9k kifoly\u00e1sa ellen, \u00e9s megk\u00f6nny\u00edti a tiszt\u00edt\u00e1st - ide\u00e1lis higi\u00e9niai szempontb\u00f3l \u00e9rz\u00e9keny k\u00f6rnyezetekben. A 40 x 40 mm-es rozsdamentes ac\u00e9l profilcs\u0151b\u0151l k\u00e9sz\u00fclt l\u00e1bak padl\u00f3kiegyenl\u00edt\u0151 csavarokkal vannak ell\u00e1tva, \u00e9s biztos \u00e1ll\u00e1st biztos\u00edtanak b\u00e1rmilyen fel\u00fcleten. Az asztalhoz raklapos kocsival vagy takar\u00edt\u00f3berendez\u00e9ssel is k\u00f6nnyen hozz\u00e1 lehet f\u00e9rni, mivel al\u00e1 lehet hajtani.<\/p>\n<p class=\"\" data-start=\"1273\" data-end=\"1547\">A kompakt, 1000 mm sz\u00e9les, 700 mm m\u00e9ly \u00e9s 850 mm munkamagass\u00e1g\u00fa, rozsdamentes ac\u00e9lb\u00f3l k\u00e9sz\u00fclt asztal a funkcionalit\u00e1s cs\u00f6kken\u00e9se n\u00e9lk\u00fcl takar\u00edt meg helyet - ide\u00e1lis \u00e1llv\u00e1nykever\u0151k, laborat\u00f3riumi berendez\u00e9sek vagy higi\u00e9niai munka\u00e1llom\u00e1s alapj\u00e1ul.<\/p>\n<p data-start=\"1554\" data-end=\"1594\">Az \u00d6n el\u0151nyei egy pillant\u00e1sra:<\/p>\n<ul>\n<li data-start=\"1554\" data-end=\"1594\">Rozsdamentes ac\u00e9l, csiszolt \u00e9s pol\u00edrozott<\/li>\n<li data-start=\"1554\" data-end=\"1594\">Hangszigetel\u0151 munkalap csepegtet\u0151 peremmel<\/li>\n<li data-start=\"1554\" data-end=\"1594\">Stabil v\u00e1zszerkezet padl\u00f3egyenget\u00e9ssel<\/li>\n<li data-start=\"1554\" data-end=\"1594\">A nagyobb rugalmass\u00e1g \u00e9rdek\u00e9ben al\u00e1hajthat\u00f3<\/li>\n<li data-start=\"1554\" data-end=\"1594\">Kompakt m\u00e9retek: B 1000 x T 700 x H 850 mm<\/li>\n<li data-start=\"1554\" data-end=\"1594\">T\u00f6k\u00e9letes alapk\u00e9nt kever\u0151g\u00e9pekhez, m\u00e9rlegekhez, k\u00e9sz\u00fcl\u00e9kekhez \u00e9s m\u00e9g sok m\u00e1shoz.<\/li>\n<\/ul>","protected":false},"excerpt":{"rendered":"<p>Kompakt, rozsdamentes ac\u00e9lb\u00f3l k\u00e9sz\u00fclt, al\u00e1hajthat\u00f3 asztal hangelnyel\u0151 munkafel\u00fclettel, csepegtet\u0151 peremmel \u00e9s massz\u00edv v\u00e1zszerkezettel - ide\u00e1lis higi\u00e9nikus alapk\u00e9nt a standmixerek \u00e9s kisg\u00e9pek sz\u00e1m\u00e1ra.<\/p>","protected":false},"featured_media":15527,"comment_status":"open","ping_status":"closed","template":"","meta":{"_acf_changed":false},"product_brand":[],"product_cat":[595,612,1421],"product_tag":[2696,2697,2698,2699,2689,2700,2690,2701,2691,2702,2692,2703,2693,2694,2695],"class_list":{"0":"post-13191","1":"product","2":"type-product","3":"status-publish","4":"has-post-thumbnail","6":"product_cat-ruehrwerkstechnik","7":"product_cat-kleingebinderuehrwerke","8":"product_cat-zubehoer-ruehrwerkstechnik","9":"product_tag-edelstahltisch-mit-ausgleichsschrauben","10":"product_tag-rostfreier-edelstahltisch","11":"product_tag-kompakter-edelstahl-arbeitstisch","12":"product_tag-unterfahrbarer-edelstahltisch","13":"product_tag-edelstahltisch-untergestell","14":"product_tag-edelstahltisch-lebensmittelindustrie","15":"product_tag-arbeitstisch-edelstahl-1000-mm","16":"product_tag-edelstahltisch-pharmaindustrie","17":"product_tag-edelstahltisch-fuer-stativruehrwerke","18":"product_tag-edelstahl-untergestell-fuer-kleingebinde","19":"product_tag-hygienischer-edelstahltisch","20":"product_tag-stabiler-edelstahltisch-mit-tropfkante","21":"product_tag-edelstahltisch-mit-tropfkante","22":"product_tag-edelstahl-arbeitstisch-schalldaemmend","23":"product_tag-edelstahl-tisch-fuer-labor","24":"product_shipping_class-europalette","26":"first","27":"instock","28":"taxable","29":"shipping-taxable","30":"purchasable","31":"product-type-simple"},"bundled_by":[],"bundle_stock_status":"instock","bundle_stock_quantity":null,"bundle_virtual":false,"bundle_layout":"","bundle_add_to_cart_form_location":"","bundle_editable_in_cart":false,"bundle_sold_individually_context":"","bundle_item_grouping":"","bundle_min_size":"","bundle_max_size":"","bundle_price":[],"bundled_items":[],"bundle_sell_ids":[],"exclude_global_add_ons":[],"addons":[],"acf":[],"_links":{"self":[{"href":"https:\/\/ptm-mechatronics.com\/hu\/wp-json\/wp\/v2\/product\/13191","targetHints":{"allow":["GET"]}}],"collection":[{"href":"https:\/\/ptm-mechatronics.com\/hu\/wp-json\/wp\/v2\/product"}],"about":[{"href":"https:\/\/ptm-mechatronics.com\/hu\/wp-json\/wp\/v2\/types\/product"}],"replies":[{"embeddable":true,"href":"https:\/\/ptm-mechatronics.com\/hu\/wp-json\/wp\/v2\/comments?post=13191"}],"wp:featuredmedia":[{"embeddable":true,"href":"https:\/\/ptm-mechatronics.com\/hu\/wp-json\/wp\/v2\/media\/15527"}],"wp:attachment":[{"href":"https:\/\/ptm-mechatronics.com\/hu\/wp-json\/wp\/v2\/media?parent=13191"}],"wp:term":[{"taxonomy":"product_brand","embeddable":true,"href":"https:\/\/ptm-mechatronics.com\/hu\/wp-json\/wp\/v2\/product_brand?post=13191"},{"taxonomy":"product_cat","embeddable":true,"href":"https:\/\/ptm-mechatronics.com\/hu\/wp-json\/wp\/v2\/product_cat?post=13191"},{"taxonomy":"product_tag","embeddable":true,"href":"https:\/\/ptm-mechatronics.com\/hu\/wp-json\/wp\/v2\/product_tag?post=13191"}],"curies":[{"name":"wp","href":"https:\/\/api.w.org\/{rel}","templated":true}]}}