{"id":13175,"date":"2025-03-25T10:10:40","date_gmt":"2025-03-25T09:10:40","guid":{"rendered":"https:\/\/ptm-mechatronics.com\/?post_type=product&#038;p=13175"},"modified":"2025-11-07T15:54:22","modified_gmt":"2025-11-07T14:54:22","slug":"ruehrwerksantrieb-eco-seal-g1-mit-platzsparender-befestigung-und-gewindenabe-edelstahlkontaktteile","status":"publish","type":"product","link":"https:\/\/ptm-mechatronics.com\/hu\/product\/ruehrwerksantrieb-eco-seal-g1-mit-platzsparender-befestigung-und-gewindenabe-edelstahlkontaktteile\/","title":{"rendered":"Az eco-Seal G1\" kever\u0151hajt\u00f3m\u0171 helytakar\u00e9kos r\u00f6gz\u00edt\u00e9ssel \u00e9s menetes tengelycsonkkal, rozsdamentes ac\u00e9l \u00e9rintkez\u0151 r\u00e9szekkel."},"content":{"rendered":"<h2><span style=\"font-size: 75%;\">ATEX kever\u0151hajt\u00e1s kis tart\u00e1lyokhoz \u00e9s nyom\u00e1start\u00f3 tart\u00e1lyokhoz - Kompakt, nagy teljes\u00edtm\u00e9ny\u0171 \u00e9s robban\u00e1sbiztos<\/span><\/h2>\n<p class=\"\" data-start=\"160\" data-end=\"631\">Az energiatakar\u00e9kos, ATEX tan\u00fas\u00edtv\u00e1nnyal rendelkez\u0151 kever\u0151hajt\u00e1st kifejezetten kis tart\u00e1lyokban \u00e9s nyom\u00e1s alatt \u00e1ll\u00f3 tart\u00e1lyokban val\u00f3 haszn\u00e1latra fejlesztett\u00e9k ki, \u00e9s megb\u00edzhat\u00f3 megold\u00e1st k\u00edn\u00e1l higi\u00e9niai, robban\u00e1svesz\u00e9lyes \u00e9s helykritikus alkalmaz\u00e1sokhoz. Az innovat\u00edv z\u00f3nasz\u00e9tv\u00e1laszt\u00f3 karim\u00e1nak k\u00f6sz\u00f6nhet\u0151en az ATEX 0\/1-es z\u00f3n\u00e1kban is lehets\u00e9ges a m\u0171k\u00f6d\u00e9s, \u00e9s a k\u00f6zeggel \u00e9rintkez\u0151 valamennyi alkatr\u00e9sz higi\u00e9nikus V4A rozsdamentes 1.4404-es ac\u00e9lb\u00f3l k\u00e9sz\u00fclt - ide\u00e1lis a vegyiparban, az \u00e9lelmiszeriparban \u00e9s a gy\u00f3gyszeriparban t\u00f6rt\u00e9n\u0151 alkalmaz\u00e1sokhoz, ahol maxim\u00e1lis biztons\u00e1gra \u00e9s higi\u00e9ni\u00e1ra van sz\u00fcks\u00e9g.<\/p>\n<h3 class=\"\" data-start=\"633\" data-end=\"712\"><span style=\"font-size: 75%;\">Helytakar\u00e9kos \u00e9s nagy teljes\u00edtm\u00e9ny\u0171 - kifejezetten kis kont\u00e9nerekhez tervezve<\/span><\/h3>\n<p class=\"\" data-start=\"713\" data-end=\"987\">A 35-50 mm-es csatlakoz\u00f3\u00e1tm\u00e9r\u0151vel a m\u0171k\u00f6dtet\u0151 t\u00f6k\u00e9letesen illeszkedik a nyom\u00e1start\u00f3 tart\u00e1lyok szabv\u00e1nyos furat\u00e1ba. A mell\u00e9kelt rozsdamentes ac\u00e9l z\u00e1r\u00f3anya egyszer\u0171 \u00e9s biztons\u00e1gos alulr\u00f3l t\u00f6rt\u00e9n\u0151 beszerel\u00e9st tesz lehet\u0151v\u00e9, m\u00e9g sz\u0171k helyeken is.<\/p>\n<p class=\"\" data-start=\"989\" data-end=\"1217\">Kompakt kialak\u00edt\u00e1sa ellen\u00e9re a meghajt\u00f3 nagy nyomat\u00e9k\u00e1val leny\u0171g\u00f6z\u0151, \u00e9s homog\u00e9n kever\u00e9si eredm\u00e9nyt biztos\u00edt m\u00e9g nagy viszkozit\u00e1s\u00fa k\u00f6zegek eset\u00e9n is. T\u00falnyom\u00e1sos \u00e9s v\u00e1kuumos alkalmaz\u00e1sok is gond n\u00e9lk\u00fcl megval\u00f3s\u00edthat\u00f3k.<\/p>\n<p class=\"\" data-start=\"1219\" data-end=\"1510\">Tiszt\u00e1n mechanikus kialak\u00edt\u00e1sa rendk\u00edv\u00fcl robusztus, alacsony karbantart\u00e1si ig\u00e9ny\u0171 \u00e9s hossz\u00fa \u00e9lettartamot garant\u00e1l. Az alacsony zajszint\u0171 \u00e9s helytakar\u00e9kos kialak\u00edt\u00e1snak k\u00f6sz\u00f6nhet\u0151en ide\u00e1lis megold\u00e1s a kompakt, higi\u00e9nikus kever\u00e9si folyamatokhoz, ig\u00e9nyes k\u00f6r\u00fclm\u00e9nyek k\u00f6z\u00f6tt.<\/p>\n<h3 class=\"\" data-start=\"1517\" data-end=\"1551\">Az el\u0151ny\u00f6k \u00e1ttekint\u00e9se<\/h3>\n<ul>\n<li data-start=\"1554\" data-end=\"1585\">Alkalmas az ATEX 0\/1 z\u00f3n\u00e1khoz<\/li>\n<li data-start=\"1554\" data-end=\"1585\">Kis tart\u00e1lyokkal kompatibilis (35-50 mm csatlakoz\u00f3)<\/li>\n<li data-start=\"1554\" data-end=\"1585\">Kiv\u00e1l\u00f3 min\u0151s\u00e9g\u0171 V4A rozsdamentes ac\u00e9lb\u00f3l 1.4404 k\u00e9sz\u00fclt \u00e9rintkez\u0151 alkatr\u00e9szek<\/li>\n<li data-start=\"1554\" data-end=\"1585\">Rozsdamentes ac\u00e9l z\u00e1r\u00f3any\u00e1t tartalmaz<\/li>\n<li data-start=\"1554\" data-end=\"1585\">Nagy nyomat\u00e9k nagy viszkozit\u00e1s\u00fa k\u00f6zegekhez<\/li>\n<li data-start=\"1554\" data-end=\"1585\">Pozit\u00edv \u00e9s negat\u00edv nyom\u00e1s eset\u00e9n<\/li>\n<li data-start=\"1554\" data-end=\"1585\">Alacsony zajszint, helytakar\u00e9kos, robusztus<\/li>\n<\/ul>","protected":false},"excerpt":{"rendered":"<p>Energiahat\u00e9kony, ATEX tan\u00fas\u00edtv\u00e1nnyal rendelkez\u0151 kever\u0151hajt\u00e1s kis tart\u00e1lyokhoz \u00e9s nyom\u00e1start\u00f3 tart\u00e1lyokhoz - kompakt kialak\u00edt\u00e1s, nagy nyomat\u00e9k, ATEX 0\/1 z\u00f3n\u00e1khoz alkalmas, higi\u00e9nikus rozsdamentes ac\u00e9l alkatr\u00e9szek, bele\u00e9rtve a z\u00e1r\u00f3any\u00e1t is az egyszer\u0171 telep\u00edt\u00e9shez.<\/p>","protected":false},"featured_media":15523,"comment_status":"open","ping_status":"closed","template":"","meta":{"_acf_changed":false},"product_brand":[],"product_cat":[595,632],"product_tag":[2662,2652,2663,2653,2664,2585,2654,2599,2655,2656,2626,2657,2633,2658,2636,2659,2637,2660,2649,2661,2651],"class_list":{"0":"post-13175","1":"product","2":"type-product","3":"status-publish","4":"has-post-thumbnail","6":"product_cat-ruehrwerkstechnik","7":"product_cat-ruehrwerksantriebe","8":"product_tag-wartungsfreier-ruehrantrieb","9":"product_tag-ruehrwerksmotor-drucktank","10":"product_tag-ruehrwerksantrieb-fuer-lebensmittelindustrie","11":"product_tag-kompakter-ruehrantrieb","12":"product_tag-ruehrwerk-fuer-pharmaindustrie","13":"product_tag-langlebiger-ruehrwerksmotor","14":"product_tag-ruehrwerk-zone-0","15":"product_tag-explosionsgeschuetzter-ruehrwerksmotor","16":"product_tag-edelstahl-ruehrwerksantrieb","17":"product_tag-hygienischer-ruehrantrieb","18":"product_tag-platzsparender-ruehrwerksmotor","19":"product_tag-ruehrwerksmotor-mit-kontermutter","20":"product_tag-atex-ruehrwerksantrieb","21":"product_tag-ruehrwerk-35-mm","22":"product_tag-zonentrennflansch-ruehrwerk","23":"product_tag-ruehrwerk-50-mm","24":"product_tag-ruehrwerk-fuer-hochviskose-medien","25":"product_tag-ruehrwerk-fuer-ueberdruck","26":"product_tag-geraeuscharmer-ruehrantrieb","27":"product_tag-ruehrwerk-fuer-unterdruck","28":"product_tag-ruehrwerksantrieb-kleinbehaelter","29":"product_shipping_class-karton-paketversand","30":"pa_antriebsart-pneumatisch","31":"pa_antriebswelle-ptm-gewindenabe-m12","32":"pa_atex-zone-0-1","33":"pa_dichtung-ptfe","34":"pa_drehzahl-0-300-1-min","35":"pa_ex-gas-ex-ii-1-2-g-ex-h-iic-t5-ga-gb","36":"pa_ex-staub-ex-ii-1-2-d-ex-h-iiic-t100c-da-db","37":"pa_geraeuschpegel-75db","38":"pa_labs-oel-und-silikonfrei","39":"pa_material-gehaeuse-aluminium-eloxiert","40":"pa_model-eco-seal-atex-zone-0-1","41":"pa_schutzart-ip67","42":"pa_steckverschraubung-abluft-schlauch-o10mm","43":"pa_steckverschraubung-zuluft-schlauch-o6mm","44":"pa_versorgung-5-6bar","46":"first","47":"instock","48":"taxable","49":"shipping-taxable","50":"purchasable","51":"product-type-variable"},"bundled_by":[],"bundle_stock_status":"instock","bundle_stock_quantity":null,"bundle_virtual":false,"bundle_layout":"","bundle_add_to_cart_form_location":"","bundle_editable_in_cart":false,"bundle_sold_individually_context":"","bundle_item_grouping":"","bundle_min_size":"","bundle_max_size":"","bundle_price":[],"bundled_items":[],"bundle_sell_ids":[],"exclude_global_add_ons":[],"addons":[],"acf":[],"_links":{"self":[{"href":"https:\/\/ptm-mechatronics.com\/hu\/wp-json\/wp\/v2\/product\/13175","targetHints":{"allow":["GET"]}}],"collection":[{"href":"https:\/\/ptm-mechatronics.com\/hu\/wp-json\/wp\/v2\/product"}],"about":[{"href":"https:\/\/ptm-mechatronics.com\/hu\/wp-json\/wp\/v2\/types\/product"}],"replies":[{"embeddable":true,"href":"https:\/\/ptm-mechatronics.com\/hu\/wp-json\/wp\/v2\/comments?post=13175"}],"wp:featuredmedia":[{"embeddable":true,"href":"https:\/\/ptm-mechatronics.com\/hu\/wp-json\/wp\/v2\/media\/15523"}],"wp:attachment":[{"href":"https:\/\/ptm-mechatronics.com\/hu\/wp-json\/wp\/v2\/media?parent=13175"}],"wp:term":[{"taxonomy":"product_brand","embeddable":true,"href":"https:\/\/ptm-mechatronics.com\/hu\/wp-json\/wp\/v2\/product_brand?post=13175"},{"taxonomy":"product_cat","embeddable":true,"href":"https:\/\/ptm-mechatronics.com\/hu\/wp-json\/wp\/v2\/product_cat?post=13175"},{"taxonomy":"product_tag","embeddable":true,"href":"https:\/\/ptm-mechatronics.com\/hu\/wp-json\/wp\/v2\/product_tag?post=13175"}],"curies":[{"name":"wp","href":"https:\/\/api.w.org\/{rel}","templated":true}]}}