{"id":13162,"date":"2025-03-25T09:37:01","date_gmt":"2025-03-25T08:37:01","guid":{"rendered":"https:\/\/ptm-mechatronics.com\/?post_type=product&#038;p=13162"},"modified":"2026-05-04T10:28:02","modified_gmt":"2026-05-04T08:28:02","slug":"ruehrwerksantrieb-eco-seal-inox-atex-zone-0-1-mit-schnellwechselsystem","status":"publish","type":"product","link":"https:\/\/ptm-mechatronics.com\/hu\/product\/ruehrwerksantrieb-eco-seal-inox-atex-zone-0-1-mit-schnellwechselsystem\/","title":{"rendered":"\u00d6ko-Seal INOX kever\u0151 meghajt\u00e1s, ATEX 0\/1 z\u00f3na, gyorscser\u00e9l\u0151 rendszerrel"},"content":{"rendered":"<p><span style=\"font-size: 105%;\">V4A rozsdamentes ac\u00e9lb\u00f3l k\u00e9sz\u00fclt ATEX kever\u0151hajt\u00e1s - alkalmas tiszta helyis\u00e9gek, \u00e9lelmiszer- \u00e9s gy\u00f3gyszeripari felhaszn\u00e1l\u00e1sra, 0\/1 z\u00f3na<\/span><\/p>\n<p class=\"\" data-start=\"194\" data-end=\"618\">Az energiatakar\u00e9kos, ATEX tan\u00fas\u00edtv\u00e1nnyal rendelkez\u0151 kever\u0151hajt\u00e1st kifejezetten a higi\u00e9niailag \u00e9rz\u00e9keny \u00e9s robban\u00e1svesz\u00e9lyes ter\u00fcleteken zajl\u00f3, ig\u00e9nyes ipari kever\u00e9si folyamatokhoz fejlesztett\u00e9k ki. A PTM f\u00far\u00e1si mint\u00e1zatnak k\u00f6sz\u00f6nhet\u0151en a hajt\u00e1s gyorsan \u00e9s egyszer\u0171en integr\u00e1lhat\u00f3 a megl\u00e9v\u0151 rendszerekbe. A be\u00e9p\u00edtett z\u00f3nasz\u00e9tv\u00e1laszt\u00f3 karim\u00e1nak k\u00f6sz\u00f6nhet\u0151en az ATEX 0\/1-es z\u00f3n\u00e1kban val\u00f3 \u00fczemeltet\u00e9s megb\u00edzhat\u00f3 \u00e9s biztons\u00e1gos. A <a href=\"https:\/\/youtu.be\/TjagGW4DoyA?si=nim_aJO3gQNp4S_-\" target=\"_blank\" rel=\"noopener\">eco-Quick gyorscser\u00e9l\u0151 rendszer<\/a> biztos\u00edtja a kever\u0151tengely egyszer\u0171, m\u00e1sodpercek alatt, tov\u00e1bbi szersz\u00e1mok n\u00e9lk\u00fcl t\u00f6rt\u00e9n\u0151 cser\u00e9j\u00e9t.<\/p>\n<p class=\"\" data-start=\"620\" data-end=\"1032\">A nagy nyomat\u00e9knak k\u00f6sz\u00f6nhet\u0151en a meghajt\u00f3 egyenletes, homog\u00e9n kever\u00e9si eredm\u00e9nyt biztos\u00edt m\u00e9g nagy viszkozit\u00e1s\u00fa k\u00f6zegek eset\u00e9n is. A rendszer k\u00f6nnyed\u00e9n megbirk\u00f3zik a pozit\u00edv vagy negat\u00edv nyom\u00e1s alatti alkalmaz\u00e1sokkal is. A kompakt, halk kialak\u00edt\u00e1s helytakar\u00e9kos \u00e9s jav\u00edtja a munkak\u00f6rnyezetet, a tiszt\u00e1n mechanikus fel\u00e9p\u00edt\u00e9s pedig maxim\u00e1lis robusztuss\u00e1got \u00e9s karbantart\u00e1smentess\u00e9get jelent.<\/p>\n<p class=\"\" data-start=\"1034\" data-end=\"1090\">A m\u0171k\u00f6dtet\u0151szerkezet V4A rozsdamentes ac\u00e9lb\u00f3l 1.4404 k\u00e9sz\u00fcl:<\/p>\n<ul>\n<li data-start=\"1093\" data-end=\"1131\">gy\u00f3gyszeripari \u00e9s \u00e9lelmiszeripari el\u0151\u00edr\u00e1soknak megfelel\u0151,<\/li>\n<li data-start=\"1093\" data-end=\"1131\">ellen\u00e1ll a savaknak \u00e9s vegyszereknek,<\/li>\n<li data-start=\"1093\" data-end=\"1131\">steriliz\u00e1lhat\u00f3 \u00e9s<\/li>\n<li data-start=\"1093\" data-end=\"1131\">IP67 v\u00edz\u00e1ll\u00f3.<\/li>\n<\/ul>\n<p class=\"\" data-start=\"1225\" data-end=\"1652\">A fel\u00fclet elektropol\u00edrozott a cs\u00edr\u00e1k megtapad\u00e1s\u00e1nak minimaliz\u00e1l\u00e1sa \u00e9s a k\u00f6nny\u0171 tiszt\u00edthat\u00f3s\u00e1g \u00e9rdek\u00e9ben. Az innovat\u00edv, puha \u00e9l\u0171 kialak\u00edt\u00e1s megakad\u00e1lyozza a szennyez\u0151d\u00e9sek sarkok \u00e9s alulv\u00e1g\u00e1sok kialakul\u00e1s\u00e1t, \u00e9s ez\u00e9rt megfelel a tisztat\u00e9r-technol\u00f3gia legmagasabb k\u00f6vetelm\u00e9nyeinek (DIN 14644 szerinti besorol\u00e1s). A tart\u00f3san higi\u00e9nikus c\u00edmk\u00e9z\u00e9s \u00e9rdek\u00e9ben a c\u00edmk\u00e9ket l\u00e9zergrav\u00edrozz\u00e1k a hagyom\u00e1nyos matric\u00e1k helyett.<\/p>\n<p class=\"\" data-start=\"1654\" data-end=\"1899\">Ez a kever\u0151hajt\u00e1s ide\u00e1lis megold\u00e1s a biztons\u00e1gra, higi\u00e9ni\u00e1ra \u00e9s hat\u00e9konys\u00e1gra vonatkoz\u00f3 legmagasabb k\u00f6vetelm\u00e9nyeket t\u00e1maszt\u00f3 ipar\u00e1gak sz\u00e1m\u00e1ra - p\u00e9ld\u00e1ul a gy\u00f3gyszeriparban, az \u00e9lelmiszeriparban, a kozmetikai term\u00e9kek gy\u00e1rt\u00e1s\u00e1ban vagy a vegyipari folyamattechnik\u00e1ban.<\/p>","protected":false},"excerpt":{"rendered":"<p>Energiatakar\u00e9kos, ATEX tan\u00fas\u00edtv\u00e1nnyal rendelkez\u0151 kever\u0151hajt\u00e1s elektropol\u00edrozott V4A rozsdamentes ac\u00e9lb\u00f3l - higi\u00e9nikus, robusztus, csendes \u00e9s ide\u00e1lis a nagy viszkozit\u00e1s\u00fa k\u00f6zegekhez, valamint a tiszta helyis\u00e9gekben \u00e9s Ex-z\u00f3n\u00e1s alkalmaz\u00e1sokhoz.<\/p>","protected":false},"featured_media":15521,"comment_status":"open","ping_status":"closed","template":"","meta":{"_acf_changed":false},"product_brand":[],"product_cat":[595,632],"product_tag":[2643,2633,2644,2634,2645,2635,2646,2636,2647,2637,2648,2638,2649,2639,2640,2576,2641,2609,2642,2626],"class_list":{"0":"post-13162","1":"product","2":"type-product","3":"status-publish","4":"has-post-thumbnail","6":"product_cat-ruehrwerkstechnik","7":"product_cat-ruehrwerksantriebe","8":"product_tag-chemikalienbestaendiger-antrieb","9":"product_tag-atex-ruehrwerksantrieb","10":"product_tag-elektropolierter-edelstahlmotor","11":"product_tag-explosionsgeschuetzter-antrieb","12":"product_tag-hygienischer-ruehrwerksantrieb","13":"product_tag-ruehrwerksmotor-zone-0","14":"product_tag-soft-edge-design-antrieb","15":"product_tag-zonentrennflansch-ruehrwerk","16":"product_tag-din-14644-ruehrwerk","17":"product_tag-ruehrwerk-fuer-hochviskose-medien","18":"product_tag-wartungsarmer-antrieb","19":"product_tag-v4a-edelstahl-ruehrwerksmotor","20":"product_tag-geraeuscharmer-ruehrantrieb","21":"product_tag-lebensmittelkonformer-ruehrwerksantrieb","22":"product_tag-pharma-ruehrwerk","23":"product_tag-energieeffizienter-ruehrwerksmotor","24":"product_tag-ip68-ruehrwerksmotor","25":"product_tag-ruehrwerksmotor-fuer-reinraeume","26":"product_tag-sterilisierbarer-ruehrantrieb","27":"product_tag-platzsparender-ruehrwerksmotor","28":"product_shipping_class-karton-paketversand","29":"pa_antriebsart-pneumatisch","30":"pa_antriebswelle-eco-drive-450-900-eco-quick-v2","31":"pa_antriebswelle-eco-drive-450-900-eco-quick-v3","32":"pa_atex-zone-0-1","33":"pa_dichtung-ptfe-fda-konform","34":"pa_durchmesser-108mm","35":"pa_ex-gas-ex-ii-1-2-g-ex-h-iic-t5-ga-gb","36":"pa_ex-staub-ex-ii-1-2-d-ex-h-iiic-t100c-da-db","37":"pa_geraeuschpegel-75db","38":"pa_labs-oel-und-silikonfrei","39":"pa_material-gehaeuse-v4a-edelstahl-1-4404-elektropoliert","40":"pa_model-eco-seal-atex-zone-0-1-edelstahl","41":"pa_reinraumklassifizierung-iso1-nach-din14644","42":"pa_schutzart-ip67","43":"pa_steckverschraubung-abluft-schlauch-o10mm","44":"pa_steckverschraubung-zuluft-schlauch-o6mm","45":"pa_versorgung-5-6bar","47":"first","48":"instock","49":"taxable","50":"shipping-taxable","51":"purchasable","52":"product-type-variable"},"bundled_by":[],"bundle_stock_status":"instock","bundle_stock_quantity":null,"bundle_virtual":false,"bundle_layout":"","bundle_add_to_cart_form_location":"","bundle_editable_in_cart":false,"bundle_sold_individually_context":"","bundle_item_grouping":"","bundle_min_size":"","bundle_max_size":"","bundle_price":[],"bundled_items":[],"bundle_sell_ids":[],"exclude_global_add_ons":[],"addons":[],"acf":[],"_links":{"self":[{"href":"https:\/\/ptm-mechatronics.com\/hu\/wp-json\/wp\/v2\/product\/13162","targetHints":{"allow":["GET"]}}],"collection":[{"href":"https:\/\/ptm-mechatronics.com\/hu\/wp-json\/wp\/v2\/product"}],"about":[{"href":"https:\/\/ptm-mechatronics.com\/hu\/wp-json\/wp\/v2\/types\/product"}],"replies":[{"embeddable":true,"href":"https:\/\/ptm-mechatronics.com\/hu\/wp-json\/wp\/v2\/comments?post=13162"}],"wp:featuredmedia":[{"embeddable":true,"href":"https:\/\/ptm-mechatronics.com\/hu\/wp-json\/wp\/v2\/media\/15521"}],"wp:attachment":[{"href":"https:\/\/ptm-mechatronics.com\/hu\/wp-json\/wp\/v2\/media?parent=13162"}],"wp:term":[{"taxonomy":"product_brand","embeddable":true,"href":"https:\/\/ptm-mechatronics.com\/hu\/wp-json\/wp\/v2\/product_brand?post=13162"},{"taxonomy":"product_cat","embeddable":true,"href":"https:\/\/ptm-mechatronics.com\/hu\/wp-json\/wp\/v2\/product_cat?post=13162"},{"taxonomy":"product_tag","embeddable":true,"href":"https:\/\/ptm-mechatronics.com\/hu\/wp-json\/wp\/v2\/product_tag?post=13162"}],"curies":[{"name":"wp","href":"https:\/\/api.w.org\/{rel}","templated":true}]}}