{"id":13139,"date":"2025-03-24T10:52:35","date_gmt":"2025-03-24T09:52:35","guid":{"rendered":"https:\/\/ptm-mechatronics.com\/?post_type=product&#038;p=13139"},"modified":"2026-05-04T10:34:38","modified_gmt":"2026-05-04T08:34:38","slug":"ruehrwerksantrieb-eco-seal-atex-zone-0-1-mit-schnellwechselsystem","status":"publish","type":"product","link":"https:\/\/ptm-mechatronics.com\/hu\/product\/ruehrwerksantrieb-eco-seal-atex-zone-0-1-mit-schnellwechselsystem\/","title":{"rendered":"\u00d6ko-Seal kever\u0151 meghajt\u00e1s, ATEX Z\u00f3na 0\/1, gyorscser\u00e9l\u0151 rendszerrel"},"content":{"rendered":"<h3 data-start=\"0\" data-end=\"106\">ATEX tan\u00fas\u00edtv\u00e1nnyal rendelkez\u0151, energiatakar\u00e9kos kever\u0151hajt\u00e1s - Er\u0151teljes, biztons\u00e1gos \u00e9s fenntarthat\u00f3<\/h3>\n<p data-start=\"108\" data-end=\"475\">Az energiatakar\u00e9kos, ATEX tan\u00fas\u00edtv\u00e1nnyal rendelkez\u0151 kever\u0151hajt\u00e1st kifejezetten robban\u00e1svesz\u00e9lyes k\u00f6rnyezetben val\u00f3 haszn\u00e1latra fejlesztett\u00e9k ki, \u00e9s a PTM f\u00far\u00e1si mint\u00e1zatnak k\u00f6sz\u00f6nhet\u0151en k\u00f6nnyen \u00e9s k\u00f6zvetlen\u00fcl telep\u00edthet\u0151. A be\u00e9p\u00edtett z\u00f3nasz\u00e9tv\u00e1laszt\u00f3 karim\u00e1nak k\u00f6sz\u00f6nhet\u0151en az ATEX 0\/1-es z\u00f3n\u00e1kban t\u00f6rt\u00e9n\u0151 biztons\u00e1gos m\u0171k\u00f6d\u00e9sre tervezt\u00e9k, \u00e9s megfelel a legmagasabb biztons\u00e1gi el\u0151\u00edr\u00e1soknak. Az integr\u00e1lt eco-Quick gyorscser\u00e9l\u0151 rendszernek k\u00f6sz\u00f6nhet\u0151en a kever\u0151tengelyek m\u00e1sodpercek alatt, egyetlen mozdulattal \u00e9s tov\u00e1bbi szersz\u00e1mok n\u00e9lk\u00fcl cser\u00e9lhet\u0151k.<\/p>\n<p data-start=\"477\" data-end=\"953\">Nagy nyomat\u00e9k\u00e1val a meghajt\u00f3 homog\u00e9n kever\u00e9si eredm\u00e9nyt biztos\u00edt, m\u00e9g nagy viszkozit\u00e1s\u00fa k\u00f6zegek eset\u00e9n is. Pozit\u00edv \u00e9s negat\u00edv nyom\u00e1s\u00fa alkalmaz\u00e1sokban is haszn\u00e1lhat\u00f3, ami k\u00fcl\u00f6n\u00f6sen sokoldal\u00fav\u00e1 teszi. Halk \u00e9s helytakar\u00e9kos kialak\u00edt\u00e1sa optim\u00e1lis integr\u00e1ci\u00f3t biztos\u00edt a megl\u00e9v\u0151 rendszerekbe, a tiszt\u00e1n mechanikus fel\u00e9p\u00edt\u00e9s pedig kiv\u00e9teles robusztuss\u00e1got, tart\u00f3ss\u00e1got \u00e9s alacsony karbantart\u00e1si ig\u00e9nyt jelent.<\/p>\n<p data-start=\"955\" data-end=\"1102\">Magas energiahat\u00e9konys\u00e1ga cs\u00f6kkenti az energiafogyaszt\u00e1st, optimaliz\u00e1lja a m\u0171k\u00f6d\u00e9st \u00e9s hozz\u00e1j\u00e1rul a fenntarthat\u00f3 termel\u00e9si folyamatokhoz.<\/p>\n<h3 data-start=\"1104\" data-end=\"1139\">Jellemz\u0151k \u00e9s el\u0151ny\u00f6k:<\/h3>\n<ul>\n<li data-start=\"1140\" data-end=\"1713\">ATEX tan\u00fas\u00edt\u00e1s 0\/1 z\u00f3n\u00e1ra - maxim\u00e1lis biztons\u00e1g robban\u00e1svesz\u00e9lyes k\u00f6rnyezetben<\/li>\n<li data-start=\"1140\" data-end=\"1713\">eco-Quick gyorscser\u00e9l\u0151 rendszer - gyors, tiszta kever\u0151elem csere szersz\u00e1m n\u00e9lk\u00fcl<\/li>\n<li data-start=\"1140\" data-end=\"1713\">Energiahat\u00e9kony \u00e9s nagy teljes\u00edtm\u00e9ny\u0171 - Nagy hat\u00e9konys\u00e1g az optimaliz\u00e1lt folyamatok \u00e9s a cs\u00f6kkentett energiafogyaszt\u00e1s \u00e9rdek\u00e9ben<\/li>\n<li data-start=\"1140\" data-end=\"1713\">Nagy nyomat\u00e9k - t\u00f6k\u00e9letes eredm\u00e9nyek m\u00e9g nagy viszkozit\u00e1s\u00fa k\u00f6zegek eset\u00e9n is<\/li>\n<li data-start=\"1140\" data-end=\"1713\">Pozit\u00edv \u00e9s negat\u00edv nyom\u00e1s\u00fa alkalmaz\u00e1sok - Sokoldal\u00fa haszn\u00e1lat a k\u00fcl\u00f6nb\u00f6z\u0151 technol\u00f3giai k\u00f6vetelm\u00e9nyekhez<\/li>\n<li data-start=\"1140\" data-end=\"1713\">Helytakar\u00e9kos \u00e9s alacsony zajszint - Kompakt kialak\u00edt\u00e1s az egyszer\u0171 integr\u00e1ci\u00f3 \u00e9rdek\u00e9ben<\/li>\n<li data-start=\"1140\" data-end=\"1713\">Rendk\u00edv\u00fcl robusztus \u00e9s alacsony karbantart\u00e1si ig\u00e9ny\u0171 - tiszt\u00e1n mechanikus kialak\u00edt\u00e1s a maxim\u00e1lis megb\u00edzhat\u00f3s\u00e1g \u00e9rdek\u00e9ben<\/li>\n<\/ul>\n<p data-start=\"1715\" data-end=\"1892\">Ez a kiv\u00e1l\u00f3 min\u0151s\u00e9g\u0171, energiatakar\u00e9kos ATEX kever\u0151hajt\u00e1s ide\u00e1lis megold\u00e1s a hat\u00e9konys\u00e1got, biztons\u00e1got \u00e9s fenntarthat\u00f3s\u00e1got ig\u00e9nyl\u0151 ipari alkalmaz\u00e1sokhoz.<\/p>","protected":false},"excerpt":{"rendered":"<p>Nagy teljes\u00edtm\u00e9ny\u0171, hat\u00e9kony kever\u0151hajt\u00e1s z\u00f3nasz\u00e9tv\u00e1laszt\u00f3 karim\u00e1val az ATEX 0\/1 z\u00f3n\u00e1khoz a megl\u00e9v\u0151 rendszerekbe t\u00f6rt\u00e9n\u0151 egyszer\u0171 be\u00e9p\u00edt\u00e9shez.<\/p>","protected":false},"featured_media":15516,"comment_status":"open","ping_status":"closed","template":"","meta":{"_acf_changed":false},"product_brand":[],"product_cat":[595,632],"product_tag":[2626,2627,2628,2629,2575,2630,2576,2620,2631,2581,2621,2632,2585,2622,2588,2623,2599,2624,2600,2625],"class_list":{"0":"post-13139","1":"product","2":"type-product","3":"status-publish","4":"has-post-thumbnail","6":"product_cat-ruehrwerkstechnik","7":"product_cat-ruehrwerksantriebe","8":"product_tag-platzsparender-ruehrwerksmotor","9":"product_tag-ruehrwerksmotor-fuer-explosionsgefaehrdete-bereiche","10":"product_tag-ptm-bohrbild-ruehrwerksantrieb","11":"product_tag-ruehrwerksmotor-fuer-ueber-und-unterdruckanwendungen","12":"product_tag-atex-zertifizierter-ruehrwerksantrieb","13":"product_tag-wartungsarmer-ruehrwerksmotor","14":"product_tag-energieeffizienter-ruehrwerksmotor","15":"product_tag-ruehrwerksantrieb-fuer-zone-0-1","16":"product_tag-zuverlaessiger-ruehrwerksmotor-fuer-industrieanwendungen","17":"product_tag-geraeuscharmer-ruehrwerksantrieb","18":"product_tag-atex-ruehrwerksmotor-mit-zonentrennflansch","19":"product_tag-nachhaltiger-antrieb-fuer-ruehrwerke","20":"product_tag-langlebiger-ruehrwerksmotor","21":"product_tag-nachhaltiger-ruehrwerksmotor","22":"product_tag-leistungsstarker-ruehrwerksantrieb","23":"product_tag-ruehrwerksmotor-mit-optimiertem-energieverbrauch","24":"product_tag-explosionsgeschuetzter-ruehrwerksmotor","25":"product_tag-industrieller-ruehrwerksantrieb","26":"product_tag-ruehrwerksmotor-fuer-hochviskose-medien","27":"product_tag-robuster-ruehrwerksmotor","28":"product_shipping_class-karton-paketversand","29":"pa_antriebsart-pneumatisch","30":"pa_antriebswelle-eco-drive-450-900-m12","31":"pa_antriebswelle-eco-drive-450-900-eco-quick-v3","32":"pa_atex-zone-0-1","33":"pa_dichtung-ptfe","34":"pa_durchmesser-108mm","35":"pa_ex-gas-ex-ii-1-2-g-ex-h-iic-t5-ga-gb","36":"pa_ex-staub-ex-ii-1-2-d-ex-h-iiic-t100c-da-db","37":"pa_geraeuschpegel-75db","38":"pa_labs-oel-und-silikonfrei","39":"pa_material-gehaeuse-aluminium-eloxiert","40":"pa_model-eco-seal-atex-zone-0-1","41":"pa_schutzart-ip67","42":"pa_steckverschraubung-abluft-eco-seal-1800-3600-schlauch-o12mm","43":"pa_steckverschraubung-abluft-eco-seal-450-900-schlauch-o10mm","44":"pa_steckverschraubung-zuluft-eco-seal-450-900-schlauch-o6mm","45":"pa_steckverschraubung-zuluft-eco-seal-1800-3600-schlauch-o8mm","46":"pa_versorgung-5-6bar","48":"first","49":"instock","50":"taxable","51":"shipping-taxable","52":"purchasable","53":"product-type-variable"},"bundled_by":[],"bundle_stock_status":"instock","bundle_stock_quantity":null,"bundle_virtual":false,"bundle_layout":"","bundle_add_to_cart_form_location":"","bundle_editable_in_cart":false,"bundle_sold_individually_context":"","bundle_item_grouping":"","bundle_min_size":"","bundle_max_size":"","bundle_price":[],"bundled_items":[],"bundle_sell_ids":[],"exclude_global_add_ons":[],"addons":[],"acf":[],"_links":{"self":[{"href":"https:\/\/ptm-mechatronics.com\/hu\/wp-json\/wp\/v2\/product\/13139","targetHints":{"allow":["GET"]}}],"collection":[{"href":"https:\/\/ptm-mechatronics.com\/hu\/wp-json\/wp\/v2\/product"}],"about":[{"href":"https:\/\/ptm-mechatronics.com\/hu\/wp-json\/wp\/v2\/types\/product"}],"replies":[{"embeddable":true,"href":"https:\/\/ptm-mechatronics.com\/hu\/wp-json\/wp\/v2\/comments?post=13139"}],"wp:featuredmedia":[{"embeddable":true,"href":"https:\/\/ptm-mechatronics.com\/hu\/wp-json\/wp\/v2\/media\/15516"}],"wp:attachment":[{"href":"https:\/\/ptm-mechatronics.com\/hu\/wp-json\/wp\/v2\/media?parent=13139"}],"wp:term":[{"taxonomy":"product_brand","embeddable":true,"href":"https:\/\/ptm-mechatronics.com\/hu\/wp-json\/wp\/v2\/product_brand?post=13139"},{"taxonomy":"product_cat","embeddable":true,"href":"https:\/\/ptm-mechatronics.com\/hu\/wp-json\/wp\/v2\/product_cat?post=13139"},{"taxonomy":"product_tag","embeddable":true,"href":"https:\/\/ptm-mechatronics.com\/hu\/wp-json\/wp\/v2\/product_tag?post=13139"}],"curies":[{"name":"wp","href":"https:\/\/api.w.org\/{rel}","templated":true}]}}