{"id":13105,"date":"2025-03-20T08:11:35","date_gmt":"2025-03-20T07:11:35","guid":{"rendered":"https:\/\/ptm-mechatronics.com\/?post_type=product&#038;p=13105"},"modified":"2025-11-07T15:53:57","modified_gmt":"2025-11-07T14:53:57","slug":"ruehrwerksantrieb-eco-drive-inox-mit-gewindenabe","status":"publish","type":"product","link":"https:\/\/ptm-mechatronics.com\/hu\/product\/ruehrwerksantrieb-eco-drive-inox-mit-gewindenabe\/","title":{"rendered":"Kever\u0151 meghajt\u00e1s eco-Drive INOX, ATEX 1 z\u00f3na, menetes tengelycsonkkal"},"content":{"rendered":"<h3 data-start=\"0\" data-end=\"96\">ATEX tan\u00fas\u00edtv\u00e1nnyal rendelkez\u0151 kever\u0151hajt\u00e1s - Higi\u00e9nikus, nagy teljes\u00edtm\u00e9ny\u0171 \u00e9s energiatakar\u00e9kos<\/h3>\n<p data-start=\"98\" data-end=\"479\">Az energiahat\u00e9kony, ATEX tan\u00fas\u00edtv\u00e1nnyal rendelkez\u0151 kever\u0151hajt\u00f3m\u0171vet kifejezetten a higi\u00e9niailag \u00e9rz\u00e9keny k\u00f6rnyezetben v\u00e9gzett, ig\u00e9nyes kever\u00e9si, homogeniz\u00e1l\u00e1si \u00e9s kever\u00e9si folyamatokhoz fejlesztett\u00e9k ki. Nagy nyomat\u00e9k\u00e1nak k\u00f6sz\u00f6nhet\u0151en a meghajt\u00f3 homog\u00e9n kever\u00e9si eredm\u00e9nyt biztos\u00edt, m\u00e9g nagy viszkozit\u00e1s\u00fa k\u00f6zegek eset\u00e9n \u00e9s sz\u00e9ls\u0151s\u00e9ges k\u00f6r\u00fclm\u00e9nyek k\u00f6z\u00f6tt is.<\/p>\n<p data-start=\"481\" data-end=\"749\">A PTM furatminta lehet\u0151v\u00e9 teszi a meghajt\u00f3 k\u00f6zvetlen felszerel\u00e9s\u00e9t, m\u00edg az alacsony zajszint\u0171 \u00e9s helytakar\u00e9kos kialak\u00edt\u00e1s rugalmas integr\u00e1ci\u00f3t tesz lehet\u0151v\u00e9 a megl\u00e9v\u0151 rendszerekbe. A tiszt\u00e1n mechanikus kialak\u00edt\u00e1snak k\u00f6sz\u00f6nhet\u0151en rendk\u00edv\u00fcl robusztus \u00e9s karbantart\u00e1s-mentes.<\/p>\n<p data-start=\"751\" data-end=\"883\">A kiv\u00e1l\u00f3 min\u0151s\u00e9g\u0171 V4A rozsdamentes ac\u00e9lb\u00f3l (1.4404) k\u00e9sz\u00fclt kever\u0151hajt\u00f3m\u0171 megfelel a legmagasabb higi\u00e9niai \u00e9s biztons\u00e1gi el\u0151\u00edr\u00e1soknak:<\/p>\n<ul>\n<li data-start=\"885\" data-end=\"1535\">Gy\u00f3gyszeripari \u00e9s \u00e9lelmiszerkompatibilis - T\u00f6k\u00e9letes \u00e9lelmiszeripari, gy\u00f3gyszeripari \u00e9s tisztat\u00e9ri alkalmaz\u00e1sokhoz.<\/li>\n<li data-start=\"885\" data-end=\"1535\">Ellen\u00e1ll a savaknak \u00e9s vegyszereknek - Ellen\u00e1ll az agressz\u00edv k\u00f6zegeknek<\/li>\n<li data-start=\"885\" data-end=\"1535\">Steriliz\u00e1lhat\u00f3 \u00e9s IP67 v\u00edz\u00e1ll\u00f3 - A maxim\u00e1lis higi\u00e9nia \u00e9s tart\u00f3ss\u00e1g \u00e9rdek\u00e9ben<\/li>\n<li data-start=\"885\" data-end=\"1535\">DIN 14644 szerinti tisztat\u00e9r besorol\u00e1s - A legmagasabb tisztas\u00e1gi k\u00f6vetelm\u00e9nyekhez<\/li>\n<li data-start=\"885\" data-end=\"1535\">L\u00e1gy perem\u0171 kialak\u00edt\u00e1s - nincsenek sarkok vagy alulv\u00e1g\u00e1sok az optim\u00e1lis tiszt\u00edthat\u00f3s\u00e1g \u00e9rdek\u00e9ben<\/li>\n<li data-start=\"885\" data-end=\"1535\">Elektropol\u00edrozott fel\u00fclet - minimaliz\u00e1lja a cs\u00edr\u00e1k megtapad\u00e1s\u00e1t \u00e9s megk\u00f6nny\u00edti a tiszt\u00edt\u00e1st.<\/li>\n<li data-start=\"885\" data-end=\"1535\">Higi\u00e9nikus l\u00e9zergrav\u00edroz\u00e1s matric\u00e1k helyett - kop\u00e1s\u00e1ll\u00f3 \u00e9s tart\u00f3s, ide\u00e1lis steril k\u00f6rnyezetbe.<\/li>\n<\/ul>\n<p data-start=\"1537\" data-end=\"1717\">Ez a kever\u0151hajt\u00e1s ide\u00e1lis megold\u00e1s mindazok sz\u00e1m\u00e1ra, akik nagy teljes\u00edtm\u00e9ny\u0171, higi\u00e9nikus \u00e9s tart\u00f3s kever\u00e9si technol\u00f3gi\u00e1t keresnek higi\u00e9niai szempontb\u00f3l kritikus alkalmaz\u00e1sokhoz.<\/p>","protected":false},"excerpt":{"rendered":"<p>ATEX tan\u00fas\u00edtv\u00e1nnyal rendelkez\u0151 kever\u0151hajt\u00e1s - a nagy teljes\u00edtm\u00e9ny\u0171, energiatakar\u00e9kos \u00e9s alacsony karbantart\u00e1si ig\u00e9ny\u0171 megold\u00e1s ipari kever\u00e9si folyamatokhoz, ide\u00e1lis nagy viszkozit\u00e1s\u00fa k\u00f6zegek \u00e9s robban\u00e1svesz\u00e9lyes l\u00e9gk\u00f6r\u00f6k eset\u00e9n.<\/p>","protected":false},"featured_media":15509,"comment_status":"open","ping_status":"closed","template":"","meta":{"_acf_changed":false},"product_brand":[],"product_cat":[595,632],"product_tag":[2608,2598,2609,2599,2610,2600,2611,2575,2601,2612,2576,2602,2585,2603,2604,2594,2605,2595,2606,2596,2607,2597],"class_list":{"0":"post-13105","1":"product","2":"type-product","3":"status-publish","4":"has-post-thumbnail","6":"product_cat-ruehrwerkstechnik","7":"product_cat-ruehrwerksantriebe","8":"product_tag-soft-edge-design-ruehrwerksmotor","9":"product_tag-din-14644-ruehrwerksantrieb","10":"product_tag-ruehrwerksmotor-fuer-reinraeume","11":"product_tag-explosionsgeschuetzter-ruehrwerksmotor","12":"product_tag-hygienische-lasergravur-ruehrwerksmotor","13":"product_tag-ruehrwerksmotor-fuer-hochviskose-medien","14":"product_tag-edelstahl-ruehrwerksantrieb-fuer-reinraum","15":"product_tag-atex-zertifizierter-ruehrwerksantrieb","16":"product_tag-ruehrwerksmotor-fuer-lebensmittelindustrie","17":"product_tag-hygienischer-antrieb-fuer-pharmaindustrie","18":"product_tag-energieeffizienter-ruehrwerksmotor","19":"product_tag-ruehrwerksmotor-fuer-pharmaindustrie","20":"product_tag-langlebiger-ruehrwerksmotor","21":"product_tag-saeurebestaendiger-ruehrwerksmotor","22":"product_tag-chemikalienbestaendiger-ruehrwerksmotor","23":"product_tag-hygienischer-ruehrwerksmotor","24":"product_tag-ip68-wasserdichter-ruehrwerksmotor","25":"product_tag-ruehrwerksmotor-aus-v4a-edelstahl","26":"product_tag-sterilisierbarer-ruehrwerksmotor","27":"product_tag-elektropolierter-edelstahl-ruehrwerksmotor","28":"product_tag-vibrationsarmer-ruehrwerksantrieb","29":"product_tag-reinraum-ruehrwerksmotor-iso-1","30":"product_shipping_class-karton-paketversand","31":"pa_antriebsart-pneumatisch","32":"pa_antriebswelle-eco-drive-450-900-m12","33":"pa_antriebswelle-eco-drive-1800-3600-m16","34":"pa_atex-zone-122122","35":"pa_dichtung-ptfe-fda-konform","36":"pa_durchmesser-eco-drive-450-900-108mm","37":"pa_durchmesser-eco-drive-1800-3600-169mm","38":"pa_ex-gas-ex-ii-2-g-ex-h-iic-t5-gb-x","39":"pa_ex-staub-ex-ii-2-d-ex-h-iiic-t100c-db-x","40":"pa_geraeuschpegel-75db","41":"pa_labs-oel-und-silikonfrei","42":"pa_material-gehaeuse-v4a-edelstahl-1-4404-elektropoliert","43":"pa_model-eco-drive-atex-zone-1-edelstahl","44":"pa_reinraumklassifizierung-iso1-nach-din14644","45":"pa_schutzart-ip67","46":"pa_steckverschraubung-abluft-eco-drive-450-900-schlauch-o10mm","47":"pa_steckverschraubung-abluft-eco-drive-1800-3600-schlauch-o12mm","48":"pa_steckverschraubung-zuluft-eco-drive-1800-3600-schlauch-o8mm","49":"pa_steckverschraubung-zuluft-eco-drive-450-900-schlauch-o6mm","50":"pa_versorgung-5-6bar","52":"first","53":"instock","54":"taxable","55":"shipping-taxable","56":"purchasable","57":"product-type-variable"},"bundled_by":[],"bundle_stock_status":"instock","bundle_stock_quantity":null,"bundle_virtual":false,"bundle_layout":"","bundle_add_to_cart_form_location":"","bundle_editable_in_cart":false,"bundle_sold_individually_context":"","bundle_item_grouping":"","bundle_min_size":"","bundle_max_size":"","bundle_price":[],"bundled_items":[],"bundle_sell_ids":[],"exclude_global_add_ons":[],"addons":[],"acf":[],"_links":{"self":[{"href":"https:\/\/ptm-mechatronics.com\/hu\/wp-json\/wp\/v2\/product\/13105","targetHints":{"allow":["GET"]}}],"collection":[{"href":"https:\/\/ptm-mechatronics.com\/hu\/wp-json\/wp\/v2\/product"}],"about":[{"href":"https:\/\/ptm-mechatronics.com\/hu\/wp-json\/wp\/v2\/types\/product"}],"replies":[{"embeddable":true,"href":"https:\/\/ptm-mechatronics.com\/hu\/wp-json\/wp\/v2\/comments?post=13105"}],"wp:featuredmedia":[{"embeddable":true,"href":"https:\/\/ptm-mechatronics.com\/hu\/wp-json\/wp\/v2\/media\/15509"}],"wp:attachment":[{"href":"https:\/\/ptm-mechatronics.com\/hu\/wp-json\/wp\/v2\/media?parent=13105"}],"wp:term":[{"taxonomy":"product_brand","embeddable":true,"href":"https:\/\/ptm-mechatronics.com\/hu\/wp-json\/wp\/v2\/product_brand?post=13105"},{"taxonomy":"product_cat","embeddable":true,"href":"https:\/\/ptm-mechatronics.com\/hu\/wp-json\/wp\/v2\/product_cat?post=13105"},{"taxonomy":"product_tag","embeddable":true,"href":"https:\/\/ptm-mechatronics.com\/hu\/wp-json\/wp\/v2\/product_tag?post=13105"}],"curies":[{"name":"wp","href":"https:\/\/api.w.org\/{rel}","templated":true}]}}