{"id":13073,"date":"2025-03-11T08:20:55","date_gmt":"2025-03-11T07:20:55","guid":{"rendered":"https:\/\/ptm-mechatronics.com\/?post_type=product&#038;p=13073"},"modified":"2026-03-09T10:23:11","modified_gmt":"2026-03-09T09:23:11","slug":"stativruehrwerk-pro-hygienic-design","status":"publish","type":"product","link":"https:\/\/ptm-mechatronics.com\/hu\/product\/stativruehrwerk-pro-hygienic-design\/","title":{"rendered":"\u00c1ll\u00f3kever\u0151 pro higi\u00e9nikus kialak\u00edt\u00e1s"},"content":{"rendered":"<h1 data-start=\"100\" data-end=\"191\"><span style=\"font-size: 90%;\">Rozsdamentes ac\u00e9l kever\u0151g\u00e9p - higi\u00e9nikus kialak\u00edt\u00e1s a maxim\u00e1lis \u00e9lelmiszerbiztons\u00e1g \u00e9rdek\u00e9ben<\/span><\/h1>\n<p data-start=\"193\" data-end=\"497\">Kiv\u00e1l\u00f3 min\u0151s\u00e9g\u0171 rozsdamentes ac\u00e9lb\u00f3l k\u00e9sz\u00fclt \u00e1llv\u00e1nykever\u0151nket kifejezetten az \u00e9lelmiszer-, gy\u00f3gyszer- \u00e9s vegyiparban alkalmazott ig\u00e9nyes kever\u00e9si folyamatokhoz fejlesztett\u00fck ki. Higi\u00e9nikus kialak\u00edt\u00e1s\u00e1nak \u00e9s holt t\u00e9rmentes fel\u00e9p\u00edt\u00e9s\u00e9nek k\u00f6sz\u00f6nhet\u0151en maxim\u00e1lis higi\u00e9ni\u00e1t \u00e9s \u00e9lelmiszerbiztons\u00e1got garant\u00e1l.<\/p>\n<h4 data-start=\"499\" data-end=\"549\">T\u00f6k\u00e9letes kever\u00e9k maxim\u00e1lis higi\u00e9ni\u00e1val<\/h4>\n<p data-start=\"550\" data-end=\"827\">A kever\u0151g\u00e9p er\u0151teljes \u00e9s egyenletes kever\u00e9st biztos\u00edt folyad\u00e9kok, emulzi\u00f3k \u00e9s viszk\u00f3zus k\u00f6zegek sz\u00e1m\u00e1ra. A sima rozsdamentes ac\u00e9lfel\u00fcleteknek k\u00f6sz\u00f6nhet\u0151en k\u00f6nnyen tiszt\u00edthat\u00f3 \u00e9s megakad\u00e1lyozza a term\u00e9kszennyez\u00e9st - ide\u00e1lis a higi\u00e9nia szempontj\u00e1b\u00f3l kritikus alkalmaz\u00e1sokhoz.<\/p>\n<h3 data-start=\"829\" data-end=\"869\">Az \u00d6n el\u0151nyei egy pillant\u00e1sra:<\/h3>\n<ul>\n<li data-start=\"870\" data-end=\"1412\">Higi\u00e9nikus kialak\u00edt\u00e1s - holt t\u00e9r n\u00e9lk\u00fcli, k\u00f6nnyen tiszt\u00edthat\u00f3, a legmagasabb higi\u00e9niai k\u00f6vetelm\u00e9nyekhez.<\/li>\n<li data-start=\"870\" data-end=\"1412\">Rozsdamentes ac\u00e9lszerkezet - korr\u00f3zi\u00f3\u00e1ll\u00f3, robusztus \u00e9s tart\u00f3s<\/li>\n<li data-start=\"870\" data-end=\"1412\">\u00c9lelmiszerbiztons\u00e1g - Tan\u00fas\u00edtott anyagok az \u00e9lelmiszeriparban val\u00f3 felhaszn\u00e1l\u00e1sra<\/li>\n<li data-start=\"870\" data-end=\"1412\">V\u00e1laszthat\u00f3 meghajt\u00e1s - elektromos vagy pneumatikus meghajt\u00e1s az ig\u00e9nyekt\u0151l f\u00fcgg\u0151en<\/li>\n<li data-start=\"870\" data-end=\"1412\">ATEX tan\u00fas\u00edt\u00e1s - robban\u00e1svesz\u00e9lyes k\u00f6rnyezetben val\u00f3 haszn\u00e1latra is alkalmas<\/li>\n<li data-start=\"870\" data-end=\"1412\">Rugalmas alkalmaz\u00e1s - K\u00fcl\u00f6nb\u00f6z\u0151 tart\u00e1lym\u00e9retekhez \u00e9s gy\u00e1rt\u00e1si folyamatokhoz, tartoz\u00e9kok sz\u00e9les v\u00e1laszt\u00e9ka<\/li>\n<\/ul>\n<h3 data-start=\"1414\" data-end=\"1440\">Alkalmaz\u00e1si ter\u00fcletek:<\/h3>\n<ul>\n<li data-start=\"1441\" data-end=\"1740\">\u00c9lelmiszer-el\u0151\u00e1ll\u00edt\u00e1s (tejterm\u00e9kek, sz\u00f3szok, italok)<\/li>\n<li data-start=\"1441\" data-end=\"1740\">Gy\u00f3gyszeripar (steril folyad\u00e9kok, kr\u00e9mek, ken\u0151cs\u00f6k)<\/li>\n<li data-start=\"1441\" data-end=\"1740\">Kozmetikai term\u00e9kek gy\u00e1rt\u00e1sa (emulzi\u00f3k, test\u00e1pol\u00f3k, samponok)<\/li>\n<li data-start=\"1441\" data-end=\"1740\">Vegyipar (lakkok, fest\u00e9kek, old\u00f3szerek)<\/li>\n<li data-start=\"1441\" data-end=\"1740\">ATEX-z\u00f3n\u00e1k (robban\u00e1svesz\u00e9lyes l\u00e9gk\u00f6r\u00f6k)<\/li>\n<\/ul>\n<p data-start=\"1742\" data-end=\"1898\">A kiv\u00e1l\u00f3 min\u0151s\u00e9g\u0171 kivitelez\u00e9snek \u00e9s a kifinomult kialak\u00edt\u00e1snak k\u00f6sz\u00f6nhet\u0151en az \u00e1ll\u00f3kever\u0151nk minden higi\u00e9niai, hat\u00e9konys\u00e1gi \u00e9s biztons\u00e1gi k\u00f6vetelm\u00e9nynek megfelel.<\/p>\n<p data-start=\"1742\" data-end=\"1898\">Rozsdamentes ac\u00e9lb\u00f3l k\u00e9sz\u00fclt \u00e1llv\u00e1nykever\u0151nk az opci\u00f3k \u00e9s tartoz\u00e9kok sz\u00e9les v\u00e1laszt\u00e9k\u00e1nak k\u00f6sz\u00f6nhet\u0151en optim\u00e1lisan az \u00d6n egyedi ig\u00e9nyeihez igaz\u00edthat\u00f3 - bele\u00e9rtve a speci\u00e1lis kever\u00e9si folyamatokhoz sz\u00fcks\u00e9ges egyedi kialak\u00edt\u00e1sokat is.<\/p>","protected":false},"excerpt":{"rendered":"<p>Rozsdamentes ac\u00e9l \u00e1ll\u00f3kever\u0151 higi\u00e9nikus kialak\u00edt\u00e1ssal a maxim\u00e1lis \u00e9lelmiszerbiztons\u00e1g \u00e9rdek\u00e9ben, elektromos vagy pneumatikus meghajt\u00e1ssal, ATEX tan\u00fas\u00edtv\u00e1nnyal, sokoldal\u00fa opci\u00f3kkal \u00e9s tartoz\u00e9kokkal.<\/p>","protected":false},"featured_media":15501,"comment_status":"open","ping_status":"closed","template":"","meta":{"_acf_changed":false},"product_brand":[],"product_cat":[595,614],"product_tag":[2560,2550,2561,2551,2562,2552,2553,2554,2544,2555,2545,2556,2546,2557,2547,2558,2548,2559,2549],"class_list":{"0":"post-13073","1":"product","2":"type-product","3":"status-publish","4":"has-post-thumbnail","6":"product_cat-ruehrwerkstechnik","7":"product_cat-containerruehrwerke","8":"product_tag-chemie-ruehrwerk-edelstahl","9":"product_tag-elektrisches-stativruehrwerk","10":"product_tag-pneumatisches-ruehrwerk-fuer-lebensmittel","11":"product_tag-industrie-ruehrwerk-edelstahl","12":"product_tag-ruehrwerk-mit-drehzahlregelung","13":"product_tag-ruehrwerk-mit-hygienic-design","14":"product_tag-edelstahl-ruehrwerk-lebensmittel","15":"product_tag-ruehrwerk-atex-zertifiziert","16":"product_tag-stativruehrwerk-edelstahl","17":"product_tag-mischtechnik-edelstahl","18":"product_tag-hygienic-design-ruehrwerk","19":"product_tag-hygienisches-ruehrwerk","20":"product_tag-ruehrwerk-fuer-lebensmittelindustrie","21":"product_tag-edelstahlruehrwerk-mit-atex","22":"product_tag-lebensmittelsicherheit-ruehrwerk","23":"product_tag-lebensmittelruehrwerk-edelstahl","24":"product_tag-atex-ruehrwerk-edelstahl","25":"product_tag-pharma-ruehrwerk-edelstahl","26":"product_tag-pneumatisches-ruehrwerk-atex","27":"product_shipping_class-sonderpalette-speditionsversand","28":"pa_antriebsart-elektrisch","29":"pa_antriebsart-pneumatisch","30":"pa_atex-zone-0-1","31":"pa_atex-zone-122122","32":"pa_behaeltervolumen-100-liter","33":"pa_behaeltervolumen-200-liter","34":"pa_behaeltervolumen-ibc","35":"pa_behaeltervolumen-60-liter","36":"pa_behaeltervolumen-30-liter","37":"pa_dichtung-ptfe","38":"pa_ex-gas-ex-ii-2-g-ex-h-iic-t5-gb-x","39":"pa_ex-staub-ex-ii-2-d-ex-h-iiic-t100c-db-x","40":"pa_labs-oel-und-silikonfrei","41":"pa_material-deckel-v4a-edelstahl-1-4404","42":"pa_model-eco-station-pro","43":"pa_typ-stativruehrwerk","45":"first","46":"outofstock","47":"taxable","48":"shipping-taxable","49":"product-type-simple"},"bundled_by":[],"bundle_stock_status":"outofstock","bundle_stock_quantity":null,"bundle_virtual":false,"bundle_layout":"","bundle_add_to_cart_form_location":"","bundle_editable_in_cart":false,"bundle_sold_individually_context":"","bundle_item_grouping":"","bundle_min_size":"","bundle_max_size":"","bundle_price":[],"bundled_items":[],"bundle_sell_ids":[],"exclude_global_add_ons":[],"addons":[],"acf":[],"_links":{"self":[{"href":"https:\/\/ptm-mechatronics.com\/hu\/wp-json\/wp\/v2\/product\/13073","targetHints":{"allow":["GET"]}}],"collection":[{"href":"https:\/\/ptm-mechatronics.com\/hu\/wp-json\/wp\/v2\/product"}],"about":[{"href":"https:\/\/ptm-mechatronics.com\/hu\/wp-json\/wp\/v2\/types\/product"}],"replies":[{"embeddable":true,"href":"https:\/\/ptm-mechatronics.com\/hu\/wp-json\/wp\/v2\/comments?post=13073"}],"wp:featuredmedia":[{"embeddable":true,"href":"https:\/\/ptm-mechatronics.com\/hu\/wp-json\/wp\/v2\/media\/15501"}],"wp:attachment":[{"href":"https:\/\/ptm-mechatronics.com\/hu\/wp-json\/wp\/v2\/media?parent=13073"}],"wp:term":[{"taxonomy":"product_brand","embeddable":true,"href":"https:\/\/ptm-mechatronics.com\/hu\/wp-json\/wp\/v2\/product_brand?post=13073"},{"taxonomy":"product_cat","embeddable":true,"href":"https:\/\/ptm-mechatronics.com\/hu\/wp-json\/wp\/v2\/product_cat?post=13073"},{"taxonomy":"product_tag","embeddable":true,"href":"https:\/\/ptm-mechatronics.com\/hu\/wp-json\/wp\/v2\/product_tag?post=13073"}],"curies":[{"name":"wp","href":"https:\/\/api.w.org\/{rel}","templated":true}]}}