{"id":13051,"date":"2025-02-25T09:00:39","date_gmt":"2025-02-25T08:00:39","guid":{"rendered":"https:\/\/ptm-mechatronics.com\/?post_type=product&#038;p=13051"},"modified":"2025-11-07T15:53:43","modified_gmt":"2025-11-07T14:53:43","slug":"propeller-ptfe-mit-ruehrwelle","status":"publish","type":"product","link":"https:\/\/ptm-mechatronics.com\/hu\/product\/propeller-ptfe-mit-ruehrwelle\/","title":{"rendered":"PTFE propeller kever\u0151tengellyel"},"content":{"rendered":"<p data-start=\"82\" data-end=\"587\">A PTFE (politetrafluoretil\u00e9n) propeller ide\u00e1lis megold\u00e1s az ig\u00e9nyes kever\u00e9si \u00e9s kever\u00e9si folyamatokhoz, k\u00fcl\u00f6n\u00f6sen a vegyiparban, a gy\u00f3gyszeriparban \u00e9s a biotechnol\u00f3gi\u00e1ban. Kiv\u00e1l\u00f3 k\u00e9miai ellen\u00e1ll\u00f3s\u00e1g\u00e1nak k\u00f6sz\u00f6nhet\u0151en t\u00f6k\u00e9letes agressz\u00edv k\u00f6zegekhez, nagy tisztas\u00e1g\u00fa alkalmaz\u00e1sokhoz \u00e9s \u00e9rz\u00e9keny anyagokhoz. A speci\u00e1lis propellergeometria hat\u00e9kony \u00e1raml\u00e1stermel\u00e9st biztos\u00edt, amelynek k\u00f6sz\u00f6nhet\u0151en a folyad\u00e9kok optim\u00e1lisan keverednek \u00e9s homogeniz\u00e1l\u00f3dnak.<\/p>\n<h3 data-start=\"589\" data-end=\"624\">Jellemz\u0151k \u00e9s el\u0151ny\u00f6k:<\/h3>\n<ul data-start=\"625\" data-end=\"964\">\n<li data-start=\"625\" data-end=\"713\">Magas k\u00e9miai ellen\u00e1ll\u00e1s - ellen\u00e1ll a savaknak, l\u00fagoknak \u00e9s old\u00f3szereknek<\/li>\n<li data-start=\"714\" data-end=\"800\">Optim\u00e1lis kever\u00e9s - Hat\u00e9kony \u00e1raml\u00e1sgener\u00e1l\u00e1s homog\u00e9n kever\u00e9kekhez<\/li>\n<li data-start=\"801\" data-end=\"872\">Tapad\u00e1smentes tulajdons\u00e1gok - Megakad\u00e1lyozza a tapad\u00e1st \u00e9s a lerak\u00f3d\u00e1sokat<\/li>\n<li data-start=\"873\" data-end=\"964\">Korr\u00f3zi\u00f3mentes \u00e9s h\u0151m\u00e9rs\u00e9klet\u00e1ll\u00f3 - Ide\u00e1lis agressz\u00edv vagy nagy tisztas\u00e1g\u00fa folyamatokhoz<\/li>\n<\/ul>\n<h3 data-start=\"966\" data-end=\"991\">Funkcionalit\u00e1s:<\/h3>\n<p data-start=\"992\" data-end=\"1288\">Speci\u00e1lis lap\u00e1tgeometri\u00e1j\u00e1nak k\u00f6sz\u00f6nhet\u0151en a PTFE-propeller axi\u00e1lis \u00e1raml\u00e1st hoz l\u00e9tre, amely biztos\u00edtja a folyad\u00e9kok \u00e9s szil\u00e1rd anyagok egyenletes eloszl\u00e1s\u00e1t. Az alacsony s\u00farl\u00f3d\u00e1snak \u00e9s a tapad\u00e1smentes tulajdons\u00e1goknak k\u00f6sz\u00f6nhet\u0151en az anyag tiszta marad, \u00e9s cs\u00f6kkenti a lerak\u00f3d\u00e1sokat a kever\u00e9si folyamat sor\u00e1n.<\/p>\n<h3 data-start=\"1290\" data-end=\"1319\">Alkalmaz\u00e1si ter\u00fcletek:<\/h3>\n<ul data-start=\"1320\" data-end=\"1450\">\n<li data-start=\"1320\" data-end=\"1343\">Vegyipar<\/li>\n<li data-start=\"1344\" data-end=\"1374\">Gy\u00f3gyszergy\u00e1rt\u00e1s<\/li>\n<li data-start=\"1375\" data-end=\"1408\">Biotechnol\u00f3gia &amp; laborat\u00f3riumi technol\u00f3gia<\/li>\n<li data-start=\"1409\" data-end=\"1450\">\u00c9lelmiszer- \u00e9s kozmetikai term\u00e9kek gy\u00e1rt\u00e1sa<\/li>\n<\/ul>\n<p data-start=\"1452\" data-end=\"1612\">A PTFE-propellerrel egy tart\u00f3s, vegyszer\u00e1ll\u00f3 kever\u0151szersz\u00e1mra sz\u00e1m\u00edthat, amely megfelel a legmagasabb tisztas\u00e1gi \u00e9s hat\u00e9konys\u00e1gi k\u00f6vetelm\u00e9nyeknek.<\/p>","protected":false},"excerpt":{"rendered":"<p>Vegyszer\u00e1ll\u00f3 kever\u0151eszk\u00f6z, axi\u00e1lis \u00e1raml\u00e1s a hat\u00e9kony \u00e9s homog\u00e9n kever\u00e9shez.<\/p>","protected":false},"featured_media":15498,"comment_status":"open","ping_status":"closed","template":"","meta":{"_acf_changed":false},"product_brand":[],"product_cat":[1421,595,596],"product_tag":[2529,2530,2531,2502,2532,2511,2533,2523,2534,2524,2525,2526,2527,2528],"class_list":{"0":"post-13051","1":"product","2":"type-product","3":"status-publish","4":"has-post-thumbnail","6":"product_cat-zubehoer-ruehrwerkstechnik","7":"product_cat-ruehrwerkstechnik","8":"product_cat-laborruehrer","9":"product_tag-biotechnologische-prozesse","10":"product_tag-aggressive-chemikalien","11":"product_tag-korrosionsfreier-propeller","12":"product_tag-mischtechnik","13":"product_tag-hochreine-anwendungen","14":"product_tag-ruehrwerk","15":"product_tag-industrielles-ruehrwerk","16":"product_tag-ptfe-propeller","17":"product_tag-ptfe-ruehrfluegel","18":"product_tag-chemikalienbestaendiger-propeller","19":"product_tag-ptfe-ruehrwerk","20":"product_tag-axiale-stroemung","21":"product_tag-pharmaindustrie","22":"product_tag-labortechnik","23":"product_shipping_class-karton-paketversand","24":"pa_material-ex-ptfe-leitfaehig-1-000kohm","26":"first","27":"outofstock","28":"taxable","29":"shipping-taxable","30":"product-type-simple"},"bundled_by":[],"bundle_stock_status":"outofstock","bundle_stock_quantity":null,"bundle_virtual":false,"bundle_layout":"","bundle_add_to_cart_form_location":"","bundle_editable_in_cart":false,"bundle_sold_individually_context":"","bundle_item_grouping":"","bundle_min_size":"","bundle_max_size":"","bundle_price":[],"bundled_items":[],"bundle_sell_ids":[],"exclude_global_add_ons":[],"addons":[],"acf":[],"_links":{"self":[{"href":"https:\/\/ptm-mechatronics.com\/hu\/wp-json\/wp\/v2\/product\/13051","targetHints":{"allow":["GET"]}}],"collection":[{"href":"https:\/\/ptm-mechatronics.com\/hu\/wp-json\/wp\/v2\/product"}],"about":[{"href":"https:\/\/ptm-mechatronics.com\/hu\/wp-json\/wp\/v2\/types\/product"}],"replies":[{"embeddable":true,"href":"https:\/\/ptm-mechatronics.com\/hu\/wp-json\/wp\/v2\/comments?post=13051"}],"wp:featuredmedia":[{"embeddable":true,"href":"https:\/\/ptm-mechatronics.com\/hu\/wp-json\/wp\/v2\/media\/15498"}],"wp:attachment":[{"href":"https:\/\/ptm-mechatronics.com\/hu\/wp-json\/wp\/v2\/media?parent=13051"}],"wp:term":[{"taxonomy":"product_brand","embeddable":true,"href":"https:\/\/ptm-mechatronics.com\/hu\/wp-json\/wp\/v2\/product_brand?post=13051"},{"taxonomy":"product_cat","embeddable":true,"href":"https:\/\/ptm-mechatronics.com\/hu\/wp-json\/wp\/v2\/product_cat?post=13051"},{"taxonomy":"product_tag","embeddable":true,"href":"https:\/\/ptm-mechatronics.com\/hu\/wp-json\/wp\/v2\/product_tag?post=13051"}],"curies":[{"name":"wp","href":"https:\/\/api.w.org\/{rel}","templated":true}]}}