{"id":13049,"date":"2025-02-25T08:53:10","date_gmt":"2025-02-25T07:53:10","guid":{"rendered":"https:\/\/ptm-mechatronics.com\/?post_type=product&#038;p=13049"},"modified":"2025-11-07T15:53:41","modified_gmt":"2025-11-07T14:53:41","slug":"wendelruehrer-mit-ruehrwelle","status":"publish","type":"product","link":"https:\/\/ptm-mechatronics.com\/hu\/product\/wendelruehrer-mit-ruehrwelle\/","title":{"rendered":"Spir\u00e1lis kever\u0151szelep kever\u0151tengellyel"},"content":{"rendered":"<p data-start=\"74\" data-end=\"480\">A spir\u00e1lkever\u0151 egy er\u0151teljes kever\u0151eszk\u00f6z, amelyet kifejezetten a nagy viszkozit\u00e1s\u00fa anyagok k\u00edm\u00e9letes, m\u00e9gis hat\u00e9kony kever\u00e9s\u00e9re fejlesztettek ki. Spir\u00e1lgeometri\u00e1ja biztos\u00edtja az egyenletes kever\u00e9st \u00e9s megakad\u00e1lyozza a l\u00e9gzs\u00e1kok kialakul\u00e1s\u00e1t. Ide\u00e1lis a vegyiparban, az \u00e9p\u00edt\u0151ipari vegyiparban, az \u00e9lelmiszeriparban \u00e9s a kozmetikai term\u00e9kek gy\u00e1rt\u00e1s\u00e1ban val\u00f3 alkalmaz\u00e1sra.<\/p>\n<h3 data-start=\"482\" data-end=\"517\">Jellemz\u0151k \u00e9s el\u0151ny\u00f6k:<\/h3>\n<ul data-start=\"518\" data-end=\"846\">\n<li data-start=\"518\" data-end=\"594\">Hat\u00e9kony kever\u00e9s - Optim\u00e1lis homogenit\u00e1s l\u00e9gzs\u00e1kok n\u00e9lk\u00fcl<\/li>\n<li data-start=\"595\" data-end=\"671\">K\u00edm\u00e9letes feldolgoz\u00e1s - Cs\u00f6kkenti a ny\u00edr\u00f3er\u0151ket \u00e9s az anyagfesz\u00fclts\u00e9get<\/li>\n<li data-start=\"672\" data-end=\"748\">Robusztus konstrukci\u00f3 - kiv\u00e1l\u00f3 min\u0151s\u00e9g\u0171 anyagok a hossz\u00fa \u00e9lettartam \u00e9rdek\u00e9ben<\/li>\n<li data-start=\"749\" data-end=\"846\">Sokoldal\u00fa alkalmaz\u00e1sok - Ide\u00e1lis nagy viszkozit\u00e1s\u00fa folyad\u00e9kok \u00e9s pasztaszer\u0171 anyagokhoz.<\/li>\n<\/ul>\n<h3 data-start=\"848\" data-end=\"873\">Funkcionalit\u00e1s:<\/h3>\n<p data-start=\"874\" data-end=\"1181\">A spir\u00e1lis kever\u0151 spir\u00e1lis mozg\u00e1sa f\u00fcgg\u0151leges \u00e1raml\u00e1st hoz l\u00e9tre, amely az anyagot alulr\u00f3l felfel\u00e9 vezeti. Ez biztos\u00edtja az egyenletes eloszl\u00e1st \u00e9s megakad\u00e1lyozza a lerak\u00f3d\u00e1sokat a tart\u00e1ly alj\u00e1n. K\u00fcl\u00f6n\u00f6sen alkalmas viszk\u00f3zus k\u00f6zegekhez, p\u00e9ld\u00e1ul gyant\u00e1khoz, ragaszt\u00f3khoz, fest\u00e9kekhez \u00e9s habarcsokhoz.<\/p>\n<h3 data-start=\"1183\" data-end=\"1212\">Alkalmaz\u00e1si ter\u00fcletek:<\/h3>\n<ul data-start=\"1213\" data-end=\"1326\">\n<li data-start=\"1213\" data-end=\"1236\">Vegyipar<\/li>\n<li data-start=\"1237\" data-end=\"1275\">\u00c9p\u00edt\u00e9si vegyi anyagok (habarcs, kiegyenl\u00edt\u0151 vegy\u00fcletek)<\/li>\n<li data-start=\"1276\" data-end=\"1302\">\u00c9lelmiszer-termel\u00e9s<\/li>\n<li data-start=\"1303\" data-end=\"1326\">Kozmetikai term\u00e9kek gy\u00e1rt\u00e1sa<\/li>\n<\/ul>\n<p data-start=\"1328\" data-end=\"1462\">A spir\u00e1l kever\u0151vel optimaliz\u00e1lhatja kever\u00e9si folyamatait, \u00e9s el\u00e9rheti az anyagok egyenletes, leveg\u0151mentes feldolgoz\u00e1s\u00e1t.<\/p>","protected":false},"excerpt":{"rendered":"<p>Spir\u00e1lis kever\u0151 spir\u00e1lgeometri\u00e1val a nagy viszkozit\u00e1s\u00fa anyagok hat\u00e9kony \u00e9s k\u00edm\u00e9letes kever\u00e9s\u00e9hez.<\/p>","protected":false},"featured_media":15497,"comment_status":"open","ping_status":"closed","template":"","meta":{"_acf_changed":false},"product_brand":[],"product_cat":[595,596,1421],"product_tag":[2503,2522,2505,2507,2508,2511,2515,2516,2518,2497,2519,2501,2520,2502,2521],"class_list":{"0":"post-13049","1":"product","2":"type-product","3":"status-publish","4":"has-post-thumbnail","6":"product_cat-ruehrwerkstechnik","7":"product_cat-laborruehrer","8":"product_cat-zubehoer-ruehrwerkstechnik","9":"product_tag-ruehrwerkzeug","10":"product_tag-klebstoffe","11":"product_tag-chemische-industrie","12":"product_tag-bauchemie","13":"product_tag-hochviskose-fluessigkeiten","14":"product_tag-ruehrwerk","15":"product_tag-lebensmittelproduktion","16":"product_tag-kosmetikherstellung","17":"product_tag-wendelruehrer","18":"product_tag-industriemischer","19":"product_tag-spachtelmassen","20":"product_tag-homogene-durchmischung","21":"product_tag-harze","22":"product_tag-mischtechnik","23":"product_tag-lacke","24":"product_shipping_class-karton-paketversand","25":"pa_material-v4a-edelstahl-1-4404","27":"first","28":"outofstock","29":"taxable","30":"shipping-taxable","31":"product-type-simple"},"bundled_by":[],"bundle_stock_status":"outofstock","bundle_stock_quantity":null,"bundle_virtual":false,"bundle_layout":"","bundle_add_to_cart_form_location":"","bundle_editable_in_cart":false,"bundle_sold_individually_context":"","bundle_item_grouping":"","bundle_min_size":"","bundle_max_size":"","bundle_price":[],"bundled_items":[],"bundle_sell_ids":[],"exclude_global_add_ons":[],"addons":[],"acf":[],"_links":{"self":[{"href":"https:\/\/ptm-mechatronics.com\/hu\/wp-json\/wp\/v2\/product\/13049","targetHints":{"allow":["GET"]}}],"collection":[{"href":"https:\/\/ptm-mechatronics.com\/hu\/wp-json\/wp\/v2\/product"}],"about":[{"href":"https:\/\/ptm-mechatronics.com\/hu\/wp-json\/wp\/v2\/types\/product"}],"replies":[{"embeddable":true,"href":"https:\/\/ptm-mechatronics.com\/hu\/wp-json\/wp\/v2\/comments?post=13049"}],"wp:featuredmedia":[{"embeddable":true,"href":"https:\/\/ptm-mechatronics.com\/hu\/wp-json\/wp\/v2\/media\/15497"}],"wp:attachment":[{"href":"https:\/\/ptm-mechatronics.com\/hu\/wp-json\/wp\/v2\/media?parent=13049"}],"wp:term":[{"taxonomy":"product_brand","embeddable":true,"href":"https:\/\/ptm-mechatronics.com\/hu\/wp-json\/wp\/v2\/product_brand?post=13049"},{"taxonomy":"product_cat","embeddable":true,"href":"https:\/\/ptm-mechatronics.com\/hu\/wp-json\/wp\/v2\/product_cat?post=13049"},{"taxonomy":"product_tag","embeddable":true,"href":"https:\/\/ptm-mechatronics.com\/hu\/wp-json\/wp\/v2\/product_tag?post=13049"}],"curies":[{"name":"wp","href":"https:\/\/api.w.org\/{rel}","templated":true}]}}