{"id":13047,"date":"2025-02-25T08:42:33","date_gmt":"2025-02-25T07:42:33","guid":{"rendered":"https:\/\/ptm-mechatronics.com\/?post_type=product&#038;p=13047"},"modified":"2025-11-07T15:53:40","modified_gmt":"2025-11-07T14:53:40","slug":"scheibenruehrer-mit-ruehrwelle","status":"publish","type":"product","link":"https:\/\/ptm-mechatronics.com\/hu\/product\/scheibenruehrer-mit-ruehrwelle\/","title":{"rendered":"T\u00e1rcs\u00e1s kever\u0151 tengellyel"},"content":{"rendered":"<p data-start=\"76\" data-end=\"467\">A t\u00e1rcs\u00e1s kever\u0151 egy nagy teljes\u00edtm\u00e9ny\u0171 kever\u0151berendez\u00e9s, amely ide\u00e1lis folyad\u00e9kok \u00e9s szil\u00e1rd anyagok diszperg\u00e1l\u00e1s\u00e1ra, homogeniz\u00e1l\u00e1s\u00e1ra \u00e9s emulge\u00e1l\u00e1s\u00e1ra. K\u00fcl\u00f6nleges geometri\u00e1j\u00e1nak k\u00f6sz\u00f6nhet\u0151en a kever\u0151 nagy ny\u00edr\u00f3er\u0151t hoz l\u00e9tre, \u00e9s egyenletes kever\u00e9st biztos\u00edt a vegyiparban, a fest\u00e9k- \u00e9s lakkgy\u00e1rt\u00e1sban, valamint az \u00e9lelmiszer- \u00e9s kozmetikai term\u00e9kek gy\u00e1rt\u00e1s\u00e1ban.<\/p>\n<h3 data-start=\"469\" data-end=\"504\">Jellemz\u0151k \u00e9s el\u0151ny\u00f6k:<\/h3>\n<ul data-start=\"505\" data-end=\"958\">\n<li data-start=\"505\" data-end=\"591\">Nagy ny\u00edr\u00f3hat\u00e1s az optim\u00e1lis apr\u00edt\u00e1shoz \u00e9s a r\u00e9szecsk\u00e9k eloszl\u00e1s\u00e1hoz<\/li>\n<li data-start=\"592\" data-end=\"666\">Nagy viszkozit\u00e1s\u00fa folyad\u00e9kok \u00e9s paszt\u00e1k hat\u00e9kony kever\u00e9se<\/li>\n<li data-start=\"667\" data-end=\"764\">Kiv\u00e1l\u00f3 min\u0151s\u00e9g\u0171 rozsdamentes ac\u00e9lb\u00f3l k\u00e9sz\u00fclt robusztus szerkezet a tart\u00f3ss\u00e1g \u00e9s a korr\u00f3zi\u00f3\u00e1ll\u00f3s\u00e1g \u00e9rdek\u00e9ben<\/li>\n<li data-start=\"765\" data-end=\"857\">Sokoldal\u00fa felhaszn\u00e1l\u00e1s a vegyiparban, a gy\u00f3gyszeriparban \u00e9s a kozmetikai iparban<\/li>\n<li data-start=\"858\" data-end=\"958\">Testreszabhat\u00f3 - k\u00fcl\u00f6nb\u00f6z\u0151 \u00e1tm\u00e9r\u0151k \u00e9s anyagok az egyedi alkalmaz\u00e1sokhoz<\/li>\n<\/ul>\n<h3 data-start=\"960\" data-end=\"985\">Funkcionalit\u00e1s:<\/h3>\n<p data-start=\"986\" data-end=\"1264\">Forg\u00f3 t\u00e1rcs\u00e1j\u00e1val a t\u00e1rcs\u00e1s kever\u0151 intenz\u00edv turbulenci\u00e1t hoz l\u00e9tre, amely hat\u00e9konyan diszperg\u00e1lja a szil\u00e1rd anyagokat \u00e9s homog\u00e9nen keveri a folyad\u00e9kokat. Ez\u00e1ltal rendk\u00edv\u00fcl finom emulzi\u00f3k \u00e9s egyenletes diszperzi\u00f3k keletkeznek, amelyek optim\u00e1lis feldolgoz\u00e1si tulajdons\u00e1gokkal rendelkeznek.<\/p>\n<h3 data-start=\"1266\" data-end=\"1295\">Alkalmaz\u00e1si ter\u00fcletek:<\/h3>\n<ul data-start=\"1296\" data-end=\"1447\">\n<li data-start=\"1296\" data-end=\"1325\">Fest\u00e9k- \u00e9s lakkipar<\/li>\n<li data-start=\"1326\" data-end=\"1370\">Vegyipari \u00e9s gy\u00f3gyszeripari termel\u00e9s<\/li>\n<li data-start=\"1371\" data-end=\"1412\">Kozmetikai term\u00e9kek \u00e9s \u00e9lelmiszerek gy\u00e1rt\u00e1sa<\/li>\n<li data-start=\"1413\" data-end=\"1447\">\u00c9p\u00edt\u0151k\u00e9mia \u00e9s ragaszt\u00e1stechnol\u00f3gia<\/li>\n<\/ul>\n<p data-start=\"1449\" data-end=\"1569\">A kever\u00e9si folyamatok maxim\u00e1lis hat\u00e9konys\u00e1ga \u00e9s egyenletesen magas min\u0151s\u00e9ge \u00e9rdek\u00e9ben t\u00e1maszkodjon a t\u00e1rcs\u00e1s kever\u0151re.<\/p>","protected":false},"excerpt":{"rendered":"<p>T\u00e1rcs\u00e1s kever\u0151 nagy ny\u00edr\u00f3er\u0151vel a hat\u00e9kony diszperg\u00e1l\u00e1shoz, homogeniz\u00e1l\u00e1shoz \u00e9s emulge\u00e1l\u00e1shoz.<\/p>","protected":false},"featured_media":15496,"comment_status":"open","ping_status":"closed","template":"","meta":{"_acf_changed":false},"product_brand":[],"product_cat":[595,596,1421],"product_tag":[2513,2497,2514,2498,2515,2499,2516,2500,2517,2502,2505,2507,2510,2511,2512,2496],"class_list":{"0":"post-13047","1":"product","2":"type-product","3":"status-publish","4":"has-post-thumbnail","6":"product_cat-ruehrwerkstechnik","7":"product_cat-laborruehrer","8":"product_cat-zubehoer-ruehrwerkstechnik","9":"product_tag-emulgieren","10":"product_tag-industriemischer","11":"product_tag-farben-und-lackherstellung","12":"product_tag-hochleistungsmischer","13":"product_tag-lebensmittelproduktion","14":"product_tag-scherkraefte","15":"product_tag-kosmetikherstellung","16":"product_tag-dispergieren","17":"product_tag-edelstahl-ruehrwerk","18":"product_tag-mischtechnik","19":"product_tag-chemische-industrie","20":"product_tag-bauchemie","21":"product_tag-scheibenruehrer","22":"product_tag-ruehrwerk","23":"product_tag-homogenisieren","24":"product_tag-ruehrorgan","25":"product_shipping_class-karton-paketversand","26":"pa_material-v4a-edelstahl-1-4404","28":"first","29":"outofstock","30":"taxable","31":"shipping-taxable","32":"product-type-simple"},"bundled_by":[],"bundle_stock_status":"outofstock","bundle_stock_quantity":null,"bundle_virtual":false,"bundle_layout":"","bundle_add_to_cart_form_location":"","bundle_editable_in_cart":false,"bundle_sold_individually_context":"","bundle_item_grouping":"","bundle_min_size":"","bundle_max_size":"","bundle_price":[],"bundled_items":[],"bundle_sell_ids":[],"exclude_global_add_ons":[],"addons":[],"acf":[],"_links":{"self":[{"href":"https:\/\/ptm-mechatronics.com\/hu\/wp-json\/wp\/v2\/product\/13047","targetHints":{"allow":["GET"]}}],"collection":[{"href":"https:\/\/ptm-mechatronics.com\/hu\/wp-json\/wp\/v2\/product"}],"about":[{"href":"https:\/\/ptm-mechatronics.com\/hu\/wp-json\/wp\/v2\/types\/product"}],"replies":[{"embeddable":true,"href":"https:\/\/ptm-mechatronics.com\/hu\/wp-json\/wp\/v2\/comments?post=13047"}],"wp:featuredmedia":[{"embeddable":true,"href":"https:\/\/ptm-mechatronics.com\/hu\/wp-json\/wp\/v2\/media\/15496"}],"wp:attachment":[{"href":"https:\/\/ptm-mechatronics.com\/hu\/wp-json\/wp\/v2\/media?parent=13047"}],"wp:term":[{"taxonomy":"product_brand","embeddable":true,"href":"https:\/\/ptm-mechatronics.com\/hu\/wp-json\/wp\/v2\/product_brand?post=13047"},{"taxonomy":"product_cat","embeddable":true,"href":"https:\/\/ptm-mechatronics.com\/hu\/wp-json\/wp\/v2\/product_cat?post=13047"},{"taxonomy":"product_tag","embeddable":true,"href":"https:\/\/ptm-mechatronics.com\/hu\/wp-json\/wp\/v2\/product_tag?post=13047"}],"curies":[{"name":"wp","href":"https:\/\/api.w.org\/{rel}","templated":true}]}}