{"id":13045,"date":"2025-02-25T08:26:52","date_gmt":"2025-02-25T07:26:52","guid":{"rendered":"https:\/\/ptm-mechatronics.com\/?post_type=product&#038;p=13045"},"modified":"2025-11-07T15:53:39","modified_gmt":"2025-11-07T14:53:39","slug":"dissolver-fuer-laboranwendungen","status":"publish","type":"product","link":"https:\/\/ptm-mechatronics.com\/hu\/product\/dissolver-fuer-laboranwendungen\/","title":{"rendered":"Old\u00f3szerkezet kever\u0151tengellyel"},"content":{"rendered":"<p data-start=\"168\" data-end=\"476\">A dissolver kever\u0151 ide\u00e1lis megold\u00e1s az ig\u00e9nyes ipari kever\u00e9si folyamatokhoz. Speci\u00e1lis geometri\u00e1j\u00e1nak \u00e9s er\u0151teljes ny\u00edr\u00f3erej\u00e9nek k\u00f6sz\u00f6nhet\u0151en az anyagok sz\u00e9les sk\u00e1l\u00e1j\u00e1nak homog\u00e9n kever\u00e9s\u00e9t biztos\u00edtja - a nagy viszkozit\u00e1s\u00fa folyad\u00e9kokt\u00f3l a pasztaszer\u0171 anyagokig.<\/p>\n<h3 data-start=\"478\" data-end=\"513\">Jellemz\u0151k \u00e9s el\u0151ny\u00f6k:<\/h3>\n<ul data-start=\"514\" data-end=\"1013\">\n<li data-start=\"514\" data-end=\"611\">Nagy ny\u00edr\u00f3hat\u00e1s - szil\u00e1rd anyagok \u00e9s folyad\u00e9kok gyors \u00e9s egyenletes diszperg\u00e1l\u00e1sa<\/li>\n<li data-start=\"612\" data-end=\"683\">Hat\u00e9kony kever\u00e9s - optim\u00e1lis homogenit\u00e1s csom\u00f3k\u00e9pz\u0151d\u00e9s n\u00e9lk\u00fcl<\/li>\n<li data-start=\"684\" data-end=\"779\">Robusztus konstrukci\u00f3 - kiv\u00e1l\u00f3 min\u0151s\u00e9g\u0171 anyagok a hossz\u00fa \u00e9lettartam \u00e9s a nagy tart\u00f3ss\u00e1g \u00e9rdek\u00e9ben<\/li>\n<li data-start=\"780\" data-end=\"897\">Sokoldal\u00fa alkalmaz\u00e1sok - Alkalmas fest\u00e9kekhez, lakkokhoz, ragaszt\u00f3khoz, kozmetikumokhoz, vegyszerekhez \u00e9s m\u00e9g sok m\u00e1shoz.<\/li>\n<li data-start=\"898\" data-end=\"1013\">Testreszab\u00e1s - K\u00fcl\u00f6nb\u00f6z\u0151 \u00e1tm\u00e9r\u0151kben \u00e9s kialak\u00edt\u00e1sokban kaphat\u00f3 egyedi ig\u00e9nyeknek megfelel\u0151en<\/li>\n<\/ul>\n<h3 data-start=\"1015\" data-end=\"1040\">Funkcionalit\u00e1s:<\/h3>\n<p data-start=\"1041\" data-end=\"1315\">A nagy sebess\u00e9gnek \u00e9s a speci\u00e1lisan kialak\u00edtott kever\u0151szersz\u00e1mnak k\u00f6sz\u00f6nhet\u0151en a dissolver intenz\u00edv turbulenci\u00e1t hoz l\u00e9tre, ami lehet\u0151v\u00e9 teszi a r\u00e9szecsk\u00e9k gyors feldarabol\u00e1s\u00e1t \u00e9s eloszl\u00e1s\u00e1t. \u00cdgy k\u00fcl\u00f6n\u00f6sen finom diszperzi\u00f3k keletkeznek, optim\u00e1lis feldolgozhat\u00f3s\u00e1gi tulajdons\u00e1gokkal.<\/p>\n<h3 data-start=\"1317\" data-end=\"1346\">Alkalmaz\u00e1si ter\u00fcletek:<\/h3>\n<ul data-start=\"1347\" data-end=\"1478\">\n<li data-start=\"1347\" data-end=\"1370\">Vegyipar<\/li>\n<li data-start=\"1371\" data-end=\"1401\">Fest\u00e9k- \u00e9s lakkgy\u00e1rt\u00e1s<\/li>\n<li data-start=\"1402\" data-end=\"1443\">\u00c9lelmiszer- \u00e9s kozmetikai term\u00e9kek gy\u00e1rt\u00e1sa<\/li>\n<li data-start=\"1444\" data-end=\"1478\">\u00c9p\u00edt\u0151k\u00e9mia \u00e9s ragaszt\u00e1stechnol\u00f3gia<\/li>\n<\/ul>\n<p data-start=\"1480\" data-end=\"1623\">A dissolver kever\u0151vel megb\u00edzhat\u00f3, nagy teljes\u00edtm\u00e9ny\u0171 \u00e9s gazdas\u00e1gos megold\u00e1st kaphat kever\u00e9si folyamataihoz.<\/p>","protected":false},"excerpt":{"rendered":"<p>Dissolver kever\u0151 nagy ny\u00edr\u00f3er\u0151vel a hat\u00e9kony kever\u00e9s \u00e9s homog\u00e9n diszperg\u00e1l\u00e1s \u00e9rdek\u00e9ben.<\/p>","protected":false},"featured_media":15495,"comment_status":"open","ping_status":"closed","template":"","meta":{"_acf_changed":false},"product_brand":[],"product_cat":[595,596,1421],"product_tag":[2500,2501,2502,2503,2504,2505,2495,2506,2496,2507,2497,2508,2498,2509,2499],"class_list":{"0":"post-13045","1":"product","2":"type-product","3":"status-publish","4":"has-post-thumbnail","6":"product_cat-ruehrwerkstechnik","7":"product_cat-laborruehrer","8":"product_cat-zubehoer-ruehrwerkstechnik","9":"product_tag-dispergieren","10":"product_tag-homogene-durchmischung","11":"product_tag-mischtechnik","12":"product_tag-ruehrwerkzeug","13":"product_tag-lack-und-farbherstellung","14":"product_tag-chemische-industrie","15":"product_tag-dissolver","16":"product_tag-kosmetikproduktion","17":"product_tag-ruehrorgan","18":"product_tag-bauchemie","19":"product_tag-industriemischer","20":"product_tag-hochviskose-fluessigkeiten","21":"product_tag-hochleistungsmischer","22":"product_tag-effiziente-mischprozesse","23":"product_tag-scherkraefte","24":"product_shipping_class-karton-paketversand","25":"pa_material-v4a-edelstahl-1-4404","27":"first","28":"outofstock","29":"taxable","30":"shipping-taxable","31":"product-type-simple"},"bundled_by":[],"bundle_stock_status":"outofstock","bundle_stock_quantity":null,"bundle_virtual":false,"bundle_layout":"","bundle_add_to_cart_form_location":"","bundle_editable_in_cart":false,"bundle_sold_individually_context":"","bundle_item_grouping":"","bundle_min_size":"","bundle_max_size":"","bundle_price":[],"bundled_items":[],"bundle_sell_ids":[],"exclude_global_add_ons":[],"addons":[],"acf":[],"_links":{"self":[{"href":"https:\/\/ptm-mechatronics.com\/hu\/wp-json\/wp\/v2\/product\/13045","targetHints":{"allow":["GET"]}}],"collection":[{"href":"https:\/\/ptm-mechatronics.com\/hu\/wp-json\/wp\/v2\/product"}],"about":[{"href":"https:\/\/ptm-mechatronics.com\/hu\/wp-json\/wp\/v2\/types\/product"}],"replies":[{"embeddable":true,"href":"https:\/\/ptm-mechatronics.com\/hu\/wp-json\/wp\/v2\/comments?post=13045"}],"wp:featuredmedia":[{"embeddable":true,"href":"https:\/\/ptm-mechatronics.com\/hu\/wp-json\/wp\/v2\/media\/15495"}],"wp:attachment":[{"href":"https:\/\/ptm-mechatronics.com\/hu\/wp-json\/wp\/v2\/media?parent=13045"}],"wp:term":[{"taxonomy":"product_brand","embeddable":true,"href":"https:\/\/ptm-mechatronics.com\/hu\/wp-json\/wp\/v2\/product_brand?post=13045"},{"taxonomy":"product_cat","embeddable":true,"href":"https:\/\/ptm-mechatronics.com\/hu\/wp-json\/wp\/v2\/product_cat?post=13045"},{"taxonomy":"product_tag","embeddable":true,"href":"https:\/\/ptm-mechatronics.com\/hu\/wp-json\/wp\/v2\/product_tag?post=13045"}],"curies":[{"name":"wp","href":"https:\/\/api.w.org\/{rel}","templated":true}]}}