{"id":12793,"date":"2025-01-21T11:19:25","date_gmt":"2025-01-21T10:19:25","guid":{"rendered":"https:\/\/ptm-mechatronics.com\/?post_type=product&#038;p=12793"},"modified":"2026-03-09T11:21:23","modified_gmt":"2026-03-09T10:21:23","slug":"druckluftmotor-inox-pmo450","status":"publish","type":"product","link":"https:\/\/ptm-mechatronics.com\/hu\/product\/druckluftmotor-inox-pmo450\/","title":{"rendered":"INOX l\u00e9gmotor, PMO450"},"content":{"rendered":"<h1><span style=\"font-size: 90%;\">PTM l\u00e9gmotorok - Hat\u00e9kony, tart\u00f3s \u00e9s sokoldal\u00fa hajt\u00e1smegold\u00e1sok<\/span><\/h1>\n<p>A PTM l\u00e9gmotorok maxim\u00e1lis hat\u00e9konys\u00e1got \u00e9s kiv\u00e9teles teljes\u00edtm\u00e9nyt jelentenek az ipari alkalmaz\u00e1sokban. Robusztus, tiszt\u00e1n mechanikus kialak\u00edt\u00e1sukkal \u00e9s innovat\u00edv radi\u00e1ldugatty\u00fas technol\u00f3gi\u00e1jukkal megb\u00edzhat\u00f3 megold\u00e1st k\u00edn\u00e1lnak a g\u00e9pek \u00e9s berendez\u00e9sek meghajt\u00e1s\u00e1hoz, valamint a pontos forg\u00f3- \u00e9s leng\u0151mozg\u00e1sokhoz.<\/p>\n<h4>A PTM l\u00e9gmotorok fontos jellemz\u0151i<\/h4>\n<ul>\n<li>Hat\u00e9kony technol\u00f3gia: radi\u00e1ldugatty\u00fas elv a maxim\u00e1lis hat\u00e9konys\u00e1g \u00e9s a minim\u00e1lis leveg\u0151fogyaszt\u00e1s \u00e9rdek\u00e9ben.<\/li>\n<li>Nagy teherb\u00edr\u00e1s: Az \u00f3ramutat\u00f3 j\u00e1r\u00e1s\u00e1val megegyez\u0151 \u00e9s ellent\u00e9tes ir\u00e1ny\u00fa forg\u00e1sban m\u0171k\u00f6dtethet\u0151, \u00e1ll\u00f3 helyzetben is megterhelhet\u0151.<\/li>\n<li>Kompakt kialak\u00edt\u00e1s: K\u00f6nnyen integr\u00e1lhat\u00f3, m\u00e9g ott is, ahol kev\u00e9s a hely.<\/li>\n<li>K\u00f6lts\u00e9ghat\u00e9kony: A hagyom\u00e1nyos lap\u00e1tmotorok modern, energiatakar\u00e9kos alternat\u00edv\u00e1ja.<\/li>\n<\/ul>\n<h3>INOX modell - k\u00fcl\u00f6n\u00f6sen ig\u00e9nyes alkalmaz\u00e1sokhoz<\/h3>\n<p>Az INOX modell a szigor\u00fa biztons\u00e1gi \u00e9s higi\u00e9niai k\u00f6vetelm\u00e9nyeket t\u00e1maszt\u00f3 k\u00f6rnyezetek sz\u00e1m\u00e1ra k\u00e9sz\u00fclt pr\u00e9mium v\u00e1ltozat:<\/p>\n<ul>\n<li>ATEX tan\u00fas\u00edt\u00e1s: robban\u00e1sv\u00e9delem az 1., 2., 21. \u00e9s 22. z\u00f3n\u00e1ban.<\/li>\n<li>\u00c9lelmiszer- \u00e9s gy\u00f3gyszeripari megfelel\u0151s\u00e9g: Alkalmas a legmagasabb higi\u00e9niai k\u00f6vetelm\u00e9nyeket t\u00e1maszt\u00f3 ipar\u00e1gak sz\u00e1m\u00e1ra.<\/li>\n<li>ISO1 tisztat\u00e9roszt\u00e1ly: Ide\u00e1lis a DIN 14644 szerinti tisztaterekben.<\/li>\n<li>V\u00edz\u00e1ll\u00f3 \u00e9s ellen\u00e1ll\u00f3: V\u00e9delmi oszt\u00e1ly IP67, sav- \u00e9s vegyszer\u00e1ll\u00f3.<\/li>\n<\/ul>\n<h4>Mi\u00e9rt v\u00e1lassza a PTM l\u00e9gmotorokat?<\/h4>\n<p>A PTM l\u00e9gmotorok nagy teljes\u00edtm\u00e9ny\u0171, tart\u00f3s \u00e9s energiahat\u00e9kony megold\u00e1sokat k\u00edn\u00e1lnak, amelyek cs\u00f6kkentik a k\u00f6lts\u00e9geket \u00e9s n\u00f6velik a termel\u00e9kenys\u00e9get. Az INOX modell k\u00fcl\u00f6n\u00f6sen meggy\u0151z\u0151 az olyan \u00e1gazatokban, mint az \u00e9lelmiszer-el\u0151\u00e1ll\u00edt\u00e1s, a gy\u00f3gyszeripar \u00e9s m\u00e1s higi\u00e9niailag kritikus alkalmaz\u00e1sok.<\/p>","protected":false},"excerpt":{"rendered":"<p>Nagy teljes\u00edtm\u00e9ny\u0171, energiatakar\u00e9kos \u00e9s minim\u00e1lis leveg\u0151fogyaszt\u00e1ssal. Nagy hat\u00e9konys\u00e1got \u00e9s nagy nyomat\u00e9kot k\u00edn\u00e1l. ATEX tan\u00fas\u00edtv\u00e1nnyal rendelkezik, megfelel az \u00e9lelmiszer- \u00e9s gy\u00f3gyszeripari el\u0151\u00edr\u00e1soknak, alkalmas ISO1 oszt\u00e1ly\u00fa tisztaterekbe, IP67 v\u00edz\u00e1ll\u00f3, savakkal \u00e9s vegyszerekkel szemben ellen\u00e1ll\u00f3. Ide\u00e1lis megold\u00e1s a legmagasabb higi\u00e9niai \u00e9s teljes\u00edtm\u00e9nyk\u00f6vetelm\u00e9nyekkel rendelkez\u0151, ig\u00e9nyes alkalmaz\u00e1sokhoz.<\/p>","protected":false},"featured_media":15382,"comment_status":"open","ping_status":"closed","template":"","meta":{"_acf_changed":false},"product_brand":[],"product_cat":[428,560],"product_tag":[],"class_list":{"0":"post-12793","1":"product","2":"type-product","3":"status-publish","4":"has-post-thumbnail","6":"product_cat-antriebstechnik","7":"product_cat-druckluftmotor-inox","8":"product_shipping_class-karton-paketversand","9":"pa_antriebsart-pneumatisch","10":"pa_antriebswelle-edelstahl-o14mm-mit-passfeder-5n9","11":"pa_atex-zone-122122","12":"pa_dichtung-ptfe-fda-konform","13":"pa_durchmesser-99mm","14":"pa_ex-gas-ex-ii-2-g-ex-h-iic-t5-gb-x","15":"pa_ex-staub-ex-ii-2-d-ex-h-iiic-t100c-db-x","16":"pa_geraeuschpegel-75db","17":"pa_labs-oel-und-silikonfrei","18":"pa_luftanschluesse-2xm6x075","19":"pa_material-gehaeuse-v4a-edelstahl-1-4404-elektropoliert","20":"pa_model-pmo-450-inox","21":"pa_reinraumklassifizierung-iso1-nach-din14644","22":"pa_schutzart-ip67","23":"pa_steckverschraubung-2xschlauch-o6mm","24":"pa_versorgung-5-6bar","26":"first","27":"instock","28":"taxable","29":"shipping-taxable","30":"purchasable","31":"product-type-variable"},"bundled_by":[],"bundle_stock_status":"instock","bundle_stock_quantity":null,"bundle_virtual":false,"bundle_layout":"","bundle_add_to_cart_form_location":"","bundle_editable_in_cart":false,"bundle_sold_individually_context":"","bundle_item_grouping":"","bundle_min_size":"","bundle_max_size":"","bundle_price":[],"bundled_items":[],"bundle_sell_ids":[],"exclude_global_add_ons":[],"addons":[],"acf":[],"_links":{"self":[{"href":"https:\/\/ptm-mechatronics.com\/hu\/wp-json\/wp\/v2\/product\/12793","targetHints":{"allow":["GET"]}}],"collection":[{"href":"https:\/\/ptm-mechatronics.com\/hu\/wp-json\/wp\/v2\/product"}],"about":[{"href":"https:\/\/ptm-mechatronics.com\/hu\/wp-json\/wp\/v2\/types\/product"}],"replies":[{"embeddable":true,"href":"https:\/\/ptm-mechatronics.com\/hu\/wp-json\/wp\/v2\/comments?post=12793"}],"wp:featuredmedia":[{"embeddable":true,"href":"https:\/\/ptm-mechatronics.com\/hu\/wp-json\/wp\/v2\/media\/15382"}],"wp:attachment":[{"href":"https:\/\/ptm-mechatronics.com\/hu\/wp-json\/wp\/v2\/media?parent=12793"}],"wp:term":[{"taxonomy":"product_brand","embeddable":true,"href":"https:\/\/ptm-mechatronics.com\/hu\/wp-json\/wp\/v2\/product_brand?post=12793"},{"taxonomy":"product_cat","embeddable":true,"href":"https:\/\/ptm-mechatronics.com\/hu\/wp-json\/wp\/v2\/product_cat?post=12793"},{"taxonomy":"product_tag","embeddable":true,"href":"https:\/\/ptm-mechatronics.com\/hu\/wp-json\/wp\/v2\/product_tag?post=12793"}],"curies":[{"name":"wp","href":"https:\/\/api.w.org\/{rel}","templated":true}]}}