{"id":12760,"date":"2025-01-21T09:24:12","date_gmt":"2025-01-21T08:24:12","guid":{"rendered":"https:\/\/ptm-mechatronics.com\/?post_type=product&#038;p=12760"},"modified":"2026-03-09T11:31:33","modified_gmt":"2026-03-09T10:31:33","slug":"druckluftmotor-atex-pmo900","status":"publish","type":"product","link":"https:\/\/ptm-mechatronics.com\/hu\/product\/druckluftmotor-atex-pmo900\/","title":{"rendered":"ATEX l\u00e9gmotor, PMO900"},"content":{"rendered":"<div id=\"tab-description\" class=\"woocommerce-Tabs-panel woocommerce-Tabs-panel--description panel entry-content active\" role=\"tabpanel\" aria-labelledby=\"tab-title-description\">\n<p>A PTM l\u00e9gmotorok ide\u00e1lis megold\u00e1st jelentenek az ig\u00e9nyes ipari alkalmaz\u00e1sokhoz, ahol a robusztuss\u00e1g \u00e9s a hat\u00e9konys\u00e1g a legfontosabb. Tiszt\u00e1n mechanikus kialak\u00edt\u00e1sukkal \u00e9s leny\u0171g\u00f6z\u0151 teljes\u00edtm\u00e9ny\u00fckkel az alkalmaz\u00e1sok sz\u00e9les sk\u00e1l\u00e1j\u00e1ra alkalmasak - a rendszerekbe \u00e9s g\u00e9pekbe val\u00f3 integr\u00e1l\u00e1st\u00f3l a forg\u00f3 \u00e9s leng\u0151 mozg\u00e1sok pontos el\u0151\u00e1ll\u00edt\u00e1s\u00e1ig.<\/p>\n<h4>Az el\u0151ny\u00f6k \u00e1ttekint\u00e9se<\/h4>\n<ul>\n<li>Innovat\u00edv radi\u00e1ldugatty\u00fas elv: nagy hat\u00e9konys\u00e1g minim\u00e1lis leveg\u0151fogyaszt\u00e1ssal, nagy nyomat\u00e9kkal kombin\u00e1lva.<\/li>\n<li>K\u00f6lts\u00e9ghat\u00e9kony alternat\u00edva: Modern \u00e9s gazdas\u00e1gos megold\u00e1s a hagyom\u00e1nyos lap\u00e1tmotorokhoz k\u00e9pest.<\/li>\n<li>Rugalmas haszn\u00e1lat: Az \u00f3ramutat\u00f3 j\u00e1r\u00e1s\u00e1val megegyez\u0151 \u00e9s ellent\u00e9tes ir\u00e1nyban is m\u0171k\u00f6dtethet\u0151, \u00e1ll\u00f3 helyzetben is t\u00f6lthet\u0151.<\/li>\n<li>Kompakt kialak\u00edt\u00e1s: Ide\u00e1lis m\u00e9g ott is, ahol kev\u00e9s a hely.<\/li>\n<\/ul>\n<h4>Biztons\u00e1gos haszn\u00e1latra robban\u00e1svesz\u00e9lyes k\u00f6rnyezetben<\/h4>\n<p>A PTM l\u00e9gmotorok ATEX modellje megb\u00edzhat\u00f3 robban\u00e1sv\u00e9delmet ny\u00fajt, \u00e9s megfelel az ATEX 1., 2., 21. \u00e9s 22. z\u00f3na k\u00f6vetelm\u00e9nyeinek, \u00edgy ide\u00e1lis a biztons\u00e1g szempontj\u00e1b\u00f3l kritikus alkalmaz\u00e1sokhoz.<\/p>\n<p>A PTM l\u00e9gmotorok egyes\u00edtik a teljes\u00edtm\u00e9nyt, a hat\u00e9konys\u00e1got \u00e9s a sokoldal\u00fas\u00e1got - ide\u00e1lis v\u00e1laszt\u00e1s a modern ipari k\u00f6vetelm\u00e9nyekhez.<\/p>\n<\/div>","protected":false},"excerpt":{"rendered":"<p>Er\u0151teljes l\u00e9gmotor, energiatakar\u00e9kos, alacsony leveg\u0151fogyaszt\u00e1s, nagyon magas hat\u00e1sfok \u00e9s nagyon magas nyomat\u00e9k. Biztons\u00e1gos robban\u00e1sv\u00e9delem az ATEX 1., 2., 21. \u00e9s 22. z\u00f3n\u00e1ban.<\/p>","protected":false},"featured_media":15312,"comment_status":"open","ping_status":"closed","template":"","meta":{"_acf_changed":false},"product_brand":[],"product_cat":[428,463],"product_tag":[],"class_list":{"0":"post-12760","1":"product","2":"type-product","3":"status-publish","4":"has-post-thumbnail","6":"product_cat-antriebstechnik","7":"product_cat-druckluftmotor-atex","8":"product_shipping_class-karton-paketversand","9":"pa_antriebsart-pneumatisch","10":"pa_antriebswelle-o14mm-mit-passfeder-5n9","11":"pa_atex-zone-122122","12":"pa_dichtung-ptfe","13":"pa_durchmesser-99mm","14":"pa_ex-gas-ex-ii-2-g-ex-h-iic-t5-gb-x","15":"pa_ex-staub-ex-ii-2-d-ex-h-iiic-t100c-db-x","16":"pa_geraeuschpegel-75db","17":"pa_labs-oel-und-silikonfrei","18":"pa_luftanschluesse-2xm6x075","19":"pa_material-gehaeuse-aluminium-eloxiert","20":"pa_model-pmo-900-ex","21":"pa_schutzart-ip67","22":"pa_steckverschraubung-2xschlauch-o6mm","23":"pa_versorgung-5-6bar","25":"first","26":"instock","27":"taxable","28":"shipping-taxable","29":"purchasable","30":"product-type-variable"},"bundled_by":[],"bundle_stock_status":"instock","bundle_stock_quantity":null,"bundle_virtual":false,"bundle_layout":"","bundle_add_to_cart_form_location":"","bundle_editable_in_cart":false,"bundle_sold_individually_context":"","bundle_item_grouping":"","bundle_min_size":"","bundle_max_size":"","bundle_price":[],"bundled_items":[],"bundle_sell_ids":[],"exclude_global_add_ons":[],"addons":[],"acf":[],"_links":{"self":[{"href":"https:\/\/ptm-mechatronics.com\/hu\/wp-json\/wp\/v2\/product\/12760","targetHints":{"allow":["GET"]}}],"collection":[{"href":"https:\/\/ptm-mechatronics.com\/hu\/wp-json\/wp\/v2\/product"}],"about":[{"href":"https:\/\/ptm-mechatronics.com\/hu\/wp-json\/wp\/v2\/types\/product"}],"replies":[{"embeddable":true,"href":"https:\/\/ptm-mechatronics.com\/hu\/wp-json\/wp\/v2\/comments?post=12760"}],"wp:featuredmedia":[{"embeddable":true,"href":"https:\/\/ptm-mechatronics.com\/hu\/wp-json\/wp\/v2\/media\/15312"}],"wp:attachment":[{"href":"https:\/\/ptm-mechatronics.com\/hu\/wp-json\/wp\/v2\/media?parent=12760"}],"wp:term":[{"taxonomy":"product_brand","embeddable":true,"href":"https:\/\/ptm-mechatronics.com\/hu\/wp-json\/wp\/v2\/product_brand?post=12760"},{"taxonomy":"product_cat","embeddable":true,"href":"https:\/\/ptm-mechatronics.com\/hu\/wp-json\/wp\/v2\/product_cat?post=12760"},{"taxonomy":"product_tag","embeddable":true,"href":"https:\/\/ptm-mechatronics.com\/hu\/wp-json\/wp\/v2\/product_tag?post=12760"}],"curies":[{"name":"wp","href":"https:\/\/api.w.org\/{rel}","templated":true}]}}