{"id":12647,"date":"2024-12-12T10:48:18","date_gmt":"2024-12-12T09:48:18","guid":{"rendered":"https:\/\/ptm-mechatronics.com\/?post_type=product&#038;p=12647"},"modified":"2025-11-07T15:53:06","modified_gmt":"2025-11-07T14:53:06","slug":"druckluftmotor-ip67-pmo3600","status":"publish","type":"product","link":"https:\/\/ptm-mechatronics.com\/hu\/product\/druckluftmotor-ip67-pmo3600\/","title":{"rendered":"IP67-es l\u00e9gmotor, PMO3600"},"content":{"rendered":"<p>A PTM l\u00e9gmotorok rendk\u00edv\u00fcl robusztus, tiszt\u00e1n mechanikus kialak\u00edt\u00e1sukkal \u00e9s kiv\u00e9teles teljes\u00edtm\u00e9ny\u00fckkel ny\u0171g\u00f6znek le. Sz\u00e1mos alkalmaz\u00e1sban haszn\u00e1lhat\u00f3k - ak\u00e1r g\u00e9pek \u00e9s rendszerek meghajt\u00e1s\u00e1ra, ak\u00e1r forg\u00f3- \u00e9s leng\u0151mozg\u00e1sok l\u00e9trehoz\u00e1s\u00e1ra. Kifinomult kialak\u00edt\u00e1suknak \u00e9s innovat\u00edv technol\u00f3gi\u00e1juknak k\u00f6sz\u00f6nhet\u0151en modern, k\u00f6lts\u00e9gtakar\u00e9kos alternat\u00edv\u00e1t k\u00edn\u00e1lnak a hagyom\u00e1nyos lap\u00e1tmotorokkal szemben.<\/p>\n<h4>Hat\u00e9kony radi\u00e1ldugatty\u00fas technol\u00f3gia<\/h4>\n<p>A PTM l\u00e9gmotorok a rendk\u00edv\u00fcl hat\u00e9kony radi\u00e1ldugatty\u00fas elven alapulnak, amelyet minim\u00e1lis leveg\u0151fogyaszt\u00e1s \u00e9s leny\u0171g\u00f6z\u0151en magas hat\u00e1sfok jellemez. A motorok m\u00e9g ig\u00e9nyes alkalmaz\u00e1sokban is kiemelked\u0151 nyomat\u00e9kot biztos\u00edtanak, \u00e9s eg\u00e9szen a le\u00e1ll\u00e1sig rugalmasak maradnak. A m\u0171k\u00f6dtet\u00e9s az \u00f3ramutat\u00f3 j\u00e1r\u00e1s\u00e1val ellent\u00e9tes \u00e9s az \u00f3ramutat\u00f3 j\u00e1r\u00e1s\u00e1val megegyez\u0151 ir\u00e1nyban is lehets\u00e9ges, ami maxim\u00e1lis rugalmass\u00e1got biztos\u00edt.<\/p>\n<h4>Kompakt \u00e9s alkalmazkod\u00f3<\/h4>\n<p>Kompakt m\u00e9ret\u00fcknek k\u00f6sz\u00f6nhet\u0151en a PTM l\u00e9gmotorok szinte b\u00e1rmilyen alkalmaz\u00e1sba k\u00f6nnyen be\u00e9p\u00edthet\u0151k. Kis m\u00e9ret\u00fcknek \u00e9s nagy teljes\u00edtm\u00e9ny\u00fcknek k\u00f6sz\u00f6nhet\u0151en z\u00f6kken\u0151mentesen illeszkednek a megl\u00e9v\u0151 rendszerekbe, \u00e9s helytakar\u00e9kos megold\u00e1st k\u00edn\u00e1lnak.<\/p>\n<h4>IP67 v\u00e9detts\u00e9gi oszt\u00e1ly: K\u00fcl\u00f6nleges k\u00f6vetelm\u00e9nyek eset\u00e9n<\/h4>\n<p>Az IP67-es modell tov\u00e1bbi v\u00e9delmet ny\u00fajt: fr\u00f6ccsen\u00e9s\u00e1ll\u00f3, \u00e9s m\u00e9g az ideiglenes v\u00edz al\u00e1 mer\u00fcl\u00e9st is kib\u00edrja. Ez\u00e1ltal t\u00f6k\u00e9letesen alkalmas nedves vagy ig\u00e9nyes k\u00f6rnyezetben val\u00f3 haszn\u00e1latra.<\/p>\n<h4>El\u0151ny\u00f6k egy pillant\u00e1sra:<\/h4>\n<ul>\n<li>Robusztus, tiszt\u00e1n mechanikus kialak\u00edt\u00e1s<\/li>\n<li>Nagy hat\u00e9konys\u00e1g\u00fa radi\u00e1ldugatty\u00fas technol\u00f3gia az alacsony leveg\u0151fogyaszt\u00e1s \u00e9rdek\u00e9ben<\/li>\n<li>Nagy hat\u00e9konys\u00e1g \u00e9s kiemelked\u0151 nyomat\u00e9k<\/li>\n<li>Kompakt m\u00e9ret a k\u00f6nny\u0171 integr\u00e1ci\u00f3 \u00e9rdek\u00e9ben<\/li>\n<li>Az \u00f3ramutat\u00f3 j\u00e1r\u00e1s\u00e1val ellent\u00e9tes \u00e9s az \u00f3ramutat\u00f3 j\u00e1r\u00e1s\u00e1val megegyez\u0151 ir\u00e1nyban forgathat\u00f3, \u00e9s \u00e1ll\u00f3 helyzetben is t\u00f6lthet\u0151<\/li>\n<li>IP67 v\u00e9detts\u00e9gi oszt\u00e1ly: fr\u00f6ccsen\u00e9s\u00e1ll\u00f3 \u00e9s v\u00edz al\u00e1 mer\u00edthet\u0151<\/li>\n<\/ul>","protected":false},"excerpt":{"rendered":"<p>Hat\u00e9kony \u00e9s nagy teljes\u00edtm\u00e9ny\u0171 l\u00e9gmotor, IP67 szerinti fr\u00f6ccsen\u00e9sv\u00e9delem, alacsony leveg\u0151fogyaszt\u00e1s, nagy hat\u00e1sfok, nagy nyomat\u00e9k.<\/p>","protected":false},"featured_media":15313,"comment_status":"open","ping_status":"closed","template":"","meta":{"_acf_changed":false},"product_brand":[],"product_cat":[496,428],"product_tag":[],"class_list":{"0":"post-12647","1":"product","2":"type-product","3":"status-publish","4":"has-post-thumbnail","6":"product_cat-druckluftmotor-ip67","7":"product_cat-antriebstechnik","8":"product_shipping_class-karton-paketversand","9":"pa_antriebsart-pneumatisch","10":"pa_antriebswelle-edelstahl-o19mm-mit-passfeder-6n9","11":"pa_dichtung-ptfe","12":"pa_durchmesser-159mm","13":"pa_geraeuschpegel-75db","14":"pa_labs-oel-und-silikonfrei","15":"pa_luftanschluesse-2xr1-8","16":"pa_material-gehaeuse-aluminium-eloxiert","17":"pa_model-pmo-3600-ip67","18":"pa_schutzart-ip67","19":"pa_versorgung-5-6bar","21":"first","22":"instock","23":"taxable","24":"shipping-taxable","25":"purchasable","26":"product-type-variable"},"bundled_by":[],"bundle_stock_status":"instock","bundle_stock_quantity":null,"bundle_virtual":false,"bundle_layout":"","bundle_add_to_cart_form_location":"","bundle_editable_in_cart":false,"bundle_sold_individually_context":"","bundle_item_grouping":"","bundle_min_size":"","bundle_max_size":"","bundle_price":[],"bundled_items":[],"bundle_sell_ids":[],"exclude_global_add_ons":[],"addons":[],"acf":[],"_links":{"self":[{"href":"https:\/\/ptm-mechatronics.com\/hu\/wp-json\/wp\/v2\/product\/12647","targetHints":{"allow":["GET"]}}],"collection":[{"href":"https:\/\/ptm-mechatronics.com\/hu\/wp-json\/wp\/v2\/product"}],"about":[{"href":"https:\/\/ptm-mechatronics.com\/hu\/wp-json\/wp\/v2\/types\/product"}],"replies":[{"embeddable":true,"href":"https:\/\/ptm-mechatronics.com\/hu\/wp-json\/wp\/v2\/comments?post=12647"}],"wp:featuredmedia":[{"embeddable":true,"href":"https:\/\/ptm-mechatronics.com\/hu\/wp-json\/wp\/v2\/media\/15313"}],"wp:attachment":[{"href":"https:\/\/ptm-mechatronics.com\/hu\/wp-json\/wp\/v2\/media?parent=12647"}],"wp:term":[{"taxonomy":"product_brand","embeddable":true,"href":"https:\/\/ptm-mechatronics.com\/hu\/wp-json\/wp\/v2\/product_brand?post=12647"},{"taxonomy":"product_cat","embeddable":true,"href":"https:\/\/ptm-mechatronics.com\/hu\/wp-json\/wp\/v2\/product_cat?post=12647"},{"taxonomy":"product_tag","embeddable":true,"href":"https:\/\/ptm-mechatronics.com\/hu\/wp-json\/wp\/v2\/product_tag?post=12647"}],"curies":[{"name":"wp","href":"https:\/\/api.w.org\/{rel}","templated":true}]}}