{"id":10450,"date":"2024-07-08T10:20:45","date_gmt":"2024-07-08T08:20:45","guid":{"rendered":"https:\/\/ptm-mechatronics.com\/?post_type=product&#038;p=10450"},"modified":"2025-11-07T15:52:39","modified_gmt":"2025-11-07T14:52:39","slug":"deckel-eco-cap-10-fuer-10-20-liter-eimer","status":"publish","type":"product","link":"https:\/\/ptm-mechatronics.com\/hu\/product\/deckel-eco-cap-10-fuer-10-20-liter-eimer\/","title":{"rendered":"Fed\u00e9l eco-Cap 10 10-20 literes v\u00f6dr\u00f6kh\u00f6z"},"content":{"rendered":"<h1 data-start=\"252\" data-end=\"323\"><span style=\"font-size: 75%;\"><span class=\"_fadeIn_m1hgl_8\">Rozsdamentes ac\u00e9l fed\u00e9l <\/span><span class=\"_fadeIn_m1hgl_8\">a  c\u00edmen <\/span><span class=\"_fadeIn_m1hgl_8\">Szor\u00edt\u00f3szerkezet - <\/span><span class=\"_fadeIn_m1hgl_8\">biztons\u00e1gos, <\/span><span class=\"_fadeIn_m1hgl_8\">rugalmas, <\/span><span class=\"_fadeIn_m1hgl_8\">magas min\u0151s\u00e9g<\/span><\/span><\/h1>\n<p data-start=\"325\" data-end=\"630\"><span class=\"_fadeIn_m1hgl_8\">Ez a <\/span><span class=\"_fadeIn_m1hgl_8\">magas min\u0151s\u00e9g <\/span><span class=\"_fadeIn_m1hgl_8\">Fed\u00e9l <\/span><span class=\"_fadeIn_m1hgl_8\">a  c\u00edmr\u0151l <\/span><span class=\"_fadeIn_m1hgl_8\">V4A <\/span><span class=\"_fadeIn_m1hgl_8\">Rozsdamentes ac\u00e9l (<\/span><span class=\"_fadeIn_m1hgl_8\">1.4404)<\/span> <span class=\"_fadeIn_m1hgl_8\">volt <\/span><span class=\"_fadeIn_m1hgl_8\">k\u00fcl\u00f6n\u00f6sen a <\/span><span class=\"_fadeIn_m1hgl_8\">a  oldalon. <\/span><span class=\"_fadeIn_m1hgl_8\">a <\/span><span class=\"_fadeIn_m1hgl_8\">biztons\u00e1gos <\/span><span class=\"_fadeIn_m1hgl_8\">Haszn\u00e1lja a  c\u00edmet. <\/span><span class=\"_fadeIn_m1hgl_8\">a  oldalon <\/span><span class=\"_fadeIn_m1hgl_8\">Kever\u0151hord\u00f3k <\/span><span class=\"_fadeIn_m1hgl_8\">\u00e9s <\/span><span class=\"_fadeIn_m1hgl_8\">Kever\u0151ed\u00e9nyek<\/span> <span class=\"_fadeIn_m1hgl_8\">tervezt\u00e9k. <\/span><span class=\"_fadeIn_m1hgl_8\">A <\/span><span class=\"_fadeIn_m1hgl_8\">robusztus <\/span><span class=\"_fadeIn_m1hgl_8\">\u00e9s <\/span><span class=\"_fadeIn_m1hgl_8\">korr\u00f3zi\u00f3\u00e1ll\u00f3 <\/span><span class=\"_fadeIn_m1hgl_8\">V\u00e9grehajt\u00e1s<\/span> <span class=\"_fadeIn_m1hgl_8\">megfelel\u0151 <\/span><span class=\"_fadeIn_m1hgl_8\">maga <\/span><span class=\"_fadeIn_m1hgl_8\">ide\u00e1lis <\/span><span class=\"_fadeIn_m1hgl_8\">a  oldalon. <\/span><span class=\"_fadeIn_m1hgl_8\">higi\u00e9niailag kritikus <\/span><span class=\"_fadeIn_m1hgl_8\">Alkalmaz\u00e1sok <\/span><span class=\"_fadeIn_m1hgl_8\">a  oldalon. <\/span><span class=\"_fadeIn_m1hgl_8\">a <\/span><span class=\"_fadeIn_m1hgl_8\">\u00c9tel.., <\/span><span class=\"_fadeIn_m1hgl_8\">Gy\u00f3gyszeripari <\/span><span class=\"_fadeIn_m1hgl_8\">\u00e9s <\/span><span class=\"_fadeIn_m1hgl_8\">Vegyipar<\/span><span class=\"_fadeIn_m1hgl_8\">.<\/span><\/p>\n<p data-start=\"632\" data-end=\"987\"><span class=\"_fadeIn_m1hgl_8\">Felszerelt <\/span><span class=\"_fadeIn_m1hgl_8\">a  c\u00edmen <\/span><span class=\"_fadeIn_m1hgl_8\">k\u00e9t <\/span><span class=\"_fadeIn_m1hgl_8\">rugalmas <\/span><span class=\"_fadeIn_m1hgl_8\">Szor\u00edt\u00f3eszk\u00f6z\u00f6k<\/span><span class=\"_fadeIn_m1hgl_8\">, <\/span><span class=\"_fadeIn_m1hgl_8\">lehet\u0151v\u00e9 teszi a <\/span><span class=\"_fadeIn_m1hgl_8\">a <\/span><span class=\"_fadeIn_m1hgl_8\">Fed\u00e9l <\/span><span class=\"_fadeIn_m1hgl_8\">egy <\/span><span class=\"_fadeIn_m1hgl_8\">stabil <\/span><span class=\"_fadeIn_m1hgl_8\">\u00e9s <\/span><span class=\"_fadeIn_m1hgl_8\">biztons\u00e1gos <\/span><span class=\"_fadeIn_m1hgl_8\">R\u00f6gz\u00edt\u00e9s<\/span> <span class=\"_fadeIn_m1hgl_8\">a  oldalon <\/span><span class=\"_fadeIn_m1hgl_8\">Hord\u00f3k <\/span><span class=\"_fadeIn_m1hgl_8\">a  c\u00edmen <\/span><span class=\"_fadeIn_m1hgl_8\">egy <\/span><span class=\"_fadeIn_m1hgl_8\">\u00c1tm\u00e9r\u0151 <\/span><span class=\"_fadeIn_m1hgl_8\">a  c\u00edmr\u0151l <\/span><span class=\"_fadeIn_m1hgl_8\">230 <\/span><span class=\"_fadeIn_m1hgl_8\">am\u00edg <\/span><span class=\"_fadeIn_m1hgl_8\">300 <\/span><span class=\"_fadeIn_m1hgl_8\">mm<\/span><span class=\"_fadeIn_m1hgl_8\">. <\/span><span class=\"_fadeIn_m1hgl_8\">A <\/span><span class=\"_fadeIn_m1hgl_8\">\u00e1ll\u00edthat\u00f3 <\/span><span class=\"_fadeIn_m1hgl_8\">Fesz\u00edt\u0151 mechanizmus <\/span><span class=\"_fadeIn_m1hgl_8\">biztos\u00edtja a <\/span><span class=\"_fadeIn_m1hgl_8\">a  oldalon. <\/span><span class=\"_fadeIn_m1hgl_8\">egy <\/span><span class=\"_fadeIn_m1hgl_8\">szil\u00e1rd <\/span><span class=\"_fadeIn_m1hgl_8\">\u00dcl\u00e9s <\/span><span class=\"_fadeIn_m1hgl_8\">\u00e9s <\/span><span class=\"_fadeIn_m1hgl_8\">illeszkedik a <\/span><span class=\"_fadeIn_m1hgl_8\">maga <\/span><span class=\"_fadeIn_m1hgl_8\">k\u00fcl\u00f6nb\u00f6z\u0151 <\/span><span class=\"_fadeIn_m1hgl_8\">Kont\u00e9nerm\u00e9retek <\/span><span class=\"_fadeIn_m1hgl_8\">probl\u00e9mamentes <\/span><span class=\"_fadeIn_m1hgl_8\">on - <\/span><span class=\"_fadeIn_m1hgl_8\">ide\u00e1lis <\/span><span class=\"_fadeIn_m1hgl_8\">a  oldalon. <\/span><span class=\"_fadeIn_m1hgl_8\">v\u00e1ltoz\u00f3 <\/span><span class=\"_fadeIn_m1hgl_8\">Kont\u00e9nerm\u00e9retek <\/span><span class=\"_fadeIn_m1hgl_8\">\u00e9s <\/span><span class=\"_fadeIn_m1hgl_8\">mobil <\/span><span class=\"_fadeIn_m1hgl_8\">Alkalmaz\u00e1sok.<\/span><\/p>\n<p data-start=\"989\" data-end=\"1020\"><span class=\"_fadeIn_m1hgl_8\">El\u0151ny\u00f6k <\/span><span class=\"_fadeIn_m1hgl_8\">a  oldalon <\/span><span class=\"_fadeIn_m1hgl_8\">egy <\/span><span class=\"_fadeIn_m1hgl_8\">N\u00e9zet:<\/span><\/p>\n<ul>\n<li data-start=\"1023\" data-end=\"1062\"><span class=\"_fadeIn_m1hgl_8\">A  c\u00edmr\u0151l <\/span><span class=\"_fadeIn_m1hgl_8\">magas min\u0151s\u00e9g <\/span><span class=\"_fadeIn_m1hgl_8\">V4A <\/span><span class=\"_fadeIn_m1hgl_8\">Rozsdamentes ac\u00e9l <\/span><span class=\"_fadeIn_m1hgl_8\">1.4404F<\/span><\/li>\n<li data-start=\"1023\" data-end=\"1062\"><span class=\"_fadeIn_m1hgl_8\">lexibilisebb <\/span><span class=\"_fadeIn_m1hgl_8\">Befog\u00e1si tartom\u00e1ny: <\/span><span class=\"_fadeIn_m1hgl_8\">230-<\/span><span class=\"_fadeIn_m1hgl_8\">300 mm<\/span><\/li>\n<li data-start=\"1023\" data-end=\"1062\"><span class=\"_fadeIn_m1hgl_8\">K\u00e9t <\/span><span class=\"_fadeIn_m1hgl_8\">Szor\u00edt\u00f3eszk\u00f6z\u00f6k <\/span><span class=\"_fadeIn_m1hgl_8\">a  oldalon. <\/span><span class=\"_fadeIn_m1hgl_8\">biztons\u00e1gos <\/span><span class=\"_fadeIn_m1hgl_8\">Stop<\/span><\/li>\n<li data-start=\"1023\" data-end=\"1062\"><span class=\"_fadeIn_m1hgl_8\">Korr\u00f3zi\u00f3\u00e1ll\u00f3 <\/span><span class=\"_fadeIn_m1hgl_8\">\u00e9s <\/span><span class=\"_fadeIn_m1hgl_8\">Higi\u00e9niai<\/span><\/li>\n<li data-start=\"1023\" data-end=\"1062\"><span class=\"_fadeIn_m1hgl_8\">Ide\u00e1lis <\/span><span class=\"_fadeIn_m1hgl_8\">a  oldalon. <\/span><span class=\"_fadeIn_m1hgl_8\">Ipar\u00e1g, <\/span><span class=\"_fadeIn_m1hgl_8\">Laborat\u00f3rium <\/span><span class=\"_fadeIn_m1hgl_8\">\u00e9s <\/span><span class=\"_fadeIn_m1hgl_8\">Termel\u00e9s<\/span><\/li>\n<li data-start=\"1023\" data-end=\"1062\"><span class=\"_fadeIn_m1hgl_8\">Kompatibilis <\/span><span class=\"_fadeIn_m1hgl_8\">a  c\u00edmen <\/span><span class=\"_fadeIn_m1hgl_8\">Felkavar\u00f3k <\/span><span class=\"_fadeIn_m1hgl_8\">\u00e9s <\/span><span class=\"_fadeIn_m1hgl_8\">Fed\u00e9l szerelv\u00e9nyek<\/span><\/li>\n<li data-start=\"1023\" data-end=\"1062\"><span class=\"_fadeIn_m1hgl_8\">A  oldalon. <\/span><span class=\"_fadeIn_m1hgl_8\">v\u00e1ltoz\u00f3 <\/span><span class=\"_fadeIn_m1hgl_8\">Cs\u0151 \u00e1tm\u00e9r\u0151je <\/span><span class=\"_fadeIn_m1hgl_8\">megfelel\u0151<\/span><\/li>\n<\/ul>","protected":false},"excerpt":{"rendered":"<p><span class=\"_fadeIn_m1hgl_8\">V4A rozsdamentes ac\u00e9lb\u00f3l k\u00e9sz\u00fclt fed\u00e9l <\/span><span class=\"_fadeIn_m1hgl_8\">a  c\u00edmen <\/span><span class=\"_fadeIn_m1hgl_8\">rugalmas <\/span><span class=\"_fadeIn_m1hgl_8\">Szor\u00edt\u00f3eszk\u00f6z\u00f6k <\/span><span class=\"_fadeIn_m1hgl_8\">a  oldalon. <\/span><span class=\"_fadeIn_m1hgl_8\">Hord\u00f3k <\/span><span class=\"_fadeIn_m1hgl_8\">a  c\u00edmen <\/span><span class=\"_fadeIn_m1hgl_8\">230-<\/span><span class=\"_fadeIn_m1hgl_8\">300 mm <\/span><span class=\"_fadeIn_m1hgl_8\">\u00e1tm\u00e9r\u0151j\u0171 (10-20 literes v\u00f6dr\u00f6k vagy 25 kg-os hobbockok).<\/span><\/p>","protected":false},"featured_media":15470,"comment_status":"open","ping_status":"closed","template":"","meta":{"_acf_changed":false},"product_brand":[],"product_cat":[594,595,612],"product_tag":[2922,2923,2924,2925,2926,2927,2915,2919,2920,2921],"class_list":{"0":"post-10450","1":"product","2":"type-product","3":"status-publish","4":"has-post-thumbnail","6":"product_cat-zubehoer","7":"product_cat-ruehrwerkstechnik","8":"product_cat-kleingebinderuehrwerke","9":"product_tag-deckel-mit-variabler-spannweite","10":"product_tag-ruehrwerksdeckel-edelstahl","11":"product_tag-edelstahl-deckel-230-300-mm","12":"product_tag-deckel-fuer-mischbehaelter","13":"product_tag-deckel-mit-spannmechanismus","14":"product_tag-industrie-edelstahldeckel","15":"product_tag-hygienischer-fassdeckel","16":"product_tag-edelstahldeckel-v4a","17":"product_tag-deckel-ruehrfass-edelstahl","18":"product_tag-spannvorrichtung-deckel","19":"product_shipping_class-karton-paketversand","20":"pa_behaeltervolumen-10-20-liter","21":"pa_mgl-fassdurchmesser-230-300mm","23":"first","24":"instock","25":"taxable","26":"shipping-taxable","27":"purchasable","28":"product-type-simple"},"bundled_by":[],"bundle_stock_status":"instock","bundle_stock_quantity":null,"bundle_virtual":false,"bundle_layout":"","bundle_add_to_cart_form_location":"","bundle_editable_in_cart":false,"bundle_sold_individually_context":"","bundle_item_grouping":"","bundle_min_size":"","bundle_max_size":"","bundle_price":[],"bundled_items":[],"bundle_sell_ids":[],"exclude_global_add_ons":[],"addons":[],"acf":[],"_links":{"self":[{"href":"https:\/\/ptm-mechatronics.com\/hu\/wp-json\/wp\/v2\/product\/10450","targetHints":{"allow":["GET"]}}],"collection":[{"href":"https:\/\/ptm-mechatronics.com\/hu\/wp-json\/wp\/v2\/product"}],"about":[{"href":"https:\/\/ptm-mechatronics.com\/hu\/wp-json\/wp\/v2\/types\/product"}],"replies":[{"embeddable":true,"href":"https:\/\/ptm-mechatronics.com\/hu\/wp-json\/wp\/v2\/comments?post=10450"}],"wp:featuredmedia":[{"embeddable":true,"href":"https:\/\/ptm-mechatronics.com\/hu\/wp-json\/wp\/v2\/media\/15470"}],"wp:attachment":[{"href":"https:\/\/ptm-mechatronics.com\/hu\/wp-json\/wp\/v2\/media?parent=10450"}],"wp:term":[{"taxonomy":"product_brand","embeddable":true,"href":"https:\/\/ptm-mechatronics.com\/hu\/wp-json\/wp\/v2\/product_brand?post=10450"},{"taxonomy":"product_cat","embeddable":true,"href":"https:\/\/ptm-mechatronics.com\/hu\/wp-json\/wp\/v2\/product_cat?post=10450"},{"taxonomy":"product_tag","embeddable":true,"href":"https:\/\/ptm-mechatronics.com\/hu\/wp-json\/wp\/v2\/product_tag?post=10450"}],"curies":[{"name":"wp","href":"https:\/\/api.w.org\/{rel}","templated":true}]}}