{"id":10434,"date":"2024-07-04T09:08:32","date_gmt":"2024-07-04T07:08:32","guid":{"rendered":"https:\/\/ptm-mechatronics.com\/?post_type=product&#038;p=10434"},"modified":"2025-11-07T15:52:39","modified_gmt":"2025-11-07T14:52:39","slug":"tri-clamp-ruehrwerk","status":"publish","type":"product","link":"https:\/\/ptm-mechatronics.com\/hu\/product\/tri-clamp-ruehrwerk\/","title":{"rendered":"Tri Clamp kever\u0151"},"content":{"rendered":"<p class=\"\" data-start=\"126\" data-end=\"206\">Testre szabott Tri Clamp kever\u0151k - t\u00f6k\u00e9letesen az \u00d6n ig\u00e9nyeihez igaz\u00edtva<\/p>\n<p class=\"\" data-start=\"208\" data-end=\"519\">Testre szabhatja Tri Clamp kever\u0151j\u00e9t, hogy az megfeleljen az \u00d6n egyedi ig\u00e9nyeinek: Rugalmasan v\u00e1lassza ki a k\u00edv\u00e1nt motorteljes\u00edtm\u00e9nyt \u00e9s a megfelel\u0151 Tri Clamp csatlakoz\u00f3m\u00e9retet. Az \u00d6n alkalmaz\u00e1si ter\u00fclet\u00e9hez optim\u00e1lisan kombin\u00e1ljuk az alkatr\u00e9szeket - prec\u00edzen, hat\u00e9konyan \u00e9s a legmagasabb min\u0151s\u00e9gre tervezve.<\/p>\n<p class=\"\" data-start=\"521\" data-end=\"796\">A kever\u0151tengely r\u00f6gz\u00edt\u00e9s\u00e9re k\u00e9t lehet\u0151s\u00e9g \u00e1ll rendelkez\u00e9sre: Vagy a klasszikus menetes tengelyt v\u00e1lasztja, vagy a szabadalmaztatott eco-Quick gyorscser\u00e9l\u0151 rendszer\u00fcnket, amely lehet\u0151v\u00e9 teszi a kever\u0151tengelyek k\u00fcl\u00f6n\u00f6sen gyors \u00e9s egyszer\u0171 cser\u00e9j\u00e9t.<\/p>\n<p class=\"\" data-start=\"798\" data-end=\"1003\">Tapasztalt csapatunk sz\u00edvesen ad tan\u00e1csot az \u00d6n egyedi alkalmaz\u00e1s\u00e1hoz megfelel\u0151 Tri Clamp kever\u0151 kiv\u00e1laszt\u00e1s\u00e1ban. Vegye fel vel\u00fcnk k\u00f6zvetlen\u00fcl a kapcsolatot - egy\u00fctt megtal\u00e1ljuk a t\u00f6k\u00e9letes megold\u00e1st!<\/p>\n<p class=\"\" data-start=\"1005\" data-end=\"1126\"><em data-start=\"1005\" data-end=\"1126\">(P\u00e9lda term\u00e9kk\u00e9pek: rozsdamentes ac\u00e9l kever\u0151 eco-Drive INOX Tri Clamp, rozsdamentes ac\u00e9l kever\u0151 eco-Seal INOX Tri Clamp)<\/em><\/p>","protected":false},"excerpt":{"rendered":"<p>Testreszabhat\u00f3 Tri Clamp kever\u0151ink szabadon v\u00e1laszthat\u00f3 motorteljes\u00edtm\u00e9nyt \u00e9s Tri Clamp csatlakoz\u00f3kat kombin\u00e1lnak menetes tengelycsonkkal vagy szabadalmaztatott eco-Quick gyorscser\u00e9l\u0151 rendszer\u00fcnkkel.<\/p>","protected":false},"featured_media":15464,"comment_status":"open","ping_status":"closed","template":"","meta":{"_acf_changed":false},"product_brand":[],"product_cat":[595,596,632],"product_tag":[2824,2825,2826,2827,2828,2829,2830,2831,2832,2833],"class_list":{"0":"post-10434","1":"product","2":"type-product","3":"status-publish","4":"has-post-thumbnail","6":"product_cat-ruehrwerkstechnik","7":"product_cat-laborruehrer","8":"product_cat-ruehrwerksantriebe","9":"product_tag-tri-clamp-ruehrwerk","10":"product_tag-edelstahlruehrwerk-tri-clamp","11":"product_tag-ruehrwerk-tri-clamp-anschluss","12":"product_tag-schnellwechselsystem-eco-quick","13":"product_tag-individuell-konfigurierbares-ruehrwerk","14":"product_tag-ruehrwerk-mit-gewindenabe","15":"product_tag-motorleistung-ruehrwerk-waehlen","16":"product_tag-tri-clamp-ruehrwerk-kaufen","17":"product_tag-edelstahlruehrwerk-online","18":"product_tag-tri-clamp-ruehrtechnik","19":"product_shipping_class-karton-paketversand","21":"first","22":"outofstock","23":"taxable","24":"shipping-taxable","25":"product-type-simple"},"bundled_by":[],"bundle_stock_status":"outofstock","bundle_stock_quantity":null,"bundle_virtual":false,"bundle_layout":"","bundle_add_to_cart_form_location":"","bundle_editable_in_cart":false,"bundle_sold_individually_context":"","bundle_item_grouping":"","bundle_min_size":"","bundle_max_size":"","bundle_price":[],"bundled_items":[],"bundle_sell_ids":[],"exclude_global_add_ons":[],"addons":[],"acf":[],"_links":{"self":[{"href":"https:\/\/ptm-mechatronics.com\/hu\/wp-json\/wp\/v2\/product\/10434","targetHints":{"allow":["GET"]}}],"collection":[{"href":"https:\/\/ptm-mechatronics.com\/hu\/wp-json\/wp\/v2\/product"}],"about":[{"href":"https:\/\/ptm-mechatronics.com\/hu\/wp-json\/wp\/v2\/types\/product"}],"replies":[{"embeddable":true,"href":"https:\/\/ptm-mechatronics.com\/hu\/wp-json\/wp\/v2\/comments?post=10434"}],"wp:featuredmedia":[{"embeddable":true,"href":"https:\/\/ptm-mechatronics.com\/hu\/wp-json\/wp\/v2\/media\/15464"}],"wp:attachment":[{"href":"https:\/\/ptm-mechatronics.com\/hu\/wp-json\/wp\/v2\/media?parent=10434"}],"wp:term":[{"taxonomy":"product_brand","embeddable":true,"href":"https:\/\/ptm-mechatronics.com\/hu\/wp-json\/wp\/v2\/product_brand?post=10434"},{"taxonomy":"product_cat","embeddable":true,"href":"https:\/\/ptm-mechatronics.com\/hu\/wp-json\/wp\/v2\/product_cat?post=10434"},{"taxonomy":"product_tag","embeddable":true,"href":"https:\/\/ptm-mechatronics.com\/hu\/wp-json\/wp\/v2\/product_tag?post=10434"}],"curies":[{"name":"wp","href":"https:\/\/api.w.org\/{rel}","templated":true}]}}