{"id":10430,"date":"2024-07-03T11:06:05","date_gmt":"2024-07-03T09:06:05","guid":{"rendered":"https:\/\/ptm-mechatronics.com\/?post_type=product&#038;p=10430"},"modified":"2025-11-07T15:52:33","modified_gmt":"2025-11-07T14:52:33","slug":"absaugungen","status":"publish","type":"product","link":"https:\/\/ptm-mechatronics.com\/hu\/product\/absaugungen\/","title":{"rendered":"Sz\u00edv\u00f3egys\u00e9gek"},"content":{"rendered":"<p>Kever\u00e9s k\u00f6zben (pl. porok kever\u00e9sekor vagy porok kever\u00e9khez val\u00f3 hozz\u00e1ad\u00e1sakor) a k\u00f6rnyezeti leveg\u0151ben por- vagy g\u00e1zszennyez\u00e9s l\u00e9phet fel. Egy elsz\u00edv\u00f3 rendszerrel biztos\u00edthatja a por\/g\u00e1zmentes kever\u00e9si folyamatot. ATEX tan\u00fas\u00edtv\u00e1nnyal rendelkez\u0151 elsz\u00edv\u00f3rendszereket is tudunk \u00d6nnek sz\u00e1ll\u00edtani robban\u00e1svesz\u00e9lyes l\u00e9gk\u00f6r\u00f6kh\u00f6z.<\/p>\n<p>A m\u00e9ret \u00e9s a teljes\u00edtm\u00e9ny meghat\u00e1roz\u00e1s\u00e1hoz egyszer\u0171en l\u00e9pjen vel\u00fcnk k\u00f6zvetlen\u00fcl kapcsolatba. Szak\u00e9rt\u0151ink sz\u00edvesen adnak \u00d6nnek tan\u00e1csot.<\/p>\n<p>(Term\u00e9kfot\u00f3k: P\u00e9lda\u00e9rt\u00e9k\u0171 design)<\/p>","protected":false},"excerpt":{"rendered":"<p>K\u00fcl\u00f6nb\u00f6z\u0151 m\u00e9ret\u0171 \u00e9s kapacit\u00e1s\u00fa elsz\u00edv\u00f3egys\u00e9gek, ATEX tan\u00fas\u00edtv\u00e1nnyal is ell\u00e1tva<\/p>","protected":false},"featured_media":15463,"comment_status":"open","ping_status":"closed","template":"","meta":{"_acf_changed":false},"product_brand":[],"product_cat":[614,1421,595,603,612],"product_tag":[],"class_list":{"0":"post-10430","1":"product","2":"type-product","3":"status-publish","4":"has-post-thumbnail","6":"product_cat-containerruehrwerke","7":"product_cat-zubehoer-ruehrwerkstechnik","8":"product_cat-ruehrwerkstechnik","9":"product_cat-fassruehrwerke","10":"product_cat-kleingebinderuehrwerke","11":"product_shipping_class-europalette-speditionsversand","13":"first","14":"outofstock","15":"taxable","16":"shipping-taxable","17":"product-type-simple"},"bundled_by":[],"bundle_stock_status":"outofstock","bundle_stock_quantity":null,"bundle_virtual":false,"bundle_layout":"","bundle_add_to_cart_form_location":"","bundle_editable_in_cart":false,"bundle_sold_individually_context":"","bundle_item_grouping":"","bundle_min_size":"","bundle_max_size":"","bundle_price":[],"bundled_items":[],"bundle_sell_ids":[],"exclude_global_add_ons":[],"addons":[],"acf":[],"_links":{"self":[{"href":"https:\/\/ptm-mechatronics.com\/hu\/wp-json\/wp\/v2\/product\/10430","targetHints":{"allow":["GET"]}}],"collection":[{"href":"https:\/\/ptm-mechatronics.com\/hu\/wp-json\/wp\/v2\/product"}],"about":[{"href":"https:\/\/ptm-mechatronics.com\/hu\/wp-json\/wp\/v2\/types\/product"}],"replies":[{"embeddable":true,"href":"https:\/\/ptm-mechatronics.com\/hu\/wp-json\/wp\/v2\/comments?post=10430"}],"wp:featuredmedia":[{"embeddable":true,"href":"https:\/\/ptm-mechatronics.com\/hu\/wp-json\/wp\/v2\/media\/15463"}],"wp:attachment":[{"href":"https:\/\/ptm-mechatronics.com\/hu\/wp-json\/wp\/v2\/media?parent=10430"}],"wp:term":[{"taxonomy":"product_brand","embeddable":true,"href":"https:\/\/ptm-mechatronics.com\/hu\/wp-json\/wp\/v2\/product_brand?post=10430"},{"taxonomy":"product_cat","embeddable":true,"href":"https:\/\/ptm-mechatronics.com\/hu\/wp-json\/wp\/v2\/product_cat?post=10430"},{"taxonomy":"product_tag","embeddable":true,"href":"https:\/\/ptm-mechatronics.com\/hu\/wp-json\/wp\/v2\/product_tag?post=10430"}],"curies":[{"name":"wp","href":"https:\/\/api.w.org\/{rel}","templated":true}]}}