{"id":10427,"date":"2024-07-03T08:39:16","date_gmt":"2024-07-03T06:39:16","guid":{"rendered":"https:\/\/ptm-mechatronics.com\/?post_type=product&#038;p=10427"},"modified":"2025-11-07T15:52:32","modified_gmt":"2025-11-07T14:52:32","slug":"tri-clamp","status":"publish","type":"product","link":"https:\/\/ptm-mechatronics.com\/hu\/product\/tri-clamp\/","title":{"rendered":"Tri Clamp csatlakoz\u00e1sok"},"content":{"rendered":"<p>A Tri Clamp csatlakoz\u00f3kat gyakran v\u00e1lasztj\u00e1k az \u00e9lelmiszer- \u00e9s gy\u00f3gyszeriparban. Varratmentes, sima \u00e9s korr\u00f3zi\u00f3mentes rozsdamentes ac\u00e9lfel\u00fclet\u00fck nem hagy holt teret a szennyez\u0151d\u00e9seknek vagy m\u00e1s szennyez\u0151d\u00e9seknek. A vil\u00e1gszerte \u00e9rv\u00e9nyes BS, DIN \u00e9s ISO szabv\u00e1nyok alapj\u00e1n lehet megtal\u00e1lni a megfelel\u0151 csatlakoz\u00f3kat.<\/p>\n<p>Sz\u00edvesen adunk tan\u00e1csot a Tri Clamp csatlakoz\u00e1s helyes kiv\u00e1laszt\u00e1s\u00e1val kapcsolatban. Egyszer\u0171en l\u00e9pjen vel\u00fcnk k\u00f6zvetlen\u00fcl kapcsolatba.<\/p>","protected":false},"excerpt":{"rendered":"<p>Higi\u00e9nikus Tri Clamp csatlakoz\u00e1sok k\u00fcl\u00f6nb\u00f6z\u0151 m\u00e9retekben.<\/p>","protected":false},"featured_media":15461,"comment_status":"open","ping_status":"closed","template":"","meta":{"_acf_changed":false},"product_brand":[],"product_cat":[595,1421],"product_tag":[],"class_list":{"0":"post-10427","1":"product","2":"type-product","3":"status-publish","4":"has-post-thumbnail","6":"product_cat-ruehrwerkstechnik","7":"product_cat-zubehoer-ruehrwerkstechnik","8":"product_shipping_class-karton-paketversand","10":"first","11":"outofstock","12":"taxable","13":"shipping-taxable","14":"product-type-simple"},"bundled_by":[],"bundle_stock_status":"outofstock","bundle_stock_quantity":null,"bundle_virtual":false,"bundle_layout":"","bundle_add_to_cart_form_location":"","bundle_editable_in_cart":false,"bundle_sold_individually_context":"","bundle_item_grouping":"","bundle_min_size":"","bundle_max_size":"","bundle_price":[],"bundled_items":[],"bundle_sell_ids":[],"exclude_global_add_ons":[],"addons":[],"acf":[],"_links":{"self":[{"href":"https:\/\/ptm-mechatronics.com\/hu\/wp-json\/wp\/v2\/product\/10427","targetHints":{"allow":["GET"]}}],"collection":[{"href":"https:\/\/ptm-mechatronics.com\/hu\/wp-json\/wp\/v2\/product"}],"about":[{"href":"https:\/\/ptm-mechatronics.com\/hu\/wp-json\/wp\/v2\/types\/product"}],"replies":[{"embeddable":true,"href":"https:\/\/ptm-mechatronics.com\/hu\/wp-json\/wp\/v2\/comments?post=10427"}],"wp:featuredmedia":[{"embeddable":true,"href":"https:\/\/ptm-mechatronics.com\/hu\/wp-json\/wp\/v2\/media\/15461"}],"wp:attachment":[{"href":"https:\/\/ptm-mechatronics.com\/hu\/wp-json\/wp\/v2\/media?parent=10427"}],"wp:term":[{"taxonomy":"product_brand","embeddable":true,"href":"https:\/\/ptm-mechatronics.com\/hu\/wp-json\/wp\/v2\/product_brand?post=10427"},{"taxonomy":"product_cat","embeddable":true,"href":"https:\/\/ptm-mechatronics.com\/hu\/wp-json\/wp\/v2\/product_cat?post=10427"},{"taxonomy":"product_tag","embeddable":true,"href":"https:\/\/ptm-mechatronics.com\/hu\/wp-json\/wp\/v2\/product_tag?post=10427"}],"curies":[{"name":"wp","href":"https:\/\/api.w.org\/{rel}","templated":true}]}}