{"id":10392,"date":"2024-06-26T09:34:50","date_gmt":"2024-06-26T07:34:50","guid":{"rendered":"https:\/\/ptm-mechatronics.com\/?post_type=product&#038;p=10392"},"modified":"2025-11-07T15:52:31","modified_gmt":"2025-11-07T14:52:31","slug":"ibc-container","status":"publish","type":"product","link":"https:\/\/ptm-mechatronics.com\/hu\/product\/ibc-container\/","title":{"rendered":"IBC kont\u00e9ner"},"content":{"rendered":"<p>K\u00fcl\u00f6nb\u00f6z\u0151 m\u00e9ret\u0171 \u00e9s felszerelts\u00e9g\u0171 IBC-kont\u00e9nereket sz\u00e1ll\u00edtunk \u00d6nnek:<\/p>\n<p>Kapacit\u00e1s: 300, 500, 600, 800, 1.000 vagy 1.200 liter<br \/>\nBor\u00edt\u00f3m\u00e9retek: DN160 \u00e9s DN225<br \/>\nMegfelel\u0151s\u00e9g: pl. ATEX, \u00e9lelmiszer stb.<br \/>\nAc\u00e9l- vagy m\u0171anyag raklapon<br \/>\nAc\u00e9l vagy m\u0171anyag tart\u00e1lyok<br \/>\nLeereszt\u0151csap opcion\u00e1lis<br \/>\n2\u2033 Nyit\u00e1s opcion\u00e1lis<br \/>\nLejt\u0151s talapzat opcion\u00e1lis<br \/>\n\u00e9s m\u00e9g sok m\u00e1s.<\/p>\n<p>A k\u00edv\u00e1nt m\u00e9ret \u00e9s felszerelts\u00e9g tekintet\u00e9ben egyszer\u0171en vegye fel vel\u00fcnk a kapcsolatot. Szak\u00e9rt\u0151ink sz\u00edvesen adnak \u00d6nnek tan\u00e1csot.<\/p>","protected":false},"excerpt":{"rendered":"<p>Egyedi IBC-kont\u00e9nerek, egyedileg felszerelhet\u0151k<\/p>","protected":false},"featured_media":15458,"comment_status":"open","ping_status":"closed","template":"","meta":{"_acf_changed":false},"product_brand":[],"product_cat":[595,614,1421],"product_tag":[],"class_list":{"0":"post-10392","1":"product","2":"type-product","3":"status-publish","4":"has-post-thumbnail","6":"product_cat-ruehrwerkstechnik","7":"product_cat-containerruehrwerke","8":"product_cat-zubehoer-ruehrwerkstechnik","9":"product_shipping_class-europalette-speditionsversand","11":"first","12":"outofstock","13":"taxable","14":"shipping-taxable","15":"product-type-simple"},"bundled_by":[],"bundle_stock_status":"outofstock","bundle_stock_quantity":null,"bundle_virtual":false,"bundle_layout":"","bundle_add_to_cart_form_location":"","bundle_editable_in_cart":false,"bundle_sold_individually_context":"","bundle_item_grouping":"","bundle_min_size":"","bundle_max_size":"","bundle_price":[],"bundled_items":[],"bundle_sell_ids":[],"exclude_global_add_ons":[],"addons":[],"acf":[],"_links":{"self":[{"href":"https:\/\/ptm-mechatronics.com\/hu\/wp-json\/wp\/v2\/product\/10392","targetHints":{"allow":["GET"]}}],"collection":[{"href":"https:\/\/ptm-mechatronics.com\/hu\/wp-json\/wp\/v2\/product"}],"about":[{"href":"https:\/\/ptm-mechatronics.com\/hu\/wp-json\/wp\/v2\/types\/product"}],"replies":[{"embeddable":true,"href":"https:\/\/ptm-mechatronics.com\/hu\/wp-json\/wp\/v2\/comments?post=10392"}],"wp:featuredmedia":[{"embeddable":true,"href":"https:\/\/ptm-mechatronics.com\/hu\/wp-json\/wp\/v2\/media\/15458"}],"wp:attachment":[{"href":"https:\/\/ptm-mechatronics.com\/hu\/wp-json\/wp\/v2\/media?parent=10392"}],"wp:term":[{"taxonomy":"product_brand","embeddable":true,"href":"https:\/\/ptm-mechatronics.com\/hu\/wp-json\/wp\/v2\/product_brand?post=10392"},{"taxonomy":"product_cat","embeddable":true,"href":"https:\/\/ptm-mechatronics.com\/hu\/wp-json\/wp\/v2\/product_cat?post=10392"},{"taxonomy":"product_tag","embeddable":true,"href":"https:\/\/ptm-mechatronics.com\/hu\/wp-json\/wp\/v2\/product_tag?post=10392"}],"curies":[{"name":"wp","href":"https:\/\/api.w.org\/{rel}","templated":true}]}}