{"id":10387,"date":"2024-06-26T08:52:52","date_gmt":"2024-06-26T06:52:52","guid":{"rendered":"https:\/\/ptm-mechatronics.com\/?post_type=product&#038;p=10387"},"modified":"2025-11-07T15:52:30","modified_gmt":"2025-11-07T14:52:30","slug":"fasswagen","status":"publish","type":"product","link":"https:\/\/ptm-mechatronics.com\/hu\/product\/fasswagen\/","title":{"rendered":"Hord\u00f3kocsi"},"content":{"rendered":"<p>Dobos kocsink mozg\u00f3v\u00e1 teszik a kever\u0151berendez\u00e9s alkalmaz\u00e1s\u00e1t. Ez lehet\u0151v\u00e9 teszi, hogy a kever\u0151vel ell\u00e1tott dobjait k\u00e9nyelmesen mozgathatja a folyamatok k\u00f6z\u00f6tt. Az ESD g\u00f6rg\u0151k megakad\u00e1lyozz\u00e1k a sz\u00e1ll\u00edt\u00f3eszk\u00f6z vagy a sz\u00e1ll\u00edtott \u00e1ru elektrosztatikus felt\u00f6lt\u0151d\u00e9s\u00e9t.<\/p>\n<p>Hord\u00f3kocsikat gy\u00e1rtunk \u00d6nnek szem\u00e9lyre szabottan. A m\u00e9retek \u00e9s a felszerelts\u00e9g meghat\u00e1roz\u00e1sa \u00e9rdek\u00e9ben egyszer\u0171en vegye fel vel\u00fcnk k\u00f6zvetlen\u00fcl a kapcsolatot. Szak\u00e9rt\u0151ink sz\u00edvesen adnak \u00d6nnek tan\u00e1csot.<\/p>","protected":false},"excerpt":{"rendered":"<p>Dobos kocsi ESD g\u00f6rg\u0151kkel a mobil munkav\u00e9gz\u00e9shez<\/p>","protected":false},"featured_media":15456,"comment_status":"open","ping_status":"closed","template":"","meta":{"_acf_changed":false},"product_brand":[],"product_cat":[595,603,612,1421],"product_tag":[],"class_list":{"0":"post-10387","1":"product","2":"type-product","3":"status-publish","4":"has-post-thumbnail","6":"product_cat-ruehrwerkstechnik","7":"product_cat-fassruehrwerke","8":"product_cat-kleingebinderuehrwerke","9":"product_cat-zubehoer-ruehrwerkstechnik","10":"product_shipping_class-karton-paketversand","12":"first","13":"outofstock","14":"taxable","15":"shipping-taxable","16":"product-type-simple"},"bundled_by":[],"bundle_stock_status":"outofstock","bundle_stock_quantity":null,"bundle_virtual":false,"bundle_layout":"","bundle_add_to_cart_form_location":"","bundle_editable_in_cart":false,"bundle_sold_individually_context":"","bundle_item_grouping":"","bundle_min_size":"","bundle_max_size":"","bundle_price":[],"bundled_items":[],"bundle_sell_ids":[],"exclude_global_add_ons":[],"addons":[],"acf":[],"_links":{"self":[{"href":"https:\/\/ptm-mechatronics.com\/hu\/wp-json\/wp\/v2\/product\/10387","targetHints":{"allow":["GET"]}}],"collection":[{"href":"https:\/\/ptm-mechatronics.com\/hu\/wp-json\/wp\/v2\/product"}],"about":[{"href":"https:\/\/ptm-mechatronics.com\/hu\/wp-json\/wp\/v2\/types\/product"}],"replies":[{"embeddable":true,"href":"https:\/\/ptm-mechatronics.com\/hu\/wp-json\/wp\/v2\/comments?post=10387"}],"wp:featuredmedia":[{"embeddable":true,"href":"https:\/\/ptm-mechatronics.com\/hu\/wp-json\/wp\/v2\/media\/15456"}],"wp:attachment":[{"href":"https:\/\/ptm-mechatronics.com\/hu\/wp-json\/wp\/v2\/media?parent=10387"}],"wp:term":[{"taxonomy":"product_brand","embeddable":true,"href":"https:\/\/ptm-mechatronics.com\/hu\/wp-json\/wp\/v2\/product_brand?post=10387"},{"taxonomy":"product_cat","embeddable":true,"href":"https:\/\/ptm-mechatronics.com\/hu\/wp-json\/wp\/v2\/product_cat?post=10387"},{"taxonomy":"product_tag","embeddable":true,"href":"https:\/\/ptm-mechatronics.com\/hu\/wp-json\/wp\/v2\/product_tag?post=10387"}],"curies":[{"name":"wp","href":"https:\/\/api.w.org\/{rel}","templated":true}]}}