{"id":10382,"date":"2024-06-25T11:08:03","date_gmt":"2024-06-25T09:08:03","guid":{"rendered":"https:\/\/ptm-mechatronics.com\/?post_type=product&#038;p=10382"},"modified":"2026-03-25T11:38:11","modified_gmt":"2026-03-25T10:38:11","slug":"ruehrwerk-zur-montage-auf-hobbocks-30-liter-25kg","status":"publish","type":"product","link":"https:\/\/ptm-mechatronics.com\/hu\/product\/ruehrwerk-zur-montage-auf-hobbocks-30-liter-25kg\/","title":{"rendered":"Pneumatikus kever\u0151berendez\u00e9s 30 literes \/ 25kg-os hobbockokra szerelhet\u0151 - ATEX"},"content":{"rendered":"<h1 data-start=\"255\" data-end=\"349\"><span style=\"font-size: 75%;\">Pneumatikus kever\u0151 30 literes hobbockokhoz - ATEX tan\u00fas\u00edtv\u00e1nnyal rendelkez\u0151, hat\u00e9kony, folyamatbiztos<\/span><\/h1>\n<p data-start=\"351\" data-end=\"646\">A kompakt kever\u0151 egy energiatakar\u00e9kos \u00e9s nagy teljes\u00edtm\u00e9ny\u0171 pneumatikus meghajt\u00e1sb\u00f3l \u00e1ll, amely az 1. z\u00f3n\u00e1ra vonatkoz\u00f3 ATEX tan\u00fas\u00edtv\u00e1nnyal rendelkezik, egy kiv\u00e1l\u00f3 min\u0151s\u00e9g\u0171, V4A rozsdamentes ac\u00e9lb\u00f3l (1.4404) k\u00e9sz\u00fclt kever\u0151tengelyb\u0151l \u00e9s a kipr\u00f3b\u00e1lt \u00e9s bev\u00e1lt eco-Cup kever\u0151elemb\u0151l - szint\u00e9n V4A rozsdamentes ac\u00e9lb\u00f3l.<\/p>\n<p data-start=\"648\" data-end=\"987\">Az \u00f6sszetev\u0151k optim\u00e1lisan illeszkednek a 30 literes hobbockokban t\u00f6rt\u00e9n\u0151 kever\u00e9si folyamatokhoz, \u00e9s biztos\u00edtj\u00e1k az alacsony \u00e9s magas viszkozit\u00e1s\u00fa k\u00f6zegek egyenletes, k\u00edm\u00e9letes kever\u00e9s\u00e9t. A kever\u0151 homog\u00e9n kever\u00e9si eredm\u00e9nyt biztos\u00edt, robusztus ipari haszn\u00e1latban, valamint biztons\u00e1gos \u00e9s higi\u00e9nikus feldolgoz\u00e1st biztos\u00edt.<\/p>","protected":false},"excerpt":{"rendered":"<p>Nagy teljes\u00edtm\u00e9ny\u0171 kever\u0151g\u00e9p, teljesen felszerelt kever\u0151tengellyel \u00e9s kever\u0151poh\u00e1r kever\u0151vel 30 literes hord\u00f3hoz - ATEX 1 z\u00f3n\u00e1s meghajt\u00e1s<\/p>","protected":false},"featured_media":15455,"comment_status":"open","ping_status":"closed","template":"","meta":{"_acf_changed":false},"product_brand":[],"product_cat":[595,612],"product_tag":[3201,3202,2517,2637,2707,2814,2956,3117,3159,3200],"class_list":{"0":"post-10382","1":"product","2":"type-product","3":"status-publish","4":"has-post-thumbnail","6":"product_cat-ruehrwerkstechnik","7":"product_cat-kleingebinderuehrwerke","8":"product_tag-hobbock-ruehrwerk","9":"product_tag-atex-zone-1","10":"product_tag-edelstahl-ruehrwerk","11":"product_tag-ruehrwerk-fuer-hochviskose-medien","12":"product_tag-ruehrtechnik-industrie","13":"product_tag-atex-ruehrwerk","14":"product_tag-pneumatischer-ruehrantrieb","15":"product_tag-v4a-ruehrwelle","16":"product_tag-eco-cup-ruehrorgan","17":"product_tag-ruehrwerk-30-liter","18":"product_shipping_class-karton-paketversand","19":"pa_antriebsart-pneumatisch","20":"pa_atex-zone-122122","21":"pa_behaeltervolumen-30-liter","22":"pa_dichtung-ptfe","23":"pa_drehmoment-4nm","24":"pa_drehzahl-0-300-1-min","25":"pa_durchmesser-ruehrwelle-16mm","26":"pa_ex-gas-ex-ii-2-g-ex-h-iic-t5-gb-x","27":"pa_ex-staub-ex-ii-2-d-ex-h-iiic-t100c-db-x","28":"pa_geraeuschpegel-75db","29":"pa_labs-oel-und-silikonfrei","30":"pa_laenge-ruehrwelle-ca-360mm-ab-deckeloberkante","31":"pa_material-gehaeuse-aluminium-eloxiert","32":"pa_mittlerer-luftverbrauch-25l-min","33":"pa_ruehrorgan-becherruehrorgan-eco-cup-150mm","34":"pa_schutzart-ip67","35":"pa_steckverschraubung-abluft-schlauch-o10mm","36":"pa_steckverschraubung-zuluft-schlauch-o6mm","37":"pa_versorgung-5-6bar","39":"first","40":"instock","41":"taxable","42":"shipping-taxable","43":"purchasable","44":"product-type-simple"},"bundled_by":[],"bundle_stock_status":"instock","bundle_stock_quantity":null,"bundle_virtual":false,"bundle_layout":"","bundle_add_to_cart_form_location":"","bundle_editable_in_cart":false,"bundle_sold_individually_context":"","bundle_item_grouping":"","bundle_min_size":"","bundle_max_size":"","bundle_price":[],"bundled_items":[],"bundle_sell_ids":[],"exclude_global_add_ons":[],"addons":[],"acf":[],"_links":{"self":[{"href":"https:\/\/ptm-mechatronics.com\/hu\/wp-json\/wp\/v2\/product\/10382","targetHints":{"allow":["GET"]}}],"collection":[{"href":"https:\/\/ptm-mechatronics.com\/hu\/wp-json\/wp\/v2\/product"}],"about":[{"href":"https:\/\/ptm-mechatronics.com\/hu\/wp-json\/wp\/v2\/types\/product"}],"replies":[{"embeddable":true,"href":"https:\/\/ptm-mechatronics.com\/hu\/wp-json\/wp\/v2\/comments?post=10382"}],"wp:featuredmedia":[{"embeddable":true,"href":"https:\/\/ptm-mechatronics.com\/hu\/wp-json\/wp\/v2\/media\/15455"}],"wp:attachment":[{"href":"https:\/\/ptm-mechatronics.com\/hu\/wp-json\/wp\/v2\/media?parent=10382"}],"wp:term":[{"taxonomy":"product_brand","embeddable":true,"href":"https:\/\/ptm-mechatronics.com\/hu\/wp-json\/wp\/v2\/product_brand?post=10382"},{"taxonomy":"product_cat","embeddable":true,"href":"https:\/\/ptm-mechatronics.com\/hu\/wp-json\/wp\/v2\/product_cat?post=10382"},{"taxonomy":"product_tag","embeddable":true,"href":"https:\/\/ptm-mechatronics.com\/hu\/wp-json\/wp\/v2\/product_tag?post=10382"}],"curies":[{"name":"wp","href":"https:\/\/api.w.org\/{rel}","templated":true}]}}