{"id":30,"date":"2022-11-10T16:18:31","date_gmt":"2022-11-10T15:18:31","guid":{"rendered":"http:\/\/wp14192964.server-he.de\/bezahlmoeglichkeiten\/"},"modified":"2022-12-06T09:54:43","modified_gmt":"2022-12-06T08:54:43","slug":"bezahlmoeglichkeiten","status":"publish","type":"page","link":"https:\/\/ptm-mechatronics.com\/hu\/bezahlmoeglichkeiten\/","title":{"rendered":"Fizet\u00e9si m\u00f3dok"},"content":{"rendered":"<section class=\"section\" id=\"section_243777863\">\n\t\t<div class=\"section-bg fill\" >\n\t\t\t\t\t\t\t\t\t\n\t\t\t\n\n\t\t<\/div>\n\n\t\t\n\n\t\t<div class=\"section-content relative\">\n\t\t\t\n<div class=\"row\"  id=\"row-1122750405\">\n\n\t<div id=\"col-1088765434\" class=\"col small-12 large-12\"  >\n\t\t\t\t<div class=\"col-inner\"  >\n\t\t\t\n\t\t\t\n<h1 class=\"nitro-offscreen\">Fizet\u00e9si lehet\u0151s\u00e9gek<\/h1>\n<p class=\"nitro-offscreen\">A k\u00f6vetkez\u0151 fizet\u00e9si m\u00f3dokat k\u00edn\u00e1ljuk. Egyszer\u0171en v\u00e1lassza ki az \u00d6nnek legmegfelel\u0151bb fizet\u00e9si m\u00f3dot.<\/p>\n<p>-Klarna<\/p>\n<p>Sz\u00e1mla (A sz\u00e1ml\u00e1s v\u00e1s\u00e1rl\u00e1st a Klarna Bank AB (\u201cKlarna\u201d) p\u00e9nzforgalmi szolg\u00e1ltat\u00f3n kereszt\u00fcl bonyol\u00edtja le. A sz\u00e1ml\u00e1s v\u00e1s\u00e1rl\u00e1s fizet\u00e9si lehet\u0151s\u00e9g nem minden aj\u00e1nlat eset\u00e9ben l\u00e9tezik a Picader\u00e1n\u00e1l, \u00e9s t\u00f6bbek k\u00f6z\u00f6tt sikeresen elv\u00e9gzett szem\u00e9lyazonoss\u00e1gi \u00e9s hitelk\u00e9pess\u00e9g-ellen\u0151rz\u00e9st ig\u00e9nyel).<\/p>\n<p>K\u00f6zvetlen beszed\u00e9s (A fizet\u00e9si \u00f6sszeg a szerz\u0151d\u00e9s megk\u00f6t\u00e9sekor k\u00f6zvetlen beszed\u00e9ssel esed\u00e9kes, \u00e9s a Klarna Bank AB (\u201cKlarna\u201d) kifejezett felhatalmaz\u00e1st k\u00f6vet\u0151en terheli meg az \u00d6n megadott sz\u00e1ml\u00e1j\u00e1t).<\/p>\n<p>-Hitelk\u00e1rtya<\/p>\n<p>K\u00e9nyelmes fizet\u00e9s MasterCard, Visa vagy American Express k\u00e1rty\u00e1val<\/p>\n<p>-Giropay<\/p>\n<p>Fizessen gyorsan, egyszer\u0171en \u00e9s biztons\u00e1gosan online banki \u00e1tutal\u00e1ssal.<\/p>\n<p>-Przelewy24<\/p>\n<p>Biztons\u00e1gos, egyszer\u0171 \u00e9s gyors fizet\u00e9s Lengyelorsz\u00e1gban a Przelewy24 seg\u00edts\u00e9g\u00e9vel.<\/p>\n<p>-Azonnali banki \u00e1tutal\u00e1s<\/p>\n<p>Egyszer\u0171en fizessen Sofort \u00dcberweisung seg\u00edts\u00e9g\u00e9vel<\/p>\n<p>-Paypal<\/p>\n<p>Fizessen m\u00e9g gyorsabban \u00e9s biztons\u00e1gosabban PayPal-fi\u00f3kj\u00e1val.<\/p>\n<p>-Apple Pay<\/p>\n<p>Mostant\u00f3l k\u00f6zvetlen\u00fcl mobiltelefonon kereszt\u00fcl is fizethet az Apple Pay seg\u00edts\u00e9g\u00e9vel<\/p>\n\t\t<\/div>\n\t\t\t\t\t<\/div>\n\n\t\n<\/div>\n\t\t<\/div>\n\n\t\t\n<style>\n#section_243777863 {\n  padding-top: 30px;\n  padding-bottom: 30px;\n}\n<\/style>\n\t<\/section>","protected":false},"excerpt":{"rendered":"","protected":false},"author":51,"featured_media":0,"parent":0,"menu_order":0,"comment_status":"closed","ping_status":"closed","template":"page-blank.php","meta":{"_acf_changed":false,"footnotes":""},"class_list":["post-30","page","type-page","status-publish","hentry"],"acf":[],"_links":{"self":[{"href":"https:\/\/ptm-mechatronics.com\/hu\/wp-json\/wp\/v2\/pages\/30","targetHints":{"allow":["GET"]}}],"collection":[{"href":"https:\/\/ptm-mechatronics.com\/hu\/wp-json\/wp\/v2\/pages"}],"about":[{"href":"https:\/\/ptm-mechatronics.com\/hu\/wp-json\/wp\/v2\/types\/page"}],"author":[{"embeddable":true,"href":"https:\/\/ptm-mechatronics.com\/hu\/wp-json\/wp\/v2\/users\/51"}],"replies":[{"embeddable":true,"href":"https:\/\/ptm-mechatronics.com\/hu\/wp-json\/wp\/v2\/comments?post=30"}],"version-history":[{"count":4,"href":"https:\/\/ptm-mechatronics.com\/hu\/wp-json\/wp\/v2\/pages\/30\/revisions"}],"predecessor-version":[{"id":67,"href":"https:\/\/ptm-mechatronics.com\/hu\/wp-json\/wp\/v2\/pages\/30\/revisions\/67"}],"wp:attachment":[{"href":"https:\/\/ptm-mechatronics.com\/hu\/wp-json\/wp\/v2\/media?parent=30"}],"curies":[{"name":"wp","href":"https:\/\/api.w.org\/{rel}","templated":true}]}}