{"id":29,"date":"2022-11-10T16:18:31","date_gmt":"2022-11-10T15:18:31","guid":{"rendered":"http:\/\/wp14192964.server-he.de\/versandarten\/"},"modified":"2024-01-18T11:48:05","modified_gmt":"2024-01-18T10:48:05","slug":"versandarten","status":"publish","type":"page","link":"https:\/\/ptm-mechatronics.com\/hu\/versandarten\/","title":{"rendered":"Sz\u00e1ll\u00edt\u00e1si m\u00f3dok"},"content":{"rendered":"<section class=\"section\" id=\"section_284806567\">\n\t\t<div class=\"section-bg fill\" >\n\t\t\t\t\t\t\t\t\t\n\t\t\t\n\n\t\t<\/div>\n\n\t\t\n\n\t\t<div class=\"section-content relative\">\n\t\t\t\n<div class=\"row\"  id=\"row-871059630\">\n\n\t<div id=\"col-1219750324\" class=\"col small-12 large-12\"  >\n\t\t\t\t<div class=\"col-inner\"  >\n\t\t\t\n\t\t\t\n<h1 class=\"nitro-offscreen\">Sz\u00e1ll\u00edt\u00e1si m\u00f3dok<\/h1>\n<p class=\"nitro-offscreen\">A k\u00f6vetkez\u0151 sz\u00e1ll\u00edt\u00e1si lehet\u0151s\u00e9geket k\u00edn\u00e1ljuk:<\/p>\n<p>UPS<\/p>\n<p>Sz\u00e1ll\u00edt\u00e1s a UPS-szel N\u00e9metorsz\u00e1gon bel\u00fcl, \u00e1tal\u00e1ny sz\u00e1ll\u00edt\u00e1si d\u00edj\u00e9rt<\/p>\n<p>15 \u20ac 30 kg-ig terjed\u0151 csomagok eset\u00e9n<br \/>\n30 \u20ac 30,1 \u00e9s 60 kg k\u00f6z\u00f6tti csomagok eset\u00e9n<br \/>\n45 eur\u00f3 60,1 \u00e9s 90 kg-os csomagok eset\u00e9n.<\/p>\n<p>Sz\u00e1ll\u00edt\u00e1s a UPS-szel az EU-n bel\u00fcl, a sz\u00e1ll\u00edt\u00e1si \u00e1tal\u00e1nyd\u00edj \u00f6sszege<\/p>\n<p>30 \u20ac 30 kg-ig terjed\u0151 csomagok eset\u00e9n<br \/>\n60 \u20ac 30,1 \u00e9s 60 kg k\u00f6z\u00f6tti csomagok eset\u00e9n<br \/>\n90 eur\u00f3 60,1 \u00e9s 90 kg-os csomagok eset\u00e9n.<\/p>\n<p>Sz\u00e1ll\u00edt\u00e1s sz\u00e1ll\u00edtm\u00e1nyoz\u00f3 \u00e1ltal<\/p>\n<p>Euro raklap sz\u00e1ll\u00edt\u00e1sa N\u00e9metorsz\u00e1gon bel\u00fcl: ir\u00e1ny\u00edt\u00f3sz\u00e1m 0-5 300\u20ac ir\u00e1ny\u00edt\u00f3sz\u00e1m 6-9 150\u20ac<br \/>\nSpeci\u00e1lis raklap sz\u00e1ll\u00edt\u00e1sa N\u00e9metorsz\u00e1gon bel\u00fcl: ir\u00e1ny\u00edt\u00f3sz\u00e1m 0-5 600\u20ac ir\u00e1ny\u00edt\u00f3sz\u00e1m 6-9 300\u20ac<\/p>\n<p>Euro raklap tov\u00e1bb\u00edt\u00e1sa az EU-n bel\u00fcl: k\u00e9r\u00e9sre<br \/>\nSpeci\u00e1lis raklap sz\u00e1ll\u00edt\u00e1sa az EU-n bel\u00fcl: k\u00e9r\u00e9sre<\/p>\n<p>Gy\u0171jt\u00e9s a helysz\u00ednen<\/p>\n<p>A term\u00e9ket a helysz\u00ednen is k\u00e9nyelmesen \u00e1tveheti t\u0151l\u00fcnk.<\/p>\n\t\t<\/div>\n\t\t\t\t\t<\/div>\n\n\t\n<\/div>\n\t\t<\/div>\n\n\t\t\n<style>\n#section_284806567 {\n  padding-top: 30px;\n  padding-bottom: 30px;\n}\n<\/style>\n\t<\/section>","protected":false},"excerpt":{"rendered":"","protected":false},"author":51,"featured_media":0,"parent":0,"menu_order":0,"comment_status":"closed","ping_status":"closed","template":"page-blank.php","meta":{"_acf_changed":false,"footnotes":""},"class_list":["post-29","page","type-page","status-publish","hentry"],"acf":[],"_links":{"self":[{"href":"https:\/\/ptm-mechatronics.com\/hu\/wp-json\/wp\/v2\/pages\/29","targetHints":{"allow":["GET"]}}],"collection":[{"href":"https:\/\/ptm-mechatronics.com\/hu\/wp-json\/wp\/v2\/pages"}],"about":[{"href":"https:\/\/ptm-mechatronics.com\/hu\/wp-json\/wp\/v2\/types\/page"}],"author":[{"embeddable":true,"href":"https:\/\/ptm-mechatronics.com\/hu\/wp-json\/wp\/v2\/users\/51"}],"replies":[{"embeddable":true,"href":"https:\/\/ptm-mechatronics.com\/hu\/wp-json\/wp\/v2\/comments?post=29"}],"version-history":[{"count":7,"href":"https:\/\/ptm-mechatronics.com\/hu\/wp-json\/wp\/v2\/pages\/29\/revisions"}],"predecessor-version":[{"id":7585,"href":"https:\/\/ptm-mechatronics.com\/hu\/wp-json\/wp\/v2\/pages\/29\/revisions\/7585"}],"wp:attachment":[{"href":"https:\/\/ptm-mechatronics.com\/hu\/wp-json\/wp\/v2\/media?parent=29"}],"curies":[{"name":"wp","href":"https:\/\/api.w.org\/{rel}","templated":true}]}}