{"id":28,"date":"2022-11-10T16:18:31","date_gmt":"2022-11-10T15:18:31","guid":{"rendered":"http:\/\/wp14192964.server-he.de\/widerrufsbelehrung\/"},"modified":"2025-06-02T13:18:38","modified_gmt":"2025-06-02T11:18:38","slug":"widerrufsbelehrung","status":"publish","type":"page","link":"https:\/\/ptm-mechatronics.com\/hu\/widerrufsbelehrung\/","title":{"rendered":"Widerrufsbelehrung"},"content":{"rendered":"<h3 data-start=\"269\" data-end=\"308\"><span class=\"_fadeIn_m1hgl_8\">Nincs\u00a0<\/span><span class=\"_fadeIn_m1hgl_8\">El\u00e1ll\u00e1si jog\u00a0<\/span><span class=\"_fadeIn_m1hgl_8\">a  oldalon.\u00a0<\/span><span class=\"_fadeIn_m1hgl_8\">V\u00e1llalkoz\u00f3<\/span><\/h3>\n<p data-start=\"310\" data-end=\"601\"><span class=\"_fadeIn_m1hgl_8\">A\u00a0<\/span><span class=\"_fadeIn_m1hgl_8\">Aj\u00e1nlat\u00a0<\/span><span class=\"_fadeIn_m1hgl_8\">ir\u00e1ny\u00edtott\u00a0<\/span><span class=\"_fadeIn_m1hgl_8\">maga\u00a0<\/span><span class=\"_fadeIn_m1hgl_8\">kiz\u00e1r\u00f3lag\u00a0<\/span><span class=\"_fadeIn_m1hgl_8\">a  oldalon\u00a0<\/span><span class=\"_fadeIn_m1hgl_8\">V\u00e1llalkoz\u00f3\u00a0<\/span><span class=\"_fadeIn_m1hgl_8\">a\u00a0<\/span><span class=\"_fadeIn_m1hgl_8\">\u00c9rz\u00e9kek\u00a0<\/span><span class=\"_fadeIn_m1hgl_8\">a\u00a0<a href=\"https:\/\/www.gesetze-im-internet.de\/bgb\/__14.html\" target=\"_blank\" rel=\"noopener\">\u00a7\u00a0<\/a><\/span><span class=\"_fadeIn_m1hgl_8\">14\u00a0<\/span><span class=\"_fadeIn_m1hgl_8\">N\u00c9MET POLG\u00c1RI T\u00d6RV\u00c9NYK\u00d6NYV<\/span><span class=\"_fadeIn_m1hgl_8\">,\u00a0<\/span><span class=\"_fadeIn_m1hgl_8\">teh\u00e1t\u00a0<\/span><span class=\"_fadeIn_m1hgl_8\">a  oldalon\u00a0<\/span><span class=\"_fadeIn_m1hgl_8\">term\u00e9szetes\u00a0<\/span><span class=\"_fadeIn_m1hgl_8\">vagy\u00a0<\/span><span class=\"_fadeIn_m1hgl_8\">jogi\u00a0<\/span><span class=\"_fadeIn_m1hgl_8\">Szem\u00e9lyek\u00a0<\/span><span class=\"_fadeIn_m1hgl_8\">resp.\u00a0<\/span><span class=\"_fadeIn_m1hgl_8\">cselekv\u0151k\u00e9pes\u00a0<\/span><span class=\"_fadeIn_m1hgl_8\">Partners\u00e9gek,\u00a0<\/span><span class=\"_fadeIn_m1hgl_8\">a\u00a0<\/span><span class=\"_fadeIn_m1hgl_8\">a  c\u00edmen\u00a0<\/span><span class=\"_fadeIn_m1hgl_8\">K\u00f6vetkeztet\u00e9s\u00a0<\/span><span class=\"_fadeIn_m1hgl_8\">a\u00a0<\/span><span class=\"_fadeIn_m1hgl_8\">Jogi tranzakci\u00f3\u00a0<\/span><span class=\"_fadeIn_m1hgl_8\">a  oldalon.\u00a0<\/span><span class=\"_fadeIn_m1hgl_8\">Gyakorlat\u00a0<\/span><span class=\"_fadeIn_m1hgl_8\">a\u00a0<\/span><span class=\"_fadeIn_m1hgl_8\">kereskedelmi\u00a0<\/span><span class=\"_fadeIn_m1hgl_8\">vagy\u00a0<\/span><span class=\"_fadeIn_m1hgl_8\">f\u00fcggetlen\u00a0<\/span><span class=\"_fadeIn_m1hgl_8\">szakmai\u00a0<\/span><span class=\"_fadeIn_m1hgl_8\">Tev\u00e9kenys\u00e9g\u00a0<\/span><span class=\"_fadeIn_m1hgl_8\">cselekedet.<\/span><\/p>\n<p data-start=\"603\" data-end=\"659\"><span class=\"_fadeIn_m1hgl_8\">A\u00a0<\/span><span class=\"_fadeIn_m1hgl_8\">jogi\u00a0<\/span><span class=\"_fadeIn_m1hgl_8\">El\u00e1ll\u00e1si jog\u00a0<\/span><span class=\"_fadeIn_m1hgl_8\">l\u00e9tezik\u00a0<\/span><span class=\"_fadeIn_m1hgl_8\">ez\u00e9rt\u00a0<\/span><span class=\"_fadeIn_m1hgl_8\">nem.<\/span><\/p>\n<h3 data-start=\"661\" data-end=\"699\"><span class=\"_fadeIn_m1hgl_8\">Mi\u00e9rt\u00a0<\/span><span class=\"_fadeIn_m1hgl_8\">Nem alkalmazhat\u00f3\u00a0<\/span><span class=\"_fadeIn_m1hgl_8\">a\u00a0<\/span><span class=\"_fadeIn_m1hgl_8\">El\u00e1ll\u00e1si jog?<\/span><\/h3>\n<p data-start=\"701\" data-end=\"976\"><span class=\"_fadeIn_m1hgl_8\">A\u00a0<\/span><span class=\"_fadeIn_m1hgl_8\">El\u00e1ll\u00e1si jog\u00a0<\/span><span class=\"_fadeIn_m1hgl_8\">a  c\u00edmre.\u00a0<a href=\"https:\/\/www.gesetze-im-internet.de\/bgb\/__355.html\" target=\"_blank\" rel=\"noopener\">\u00a7\u00a0<\/a><\/span><a href=\"https:\/\/ptm-mechatronics.com\/hu\/widerrufsrecht\/_wp_link_placeholder\/\"><span class=\"_fadeIn_m1hgl_8\">355\u00a0<\/span><span class=\"_fadeIn_m1hgl_8\">N\u00c9MET POLG\u00c1RI T\u00d6RV\u00c9NYK\u00d6NYV\u00a0<\/span><\/a><span class=\"_fadeIn_m1hgl_8\">vonatkozik\u00a0<\/span><span class=\"_fadeIn_m1hgl_8\">kiz\u00e1r\u00f3lag\u00a0<\/span><span class=\"_fadeIn_m1hgl_8\">a  oldalon.\u00a0<\/span><span class=\"_fadeIn_m1hgl_8\">Fogyaszt\u00f3k.\u00a0<\/span><span class=\"_fadeIn_m1hgl_8\">Mivel\u00a0<\/span><span class=\"_fadeIn_m1hgl_8\">mi\u00a0<\/span><span class=\"_fadeIn_m1hgl_8\">kiz\u00e1r\u00f3lag\u00a0<\/span><span class=\"_fadeIn_m1hgl_8\">a  c\u00edmen\u00a0<\/span><span class=\"_fadeIn_m1hgl_8\">\u00dczleti \u00fcgyfelek\u00a0<\/span><span class=\"_fadeIn_m1hgl_8\">egy\u00fctt dolgozni,\u00a0<\/span><span class=\"_fadeIn_m1hgl_8\">Nem alkalmazhat\u00f3\u00a0<\/span><span class=\"_fadeIn_m1hgl_8\">a\u00a0<\/span><span class=\"_fadeIn_m1hgl_8\">K\u00f6telez\u0151\u00a0<\/span><span class=\"_fadeIn_m1hgl_8\">a\u00a0<\/span><span class=\"_fadeIn_m1hgl_8\">Koncesszi\u00f3\u00a0<\/span><span class=\"_fadeIn_m1hgl_8\">egy\u00a0<\/span><span class=\"_fadeIn_m1hgl_8\">ilyen\u00a0<\/span><span class=\"_fadeIn_m1hgl_8\">El\u00e1ll\u00e1si jog.\u00a0<\/span><span class=\"_fadeIn_m1hgl_8\">Ezek a\u00a0<\/span><span class=\"_fadeIn_m1hgl_8\">Szab\u00e1lyoz\u00e1s\u00a0<\/span><span class=\"_fadeIn_m1hgl_8\">a  szolg\u00e1l fel.\u00a0<\/span><span class=\"_fadeIn_m1hgl_8\">a\u00a0<\/span><span class=\"_fadeIn_m1hgl_8\">Tisztas\u00e1g\u00a0<\/span><span class=\"_fadeIn_m1hgl_8\">\u00e9s\u00a0<\/span><span class=\"_fadeIn_m1hgl_8\">a\u00a0<\/span><span class=\"_fadeIn_m1hgl_8\">M\u00e9lt\u00e1nyoss\u00e1g\u00a0<\/span><span class=\"_fadeIn_m1hgl_8\">a\u00a0<\/span><span class=\"_fadeIn_m1hgl_8\">\u00fczleti\u00a0<\/span><span class=\"_fadeIn_m1hgl_8\">Forgalom.<\/span><\/p>\n<h3 data-start=\"978\" data-end=\"1015\"><span class=\"_fadeIn_m1hgl_8\">A\u00a0<\/span><span class=\"_fadeIn_m1hgl_8\">\u00f6nk\u00e9ntes\u00a0<\/span><span class=\"_fadeIn_m1hgl_8\">Goodwill c\u00e9ltartal\u00e9k<\/span><\/h3>\n<p data-start=\"1017\" data-end=\"1322\"><span class=\"_fadeIn_m1hgl_8\">Tov\u00e1bb\u00e1\u00a0<\/span><span class=\"_fadeIn_m1hgl_8\">amikor\u00a0<\/span><span class=\"_fadeIn_m1hgl_8\">nincs\u00a0<\/span><span class=\"_fadeIn_m1hgl_8\">jogi\u00a0<\/span><span class=\"_fadeIn_m1hgl_8\">K\u00f6vetel\u00e9s\u00a0<\/span><span class=\"_fadeIn_m1hgl_8\">a  oldalon\u00a0<\/span><span class=\"_fadeIn_m1hgl_8\">Visszavon\u00e1s\u00a0<\/span><span class=\"_fadeIn_m1hgl_8\">l\u00e9tezik,\u00a0<\/span><span class=\"_fadeIn_m1hgl_8\">a\u00a0<\/span><span class=\"_fadeIn_m1hgl_8\">us\u00a0<\/span><span class=\"_fadeIn_m1hgl_8\">Az \u00d6n\u00a0<\/span><span class=\"_fadeIn_m1hgl_8\">El\u00e9gedetts\u00e9g\u00a0<\/span><span class=\"_fadeIn_m1hgl_8\">fontos.\u00a0<\/span><span class=\"_fadeIn_m1hgl_8\">Kell\u00a0<\/span><span class=\"_fadeIn_m1hgl_8\">it\u00a0<\/span><span class=\"_fadeIn_m1hgl_8\">egyszer\u00a0<\/span><span class=\"_fadeIn_m1hgl_8\">a  c\u00edmre.\u00a0<\/span><span class=\"_fadeIn_m1hgl_8\">probl\u00e9m\u00e1k\u00a0<\/span><span class=\"_fadeIn_m1hgl_8\">a  c\u00edmen\u00a0<\/span><span class=\"_fadeIn_m1hgl_8\">egy\u00a0<\/span><span class=\"_fadeIn_m1hgl_8\">sz\u00e1ll\u00edt\u00e1s\u00a0<\/span><span class=\"_fadeIn_m1hgl_8\">vagy\u00a0<\/span><span class=\"_fadeIn_m1hgl_8\">egy\u00a0<\/span><span class=\"_fadeIn_m1hgl_8\">Term\u00e9k\u00a0<\/span><span class=\"_fadeIn_m1hgl_8\">j\u00f6jj\u00f6n,\u00a0<\/span><span class=\"_fadeIn_m1hgl_8\">set\u00a0<\/span><span class=\"_fadeIn_m1hgl_8\">Te\u00a0<\/span><span class=\"_fadeIn_m1hgl_8\">maga\u00a0<\/span><span class=\"_fadeIn_m1hgl_8\">k\u00e9rj\u00fck,\u00a0<\/span><span class=\"_fadeIn_m1hgl_8\">a  c\u00edmen\u00a0<\/span><span class=\"_fadeIn_m1hgl_8\">us\u00a0<\/span><span class=\"_fadeIn_m1hgl_8\">a  oldalon.\u00a0<\/span><span class=\"_fadeIn_m1hgl_8\">Csatlakoz\u00e1s.\u00a0<\/span><span class=\"_fadeIn_m1hgl_8\">Mi\u00a0<\/span><span class=\"_fadeIn_m1hgl_8\">ellen\u0151rizze a  c\u00edmet.\u00a0<\/span><span class=\"_fadeIn_m1hgl_8\">egy\u00fctt\u00a0<\/span><span class=\"_fadeIn_m1hgl_8\">egy\u00a0<\/span><span class=\"_fadeIn_m1hgl_8\">\u00fcgyf\u00e9lk\u00f6zpont\u00fa\u00a0<\/span><span class=\"_fadeIn_m1hgl_8\">Megold\u00e1s\u00a0<\/span><span class=\"_fadeIn_m1hgl_8\">a\u00a0<\/span><span class=\"_fadeIn_m1hgl_8\">Keret\u00a0<\/span><span class=\"_fadeIn_m1hgl_8\">a\u00a0<\/span><span class=\"_fadeIn_m1hgl_8\">Goodwill c\u00e9ltartal\u00e9k<\/span><span class=\"_fadeIn_m1hgl_8\">.<\/span><\/p>\n<p data-start=\"1324\" data-end=\"1439\"><span class=\"_fadeIn_m1hgl_8\">Kapcsolatfelv\u00e9tel\u00a0<\/span><span class=\"_fadeIn_m1hgl_8\">Te\u00a0<\/span><span class=\"_fadeIn_m1hgl_8\">us\u00a0<\/span><span class=\"_fadeIn_m1hgl_8\">r\u00e1ad\u00e1sul\u00a0<\/span><span class=\"_fadeIn_m1hgl_8\">egyszer\u0171\u00a0<\/span><span class=\"_fadeIn_m1hgl_8\">per\u00a0<\/span><span class=\"_fadeIn_m1hgl_8\">E-<\/span><span class=\"_fadeIn_m1hgl_8\">Mail\u00a0<\/span><span class=\"_fadeIn_m1hgl_8\">info@ptm-mechatronics.<\/span><span class=\"_fadeIn_m1hgl_8\">com<\/span>\u00a0<span class=\"_fadeIn_m1hgl_8\">vagy\u00a0<\/span><span class=\"_fadeIn_m1hgl_8\">telefonon\u00a0<\/span><span class=\"_fadeIn_m1hgl_8\">a +<\/span><span class=\"_fadeIn_m1hgl_8\">49 8134 25 797 0<\/span><span class=\"_fadeIn_m1hgl_8\">.<\/span><\/p>\n<h3 data-start=\"1441\" data-end=\"1466\"><span class=\"_fadeIn_m1hgl_8\">Tov\u00e1bbi\u00a0<\/span><span class=\"_fadeIn_m1hgl_8\">Inform\u00e1ci\u00f3k<\/span><\/h3>\n<p data-start=\"1468\" data-end=\"1655\"><span class=\"_fadeIn_m1hgl_8\">R\u00e9szletes\u00a0<\/span><span class=\"_fadeIn_m1hgl_8\">Inform\u00e1ci\u00f3k\u00a0<\/span><span class=\"_fadeIn_m1hgl_8\">Keresd meg a\u00a0<\/span><span class=\"_fadeIn_m1hgl_8\">Te\u00a0<\/span><span class=\"_fadeIn_m1hgl_8\">a  oldalon.\u00a0<\/span><span class=\"_fadeIn_m1hgl_8\">a mi\u00e9nk\u00a0<\/span><a href=\"https:\/\/ptm-mechatronics.com\/hu\/agb\/\" target=\"_blank\" rel=\"noopener\"><span class=\"_fadeIn_m1hgl_8\">\u00c1ltal\u00e1nos\u00a0<\/span><span class=\"_fadeIn_m1hgl_8\">Felt\u00e9telek \u00e9s kik\u00f6t\u00e9sek (<\/span><span class=\"_fadeIn_m1hgl_8\">GTC)<\/span><\/a><span class=\"_fadeIn_m1hgl_8\">,\u00a0<\/span><span class=\"_fadeIn_m1hgl_8\">a  oldalon.\u00a0<\/span><span class=\"_fadeIn_m1hgl_8\">azok\u00a0<\/span><span class=\"_fadeIn_m1hgl_8\">is\u00a0<\/span><span class=\"_fadeIn_m1hgl_8\">szab\u00e1lyozott\u00a0<\/span><span class=\"_fadeIn_m1hgl_8\">az,\u00a0<\/span><span class=\"_fadeIn_m1hgl_8\">hogy\u00a0<\/span><span class=\"_fadeIn_m1hgl_8\">a\u00a0<\/span><span class=\"_fadeIn_m1hgl_8\">Aj\u00e1nlat\u00a0<\/span><span class=\"_fadeIn_m1hgl_8\">kiz\u00e1r\u00f3lag\u00a0<\/span><span class=\"_fadeIn_m1hgl_8\">a  oldalon.\u00a0<\/span><span class=\"_fadeIn_m1hgl_8\">kereskedelmi\u00a0<\/span><span class=\"_fadeIn_m1hgl_8\">\u00dcgyfelek\u00a0<\/span><span class=\"_fadeIn_m1hgl_8\">vonatkozik.<\/span><\/p>","protected":false},"excerpt":{"rendered":"<p>Kein\u00a0Widerrufsrecht\u00a0f\u00fcr\u00a0Unternehmer Unser\u00a0Angebot\u00a0richtet\u00a0sich\u00a0ausschlie\u00dflich\u00a0an\u00a0Unternehmer\u00a0im\u00a0Sinne\u00a0des\u00a0\u00a7\u00a014\u00a0BGB,\u00a0also\u00a0an\u00a0nat\u00fcrliche\u00a0oder\u00a0juristische\u00a0Personen\u00a0bzw.\u00a0rechtsf\u00e4hige\u00a0Personengesellschaften,\u00a0die\u00a0bei\u00a0Abschluss\u00a0des\u00a0Rechtsgesch\u00e4fts\u00a0in\u00a0Aus\u00fcbung\u00a0ihrer\u00a0gewerblichen\u00a0oder\u00a0selbstst\u00e4ndigen\u00a0beruflichen\u00a0T\u00e4tigkeit\u00a0handeln. Ein\u00a0gesetzliches\u00a0Widerrufsrecht\u00a0besteht\u00a0daher\u00a0nicht. Warum\u00a0entf\u00e4llt\u00a0das\u00a0Widerrufsrecht? Das\u00a0Widerrufsrecht\u00a0nach\u00a0\u00a7\u00a0355\u00a0BGB\u00a0gilt\u00a0ausschlie\u00dflich\u00a0f\u00fcr\u00a0Verbraucher.\u00a0Da\u00a0wir\u00a0ausschlie\u00dflich\u00a0mit\u00a0Gesch\u00e4ftskunden\u00a0zusammenarbeiten,\u00a0entf\u00e4llt\u00a0die\u00a0Pflicht\u00a0zur\u00a0Einr\u00e4umung\u00a0eines\u00a0solchen\u00a0Widerrufsrechts.\u00a0Diese\u00a0Regelung\u00a0dient\u00a0der\u00a0Klarheit\u00a0und\u00a0der\u00a0Fairness\u00a0im\u00a0gesch\u00e4ftlichen\u00a0Verkehr. Unsere\u00a0freiwillige\u00a0Kulanzregelung Auch\u00a0wenn\u00a0kein\u00a0gesetzlicher\u00a0Anspruch\u00a0auf\u00a0Widerruf\u00a0besteht,\u00a0ist\u00a0uns\u00a0Ihre\u00a0Zufriedenheit\u00a0wichtig.\u00a0Sollte\u00a0es\u00a0einmal\u00a0zu\u00a0Problemen\u00a0mit\u00a0einer\u00a0Lieferung\u00a0oder\u00a0einem\u00a0Produkt\u00a0kommen,\u00a0setzen\u00a0Sie\u00a0sich\u00a0bitte\u00a0mit\u00a0uns\u00a0in\u00a0Verbindung.\u00a0Wir\u00a0pr\u00fcfen\u00a0gemeinsam\u00a0eine\u00a0kundenorientierte\u00a0L\u00f6sung\u00a0im\u00a0Rahmen\u00a0unserer\u00a0Kulanzregelung. Kontaktieren\u00a0Sie\u00a0uns\u00a0dazu\u00a0einfach\u00a0per\u00a0E-Mail\u00a0unter info@ptm-mechatronics.com\u00a0oder\u00a0telefonisch\u00a0unter +49 8134 25 797 0. Weitere\u00a0Informationen Ausf\u00fchrliche\u00a0Informationen\u00a0finden\u00a0Sie\u00a0in\u00a0unseren\u00a0Allgemeinen\u00a0Gesch\u00e4ftsbedingungen (AGB),\u00a0in\u00a0denen\u00a0auch\u00a0geregelt\u00a0ist,\u00a0dass\u00a0unser\u00a0Angebot\u00a0ausschlie\u00dflich\u00a0f\u00fcr\u00a0gewerbliche\u00a0Kunden\u00a0gilt.<\/p>","protected":false},"author":51,"featured_media":0,"parent":0,"menu_order":0,"comment_status":"closed","ping_status":"closed","template":"page-blank.php","meta":{"_acf_changed":false,"footnotes":""},"class_list":["post-28","page","type-page","status-publish","hentry"],"acf":[],"_links":{"self":[{"href":"https:\/\/ptm-mechatronics.com\/hu\/wp-json\/wp\/v2\/pages\/28","targetHints":{"allow":["GET"]}}],"collection":[{"href":"https:\/\/ptm-mechatronics.com\/hu\/wp-json\/wp\/v2\/pages"}],"about":[{"href":"https:\/\/ptm-mechatronics.com\/hu\/wp-json\/wp\/v2\/types\/page"}],"author":[{"embeddable":true,"href":"https:\/\/ptm-mechatronics.com\/hu\/wp-json\/wp\/v2\/users\/51"}],"replies":[{"embeddable":true,"href":"https:\/\/ptm-mechatronics.com\/hu\/wp-json\/wp\/v2\/comments?post=28"}],"version-history":[{"count":8,"href":"https:\/\/ptm-mechatronics.com\/hu\/wp-json\/wp\/v2\/pages\/28\/revisions"}],"predecessor-version":[{"id":13766,"href":"https:\/\/ptm-mechatronics.com\/hu\/wp-json\/wp\/v2\/pages\/28\/revisions\/13766"}],"wp:attachment":[{"href":"https:\/\/ptm-mechatronics.com\/hu\/wp-json\/wp\/v2\/media?parent=28"}],"curies":[{"name":"wp","href":"https:\/\/api.w.org\/{rel}","templated":true}]}}