{"id":25,"date":"2024-01-08T13:18:22","date_gmt":"2024-01-08T13:18:22","guid":{"rendered":"http:\/\/wp14192964.server-he.de\/impressum\/"},"modified":"2025-09-29T11:01:53","modified_gmt":"2025-09-29T09:01:53","slug":"impressum","status":"publish","type":"page","link":"https:\/\/ptm-mechatronics.com\/hu\/impressum\/","title":{"rendered":"Impresszum"},"content":{"rendered":"<section class=\"section\" id=\"section_1912693665\">\n\t\t<div class=\"section-bg fill\" >\n\t\t\t\t\t\t\t\t\t\n\t\t\t\n\n\t\t<\/div>\n\n\t\t\n\n\t\t<div class=\"section-content relative\">\n\t\t\t\n<div class=\"row\"  id=\"row-776945279\">\n\n\t<div id=\"col-792536524\" class=\"col small-12 large-12\"  >\n\t\t\t\t<div class=\"col-inner\"  >\n\t\t\t\n\t\t\t\n<div  class=\"agb_content agb_imprint  notranslate\"><div>PTM mechatronics GmbH<br \/>\nIpari park 1<br \/>\n82281 Egenhofen<br \/>\nN\u00e9metorsz\u00e1g<br \/>\n<br \/>\nTelefon: 08134257970<br \/>\nE-mail: info@ptm-mechatronics.com<br \/>\n<br \/>\nNyilv\u00e1ntart\u00f3 b\u00edr\u00f3s\u00e1g: m\u00fcncheni helyi b\u00edr\u00f3s\u00e1g<br \/>\nNyilv\u00e1ntart\u00e1si sz\u00e1m: HRB 84593<br \/>\n<br \/>\n\u00dcgyvezet\u0151 igazgat\u00f3: Carsten Angermeyer<\/div><div id=\"itkanzlei_txt_copyright\" style=\"font-size: 12px; margin-top: 8em;\"><div style=\"display: inline-block; vertical-align: top; margin-left: 5px; float: right; white-space: nowrap;\">\u00c1llapot: 28.03.2026, 19:59:46<\/div><div style=\"clear: right;\"><\/div><\/div><\/div>\n\t\t<\/div>\n\t\t\t\t\t<\/div>\n\n\t\n<\/div>\n<div class=\"row\"  id=\"row-217894215\">\n\n\t<div id=\"col-356094468\" class=\"col small-12 large-12\"  >\n\t\t\t\t<div class=\"col-inner\"  >\n\t\t\t\n\t\t\t\n<p><span style=\"font-size: 75%;\">A Shutterstock.com licencelt k\u00e9panyag\u00e1t haszn\u00e1ljuk.<\/span><\/p>\n\t\t<\/div>\n\t\t\t\t\t<\/div>\n\n\t\n<\/div>\n\t\t<\/div>\n\n\t\t\n<style>\n#section_1912693665 {\n  padding-top: 30px;\n  padding-bottom: 30px;\n}\n<\/style>\n\t<\/section>","protected":false},"excerpt":{"rendered":"","protected":false},"author":51,"featured_media":0,"parent":0,"menu_order":0,"comment_status":"closed","ping_status":"closed","template":"page-blank.php","meta":{"_acf_changed":false,"footnotes":""},"class_list":["post-25","page","type-page","status-publish","hentry"],"acf":[],"_links":{"self":[{"href":"https:\/\/ptm-mechatronics.com\/hu\/wp-json\/wp\/v2\/pages\/25","targetHints":{"allow":["GET"]}}],"collection":[{"href":"https:\/\/ptm-mechatronics.com\/hu\/wp-json\/wp\/v2\/pages"}],"about":[{"href":"https:\/\/ptm-mechatronics.com\/hu\/wp-json\/wp\/v2\/types\/page"}],"author":[{"embeddable":true,"href":"https:\/\/ptm-mechatronics.com\/hu\/wp-json\/wp\/v2\/users\/51"}],"replies":[{"embeddable":true,"href":"https:\/\/ptm-mechatronics.com\/hu\/wp-json\/wp\/v2\/comments?post=25"}],"version-history":[{"count":7,"href":"https:\/\/ptm-mechatronics.com\/hu\/wp-json\/wp\/v2\/pages\/25\/revisions"}],"predecessor-version":[{"id":15080,"href":"https:\/\/ptm-mechatronics.com\/hu\/wp-json\/wp\/v2\/pages\/25\/revisions\/15080"}],"wp:attachment":[{"href":"https:\/\/ptm-mechatronics.com\/hu\/wp-json\/wp\/v2\/media?parent=25"}],"curies":[{"name":"wp","href":"https:\/\/api.w.org\/{rel}","templated":true}]}}