{"id":15999,"date":"2026-01-28T11:12:58","date_gmt":"2026-01-28T10:12:58","guid":{"rendered":"https:\/\/ptm-mechatronics.com\/?page_id=15999"},"modified":"2026-04-23T15:02:41","modified_gmt":"2026-04-23T13:02:41","slug":"dokumentation","status":"publish","type":"page","link":"https:\/\/ptm-mechatronics.com\/hu\/dokumentation\/","title":{"rendered":"Dokument\u00e1ci\u00f3"},"content":{"rendered":"<div class=\"banner has-hover\" id=\"banner-1587461045\">\n          <div class=\"banner-inner fill\">\n        <div class=\"banner-bg fill\" >\n                                                \n                    <\/div>\n\t\t\n        <div class=\"banner-layers container\">\n            <div class=\"fill banner-link\"><\/div>            \n   <div id=\"text-box-668016424\" class=\"text-box banner-layer x50 md-x50 lg-x50 y50 md-y50 lg-y50 res-text\">\n                                <div class=\"text-box-content text dark\">\n              \n              <div class=\"text-inner text-center\">\n                  \n<h1><span style=\"font-size: 90%;\">Dokument\u00e1ci\u00f3<\/span><\/h1>\n              <\/div>\n           <\/div>\n                            \n<style>\n#text-box-668016424 {\n  width: 60%;\n}\n#text-box-668016424 .text-box-content {\n  font-size: 100%;\n}\n<\/style>\n    <\/div>\n \n        <\/div>\n      <\/div>\n\n            \n<style>\n#banner-1587461045 {\n  padding-top: 200px;\n}\n<\/style>\n  <\/div>\n\n\n\n\t<section class=\"section\" id=\"section_1167832370\">\n\t\t<div class=\"section-bg fill\" >\n\t\t\t\t\t\t\t\t\t\n\t\t\t\n\n\t\t<\/div>\n\n\t\t\n\n\t\t<div class=\"section-content relative\">\n\t\t\t\n<div class=\"row row-small align-equal\"  id=\"row-1867680584\">\n\n\t<div id=\"col-1643974441\" class=\"col medium-3 small-12 large-3\"  >\n\t\t\t\t<div class=\"col-inner\" style=\"background-color:rgb(41, 109, 173);\" >\n\t\t\t\n\t\t\t\n\t<div id=\"text-48974358\" class=\"text\">\n\t\t\n<p>Modell<\/p>\n\t\t\n<style>\n#text-48974358 {\n  text-align: center;\n  color: rgb(255, 255, 255);\n}\n#text-48974358 > * {\n  color: rgb(255, 255, 255);\n}\n<\/style>\n\t<\/div>\n\t\n\t\t<\/div>\n\t\t\t\t\n<style>\n#col-1643974441 > .col-inner {\n  padding: 10px 10px 0px 10px;\n}\n<\/style>\n\t<\/div>\n\n\t\n\n\t<div id=\"col-743872227\" class=\"col medium-3 small-12 large-3\"  >\n\t\t\t\t<div class=\"col-inner\" style=\"background-color:rgb(41, 109, 173);\" >\n\t\t\t\n\t\t\t\n\t<div id=\"text-4288824226\" class=\"text\">\n\t\t\n<p>Dokumentum<\/p>\n\t\t\n<style>\n#text-4288824226 {\n  text-align: center;\n  color: rgb(255, 255, 255);\n}\n#text-4288824226 > * {\n  color: rgb(255, 255, 255);\n}\n<\/style>\n\t<\/div>\n\t\n\t\t<\/div>\n\t\t\t\t\n<style>\n#col-743872227 > .col-inner {\n  padding: 10px 10px 0px 10px;\n}\n<\/style>\n\t<\/div>\n\n\t\n\n\t<div id=\"col-1603466630\" class=\"col medium-3 small-12 large-3\"  >\n\t\t\t\t<div class=\"col-inner\" style=\"background-color:rgb(41, 109, 173);\" >\n\t\t\t\n\t\t\t\n\t<div id=\"text-4087828056\" class=\"text\">\n\t\t\n<p>Nyelv<\/p>\n\t\t\n<style>\n#text-4087828056 {\n  text-align: center;\n  color: rgb(255, 255, 255);\n}\n#text-4087828056 > * {\n  color: rgb(255, 255, 255);\n}\n<\/style>\n\t<\/div>\n\t\n\t\t<\/div>\n\t\t\t\t\n<style>\n#col-1603466630 > .col-inner {\n  padding: 10px 10px 0px 10px;\n}\n<\/style>\n\t<\/div>\n\n\t\n\n\t<div id=\"col-1023003070\" class=\"col medium-3 small-12 large-3\"  >\n\t\t\t\t<div class=\"col-inner\" style=\"background-color:rgb(41, 109, 173);\" >\n\t\t\t\n\t\t\t\n\t<div id=\"text-450032130\" class=\"text\">\n\t\t\n<p>let\u00f6lt\u00e9s<\/p>\n\t\t\n<style>\n#text-450032130 {\n  text-align: center;\n  color: rgb(255, 255, 255);\n}\n#text-450032130 > * {\n  color: rgb(255, 255, 255);\n}\n<\/style>\n\t<\/div>\n\t\n\t\t<\/div>\n\t\t\t\t\n<style>\n#col-1023003070 > .col-inner {\n  padding: 10px 10px 0px 10px;\n}\n<\/style>\n\t<\/div>\n\n\t\n<\/div>\n<div class=\"row row-small align-equal\"  id=\"row-1783171854\">\n\n\t<div id=\"col-529770730\" class=\"col medium-3 small-12 large-3\"  >\n\t\t\t\t<div class=\"col-inner\" style=\"background-color:rgb(239, 239, 239);\" >\n\t\t\t\n\t\t\t\n<p>L\u00e9gmotorok<br \/>BASIC, ATEX, INOX, IP67<br \/>0450\/0900\/1800\/3600\/7200<\/p>\n\t\t<\/div>\n\t\t\t\t\n<style>\n#col-529770730 > .col-inner {\n  padding: 10px 10px 0px 10px;\n}\n<\/style>\n\t<\/div>\n\n\t\n\n\t<div id=\"col-455092341\" class=\"col medium-3 small-12 large-3\"  >\n\t\t\t\t<div class=\"col-inner\" style=\"background-color:rgb(239, 239, 239);\" >\n\t\t\t\n\t\t\t\n<p>\u00d6sszeszerel\u00e9si \u00e9s kezel\u00e9si \u00fatmutat\u00f3<\/p>\n\t\t<\/div>\n\t\t\t\t\n<style>\n#col-455092341 > .col-inner {\n  padding: 10px 10px 0px 10px;\n}\n<\/style>\n\t<\/div>\n\n\t\n\n\t<div id=\"col-2117675738\" class=\"col medium-3 small-12 large-3\"  >\n\t\t\t\t<div class=\"col-inner\" style=\"background-color:rgb(239, 239, 239);\" >\n\t\t\t\n\t\t\t\n<p>N\u00e9met \/ angol<\/p>\n\t\t<\/div>\n\t\t\t\t\n<style>\n#col-2117675738 > .col-inner {\n  padding: 10px 10px 0px 10px;\n}\n<\/style>\n\t<\/div>\n\n\t\n\n\t<div id=\"col-482151179\" class=\"col medium-3 small-12 large-3\"  >\n\t\t\t\t<div class=\"col-inner text-center\"  >\n\t\t\t\n\t\t\t\n<a href=\"https:\/\/ptm-mechatronics.com\/wp-content\/uploads\/2026\/01\/PMO_V4.pdf\" target=\"_blank\" class=\"button primary expand\" rel=\"noopener\" style=\"border-radius:10px;\">\n\t\t<span>Haszn\u00e1lati utas\u00edt\u00e1s V4<\/span>\n\t<\/a>\n\n\t\t<\/div>\n\t\t\t\t\t<\/div>\n\n\t\n<\/div>\n<div class=\"row row-small align-equal\"  id=\"row-1941333792\">\n\n\t<div id=\"col-1182531593\" class=\"col medium-3 small-12 large-3\"  >\n\t\t\t\t<div class=\"col-inner\" style=\"background-color:rgb(239, 239, 239);\" >\n\t\t\t\n\t\t\t\n<p>A kever\u0151g\u00e9p hajtja a t\u00fcd\u0151t.<br \/>eco, eco-Drive<br \/>0450\/0900\/1800\/3600\/6500<\/p>\n\t\t<\/div>\n\t\t\t\t\n<style>\n#col-1182531593 > .col-inner {\n  padding: 10px 10px 0px 10px;\n}\n<\/style>\n\t<\/div>\n\n\t\n\n\t<div id=\"col-279833510\" class=\"col medium-3 small-12 large-3\"  >\n\t\t\t\t<div class=\"col-inner\" style=\"background-color:rgb(239, 239, 239);\" >\n\t\t\t\n\t\t\t\n<p>\u00d6sszeszerel\u00e9si \u00e9s kezel\u00e9si \u00fatmutat\u00f3<\/p>\n\t\t<\/div>\n\t\t\t\t\n<style>\n#col-279833510 > .col-inner {\n  padding: 10px 10px 0px 10px;\n}\n<\/style>\n\t<\/div>\n\n\t\n\n\t<div id=\"col-941972072\" class=\"col medium-3 small-12 large-3\"  >\n\t\t\t\t<div class=\"col-inner\" style=\"background-color:rgb(239, 239, 239);\" >\n\t\t\t\n\t\t\t\n<p>N\u00e9met \/ angol<\/p>\n\t\t<\/div>\n\t\t\t\t\n<style>\n#col-941972072 > .col-inner {\n  padding: 10px 10px 0px 10px;\n}\n<\/style>\n\t<\/div>\n\n\t\n\n\t<div id=\"col-1014682154\" class=\"col medium-3 small-12 large-3\"  >\n\t\t\t\t<div class=\"col-inner text-center\"  >\n\t\t\t\n\t\t\t\n<a href=\"https:\/\/ptm-mechatronics.com\/wp-content\/uploads\/2026\/01\/eco_V2.pdf\" target=\"_blank\" class=\"button primary expand\" rel=\"noopener\" style=\"border-radius:10px;\">\n\t\t<span>Haszn\u00e1lati utas\u00edt\u00e1s V2<\/span>\n\t<\/a>\n\n<a href=\"https:\/\/ptm-mechatronics.com\/wp-content\/uploads\/2026\/04\/eco_V3.pdf\" target=\"_blank\" class=\"button primary expand\" rel=\"noopener\" style=\"border-radius:10px;\">\n\t\t<span>Haszn\u00e1lati utas\u00edt\u00e1s V3<\/span>\n\t<\/a>\n\n\t\t<\/div>\n\t\t\t\t\t<\/div>\n\n\t\n<\/div>\n<div class=\"row row-small align-equal\"  id=\"row-125430311\">\n\n\t<div id=\"col-1649951396\" class=\"col medium-3 small-12 large-3\"  >\n\t\t\t\t<div class=\"col-inner\" style=\"background-color:rgb(239, 239, 239);\" >\n\t\t\t\n\t\t\t\n<p>A kever\u0151g\u00e9p hajtja a t\u00fcd\u0151t.<br \/>eco-Seal light, eco-Seal pro, eco-Seal INOX<\/p>\n\t\t<\/div>\n\t\t\t\t\n<style>\n#col-1649951396 > .col-inner {\n  padding: 10px 10px 0px 10px;\n}\n<\/style>\n\t<\/div>\n\n\t\n\n\t<div id=\"col-1444402558\" class=\"col medium-3 small-12 large-3\"  >\n\t\t\t\t<div class=\"col-inner\" style=\"background-color:rgb(239, 239, 239);\" >\n\t\t\t\n\t\t\t\n<p>Haszn\u00e1lati utas\u00edt\u00e1s<\/p>\n\t\t<\/div>\n\t\t\t\t\n<style>\n#col-1444402558 > .col-inner {\n  padding: 10px 10px 0px 10px;\n}\n<\/style>\n\t<\/div>\n\n\t\n\n\t<div id=\"col-45376627\" class=\"col medium-3 small-12 large-3\"  >\n\t\t\t\t<div class=\"col-inner\" style=\"background-color:rgb(239, 239, 239);\" >\n\t\t\t\n\t\t\t\n<p>N\u00e9met \/ angol<\/p>\n\t\t<\/div>\n\t\t\t\t\n<style>\n#col-45376627 > .col-inner {\n  padding: 10px 10px 0px 10px;\n}\n<\/style>\n\t<\/div>\n\n\t\n\n\t<div id=\"col-1343187342\" class=\"col medium-3 small-12 large-3\"  >\n\t\t\t\t<div class=\"col-inner text-center\"  >\n\t\t\t\n\t\t\t\n<a href=\"https:\/\/ptm-mechatronics.com\/wp-content\/uploads\/2026\/01\/Seal_V3.pdf\" target=\"_blank\" class=\"button primary expand\" rel=\"noopener\" style=\"border-radius:10px;\">\n\t\t<span>Haszn\u00e1lati utas\u00edt\u00e1s V3<\/span>\n\t<\/a>\n\n\t\t<\/div>\n\t\t\t\t\t<\/div>\n\n\t\n<\/div>\n<div class=\"row row-small align-equal\"  id=\"row-461522542\">\n\n\t<div id=\"col-669154897\" class=\"col medium-3 small-12 large-3\"  >\n\t\t\t\t<div class=\"col-inner\" style=\"background-color:rgb(239, 239, 239);\" >\n\t\t\t\n\t\t\t\n<p>A kever\u0151motor hajtja az elektromos.<br \/>eDrive<br \/>1200\/1600<\/p>\n\t\t<\/div>\n\t\t\t\t\n<style>\n#col-669154897 > .col-inner {\n  padding: 10px 10px 0px 10px;\n}\n<\/style>\n\t<\/div>\n\n\t\n\n\t<div id=\"col-34420575\" class=\"col medium-3 small-12 large-3\"  >\n\t\t\t\t<div class=\"col-inner\" style=\"background-color:rgb(239, 239, 239);\" >\n\t\t\t\n\t\t\t\n<p>Haszn\u00e1lati utas\u00edt\u00e1s<\/p>\n\t\t<\/div>\n\t\t\t\t\n<style>\n#col-34420575 > .col-inner {\n  padding: 10px 10px 0px 10px;\n}\n<\/style>\n\t<\/div>\n\n\t\n\n\t<div id=\"col-1223876843\" class=\"col medium-3 small-12 large-3\"  >\n\t\t\t\t<div class=\"col-inner\" style=\"background-color:rgb(239, 239, 239);\" >\n\t\t\t\n\t\t\t\n<p>N\u00e9met \/ angol<\/p>\n\t\t<\/div>\n\t\t\t\t\n<style>\n#col-1223876843 > .col-inner {\n  padding: 10px 10px 0px 10px;\n}\n<\/style>\n\t<\/div>\n\n\t\n\n\t<div id=\"col-463628716\" class=\"col medium-3 small-12 large-3\"  >\n\t\t\t\t<div class=\"col-inner text-center\"  >\n\t\t\t\n\t\t\t\n<a href=\"https:\/\/ptm-mechatronics.com\/wp-content\/uploads\/2026\/01\/e-Drive_V1.pdf\" target=\"_blank\" class=\"button primary expand\" rel=\"noopener\" style=\"border-radius:10px;\">\n\t\t<span>Haszn\u00e1lati utas\u00edt\u00e1s V1<\/span>\n\t<\/a>\n\n\t\t<\/div>\n\t\t\t\t\t<\/div>\n\n\t\n<\/div>\n<div class=\"row row-small align-equal\"  id=\"row-1289045042\">\n\n\t<div id=\"col-424797630\" class=\"col medium-3 small-12 large-3\"  >\n\t\t\t\t<div class=\"col-inner\" style=\"background-color:rgb(239, 239, 239);\" >\n\t\t\t\n\t\t\t\n<p>Laborat\u00f3riumi kever\u0151<br \/>eco-Lab<br \/>450\/450G\/900\/900G<\/p>\n\t\t<\/div>\n\t\t\t\t\n<style>\n#col-424797630 > .col-inner {\n  padding: 10px 10px 0px 10px;\n}\n<\/style>\n\t<\/div>\n\n\t\n\n\t<div id=\"col-908418319\" class=\"col medium-3 small-12 large-3\"  >\n\t\t\t\t<div class=\"col-inner\" style=\"background-color:rgb(239, 239, 239);\" >\n\t\t\t\n\t\t\t\n<p>Haszn\u00e1lati utas\u00edt\u00e1s<\/p>\n\t\t<\/div>\n\t\t\t\t\n<style>\n#col-908418319 > .col-inner {\n  padding: 10px 10px 0px 10px;\n}\n<\/style>\n\t<\/div>\n\n\t\n\n\t<div id=\"col-1630443001\" class=\"col medium-3 small-12 large-3\"  >\n\t\t\t\t<div class=\"col-inner\" style=\"background-color:rgb(239, 239, 239);\" >\n\t\t\t\n\t\t\t\n<p>N\u00e9met \/ angol<\/p>\n\t\t<\/div>\n\t\t\t\t\n<style>\n#col-1630443001 > .col-inner {\n  padding: 10px 10px 0px 10px;\n}\n<\/style>\n\t<\/div>\n\n\t\n\n\t<div id=\"col-347322220\" class=\"col medium-3 small-12 large-3\"  >\n\t\t\t\t<div class=\"col-inner text-center\"  >\n\t\t\t\n\t\t\t\n<a href=\"https:\/\/ptm-mechatronics.com\/wp-content\/uploads\/2026\/01\/Lab_V1.pdf\" target=\"_blank\" class=\"button primary expand\" rel=\"noopener\" style=\"border-radius:10px;\">\n\t\t<span>Haszn\u00e1lati utas\u00edt\u00e1s V1<\/span>\n\t<\/a>\n\n\t\t<\/div>\n\t\t\t\t\t<\/div>\n\n\t\n<\/div>\n<div class=\"row row-small align-equal\"  id=\"row-1845498470\">\n\n\t<div id=\"col-999923687\" class=\"col medium-3 small-12 large-3\"  >\n\t\t\t\t<div class=\"col-inner\" style=\"background-color:rgb(239, 239, 239);\" >\n\t\t\t\n\t\t\t\n<p>K\u00e9zi mixer<br \/>eco-Up<br \/>450\/900\/900G\/1800<\/p>\n\t\t<\/div>\n\t\t\t\t\n<style>\n#col-999923687 > .col-inner {\n  padding: 10px 10px 0px 10px;\n}\n<\/style>\n\t<\/div>\n\n\t\n\n\t<div id=\"col-2130249544\" class=\"col medium-3 small-12 large-3\"  >\n\t\t\t\t<div class=\"col-inner\" style=\"background-color:rgb(239, 239, 239);\" >\n\t\t\t\n\t\t\t\n<p>Haszn\u00e1lati utas\u00edt\u00e1s<\/p>\n\t\t<\/div>\n\t\t\t\t\n<style>\n#col-2130249544 > .col-inner {\n  padding: 10px 10px 0px 10px;\n}\n<\/style>\n\t<\/div>\n\n\t\n\n\t<div id=\"col-244004268\" class=\"col medium-3 small-12 large-3\"  >\n\t\t\t\t<div class=\"col-inner\" style=\"background-color:rgb(239, 239, 239);\" >\n\t\t\t\n\t\t\t\n<p>N\u00e9met \/ angol<\/p>\n\t\t<\/div>\n\t\t\t\t\n<style>\n#col-244004268 > .col-inner {\n  padding: 10px 10px 0px 10px;\n}\n<\/style>\n\t<\/div>\n\n\t\n\n\t<div id=\"col-1761287046\" class=\"col medium-3 small-12 large-3\"  >\n\t\t\t\t<div class=\"col-inner text-center\"  >\n\t\t\t\n\t\t\t\n<a href=\"https:\/\/ptm-mechatronics.com\/wp-content\/uploads\/2026\/01\/Up_V1.pdf\" target=\"_blank\" class=\"button primary expand\" rel=\"noopener\" style=\"border-radius:10px;\">\n\t\t<span>Haszn\u00e1lati utas\u00edt\u00e1s V1<\/span>\n\t<\/a>\n\n\t\t<\/div>\n\t\t\t\t\t<\/div>\n\n\t\n<\/div>\n<div class=\"row row-small align-equal\"  id=\"row-1648285715\">\n\n\t<div id=\"col-1070063425\" class=\"col medium-3 small-12 large-3\"  >\n\t\t\t\t<div class=\"col-inner\" style=\"background-color:rgb(239, 239, 239);\" >\n\t\t\t\n\t\t\t\n<p>Gyorscser\u00e9l\u0151 rendszer a kever\u0151tengelyekhez<br \/>eco-Quick V2, V3, V4<\/p>\n\t\t<\/div>\n\t\t\t\t\n<style>\n#col-1070063425 > .col-inner {\n  padding: 10px 10px 0px 10px;\n}\n<\/style>\n\t<\/div>\n\n\t\n\n\t<div id=\"col-89998607\" class=\"col medium-3 small-12 large-3\"  >\n\t\t\t\t<div class=\"col-inner\" style=\"background-color:rgb(239, 239, 239);\" >\n\t\t\t\n\t\t\t\n<p>Haszn\u00e1lati utas\u00edt\u00e1s<\/p>\n\t\t<\/div>\n\t\t\t\t\n<style>\n#col-89998607 > .col-inner {\n  padding: 10px 10px 0px 10px;\n}\n<\/style>\n\t<\/div>\n\n\t\n\n\t<div id=\"col-287645737\" class=\"col medium-3 small-12 large-3\"  >\n\t\t\t\t<div class=\"col-inner\" style=\"background-color:rgb(239, 239, 239);\" >\n\t\t\t\n\t\t\t\n<p>N\u00e9met \/ angol<\/p>\n\t\t<\/div>\n\t\t\t\t\n<style>\n#col-287645737 > .col-inner {\n  padding: 10px 10px 0px 10px;\n}\n<\/style>\n\t<\/div>\n\n\t\n\n\t<div id=\"col-478272491\" class=\"col medium-3 small-12 large-3\"  >\n\t\t\t\t<div class=\"col-inner text-center\"  >\n\t\t\t\n\t\t\t\n<a href=\"https:\/\/ptm-mechatronics.com\/wp-content\/uploads\/2026\/04\/EQ_V2-V3-V4.pdf\" target=\"_blank\" class=\"button primary expand\" rel=\"noopener\" style=\"border-radius:10px;\">\n\t\t<span>Haszn\u00e1lati utas\u00edt\u00e1s V1<\/span>\n\t<\/a>\n\n\t\t<\/div>\n\t\t\t\t\t<\/div>\n\n\t\n<\/div>\n\t\t<\/div>\n\n\t\t\n<style>\n#section_1167832370 {\n  padding-top: 30px;\n  padding-bottom: 30px;\n}\n<\/style>\n\t<\/section>\n\t\n\n\t<section class=\"section st-kontakt pt-60 pb-60 col-pb-0\" id=\"section_173512212\">\n\t\t<div class=\"section-bg fill\" >\n\t\t\t<img loading=\"lazy\" decoding=\"async\" width=\"1600\" height=\"444\" src=\"https:\/\/ptm-mechatronics.com\/wp-content\/uploads\/2024\/10\/BG_kontakt.png\" class=\"bg attachment-original size-original\" alt=\"\" \/>\t\t\t\t\t\t\n\t\t\t\n\n\t\t<\/div>\n\n\t\t\n\n\t\t<div class=\"section-content relative\">\n\t\t\t\r\n\r\n<div class=\"row\"  id=\"row-128540180\">\r\n\r\n\n\t<div id=\"col-459328662\" class=\"col small-12 large-12\"  >\n\t\t\t\t<div class=\"col-inner\"  >\n\t\t\t\n\t\t\t\r\n\r\n\t<div id=\"text-3519216092\" class=\"text\">\n\t\t\r\n\r\n<h3>Kapcsolat \u00e9s tan\u00e1csad\u00e1s<\/h3>\r\n<p>Szeretne tan\u00e1csot k\u00e9rni term\u00e9keinkkel kapcsolatban? Szak\u00e9rt\u0151ink sz\u00edvesen foglalkoznak k\u00e9r\u00e9s\u00e9vel:<\/p>\r\n<h4><a href=\"mailto:info@ptm-mechatronics.com\">info@ptm-mechatronics.com<\/a><br \/>\r\n<a href=\"tel:+498134257970\">+49 8134 \/ 25 797 0<\/a><\/h4>\r\n\t\t\n<style>\n#text-3519216092 {\n  color: rgb(255, 255, 255);\n}\n#text-3519216092 > * {\n  color: rgb(255, 255, 255);\n}\n<\/style>\n\t<\/div>\n\t\r\n\r\n\t\t<\/div>\n\t\t\t\t\t<\/div>\n\n\t\r\n\r\n<\/div>\r\n\r\n\t\t<\/div>\n\n\t\t\n<style>\n#section_173512212 {\n  padding-top: 30px;\n  padding-bottom: 30px;\n}\n#section_173512212 .section-bg img {\n  object-position: 84% 53%;\n}\n<\/style>\n\t<\/section>\n\t\r\n\n\t<section class=\"section pb-60 pt-60 besuchen\" id=\"section_154371194\">\n\t\t<div class=\"section-bg fill\" >\n\t\t\t\t\t\t\t\t\t\n\t\t\t\n\n\t\t<\/div>\n\n\t\t\n\n\t\t<div class=\"section-content relative\">\n\t\t\t\r\n\r\n<div class=\"row align-center\"  id=\"row-281567501\">\r\n\r\n\n\t<div id=\"col-33417388\" class=\"col small-12 large-12\"  >\n\t\t\t\t<div class=\"col-inner text-center\"  >\n\t\t\t\n\t\t\t\r\n\r\n\t<div id=\"text-3093572857\" class=\"text title-box\">\n\t\t\r\n\r\n<h3>Megl\u00e1togathat minket a k\u00f6vetkez\u0151 c\u00edmen is<\/h3>\r\n\t\t\n<style>\n#text-3093572857 {\n  text-align: center;\n}\n<\/style>\n\t<\/div>\n\t\r\n\r\n\t\t<\/div>\n\t\t\t\t\t<\/div>\n\n\t\r\n\r\n<\/div>\r\n<div class=\"row align-middle align-center\" style=\"max-width:605px\" id=\"row-81410917\">\r\n\r\n\n\t<div id=\"col-1638257777\" class=\"col medium-4 small-12 large-4\"  >\n\t\t\t\t<div class=\"col-inner\"  >\n\t\t\t\n\t\t\t\r\n\r\n\t<div class=\"img has-hover x md-x lg-x y md-y lg-y\" id=\"image_1004053794\">\n\t\t<a class=\"\" href=\"https:\/\/www.linkedin.com\/company\/68597546\/\" target=\"_blank\" rel=\"noopener\">\t\t\t\t\t\t<div class=\"img-inner dark\" >\n\t\t\t<img loading=\"lazy\" decoding=\"async\" width=\"480\" height=\"209\" src=\"https:\/\/ptm-mechatronics.com\/wp-content\/uploads\/2024\/10\/PTM-mechatronics-bei-LinkedIn-480x209-1.png\" class=\"attachment-original size-original\" alt=\"\" srcset=\"https:\/\/ptm-mechatronics.com\/wp-content\/uploads\/2024\/10\/PTM-mechatronics-bei-LinkedIn-480x209-1.png 480w, https:\/\/ptm-mechatronics.com\/wp-content\/uploads\/2024\/10\/PTM-mechatronics-bei-LinkedIn-480x209-1-300x131.png 300w, https:\/\/ptm-mechatronics.com\/wp-content\/uploads\/2024\/10\/PTM-mechatronics-bei-LinkedIn-480x209-1-100x44.png 100w, https:\/\/ptm-mechatronics.com\/wp-content\/uploads\/2024\/10\/PTM-mechatronics-bei-LinkedIn-480x209-1-447x195.png 447w\" sizes=\"auto, (max-width: 480px) 100vw, 480px\" \/>\t\t\t\t\t\t\n\t\t\t\t\t<\/div>\n\t\t\t\t\t\t<\/a>\t\t\n<style>\n#image_1004053794 {\n  width: 100%;\n}\n<\/style>\n\t<\/div>\n\t\r\n\r\n\r\n\t\t<\/div>\n\t\t\t\t\t<\/div>\n\n\t\r\n\n\t<div id=\"col-602026268\" class=\"col medium-4 small-12 large-4\"  >\n\t\t\t\t<div class=\"col-inner\"  >\n\t\t\t\n\t\t\t\r\n\r\n\t<div class=\"img has-hover x md-x lg-x y md-y lg-y\" id=\"image_1187476420\">\n\t\t<a class=\"\" href=\"https:\/\/www.xing.com\/pages\/ptm-mechatronics-gmbh\" target=\"_blank\" rel=\"noopener\">\t\t\t\t\t\t<div class=\"img-inner dark\" >\n\t\t\t<img loading=\"lazy\" decoding=\"async\" width=\"300\" height=\"130\" src=\"https:\/\/ptm-mechatronics.com\/wp-content\/uploads\/2024\/10\/Xing-1-e1530203231869-300x130-1.jpg\" class=\"attachment-original size-original\" alt=\"\" srcset=\"https:\/\/ptm-mechatronics.com\/wp-content\/uploads\/2024\/10\/Xing-1-e1530203231869-300x130-1.jpg 300w, https:\/\/ptm-mechatronics.com\/wp-content\/uploads\/2024\/10\/Xing-1-e1530203231869-300x130-1-100x43.jpg 100w\" sizes=\"auto, (max-width: 300px) 100vw, 300px\" \/>\t\t\t\t\t\t\n\t\t\t\t\t<\/div>\n\t\t\t\t\t\t<\/a>\t\t\n<style>\n#image_1187476420 {\n  width: 100%;\n}\n<\/style>\n\t<\/div>\n\t\r\n\r\n\r\n\t\t<\/div>\n\t\t\t\t\t<\/div>\n\n\t\r\n\n\t<div id=\"col-607571981\" class=\"col medium-4 small-12 large-4\"  >\n\t\t\t\t<div class=\"col-inner\"  >\n\t\t\t\n\t\t\t\r\n\r\n\t<div class=\"img has-hover x md-x lg-x y md-y lg-y\" id=\"image_1541111627\">\n\t\t<a class=\"\" href=\"https:\/\/www.youtube.com\/@ptmmechatronicsgmbh806\" target=\"_blank\" rel=\"noopener\">\t\t\t\t\t\t<div class=\"img-inner dark\" >\n\t\t\t<img loading=\"lazy\" decoding=\"async\" width=\"300\" height=\"133\" src=\"https:\/\/ptm-mechatronics.com\/wp-content\/uploads\/2024\/10\/Youtube-1-e1530203212402-300x133-1.jpg\" class=\"attachment-original size-original\" alt=\"\" srcset=\"https:\/\/ptm-mechatronics.com\/wp-content\/uploads\/2024\/10\/Youtube-1-e1530203212402-300x133-1.jpg 300w, https:\/\/ptm-mechatronics.com\/wp-content\/uploads\/2024\/10\/Youtube-1-e1530203212402-300x133-1-100x44.jpg 100w\" sizes=\"auto, (max-width: 300px) 100vw, 300px\" \/>\t\t\t\t\t\t\n\t\t\t\t\t<\/div>\n\t\t\t\t\t\t<\/a>\t\t\n<style>\n#image_1541111627 {\n  width: 100%;\n}\n<\/style>\n\t<\/div>\n\t\r\n\r\n\r\n\t\t<\/div>\n\t\t\t\t\t<\/div>\n\n\t\r\n\r\n<\/div>\r\n\r\n\t\t<\/div>\n\n\t\t\n<style>\n#section_154371194 {\n  padding-top: 30px;\n  padding-bottom: 30px;\n  background-color: rgb(255, 255, 255);\n}\n<\/style>\n\t<\/section>","protected":false},"excerpt":{"rendered":"","protected":false},"author":5,"featured_media":0,"parent":0,"menu_order":0,"comment_status":"closed","ping_status":"closed","template":"","meta":{"_acf_changed":false,"footnotes":""},"class_list":["post-15999","page","type-page","status-publish","hentry"],"acf":[],"_links":{"self":[{"href":"https:\/\/ptm-mechatronics.com\/hu\/wp-json\/wp\/v2\/pages\/15999","targetHints":{"allow":["GET"]}}],"collection":[{"href":"https:\/\/ptm-mechatronics.com\/hu\/wp-json\/wp\/v2\/pages"}],"about":[{"href":"https:\/\/ptm-mechatronics.com\/hu\/wp-json\/wp\/v2\/types\/page"}],"author":[{"embeddable":true,"href":"https:\/\/ptm-mechatronics.com\/hu\/wp-json\/wp\/v2\/users\/5"}],"replies":[{"embeddable":true,"href":"https:\/\/ptm-mechatronics.com\/hu\/wp-json\/wp\/v2\/comments?post=15999"}],"version-history":[{"count":6,"href":"https:\/\/ptm-mechatronics.com\/hu\/wp-json\/wp\/v2\/pages\/15999\/revisions"}],"predecessor-version":[{"id":16188,"href":"https:\/\/ptm-mechatronics.com\/hu\/wp-json\/wp\/v2\/pages\/15999\/revisions\/16188"}],"wp:attachment":[{"href":"https:\/\/ptm-mechatronics.com\/hu\/wp-json\/wp\/v2\/media?parent=15999"}],"curies":[{"name":"wp","href":"https:\/\/api.w.org\/{rel}","templated":true}]}}