{"id":15788,"date":"2025-12-11T09:40:03","date_gmt":"2025-12-11T08:40:03","guid":{"rendered":"https:\/\/ptm-mechatronics.com\/?page_id=15788"},"modified":"2025-12-12T09:56:24","modified_gmt":"2025-12-12T08:56:24","slug":"wartung","status":"publish","type":"page","link":"https:\/\/ptm-mechatronics.com\/hu\/wartung\/","title":{"rendered":"Karbantart\u00e1s"},"content":{"rendered":"<div class=\"banner has-hover\" id=\"banner-2063039936\">\n          <div class=\"banner-inner fill\">\n        <div class=\"banner-bg fill\" >\n            <img loading=\"lazy\" decoding=\"async\" width=\"1484\" height=\"585\" src=\"https:\/\/ptm-mechatronics.com\/wp-content\/uploads\/2024\/10\/Kolben-und-Motor-Hintergrund.jpg\" class=\"bg attachment-original size-original\" alt=\"\" \/>                        <div class=\"overlay\"><\/div>            \n                    <\/div>\n\t\t\n        <div class=\"banner-layers container\">\n            <div class=\"fill banner-link\"><\/div>            \n   <div id=\"text-box-127397849\" class=\"text-box banner-layer x5 md-x95 lg-x95 y50 md-y50 lg-y50 res-text\">\n                     <div data-animate=\"fadeInDown\">           <div class=\"text-box-content text dark\">\n              \n              <div class=\"text-inner text-center\">\n                  \n<h1 class=\"uppercase\"><span style=\"font-size: 75%;\">Karbantart\u00e1s \u00e9s szervizel\u00e9s<\/span><\/h1>\n<p>A rendszeres karbantart\u00e1s \u00e9s a szakszer\u0171 szervizel\u00e9s biztos\u00edtja, hogy a PTM meghajt\u00f3k \u00e9s kever\u0151k tov\u00e1bbra is teljes m\u00e9rt\u00e9kben kihaszn\u00e1lj\u00e1k a benn\u00fck rejl\u0151 lehet\u0151s\u00e9geket. Szerviztechnikusaink c\u00e9lzott ellen\u0151rz\u00e9sekkel, tiszt\u00edt\u00e1ssal \u00e9s a kulcsfontoss\u00e1g\u00fa alkatr\u00e9szek cser\u00e9j\u00e9vel biztos\u00edtj\u00e1k az optim\u00e1lis m\u0171k\u00f6d\u00e9si felt\u00e9teleket - a hat\u00e9kony, stabil \u00e9s megb\u00edzhat\u00f3 folyamatok \u00e9rdek\u00e9ben az \u00d6n termel\u00e9s\u00e9ben.<\/p>\n              <\/div>\n           <\/div>\n       <\/div>                     \n<style>\n#text-box-127397849 {\n  width: 91%;\n}\n#text-box-127397849 .text-box-content {\n  font-size: 100%;\n}\n@media (min-width:550px) {\n  #text-box-127397849 {\n    width: 52%;\n  }\n}\n@media (min-width:850px) {\n  #text-box-127397849 {\n    width: 41%;\n  }\n}\n<\/style>\n    <\/div>\n \n        <\/div>\n      <\/div>\n\n            \n<style>\n#banner-2063039936 {\n  padding-top: 354px;\n}\n#banner-2063039936 .overlay {\n  background-color: rgba(61, 70, 77, 0.767);\n}\n#banner-2063039936 .banner-bg img {\n  object-position: 0% 78%;\n}\n@media (min-width:550px) {\n  #banner-2063039936 {\n    padding-top: 321px;\n  }\n}\n@media (min-width:850px) {\n  #banner-2063039936 {\n    padding-top: 417px;\n  }\n}\n<\/style>\n  <\/div>\n\n\n\n  <div class=\"banner has-hover hide-for-small\" id=\"banner-957940859\">\n          <div class=\"banner-inner fill\">\n        <div class=\"banner-bg fill\" >\n                                                \n                    <\/div>\n\t\t\n        <div class=\"banner-layers container\">\n            <div class=\"fill banner-link\"><\/div>            \n   <div id=\"text-box-1406080871\" class=\"text-box banner-layer x50 md-x50 lg-x50 y10 md-y10 lg-y10 res-text\">\n                                <div class=\"text-box-content text dark\">\n              \n              <div class=\"text-inner text-center\">\n                  \n<h3 class=\"uppercase\"><span style=\"font-size: 75%;\">A karbantart\u00e1si id\u0151k\u00f6z\u00f6kre vonatkoz\u00f3 aj\u00e1nl\u00e1saink<\/span><\/h3>\n\t<div id=\"gap-515183740\" class=\"gap-element clearfix\" style=\"display:block; height:auto;\">\n\t\t\n<style>\n#gap-515183740 {\n  padding-top: 50px;\n}\n<\/style>\n\t<\/div>\n\t\n<div class=\"row\"  id=\"row-12305468\">\n\n\t<div id=\"col-2109020326\" class=\"col medium-4 small-12 large-4\"  >\n\t\t\t\t<div class=\"col-inner\"  >\n\t\t\t\n\t<div class=\"is-border\"\n\t\tstyle=\"border-width:1px 1px 1px 1px;\">\n\t<\/div>\n\t\t\t\n<p>Term\u00e9kcsoport<\/p>\n\t\t<\/div>\n\t\t\t\t\t<\/div>\n\n\t\n\n\t<div id=\"col-1229552122\" class=\"col medium-4 small-12 large-4\"  >\n\t\t\t\t<div class=\"col-inner\"  >\n\t\t\t\n\t<div class=\"is-border\"\n\t\tstyle=\"border-width:1px 1px 1px 1px;\">\n\t<\/div>\n\t\t\t\n<p>Intervallum<\/p>\n\t\t<\/div>\n\t\t\t\t\t<\/div>\n\n\t\n\n\t<div id=\"col-703664973\" class=\"col medium-4 small-12 large-4\"  >\n\t\t\t\t<div class=\"col-inner\"  >\n\t\t\t\n\t<div class=\"is-border\"\n\t\tstyle=\"border-width:1px 1px 1px 1px;\">\n\t<\/div>\n\t\t\t\n<p>Haszn\u00e1lja a  c\u00edmet.<\/p>\n\t\t<\/div>\n\t\t\t\t\t<\/div>\n\n\t\n<\/div>\n<div class=\"row row-collapse align-equal row-divided\"  id=\"row-2098298822\">\n\n\t<div id=\"col-1693453866\" class=\"col medium-4 small-12 large-4\"  >\n\t\t\t\t<div class=\"col-inner\"  >\n\t\t\t\n\t\t\t\n<p>L\u00e9gmotorok<br \/>\n&amp; kever\u0151hajt\u00e1sok<\/p>\n\t\t<\/div>\n\t\t\t\t\t<\/div>\n\n\t\n\n\t<div id=\"col-36952168\" class=\"col medium-4 small-12 large-4\"  >\n\t\t\t\t<div class=\"col-inner\"  >\n\t\t\t\n\t\t\t\n<p>36 h\u00f3nap<\/p>\n<p>12 h\u00f3nap<\/p>\n\t\t<\/div>\n\t\t\t\t\t<\/div>\n\n\t\n\n\t<div id=\"col-45118707\" class=\"col medium-4 small-12 large-4\"  >\n\t\t\t\t<div class=\"col-inner\"  >\n\t\t\t\n\t\t\t\n<p>Sz\u00f3rv\u00e1nyos m\u0171k\u00f6d\u00e9s eset\u00e9n<\/p>\n<p>Folyamatos m\u0171k\u00f6d\u00e9shez<\/p>\n\t\t<\/div>\n\t\t\t\t\t<\/div>\n\n\t\n<\/div>\n<div class=\"row row-collapse align-equal row-divided\"  id=\"row-1840799461\">\n\n\t<div id=\"col-61826188\" class=\"col medium-4 small-12 large-4\"  >\n\t\t\t\t<div class=\"col-inner\"  >\n\t\t\t\n\t\t\t\n<p>Kever\u0151rendszerek<br \/>\n<span style=\"font-size: 80%;\">(\u00e1llv\u00e1nyok, fedelek, f\u00fcrt\u00f6k)<\/span><\/p>\n\t\t<\/div>\n\t\t\t\t\t<\/div>\n\n\t\n\n\t<div id=\"col-1641680517\" class=\"col medium-4 small-12 large-4\"  >\n\t\t\t\t<div class=\"col-inner\"  >\n\t\t\t\n\t\t\t\n<p>12 h\u00f3nap<\/p>\n\t\t<\/div>\n\t\t\t\t\t<\/div>\n\n\t\n\n\t<div id=\"col-1746436618\" class=\"col medium-4 small-12 large-4\"  >\n\t\t\t\t<div class=\"col-inner\"  >\n\t\t\t\n\t\t\t\n<p>Az alkalmaz\u00e1st\u00f3l f\u00fcggetlen\u00fcl<\/p>\n\t\t<\/div>\n\t\t\t\t\t<\/div>\n\n\t\n<\/div>\n\t<div id=\"gap-1559414309\" class=\"gap-element clearfix\" style=\"display:block; height:auto;\">\n\t\t\n<style>\n#gap-1559414309 {\n  padding-top: 30px;\n}\n<\/style>\n\t<\/div>\n\t\n              <\/div>\n           <\/div>\n                            \n<style>\n#text-box-1406080871 {\n  width: 87%;\n}\n#text-box-1406080871 .text-box-content {\n  font-size: 100%;\n}\n@media (min-width:850px) {\n  #text-box-1406080871 {\n    width: 70%;\n  }\n}\n<\/style>\n    <\/div>\n \n        <\/div>\n      <\/div>\n\n            \n<style>\n#banner-957940859 {\n  padding-top: 770px;\n}\n@media (min-width:550px) {\n  #banner-957940859 {\n    padding-top: 450px;\n  }\n}\n<\/style>\n  <\/div>\n\n\n\n  <div class=\"banner has-hover show-for-small\" id=\"banner-2081833814\">\n          <div class=\"banner-inner fill\">\n        <div class=\"banner-bg fill\" >\n                                                \n                    <\/div>\n\t\t\n        <div class=\"banner-layers container\">\n            <div class=\"fill banner-link\"><\/div>            \n   <div id=\"text-box-794806392\" class=\"text-box banner-layer x50 md-x50 lg-x50 y10 md-y10 lg-y10 res-text\">\n                                <div class=\"text-box-content text dark\">\n              \n              <div class=\"text-inner text-center\">\n                  \n<h3 class=\"uppercase\"><span style=\"font-size: 75%;\">A karbantart\u00e1si id\u0151k\u00f6z\u00f6kre vonatkoz\u00f3 aj\u00e1nl\u00e1saink<\/span><\/h3>\n\t<div id=\"gap-1643159151\" class=\"gap-element clearfix\" style=\"display:block; height:auto;\">\n\t\t\n<style>\n#gap-1643159151 {\n  padding-top: 20px;\n}\n@media (min-width:550px) {\n  #gap-1643159151 {\n    padding-top: 50px;\n  }\n}\n<\/style>\n\t<\/div>\n\t\n<div class=\"row row-collapse align-equal row-divided\"  id=\"row-792042056\">\n\n\t<div id=\"col-1618658093\" class=\"col medium-4 small-12 large-4\"  >\n\t\t\t\t<div class=\"col-inner\"  >\n\t\t\t\n\t<div class=\"is-border\"\n\t\tstyle=\"border-width:1px 1px 1px 1px;\">\n\t<\/div>\n\t\t\t\n<p>L\u00e9gmotorok<br \/>\n&amp; kever\u0151hajt\u00e1sok<\/p>\n\t\t<\/div>\n\t\t\t\t\t<\/div>\n\n\t\n\n\t<div id=\"col-89378706\" class=\"col medium-4 small-12 large-4\"  >\n\t\t\t\t<div class=\"col-inner\"  >\n\t\t\t\n\t\t\t\n<p>Sz\u00f3rv\u00e1nyos m\u0171k\u00f6d\u00e9shez:<br \/>\n36 h\u00f3nap<\/p>\n\t\t<\/div>\n\t\t\t\t\t<\/div>\n\n\t\n\n\t<div id=\"col-385328973\" class=\"col medium-4 small-12 large-4\"  >\n\t\t\t\t<div class=\"col-inner\"  >\n\t\t\t\n\t\t\t\n<p>Folyamatos m\u0171k\u00f6d\u00e9shez:<br \/>\n12 h\u00f3nap<\/p>\n\t\t<\/div>\n\t\t\t\t\t<\/div>\n\n\t\n<\/div>\n<div class=\"row row-collapse align-equal row-divided\"  id=\"row-769563385\">\n\n\t<div id=\"col-229358697\" class=\"col medium-4 small-12 large-4\"  >\n\t\t\t\t<div class=\"col-inner\"  >\n\t\t\t\n\t<div class=\"is-border\"\n\t\tstyle=\"border-width:1px 1px 1px 1px;\">\n\t<\/div>\n\t\t\t\n<p>Kever\u0151rendszerek<br \/>\n<span style=\"font-size: 80%;\">(\u00e1llv\u00e1nyok, fedelek, f\u00fcrt\u00f6k)<\/span><\/p>\n\t\t<\/div>\n\t\t\t\t\t<\/div>\n\n\t\n\n\t<div id=\"col-399401770\" class=\"col medium-4 small-12 large-4\"  >\n\t\t\t\t<div class=\"col-inner\"  >\n\t\t\t\n\t\t\t\n<p>Az alkalmaz\u00e1st\u00f3l f\u00fcggetlen\u00fcl:<br \/>\n12 h\u00f3nap<\/p>\n\t\t<\/div>\n\t\t\t\t\t<\/div>\n\n\t\n<\/div>\n              <\/div>\n           <\/div>\n                            \n<style>\n#text-box-794806392 {\n  width: 87%;\n}\n#text-box-794806392 .text-box-content {\n  font-size: 100%;\n}\n@media (min-width:850px) {\n  #text-box-794806392 {\n    width: 70%;\n  }\n}\n<\/style>\n    <\/div>\n \n        <\/div>\n      <\/div>\n\n            \n<style>\n#banner-2081833814 {\n  padding-top: 522px;\n}\n@media (min-width:550px) {\n  #banner-2081833814 {\n    padding-top: 450px;\n  }\n}\n<\/style>\n  <\/div>\n\n\n\n\t<section class=\"section\" id=\"section_2005417079\">\n\t\t<div class=\"section-bg fill\" >\n\t\t\t\t\t\t\t\t\t\n\t\t\t\n\n\t\t<\/div>\n\n\t\t\n\n\t\t<div class=\"section-content relative\">\n\t\t\t\n<div class=\"row row-collapse align-middle align-center\"  id=\"row-1200143984\">\n\n\t<div id=\"col-1804866105\" class=\"col medium-2 small-12 large-2\"  >\n\t\t\t\t<div class=\"col-inner text-center\"  >\n\t\t\t\n\t\t\t\n\t<div class=\"img has-hover x md-x lg-x y md-y lg-y\" id=\"image_884869719\">\n\t\t\t\t\t\t\t\t<div class=\"img-inner dark\" >\n\t\t\t<img loading=\"lazy\" decoding=\"async\" width=\"300\" height=\"263\" src=\"https:\/\/ptm-mechatronics.com\/wp-content\/uploads\/2024\/09\/atex-300x263-1-1.png\" class=\"attachment-large size-large\" alt=\"\" srcset=\"https:\/\/ptm-mechatronics.com\/wp-content\/uploads\/2024\/09\/atex-300x263-1-1.png 300w, https:\/\/ptm-mechatronics.com\/wp-content\/uploads\/2024\/09\/atex-300x263-1-1-100x88.png 100w\" sizes=\"auto, (max-width: 300px) 100vw, 300px\" \/>\t\t\t\t\t\t\n\t\t\t\t\t<\/div>\n\t\t\t\t\t\t\t\t\n<style>\n#image_884869719 {\n  width: 52%;\n}\n@media (min-width:550px) {\n  #image_884869719 {\n    width: 76%;\n  }\n}\n<\/style>\n\t<\/div>\n\t\n\t\t<\/div>\n\t\t\t\t\t<\/div>\n\n\t\n\n\t<div id=\"col-1938400641\" class=\"col medium-10 small-12 large-10\"  >\n\t\t\t\t<div class=\"col-inner\"  >\n\t\t\t\n\t<div class=\"is-border\"\n\t\tstyle=\"border-width:2px 2px 2px 2px;\">\n\t<\/div>\n\t\t\t\n\t<div id=\"text-2163367167\" class=\"text\">\n\t\t\n<h3 style=\"text-align: center;\"><span style=\"font-size: 100%;\">ATEX biztons\u00e1g stressz n\u00e9lk\u00fcl<\/span><\/h3>\n<p>Az ATEX-ter\u00fcleten t\u00f6rv\u00e9ny \u00edrja el\u0151 a rendszeres ellen\u0151rz\u00e9st. Ez sok er\u0151fesz\u00edt\u00e9snek hangzik - de nem kell, hogy az legyen az \u00d6n sz\u00e1m\u00e1ra. Mi gondoskodunk a teljes k\u00f6telez\u0151 vizsg\u00e1latr\u00f3l az \u00d6n sz\u00e1m\u00e1ra: nemcsak a mi k\u00e9sz\u00fcl\u00e9k\u00fcnkre, hanem az \u00f6sszes csatlakoztatott alkatr\u00e9szre, csatlakoz\u00f3 r\u00e9szre \u00e9s a rendszer\u00e9ben l\u00e9v\u0151 relev\u00e1ns k\u00f6lcs\u00f6nhat\u00e1sokra is.<\/p>\n<p>Ez azt jelenti, hogy kevesebb munk\u00e1ja van, nincsenek bizonytalans\u00e1gok, \u00e9s biztosak lehetnek abban, hogy minden az el\u0151\u00edr\u00e1soknak megfelel\u0151en t\u00f6rt\u00e9nik. <a href=\"https:\/\/eur-lex.europa.eu\/legal-content\/DE\/ALL\/?uri=celex:32014L0034\" target=\"_blank\" rel=\"noopener\"><span style=\"color: #c6c6c6;\">2014\/34\/EU ir\u00e1nyelv<\/span><\/a>, <a href=\"https:\/\/www.gesetze-im-internet.de\/betrsichv_2015\/\" target=\"_blank\" rel=\"noopener\"><span style=\"color: #c6c6c6;\">BetrSichV<\/span><\/a> \u00e9s <span style=\"color: #c6c6c6;\"><a style=\"color: #c6c6c6;\" href=\"https:\/\/www.baua.de\/DE\/Angebote\/Regelwerk\/TRBS\/TRBS-1201\" target=\"_blank\" rel=\"noopener\">TRBS 1201<\/a><\/span> megb\u00edzhat\u00f3an tesztelik.<\/p>\n<p>R\u00f6viden: \u00d6n a folyamat\u00e1ra koncentr\u00e1l - mi gondoskodunk a robban\u00e1sbiztons\u00e1gr\u00f3l.<\/p>\n\t\t\n<style>\n#text-2163367167 {\n  text-align: left;\n  color: rgb(255, 255, 255);\n}\n#text-2163367167 > * {\n  color: rgb(255, 255, 255);\n}\n<\/style>\n\t<\/div>\n\t\n\t\t<\/div>\n\t\t\t\t\n<style>\n#col-1938400641 > .col-inner {\n  padding: 10px 10px 10px 20px;\n}\n<\/style>\n\t<\/div>\n\n\t\n<\/div>\n\t\t<\/div>\n\n\t\t\n<style>\n#section_2005417079 {\n  padding-top: 20px;\n  padding-bottom: 20px;\n  background-color: rgb(61, 70, 77);\n}\n@media (min-width:550px) {\n  #section_2005417079 {\n    padding-top: 30px;\n    padding-bottom: 30px;\n  }\n}\n<\/style>\n\t<\/section>\n\t\n\n  <div class=\"banner has-hover\" id=\"banner-1846655552\">\n          <div class=\"banner-inner fill\">\n        <div class=\"banner-bg fill\" >\n            <img loading=\"lazy\" decoding=\"async\" width=\"2264\" height=\"1259\" src=\"https:\/\/ptm-mechatronics.com\/wp-content\/uploads\/2025\/12\/Freundlicher-Mann-im-Business-Outfit-2-3.jpg\" class=\"bg attachment-original size-original\" alt=\"\" \/>                                    \n                    <\/div>\n\t\t\n        <div class=\"banner-layers container\">\n            <div class=\"fill banner-link\"><\/div>            \n   <div id=\"text-box-1353464727\" class=\"text-box banner-layer x5 md-x5 lg-x15 y50 md-y50 lg-y30 res-text\">\n                     <div data-animate=\"fadeInDown\">           <div class=\"text-box-content text dark\">\n              \n              <div class=\"text-inner text-center\">\n                  \n<h3 class=\"uppercase\">Id\u0151pont egyeztet\u00e9s<\/h3>\n<p>Szervezzen id\u0151pontot karbantart\u00e1sra egyik szerviztechnikusunkkal.<\/p>\n<a href=\"https:\/\/calendly.com\/ptmca\/30min\" target=\"_blank\" class=\"button primary\" rel=\"noopener\" style=\"border-radius:10px;\">\n\t\t<span>Id\u0151pont egyeztet\u00e9s<\/span>\n\t<\/a>\n\n              <\/div>\n           <\/div>\n       <\/div>                     \n<style>\n#text-box-1353464727 {\n  width: 62%;\n}\n#text-box-1353464727 .text-box-content {\n  font-size: 100%;\n}\n@media (min-width:550px) {\n  #text-box-1353464727 {\n    width: 56%;\n  }\n}\n@media (min-width:850px) {\n  #text-box-1353464727 {\n    width: 43%;\n  }\n}\n<\/style>\n    <\/div>\n \n        <\/div>\n      <\/div>\n\n            \n<style>\n#banner-1846655552 {\n  padding-top: 307px;\n}\n@media (min-width:550px) {\n  #banner-1846655552 {\n    padding-top: 368px;\n  }\n}\n@media (min-width:850px) {\n  #banner-1846655552 {\n    padding-top: 516px;\n  }\n}\n<\/style>\n  <\/div>","protected":false},"excerpt":{"rendered":"","protected":false},"author":5,"featured_media":13684,"parent":0,"menu_order":0,"comment_status":"closed","ping_status":"closed","template":"","meta":{"_acf_changed":false,"footnotes":""},"class_list":["post-15788","page","type-page","status-publish","has-post-thumbnail","hentry"],"acf":[],"_links":{"self":[{"href":"https:\/\/ptm-mechatronics.com\/hu\/wp-json\/wp\/v2\/pages\/15788","targetHints":{"allow":["GET"]}}],"collection":[{"href":"https:\/\/ptm-mechatronics.com\/hu\/wp-json\/wp\/v2\/pages"}],"about":[{"href":"https:\/\/ptm-mechatronics.com\/hu\/wp-json\/wp\/v2\/types\/page"}],"author":[{"embeddable":true,"href":"https:\/\/ptm-mechatronics.com\/hu\/wp-json\/wp\/v2\/users\/5"}],"replies":[{"embeddable":true,"href":"https:\/\/ptm-mechatronics.com\/hu\/wp-json\/wp\/v2\/comments?post=15788"}],"version-history":[{"count":7,"href":"https:\/\/ptm-mechatronics.com\/hu\/wp-json\/wp\/v2\/pages\/15788\/revisions"}],"predecessor-version":[{"id":15865,"href":"https:\/\/ptm-mechatronics.com\/hu\/wp-json\/wp\/v2\/pages\/15788\/revisions\/15865"}],"wp:featuredmedia":[{"embeddable":true,"href":"https:\/\/ptm-mechatronics.com\/hu\/wp-json\/wp\/v2\/media\/13684"}],"wp:attachment":[{"href":"https:\/\/ptm-mechatronics.com\/hu\/wp-json\/wp\/v2\/media?parent=15788"}],"curies":[{"name":"wp","href":"https:\/\/api.w.org\/{rel}","templated":true}]}}