{"id":139,"date":"2023-08-04T11:20:47","date_gmt":"2023-08-04T09:20:47","guid":{"rendered":"http:\/\/wp14192964.server-he.de\/?page_id=139"},"modified":"2025-04-07T10:43:38","modified_gmt":"2025-04-07T08:43:38","slug":"kontakt","status":"publish","type":"page","link":"https:\/\/ptm-mechatronics.com\/hu\/kontakt\/","title":{"rendered":"Kapcsolatfelv\u00e9tel"},"content":{"rendered":"<section class=\"section kontakt-header-section hide-for-small\" id=\"section_1597953711\">\n\t\t<div class=\"section-bg fill\" >\n\t\t\t<img loading=\"lazy\" decoding=\"async\" width=\"2000\" height=\"605\" src=\"https:\/\/ptm-mechatronics.com\/wp-content\/uploads\/2023\/10\/Kontakt-1.jpg\" class=\"bg attachment-original size-original\" alt=\"\" \/>\t\t\t\t\t\t\n\t\t\t\n\n\t\t<\/div>\n\n\t\t\n\n\t\t<div class=\"section-content relative\">\n\t\t\t\n<div class=\"row\"  id=\"row-313202821\">\n\n\t<div id=\"col-1083192473\" class=\"col pb-0 small-12 large-12\"  >\n\t\t\t\t<div class=\"col-inner\"  >\n\t\t\t\n\t\t\t\n\t<div id=\"text-1461092058\" class=\"text\">\n\t\t\n<h1>Kapcsolatfelv\u00e9tel -<br \/>\nkap egy ingyenes<br \/>\nSpeci\u00e1lis tan\u00e1csad\u00e1s<\/h1>\n\t\t\n<style>\n#text-1461092058 {\n  color: #296dad;\n}\n#text-1461092058 > * {\n  color: #296dad;\n}\n<\/style>\n\t<\/div>\n\t\n\t\t<\/div>\n\t\t\t\t\t<\/div>\n\n\t\n<\/div>\n\t\t<\/div>\n\n\t\t\n<style>\n#section_1597953711 {\n  padding-top: 30px;\n  padding-bottom: 30px;\n  min-height: 320px;\n}\n@media (min-width:550px) {\n  #section_1597953711 {\n    min-height: 400px;\n  }\n}\n<\/style>\n\t<\/section>\n\t\n\n\t<section class=\"section kontakt-header-section show-for-small\" id=\"section_1199127865\">\n\t\t<div class=\"section-bg fill\" >\n\t\t\t<img loading=\"lazy\" decoding=\"async\" width=\"600\" height=\"604\" src=\"https:\/\/ptm-mechatronics.com\/wp-content\/uploads\/2024\/02\/Kontakt-iPhone.jpg\" class=\"bg attachment-original size-original\" alt=\"\" \/>\t\t\t\t\t\t\n\t\t\t\n\n\t\t<\/div>\n\n\t\t\n\n\t\t<div class=\"section-content relative\">\n\t\t\t\n<div class=\"row\"  id=\"row-1107730189\">\n\n\t<div id=\"col-1679142764\" class=\"col pb-0 small-12 large-12\"  >\n\t\t\t\t<div class=\"col-inner\"  >\n\t\t\t\n\t\t\t\n\t<div id=\"text-1546196906\" class=\"text\">\n\t\t\n<h1>Kapcsolatfelv\u00e9tel -<br \/>\nkap egy ingyenes<br \/>\nSpeci\u00e1lis tan\u00e1csad\u00e1s<\/h1>\n\t\t\n<style>\n#text-1546196906 {\n  color: #296dad;\n}\n#text-1546196906 > * {\n  color: #296dad;\n}\n<\/style>\n\t<\/div>\n\t\n\t\t<\/div>\n\t\t\t\t\t<\/div>\n\n\t\n<\/div>\n\t\t<\/div>\n\n\t\t\n<style>\n#section_1199127865 {\n  padding-top: 30px;\n  padding-bottom: 30px;\n  min-height: 320px;\n}\n#section_1199127865 .section-bg-overlay {\n  background-color: rgba(255, 255, 255, 0.68);\n}\n@media (min-width:550px) {\n  #section_1199127865 {\n    min-height: 400px;\n  }\n}\n<\/style>\n\t<\/section>\n\t\n\n\t<section class=\"section\" id=\"section_1623599464\">\n\t\t<div class=\"section-bg fill\" >\n\t\t\t\t\t\t\t\t\t\n\t\t\t\n\n\t\t<\/div>\n\n\t\t\n\n\t\t<div class=\"section-content relative\">\n\t\t\t\n<div class=\"row align-middle align-center\"  id=\"row-1102340524\">\n\n\t<div id=\"col-1227279391\" class=\"col kontakt-faq-col pb-0 small-12 large-12\"  >\n\t\t\t\t<div class=\"col-inner\"  >\n\t\t\t\n\t\t\t\n<p>Ismeri m\u00e1r a GYIK-jeinket?<br \/>\nItt v\u00e1laszt adunk a leggyakrabban feltett k\u00e9rd\u00e9sekre.<\/p>\n<a href=\"\/hu\/faq\/\" class=\"button primary\" >\n\t\t<span>GYIK<\/span>\n\t<\/a>\n\n\t\t<\/div>\n\t\t\t\t\n<style>\n#col-1227279391 > .col-inner {\n  padding: 15px 0px 30px 0px;\n}\n@media (min-width:850px) {\n  #col-1227279391 > .col-inner {\n    padding: 40px 0px 30px 0px;\n  }\n}\n<\/style>\n\t<\/div>\n\n\t\n\n\t<div id=\"col-1024455307\" class=\"col medium-9 small-12 large-7\"  >\n\t\t\t\t<div class=\"col-inner\"  >\n\t\t\t\n\t\t\t\n\n<div class=\"forminator-ui forminator-custom-form forminator-custom-form-222 forminator-design--default  forminator_ajax\" data-forminator-render=\"0\" data-form=\"forminator-module-222\" data-uid=\"69e3bcb7e8b5b\"><br\/><\/div><form\n\t\t\t\tid=\"forminator-module-222\"\n\t\t\t\tclass=\"forminator-ui forminator-custom-form forminator-custom-form-222 forminator-design--default  forminator_ajax\"\n\t\t\t\tmethod=\"post\"\n\t\t\t\tdata-forminator-render=\"0\"\n\t\t\t\tdata-form-id=\"222\"\n\t\t\t\t data-color-option=\"default\" data-design=\"default\" data-grid=\"open\" style=\"display: none;\"\n\t\t\t\tdata-uid=\"69e3bcb7e8b5b\" action=\"\"\n\t\t\t><div role=\"alert\" aria-live=\"polite\" class=\"forminator-response-message forminator-error\" aria-hidden=\"true\"><\/div><div class=\"forminator-row\"><div id=\"name-1\" class=\"forminator-field-name forminator-col forminator-col-6\"><div class=\"forminator-field\"><label for=\"forminator-field-name-1_69e3bcb7e8b5b\" id=\"forminator-field-name-1_69e3bcb7e8b5b-label\" class=\"forminator-label\">Keresztn\u00e9v<\/label><input type=\"text\" name=\"name-1\" value=\"\" placeholder=\"Keresztn\u00e9v\" id=\"forminator-field-name-1_69e3bcb7e8b5b\" class=\"forminator-input forminator-name--field\" aria-required=\"false\" autocomplete=\"name\" \/><\/div><\/div><div id=\"name-2\" class=\"forminator-field-name forminator-col forminator-col-6\"><div class=\"forminator-field\"><label for=\"forminator-field-name-2_69e3bcb7e8b5b\" id=\"forminator-field-name-2_69e3bcb7e8b5b-label\" class=\"forminator-label\">Vezet\u00e9kn\u00e9v<\/label><input type=\"text\" name=\"name-2\" value=\"\" placeholder=\"Vezet\u00e9kn\u00e9v\" id=\"forminator-field-name-2_69e3bcb7e8b5b\" class=\"forminator-input forminator-name--field\" aria-required=\"false\" autocomplete=\"name\" \/><\/div><\/div><\/div><div class=\"forminator-row\"><div id=\"email-1\" class=\"forminator-field-email forminator-col forminator-col-12\"><div class=\"forminator-field\"><label for=\"forminator-field-email-1_69e3bcb7e8b5b\" id=\"forminator-field-email-1_69e3bcb7e8b5b-label\" class=\"forminator-label\">E-mail c\u00edm <span class=\"forminator-required\">*<\/span><\/label><input type=\"email\" name=\"email-1\" value=\"\" placeholder=\"E-mail c\u00edm*\" id=\"forminator-field-email-1_69e3bcb7e8b5b\" class=\"forminator-input forminator-email--field\" data-required=\"true\" aria-required=\"true\" autocomplete=\"email\" \/><\/div><\/div><\/div><div class=\"forminator-row\"><div id=\"textarea-1\" class=\"forminator-field-textarea forminator-col forminator-col-12\"><div class=\"forminator-field\"><label for=\"forminator-field-textarea-1_69e3bcb7e8b5b\" id=\"forminator-field-textarea-1_69e3bcb7e8b5b-label\" class=\"forminator-label\">\u00dczenet<\/label><textarea name=\"textarea-1\" placeholder=\"Hogyan seg\u00edthet\u00fcnk \u00d6nnek?\" id=\"forminator-field-textarea-1_69e3bcb7e8b5b\" class=\"forminator-textarea\" rows=\"6\" style=\"min-height:140px;\" maxlength=\"180\" ><\/textarea><span id=\"forminator-field-textarea-1_69e3bcb7e8b5b-description\" class=\"forminator-description\"><span data-limit=\"180\" data-type=\"characters\" data-editor=\"\">0 \/ 180<\/span><\/span><\/div><\/div><\/div><div class=\"forminator-row\"><div id=\"consent-1\" class=\"forminator-field-consent forminator-col forminator-col-12\"><div class=\"forminator-field\"><label for=\"forminator-field-consent-1_69e3bcb7e8b5b\" id=\"forminator-field-consent-1_69e3bcb7e8b5b-label\" class=\"forminator-label\">Hozz\u00e1j\u00e1rul\u00e1s <span class=\"forminator-required\">*<\/span><\/label><div class=\"forminator-checkbox__wrapper\"><label id=\"forminator-field-consent-1_69e3bcb7e8b5b__label\" class=\"forminator-checkbox forminator-consent\"><input type=\"checkbox\" name=\"consent-1\" id=\"forminator-field-consent-1_69e3bcb7e8b5b\" value=\"checked\" aria-labelledby=\"forminator-field-consent-1_69e3bcb7e8b5b-label\" aria-describedby=\"forminator-field-consent-1_69e3bcb7e8b5b__description\" data-required=\"true\" aria-required=\"true\" \/><span class=\"forminator-checkbox-box\" aria-hidden=\"true\"><\/span><\/label><div id=\"forminator-field-consent-1_69e3bcb7e8b5b__description\" class=\"forminator-checkbox__label forminator-consent__label\"><p>Ezennel elfogadom a <a rel=\"noopener\" target=\"_blank\" href=\"https:\/\/ptm-mechatronics.com\/hu\/datenschutzerklaerung\/\">Adatv\u00e9delmi el\u0151\u00edr\u00e1sok<\/a>.<\/p><\/div><\/div><\/div><\/div><\/div><div class=\"forminator-row\"><div id=\"captcha-1\" class=\"forminator-field-captcha forminator-col forminator-col-12\"><div class=\"forminator-captcha-left forminator-hcaptcha\" data-theme=\"light\"  data-sitekey=\"ed0056d8-f414-4a72-bfee-e7744870e6c4\" data-size=\"normal\"><\/div> <\/div><\/div><input type=\"hidden\" name=\"referer_url\" value=\"\" \/><div class=\"forminator-row forminator-row-last\"><div class=\"forminator-col\"><div class=\"forminator-field\"><button class=\"forminator-button forminator-button-submit\">K\u00fcldje el a<\/button><\/div><\/div><\/div><input type=\"hidden\" id=\"forminator_nonce\" name=\"forminator_nonce\" value=\"625f90c85f\" \/><input type=\"hidden\" name=\"_wp_http_referer\" value=\"\/hu\/wp-json\/wp\/v2\/pages\/139\" \/><input type=\"hidden\" name=\"form_id\" value=\"222\"><input type=\"hidden\" name=\"page_id\" value=\"139\"><input type=\"hidden\" name=\"form_type\" value=\"default\"><input type=\"hidden\" name=\"current_url\" value=\"https:\/\/ptm-mechatronics.com\/hu\/kontakt\/\"><input type=\"hidden\" name=\"render_id\" value=\"0\"><input type=\"hidden\" name=\"action\" value=\"forminator_submit_form_custom-forms\"><input type=\"hidden\" name=\"trp-form-language\" value=\"hu\"\/><\/form>\n\n\t\t<\/div>\n\t\t\t\t\t<\/div>\n\n\t\n<\/div>\n\t\t<\/div>\n\n\t\t\n<style>\n#section_1623599464 {\n  padding-top: 30px;\n  padding-bottom: 30px;\n}\n<\/style>\n\t<\/section>\n\t\n\n\t<section class=\"section global-contact-us-section\" id=\"section_1938986593\">\n\t\t<div class=\"section-bg fill\" >\n\t\t\t\t\t\t\t\t\t\n\t\t\t\n\n\t\t<\/div>\n\n\t\t\n\n\t\t<div class=\"section-content relative\">\n\t\t\t\n\n<div class=\"row mobile-slider-row\"  id=\"row-2111294810\">\n\n\n\t<div id=\"col-1265277534\" class=\"col pb-0 medium-12 small-12 large-4\"  >\n\t\t\t\t<div class=\"col-inner\" style=\"background-color:rgb(255, 255, 255);\" >\n\t\t\t\n\t\t\t\n\n\n\t\t<div class=\"icon-box featured-box icon-box-left text-left\"  >\n\t\t\t\t\t<div class=\"icon-box-img\" style=\"width: 75px\">\n\t\t\t\t<div class=\"icon\">\n\t\t\t\t\t<div class=\"icon-inner\" >\n\t\t\t\t\t\t<img loading=\"lazy\" decoding=\"async\" width=\"1\" height=\"1\" src=\"https:\/\/ptm-mechatronics.com\/wp-content\/uploads\/2023\/08\/phone-icon.svg\" class=\"attachment-medium size-medium\" alt=\"\" \/>\t\t\t\t\t<\/div>\n\t\t\t\t<\/div>\n\t\t\t<\/div>\n\t\t\t\t<div class=\"icon-box-text last-reset\">\n\t\t\t\t\t\t\t\t\t\n\n<h3>Telefonos kapcsolatfelv\u00e9tel<\/h3>\n<p>Telefonon a k\u00f6vetkez\u0151 c\u00edmen \u00e9rhet el minket<br \/><a href=\"tel: +49 8134 \/ 25 797 0\">+49 8134 \/ 25 797 0<\/a><\/p>\n\n\t\t<\/div>\n\t<\/div>\n\t\n\t\n\n\t\t<\/div>\n\t\t\t\t\n<style>\n#col-1265277534 > .col-inner {\n  margin: 10px 0px 0px 0px;\n}\n<\/style>\n\t<\/div>\n\n\t\n\n\t<div id=\"col-262070341\" class=\"col pb-0 medium-12 small-12 large-4\"  >\n\t\t\t\t<div class=\"col-inner\" style=\"background-color:rgb(255, 255, 255);\" >\n\t\t\t\n\t\t\t\n\n\n\t\t<div class=\"icon-box featured-box icon-box-left text-left\"  >\n\t\t\t\t\t<div class=\"icon-box-img\" style=\"width: 75px\">\n\t\t\t\t<div class=\"icon\">\n\t\t\t\t\t<div class=\"icon-inner\" >\n\t\t\t\t\t\t<img loading=\"lazy\" decoding=\"async\" width=\"1\" height=\"1\" src=\"https:\/\/ptm-mechatronics.com\/wp-content\/uploads\/2023\/08\/email-icon.svg\" class=\"attachment-medium size-medium\" alt=\"\" \/>\t\t\t\t\t<\/div>\n\t\t\t\t<\/div>\n\t\t\t<\/div>\n\t\t\t\t<div class=\"icon-box-text last-reset\">\n\t\t\t\t\t\t\t\t\t\n\n<h3>Kapcsolat e-mailben<\/h3>\n<p>E-mail c\u00edm\u00fcnk a k\u00f6vetkez\u0151<br \/><a href=\"mailto: info@ptm-mechatronics.com\">info@ptm-mechatronics.com<\/a><\/p>\n\n\t\t<\/div>\n\t<\/div>\n\t\n\t\n\n\t\t<\/div>\n\t\t\t\t\n<style>\n#col-262070341 > .col-inner {\n  padding: 0px 0px 0px 0px;\n  margin: 10px 0px 0px 0px;\n}\n<\/style>\n\t<\/div>\n\n\t\n\n\t<div id=\"col-305991290\" class=\"col pb-0 medium-12 small-12 large-4\"  >\n\t\t\t\t<div class=\"col-inner\" style=\"background-color:rgb(255, 255, 255);\" >\n\t\t\t\n\t\t\t\n\n\n\t\t<div class=\"icon-box featured-box icon-box-left text-left\"  >\n\t\t\t\t\t<div class=\"icon-box-img\" style=\"width: 75px\">\n\t\t\t\t<div class=\"icon\">\n\t\t\t\t\t<div class=\"icon-inner\" >\n\t\t\t\t\t\t<img loading=\"lazy\" decoding=\"async\" width=\"1\" height=\"1\" src=\"https:\/\/ptm-mechatronics.com\/wp-content\/uploads\/2023\/08\/form-icon.svg\" class=\"attachment-medium size-medium\" alt=\"\" \/>\t\t\t\t\t<\/div>\n\t\t\t\t<\/div>\n\t\t\t<\/div>\n\t\t\t\t<div class=\"icon-box-text last-reset\">\n\t\t\t\t\t\t\t\t\t\n\n<h3>Kapcsolatfelv\u00e9teli \u0171rlapunk<\/h3>\n<p>K\u00e9rj\u00fck, haszn\u00e1lja kapcsolatfelv\u00e9teli \u0171rlapunkat: <br \/><a href=\"\/hu\/kontakt\/\">A formanyomtatv\u00e1nyhoz<\/a><\/p>\n\n\t\t<\/div>\n\t<\/div>\n\t\n\t\n\n\t\t<\/div>\n\t\t\t\t\n<style>\n#col-305991290 > .col-inner {\n  margin: 10px 0px 0px 0px;\n}\n<\/style>\n\t<\/div>\n\n\t\n\n<\/div>\n\n\t\t<\/div>\n\n\t\t\n<style>\n#section_1938986593 {\n  padding-top: 80px;\n  padding-bottom: 80px;\n  background-color: rgb(239, 239, 239);\n}\n<\/style>\n\t<\/section>","protected":false},"excerpt":{"rendered":"","protected":false},"author":51,"featured_media":7953,"parent":0,"menu_order":0,"comment_status":"closed","ping_status":"closed","template":"page-blank.php","meta":{"_acf_changed":false,"footnotes":""},"class_list":["post-139","page","type-page","status-publish","has-post-thumbnail","hentry"],"acf":[],"_links":{"self":[{"href":"https:\/\/ptm-mechatronics.com\/hu\/wp-json\/wp\/v2\/pages\/139","targetHints":{"allow":["GET"]}}],"collection":[{"href":"https:\/\/ptm-mechatronics.com\/hu\/wp-json\/wp\/v2\/pages"}],"about":[{"href":"https:\/\/ptm-mechatronics.com\/hu\/wp-json\/wp\/v2\/types\/page"}],"author":[{"embeddable":true,"href":"https:\/\/ptm-mechatronics.com\/hu\/wp-json\/wp\/v2\/users\/51"}],"replies":[{"embeddable":true,"href":"https:\/\/ptm-mechatronics.com\/hu\/wp-json\/wp\/v2\/comments?post=139"}],"version-history":[{"count":32,"href":"https:\/\/ptm-mechatronics.com\/hu\/wp-json\/wp\/v2\/pages\/139\/revisions"}],"predecessor-version":[{"id":13440,"href":"https:\/\/ptm-mechatronics.com\/hu\/wp-json\/wp\/v2\/pages\/139\/revisions\/13440"}],"wp:featuredmedia":[{"embeddable":true,"href":"https:\/\/ptm-mechatronics.com\/hu\/wp-json\/wp\/v2\/media\/7953"}],"wp:attachment":[{"href":"https:\/\/ptm-mechatronics.com\/hu\/wp-json\/wp\/v2\/media?parent=139"}],"curies":[{"name":"wp","href":"https:\/\/api.w.org\/{rel}","templated":true}]}}