{"id":13599,"date":"2025-05-14T09:37:19","date_gmt":"2025-05-14T07:37:19","guid":{"rendered":"https:\/\/ptm-mechatronics.com\/?page_id=13599"},"modified":"2025-05-14T09:41:19","modified_gmt":"2025-05-14T07:41:19","slug":"widerrufsrecht","status":"publish","type":"page","link":"https:\/\/ptm-mechatronics.com\/hu\/widerrufsrecht\/","title":{"rendered":"El\u00e1ll\u00e1si jog"},"content":{"rendered":"<section class=\"section\" id=\"section_260356762\">\n\t\t<div class=\"section-bg fill\" >\n\t\t\t\t\t\t\t\t\t<div class=\"section-bg-overlay absolute fill\"><\/div>\n\t\t\t\n\n\t\t<\/div>\n\n\t\t\n\n\t\t<div class=\"section-content relative\">\n\t\t\t\n<h3 data-start=\"269\" data-end=\"308\"><span class=\"_fadeIn_m1hgl_8\">Nincs <\/span><span class=\"_fadeIn_m1hgl_8\">El\u00e1ll\u00e1si jog <\/span><span class=\"_fadeIn_m1hgl_8\">a  oldalon. <\/span><span class=\"_fadeIn_m1hgl_8\">V\u00e1llalkoz\u00f3<\/span><\/h3>\n<p data-start=\"310\" data-end=\"601\"><span class=\"_fadeIn_m1hgl_8\">A <\/span><span class=\"_fadeIn_m1hgl_8\">Aj\u00e1nlat <\/span><span class=\"_fadeIn_m1hgl_8\">ir\u00e1ny\u00edtott <\/span><span class=\"_fadeIn_m1hgl_8\">maga <\/span><span class=\"_fadeIn_m1hgl_8\">kiz\u00e1r\u00f3lag <\/span><span class=\"_fadeIn_m1hgl_8\">a  oldalon <\/span><span class=\"_fadeIn_m1hgl_8\">V\u00e1llalkoz\u00f3 <\/span><span class=\"_fadeIn_m1hgl_8\">a <\/span><span class=\"_fadeIn_m1hgl_8\">\u00c9rz\u00e9kek <\/span><span class=\"_fadeIn_m1hgl_8\">a <a href=\"https:\/\/www.gesetze-im-internet.de\/bgb\/__14.html\" target=\"_blank\" rel=\"noopener\">\u00a7 <\/a><\/span><span class=\"_fadeIn_m1hgl_8\">14 <\/span><span class=\"_fadeIn_m1hgl_8\">N\u00c9MET POLG\u00c1RI T\u00d6RV\u00c9NYK\u00d6NYV<\/span><span class=\"_fadeIn_m1hgl_8\">, <\/span><span class=\"_fadeIn_m1hgl_8\">teh\u00e1t <\/span><span class=\"_fadeIn_m1hgl_8\">a  oldalon <\/span><span class=\"_fadeIn_m1hgl_8\">term\u00e9szetes <\/span><span class=\"_fadeIn_m1hgl_8\">vagy <\/span><span class=\"_fadeIn_m1hgl_8\">jogi <\/span><span class=\"_fadeIn_m1hgl_8\">Szem\u00e9lyek <\/span><span class=\"_fadeIn_m1hgl_8\">resp. <\/span><span class=\"_fadeIn_m1hgl_8\">cselekv\u0151k\u00e9pes <\/span><span class=\"_fadeIn_m1hgl_8\">Partners\u00e9gek, <\/span><span class=\"_fadeIn_m1hgl_8\">a <\/span><span class=\"_fadeIn_m1hgl_8\">a  c\u00edmen <\/span><span class=\"_fadeIn_m1hgl_8\">K\u00f6vetkeztet\u00e9s <\/span><span class=\"_fadeIn_m1hgl_8\">a <\/span><span class=\"_fadeIn_m1hgl_8\">Jogi tranzakci\u00f3 <\/span><span class=\"_fadeIn_m1hgl_8\">a  oldalon. <\/span><span class=\"_fadeIn_m1hgl_8\">Gyakorlat <\/span><span class=\"_fadeIn_m1hgl_8\">a <\/span><span class=\"_fadeIn_m1hgl_8\">kereskedelmi <\/span><span class=\"_fadeIn_m1hgl_8\">vagy <\/span><span class=\"_fadeIn_m1hgl_8\">f\u00fcggetlen <\/span><span class=\"_fadeIn_m1hgl_8\">szakmai <\/span><span class=\"_fadeIn_m1hgl_8\">Tev\u00e9kenys\u00e9g <\/span><span class=\"_fadeIn_m1hgl_8\">cselekedet.<\/span><\/p>\n<p data-start=\"603\" data-end=\"659\"><span class=\"_fadeIn_m1hgl_8\">A <\/span><span class=\"_fadeIn_m1hgl_8\">jogi <\/span><span class=\"_fadeIn_m1hgl_8\">El\u00e1ll\u00e1si jog <\/span><span class=\"_fadeIn_m1hgl_8\">l\u00e9tezik <\/span><span class=\"_fadeIn_m1hgl_8\">ez\u00e9rt <\/span><span class=\"_fadeIn_m1hgl_8\">nem.<\/span><\/p>\n<h3 data-start=\"661\" data-end=\"699\"><span class=\"_fadeIn_m1hgl_8\">Mi\u00e9rt <\/span><span class=\"_fadeIn_m1hgl_8\">Nem alkalmazhat\u00f3 <\/span><span class=\"_fadeIn_m1hgl_8\">a <\/span><span class=\"_fadeIn_m1hgl_8\">El\u00e1ll\u00e1si jog?<\/span><\/h3>\n<p data-start=\"701\" data-end=\"976\"><span class=\"_fadeIn_m1hgl_8\">A <\/span><span class=\"_fadeIn_m1hgl_8\">El\u00e1ll\u00e1si jog <\/span><span class=\"_fadeIn_m1hgl_8\">a  c\u00edmre. <a href=\"https:\/\/www.gesetze-im-internet.de\/bgb\/__355.html\" target=\"_blank\" rel=\"noopener\">\u00a7 <\/a><\/span><a href=\"\/hu\/_wp_link_placeholder\/\"><span class=\"_fadeIn_m1hgl_8\">355 <\/span><span class=\"_fadeIn_m1hgl_8\">N\u00c9MET POLG\u00c1RI T\u00d6RV\u00c9NYK\u00d6NYV <\/span><\/a><span class=\"_fadeIn_m1hgl_8\">vonatkozik <\/span><span class=\"_fadeIn_m1hgl_8\">kiz\u00e1r\u00f3lag <\/span><span class=\"_fadeIn_m1hgl_8\">a  oldalon. <\/span><span class=\"_fadeIn_m1hgl_8\">Fogyaszt\u00f3k. <\/span><span class=\"_fadeIn_m1hgl_8\">Mivel <\/span><span class=\"_fadeIn_m1hgl_8\">mi <\/span><span class=\"_fadeIn_m1hgl_8\">kiz\u00e1r\u00f3lag <\/span><span class=\"_fadeIn_m1hgl_8\">a  c\u00edmen <\/span><span class=\"_fadeIn_m1hgl_8\">\u00dczleti \u00fcgyfelek <\/span><span class=\"_fadeIn_m1hgl_8\">egy\u00fctt dolgozni, <\/span><span class=\"_fadeIn_m1hgl_8\">Nem alkalmazhat\u00f3 <\/span><span class=\"_fadeIn_m1hgl_8\">a <\/span><span class=\"_fadeIn_m1hgl_8\">K\u00f6telez\u0151 <\/span><span class=\"_fadeIn_m1hgl_8\">a <\/span><span class=\"_fadeIn_m1hgl_8\">Koncesszi\u00f3 <\/span><span class=\"_fadeIn_m1hgl_8\">egy <\/span><span class=\"_fadeIn_m1hgl_8\">ilyen <\/span><span class=\"_fadeIn_m1hgl_8\">El\u00e1ll\u00e1si jog. <\/span><span class=\"_fadeIn_m1hgl_8\">Ezek a <\/span><span class=\"_fadeIn_m1hgl_8\">Szab\u00e1lyoz\u00e1s <\/span><span class=\"_fadeIn_m1hgl_8\">a  szolg\u00e1l fel. <\/span><span class=\"_fadeIn_m1hgl_8\">a <\/span><span class=\"_fadeIn_m1hgl_8\">Tisztas\u00e1g <\/span><span class=\"_fadeIn_m1hgl_8\">\u00e9s <\/span><span class=\"_fadeIn_m1hgl_8\">a <\/span><span class=\"_fadeIn_m1hgl_8\">M\u00e9lt\u00e1nyoss\u00e1g <\/span><span class=\"_fadeIn_m1hgl_8\">a <\/span><span class=\"_fadeIn_m1hgl_8\">\u00fczleti <\/span><span class=\"_fadeIn_m1hgl_8\">Forgalom.<\/span><\/p>\n<h3 data-start=\"978\" data-end=\"1015\"><span class=\"_fadeIn_m1hgl_8\">A <\/span><span class=\"_fadeIn_m1hgl_8\">\u00f6nk\u00e9ntes <\/span><span class=\"_fadeIn_m1hgl_8\">Goodwill c\u00e9ltartal\u00e9k<\/span><\/h3>\n<p data-start=\"1017\" data-end=\"1322\"><span class=\"_fadeIn_m1hgl_8\">Tov\u00e1bb\u00e1 <\/span><span class=\"_fadeIn_m1hgl_8\">amikor <\/span><span class=\"_fadeIn_m1hgl_8\">nincs <\/span><span class=\"_fadeIn_m1hgl_8\">jogi <\/span><span class=\"_fadeIn_m1hgl_8\">K\u00f6vetel\u00e9s <\/span><span class=\"_fadeIn_m1hgl_8\">a  oldalon <\/span><span class=\"_fadeIn_m1hgl_8\">Visszavon\u00e1s <\/span><span class=\"_fadeIn_m1hgl_8\">l\u00e9tezik, <\/span><span class=\"_fadeIn_m1hgl_8\">a <\/span><span class=\"_fadeIn_m1hgl_8\">us <\/span><span class=\"_fadeIn_m1hgl_8\">Az \u00d6n <\/span><span class=\"_fadeIn_m1hgl_8\">El\u00e9gedetts\u00e9g <\/span><span class=\"_fadeIn_m1hgl_8\">fontos. <\/span><span class=\"_fadeIn_m1hgl_8\">Kell <\/span><span class=\"_fadeIn_m1hgl_8\">it <\/span><span class=\"_fadeIn_m1hgl_8\">egyszer <\/span><span class=\"_fadeIn_m1hgl_8\">a  c\u00edmre. <\/span><span class=\"_fadeIn_m1hgl_8\">probl\u00e9m\u00e1k <\/span><span class=\"_fadeIn_m1hgl_8\">a  c\u00edmen <\/span><span class=\"_fadeIn_m1hgl_8\">egy <\/span><span class=\"_fadeIn_m1hgl_8\">sz\u00e1ll\u00edt\u00e1s <\/span><span class=\"_fadeIn_m1hgl_8\">vagy <\/span><span class=\"_fadeIn_m1hgl_8\">egy <\/span><span class=\"_fadeIn_m1hgl_8\">Term\u00e9k <\/span><span class=\"_fadeIn_m1hgl_8\">j\u00f6jj\u00f6n, <\/span><span class=\"_fadeIn_m1hgl_8\">set <\/span><span class=\"_fadeIn_m1hgl_8\">Te <\/span><span class=\"_fadeIn_m1hgl_8\">maga <\/span><span class=\"_fadeIn_m1hgl_8\">k\u00e9rj\u00fck, <\/span><span class=\"_fadeIn_m1hgl_8\">a  c\u00edmen <\/span><span class=\"_fadeIn_m1hgl_8\">us <\/span><span class=\"_fadeIn_m1hgl_8\">a  oldalon. <\/span><span class=\"_fadeIn_m1hgl_8\">Csatlakoz\u00e1s. <\/span><span class=\"_fadeIn_m1hgl_8\">Mi <\/span><span class=\"_fadeIn_m1hgl_8\">ellen\u0151rizze a  c\u00edmet. <\/span><span class=\"_fadeIn_m1hgl_8\">egy\u00fctt <\/span><span class=\"_fadeIn_m1hgl_8\">egy <\/span><span class=\"_fadeIn_m1hgl_8\">\u00fcgyf\u00e9lk\u00f6zpont\u00fa <\/span><span class=\"_fadeIn_m1hgl_8\">Megold\u00e1s <\/span><span class=\"_fadeIn_m1hgl_8\">a <\/span><span class=\"_fadeIn_m1hgl_8\">Keret <\/span><span class=\"_fadeIn_m1hgl_8\">a <\/span><span class=\"_fadeIn_m1hgl_8\">Goodwill c\u00e9ltartal\u00e9k<\/span><span class=\"_fadeIn_m1hgl_8\">.<\/span><\/p>\n<p data-start=\"1324\" data-end=\"1439\"><span class=\"_fadeIn_m1hgl_8\">Kapcsolatfelv\u00e9tel <\/span><span class=\"_fadeIn_m1hgl_8\">Te <\/span><span class=\"_fadeIn_m1hgl_8\">us <\/span><span class=\"_fadeIn_m1hgl_8\">r\u00e1ad\u00e1sul <\/span><span class=\"_fadeIn_m1hgl_8\">egyszer\u0171 <\/span><span class=\"_fadeIn_m1hgl_8\">per <\/span><span class=\"_fadeIn_m1hgl_8\">E-<\/span><span class=\"_fadeIn_m1hgl_8\">Mail <\/span><span class=\"_fadeIn_m1hgl_8\">info@ptm-mechatronics.<\/span><span class=\"_fadeIn_m1hgl_8\">com<\/span> <span class=\"_fadeIn_m1hgl_8\">vagy <\/span><span class=\"_fadeIn_m1hgl_8\">telefonon <\/span><span class=\"_fadeIn_m1hgl_8\">a +<\/span><span class=\"_fadeIn_m1hgl_8\">49 8134 25 797 0<\/span><span class=\"_fadeIn_m1hgl_8\">.<\/span><\/p>\n<h3 data-start=\"1441\" data-end=\"1466\"><span class=\"_fadeIn_m1hgl_8\">Tov\u00e1bbi <\/span><span class=\"_fadeIn_m1hgl_8\">Inform\u00e1ci\u00f3k<\/span><\/h3>\n<p data-start=\"1468\" data-end=\"1655\"><span class=\"_fadeIn_m1hgl_8\">R\u00e9szletes <\/span><span class=\"_fadeIn_m1hgl_8\">Inform\u00e1ci\u00f3k <\/span><span class=\"_fadeIn_m1hgl_8\">Keresd meg a <\/span><span class=\"_fadeIn_m1hgl_8\">Te <\/span><span class=\"_fadeIn_m1hgl_8\">a  oldalon. <\/span><span class=\"_fadeIn_m1hgl_8\">a mi\u00e9nk <\/span><a href=\"https:\/\/ptm-mechatronics.com\/hu\/agb\/\" target=\"_blank\" rel=\"noopener\"><span class=\"_fadeIn_m1hgl_8\">\u00c1ltal\u00e1nos <\/span><span class=\"_fadeIn_m1hgl_8\">Felt\u00e9telek \u00e9s kik\u00f6t\u00e9sek (<\/span><span class=\"_fadeIn_m1hgl_8\">GTC)<\/span><\/a><span class=\"_fadeIn_m1hgl_8\">, <\/span><span class=\"_fadeIn_m1hgl_8\">a  oldalon. <\/span><span class=\"_fadeIn_m1hgl_8\">azok <\/span><span class=\"_fadeIn_m1hgl_8\">is <\/span><span class=\"_fadeIn_m1hgl_8\">szab\u00e1lyozott <\/span><span class=\"_fadeIn_m1hgl_8\">az, <\/span><span class=\"_fadeIn_m1hgl_8\">hogy <\/span><span class=\"_fadeIn_m1hgl_8\">a <\/span><span class=\"_fadeIn_m1hgl_8\">Aj\u00e1nlat <\/span><span class=\"_fadeIn_m1hgl_8\">kiz\u00e1r\u00f3lag <\/span><span class=\"_fadeIn_m1hgl_8\">a  oldalon. <\/span><span class=\"_fadeIn_m1hgl_8\">kereskedelmi <\/span><span class=\"_fadeIn_m1hgl_8\">\u00dcgyfelek <\/span><span class=\"_fadeIn_m1hgl_8\">vonatkozik.<\/span><\/p>\n\t\t<\/div>\n\n\t\t\n<style>\n#section_260356762 {\n  padding-top: 30px;\n  padding-bottom: 30px;\n}\n#section_260356762 .section-bg-overlay {\n  background-color: rgba(255, 255, 255, 0.459);\n}\n<\/style>\n\t<\/section>","protected":false},"excerpt":{"rendered":"","protected":false},"author":5,"featured_media":0,"parent":0,"menu_order":0,"comment_status":"closed","ping_status":"closed","template":"","meta":{"_acf_changed":false,"footnotes":""},"class_list":["post-13599","page","type-page","status-publish","hentry"],"acf":[],"_links":{"self":[{"href":"https:\/\/ptm-mechatronics.com\/hu\/wp-json\/wp\/v2\/pages\/13599","targetHints":{"allow":["GET"]}}],"collection":[{"href":"https:\/\/ptm-mechatronics.com\/hu\/wp-json\/wp\/v2\/pages"}],"about":[{"href":"https:\/\/ptm-mechatronics.com\/hu\/wp-json\/wp\/v2\/types\/page"}],"author":[{"embeddable":true,"href":"https:\/\/ptm-mechatronics.com\/hu\/wp-json\/wp\/v2\/users\/5"}],"replies":[{"embeddable":true,"href":"https:\/\/ptm-mechatronics.com\/hu\/wp-json\/wp\/v2\/comments?post=13599"}],"version-history":[{"count":6,"href":"https:\/\/ptm-mechatronics.com\/hu\/wp-json\/wp\/v2\/pages\/13599\/revisions"}],"predecessor-version":[{"id":13608,"href":"https:\/\/ptm-mechatronics.com\/hu\/wp-json\/wp\/v2\/pages\/13599\/revisions\/13608"}],"wp:attachment":[{"href":"https:\/\/ptm-mechatronics.com\/hu\/wp-json\/wp\/v2\/media?parent=13599"}],"curies":[{"name":"wp","href":"https:\/\/api.w.org\/{rel}","templated":true}]}}