{"id":7834,"date":"2024-02-07T17:44:54","date_gmt":"2024-02-07T17:44:54","guid":{"rendered":""},"modified":"2026-05-04T12:51:39","modified_gmt":"2026-05-04T10:51:39","slug":"stativruehrwerk-fuer-60-liter-fass-antrieb-atex-zone-1","status":"publish","type":"product","link":"https:\/\/ptm-mechatronics.com\/fr\/product\/stativruehrwerk-fuer-60-liter-fass-antrieb-atex-zone-1\/","title":{"rendered":"Agitateur sur pied pour f\u00fbt de 60 litres - entra\u00eenement ATEX zone 1"},"content":{"rendered":"<h1><span style=\"font-size: 90%;\">Agitateur sur pied pour f\u00fbts de 100 litres - s\u00fbr, ergonomique et performant<\/span><\/h1>\n<p>L'agitateur sur pied pour f\u00fbts de 100 litres se compose d'un entra\u00eenement pneumatique puissant avec couvercle, d'un pied stable avec dispositif de levage automatique et pupitre de commande, ainsi que d'un arbre d'agitation avec organe d'agitation \u00e0 godets eco-Cup en acier inoxydable V4A 1.4404 de haute qualit\u00e9. Les composants sont parfaitement adapt\u00e9s \u00e0 l'agitation de produits peu ou tr\u00e8s visqueux dans des f\u00fbts de 100 litres et garantissent un r\u00e9sultat d'agitation fiable et r\u00e9gulier.<\/p>\n<p>Le dispositif de levage automatique permet un travail ergonomique et s\u00fbr ainsi qu'un changement de r\u00e9cipient rapide et confortable. Le processus d'agitation est command\u00e9 de mani\u00e8re simple et claire par le pupitre de commande sur le statif.<\/p>\n<p>Pour plus de s\u00e9curit\u00e9, l'agitateur sur pied dispose d'un arr\u00eat automatique lorsque le couvercle est soulev\u00e9, ce qui \u00e9vite de mettre la main dans les pi\u00e8ces mobiles. Lorsqu'il est abaiss\u00e9, l'agitateur d\u00e9marre automatiquement gr\u00e2ce \u00e0 un syst\u00e8me de d\u00e9tection de r\u00e9cipient int\u00e9gr\u00e9.<\/p>\n<p>Livraison sans f\u00fbt.<\/p>","protected":false},"excerpt":{"rendered":"<p>Puissant agitateur sur pied pour f\u00fbt de 100 litres - entra\u00eenement certifi\u00e9 pour la zone 1 ATEX - haute s\u00e9curit\u00e9 de travail.<\/p>","protected":false},"featured_media":15445,"comment_status":"open","ping_status":"closed","template":"","meta":{"_acf_changed":false},"product_brand":[],"product_cat":[595,603],"product_tag":[],"class_list":{"0":"post-7834","1":"product","2":"type-product","3":"status-publish","4":"has-post-thumbnail","6":"product_cat-ruehrwerkstechnik","7":"product_cat-fassruehrwerke","8":"product_shipping_class-europalette-speditionsversand","9":"pa_antriebsart-pneumatisch","10":"pa_atex-zone-122122","11":"pa_behaeltervolumen-60-liter","12":"pa_deckeldurchmesser-440mm","13":"pa_dichtung-ptfe","14":"pa_drehmoment-4nm","15":"pa_drehzahl-0-300-1-min","16":"pa_durchmesser-ruehrwelle-16mm","17":"pa_ex-gas-ex-ii-2-g-ex-h-iic-t5-gb-x","18":"pa_ex-staub-ex-ii-2-d-ex-h-iiic-t100c-db-x","19":"pa_geeignete-fassdurchmesser-60-liter","20":"pa_geraeuschpegel-75db","21":"pa_gesamtbreite-550mm","22":"pa_gesamthoehe-1746mm","23":"pa_gesamttiefe-700mm","24":"pa_labs-oel-und-silikonfrei","25":"pa_laenge-ruehrwelle-ca-540mm-ab-deckeloberkante","26":"pa_material-deckel-v4a-edelstahl-1-4404","27":"pa_mittlerer-luftverbrauch-25l-min","28":"pa_model-eco-station","29":"pa_ruehrorgan-becherruehrorgan-eco-cup-210mm","30":"pa_stativverfahrweg-700mm","31":"pa_typ-stativruehrwerk","32":"pa_versorgung-5-6bar","34":"first","35":"instock","36":"taxable","37":"shipping-taxable","38":"purchasable","39":"product-type-simple"},"bundled_by":[],"bundle_stock_status":"instock","bundle_stock_quantity":null,"bundle_virtual":false,"bundle_layout":"","bundle_add_to_cart_form_location":"","bundle_editable_in_cart":false,"bundle_sold_individually_context":"","bundle_item_grouping":"","bundle_min_size":"","bundle_max_size":"","bundle_price":[],"bundled_items":[],"bundle_sell_ids":[],"exclude_global_add_ons":[],"addons":[],"acf":[],"_links":{"self":[{"href":"https:\/\/ptm-mechatronics.com\/fr\/wp-json\/wp\/v2\/product\/7834","targetHints":{"allow":["GET"]}}],"collection":[{"href":"https:\/\/ptm-mechatronics.com\/fr\/wp-json\/wp\/v2\/product"}],"about":[{"href":"https:\/\/ptm-mechatronics.com\/fr\/wp-json\/wp\/v2\/types\/product"}],"replies":[{"embeddable":true,"href":"https:\/\/ptm-mechatronics.com\/fr\/wp-json\/wp\/v2\/comments?post=7834"}],"wp:featuredmedia":[{"embeddable":true,"href":"https:\/\/ptm-mechatronics.com\/fr\/wp-json\/wp\/v2\/media\/15445"}],"wp:attachment":[{"href":"https:\/\/ptm-mechatronics.com\/fr\/wp-json\/wp\/v2\/media?parent=7834"}],"wp:term":[{"taxonomy":"product_brand","embeddable":true,"href":"https:\/\/ptm-mechatronics.com\/fr\/wp-json\/wp\/v2\/product_brand?post=7834"},{"taxonomy":"product_cat","embeddable":true,"href":"https:\/\/ptm-mechatronics.com\/fr\/wp-json\/wp\/v2\/product_cat?post=7834"},{"taxonomy":"product_tag","embeddable":true,"href":"https:\/\/ptm-mechatronics.com\/fr\/wp-json\/wp\/v2\/product_tag?post=7834"}],"curies":[{"name":"wp","href":"https:\/\/api.w.org\/{rel}","templated":true}]}}