{"id":7830,"date":"2024-02-07T17:44:52","date_gmt":"2024-02-07T17:44:52","guid":{"rendered":""},"modified":"2025-11-07T15:54:51","modified_gmt":"2025-11-07T14:54:51","slug":"abluftfilter-paket-lebensmittelkonform","status":"publish","type":"product","link":"https:\/\/ptm-mechatronics.com\/fr\/product\/abluftfilter-paket-lebensmittelkonform\/","title":{"rendered":"Ensemble de filtres d'\u00e9vacuation pour entra\u00eenements PTM conformes aux normes alimentaires"},"content":{"rendered":"<h2 data-start=\"203\" data-end=\"287\"><span style=\"font-size: 75%;\">Ensemble de filtres d'\u00e9vacuation d'air pour les entra\u00eenements pneumatiques PTM - silencieux, s\u00fbrs, conformes aux normes alimentaires<\/span><\/h2>\n<p data-start=\"289\" data-end=\"646\">Le pack de filtration de l'air d'\u00e9chappement pour les entra\u00eenements pneumatiques PTM assure une r\u00e9duction efficace du bruit et une \u00e9vacuation s\u00fbre de l'air d'\u00e9chappement. Un silencieux int\u00e9gr\u00e9 r\u00e9duit de mani\u00e8re fiable le niveau sonore de fonctionnement \u00e0 seulement 50 dB(A) - id\u00e9al pour les environnements de production sensibles au bruit tels que les laboratoires, les salles blanches ou les zones de production ouvertes.<\/p>\n<p data-start=\"648\" data-end=\"880\">En m\u00eame temps, le syst\u00e8me garantit une \u00e9vacuation cibl\u00e9e et contr\u00f4l\u00e9e de l'air vici\u00e9 et prot\u00e8ge ainsi aussi bien les op\u00e9rateurs que les processus voisins des turbulences d'air g\u00eanantes, de l'humidit\u00e9 ou des risques de contamination.<\/p>\n<p data-start=\"882\" data-end=\"1209\">Atout particulier : gr\u00e2ce au set de tuyaux conforme aux normes FDA, l'ensemble du filtre d'\u00e9vacuation d'air convient \u00e9galement \u00e0 l'utilisation dans l'industrie alimentaire. Les composants utilis\u00e9s r\u00e9pondent aux exigences des applications sensibles sur le plan de l'hygi\u00e8ne et permettent un fonctionnement s\u00fbr dans les zones proches des denr\u00e9es alimentaires et des produits pharmaceutiques.<\/p>","protected":false},"excerpt":{"rendered":"<p>Le package de filtration de l'air sortant conforme aux normes alimentaires pour les entra\u00eenements pneumatiques PTM r\u00e9duit le bruit \u00e0 50 dB(A) et \u00e9vacue l'air sortant de mani\u00e8re s\u00fbre et hygi\u00e9nique - id\u00e9al pour les environnements industriels sensibles.<\/p>","protected":false},"featured_media":15452,"comment_status":"open","ping_status":"closed","template":"","meta":{"_acf_changed":false},"product_brand":[],"product_cat":[595,1421],"product_tag":[3044,3045,3030,3046,3031,3032,3034,3035,3040,3041,3042,3043],"class_list":{"0":"post-7830","1":"product","2":"type-product","3":"status-publish","4":"has-post-thumbnail","6":"product_cat-ruehrwerkstechnik","7":"product_cat-zubehoer-ruehrwerkstechnik","8":"product_tag-druckluftmotor-zubehoer","9":"product_tag-atex-schalldaempfer","10":"product_tag-abluftfilter-druckluftmotor","11":"product_tag-drucklufttechnik-lebensmittelindustrie","12":"product_tag-schalldaempfer-ptm","13":"product_tag-abluftfuehrung-druckluftantrieb","14":"product_tag-geraeuschreduzierung-druckluft","15":"product_tag-druckluftfilter-50-db","16":"product_tag-fda-konformes-filterpaket","17":"product_tag-lebensmittelkonformer-schalldaempfer","18":"product_tag-filtermodul-ptm-motor","19":"product_tag-hygienischer-luftfilter","20":"product_shipping_class-karton-paketversand","21":"pa_schlauchlaenge-50mm","23":"first","24":"instock","25":"taxable","26":"shipping-taxable","27":"purchasable","28":"product-type-variable"},"bundled_by":[],"bundle_stock_status":"instock","bundle_stock_quantity":null,"bundle_virtual":false,"bundle_layout":"","bundle_add_to_cart_form_location":"","bundle_editable_in_cart":false,"bundle_sold_individually_context":"","bundle_item_grouping":"","bundle_min_size":"","bundle_max_size":"","bundle_price":[],"bundled_items":[],"bundle_sell_ids":[],"exclude_global_add_ons":[],"addons":[],"acf":[],"_links":{"self":[{"href":"https:\/\/ptm-mechatronics.com\/fr\/wp-json\/wp\/v2\/product\/7830","targetHints":{"allow":["GET"]}}],"collection":[{"href":"https:\/\/ptm-mechatronics.com\/fr\/wp-json\/wp\/v2\/product"}],"about":[{"href":"https:\/\/ptm-mechatronics.com\/fr\/wp-json\/wp\/v2\/types\/product"}],"replies":[{"embeddable":true,"href":"https:\/\/ptm-mechatronics.com\/fr\/wp-json\/wp\/v2\/comments?post=7830"}],"wp:featuredmedia":[{"embeddable":true,"href":"https:\/\/ptm-mechatronics.com\/fr\/wp-json\/wp\/v2\/media\/15452"}],"wp:attachment":[{"href":"https:\/\/ptm-mechatronics.com\/fr\/wp-json\/wp\/v2\/media?parent=7830"}],"wp:term":[{"taxonomy":"product_brand","embeddable":true,"href":"https:\/\/ptm-mechatronics.com\/fr\/wp-json\/wp\/v2\/product_brand?post=7830"},{"taxonomy":"product_cat","embeddable":true,"href":"https:\/\/ptm-mechatronics.com\/fr\/wp-json\/wp\/v2\/product_cat?post=7830"},{"taxonomy":"product_tag","embeddable":true,"href":"https:\/\/ptm-mechatronics.com\/fr\/wp-json\/wp\/v2\/product_tag?post=7830"}],"curies":[{"name":"wp","href":"https:\/\/api.w.org\/{rel}","templated":true}]}}