{"id":7666,"date":"2024-02-07T17:44:21","date_gmt":"2024-02-07T17:44:21","guid":{"rendered":"https:\/\/ptm-mechatronics.com\/product\/pneumatisches-stativruehrwerk-fuer-30-liter-fass-atex\/"},"modified":"2026-03-09T10:28:30","modified_gmt":"2026-03-09T09:28:30","slug":"pneumatisches-stativruehrwerk-fuer-30-liter-fass-atex","status":"publish","type":"product","link":"https:\/\/ptm-mechatronics.com\/fr\/product\/pneumatisches-stativruehrwerk-fuer-30-liter-fass-atex\/","title":{"rendered":"Agitateur pneumatique sur pied pour f\u00fbt de 30 litres - ATEX"},"content":{"rendered":"<p data-start=\"372\" data-end=\"913\"><span class=\"_fadeIn_m1hgl_8\">Le site <\/span><span class=\"_fadeIn_m1hgl_8\">Agitateur sur pied <\/span><span class=\"_fadeIn_m1hgl_8\">pour 3<\/span><span class=\"_fadeIn_m1hgl_8\">0-<\/span><span class=\"_fadeIn_m1hgl_8\">litre-<\/span><span class=\"_fadeIn_m1hgl_8\">F\u00fbts<\/span> <span class=\"_fadeIn_m1hgl_8\">a \u00e9t\u00e9 <\/span><span class=\"_fadeIn_m1hgl_8\">pour <\/span><span class=\"_fadeIn_m1hgl_8\">le <\/span><span class=\"_fadeIn_m1hgl_8\">efficace <\/span><span class=\"_fadeIn_m1hgl_8\">et <\/span><span class=\"_fadeIn_m1hgl_8\">s\u00e9curis\u00e9 <\/span><span class=\"_fadeIn_m1hgl_8\">Traitement <\/span><span class=\"_fadeIn_m1hgl_8\">bas- <\/span><span class=\"_fadeIn_m1hgl_8\">jusqu'\u00e0 <\/span><span class=\"_fadeIn_m1hgl_8\">haute viscosit\u00e9 <\/span><span class=\"_fadeIn_m1hgl_8\">Fluides en zone ATEX 1 ou 0\/1<\/span> <span class=\"_fadeIn_m1hgl_8\">d\u00e9velopp\u00e9. <\/span><span class=\"_fadeIn_m1hgl_8\">Il <\/span><span class=\"_fadeIn_m1hgl_8\">existe <\/span><span class=\"_fadeIn_m1hgl_8\">de <\/span><span class=\"_fadeIn_m1hgl_8\">un <\/span><span class=\"_fadeIn_m1hgl_8\">puissants, <\/span><span class=\"_fadeIn_m1hgl_8\">pneumatique <\/span><span class=\"_fadeIn_m1hgl_8\">Entra\u00eenement<\/span><span class=\"_fadeIn_m1hgl_8\">, <\/span><span class=\"_fadeIn_m1hgl_8\">un <\/span><span class=\"_fadeIn_m1hgl_8\">massif <\/span><span class=\"_fadeIn_m1hgl_8\">Acier inoxydable-<\/span><span class=\"_fadeIn_m1hgl_8\">Couvercle<\/span><span class=\"_fadeIn_m1hgl_8\">, <\/span><span class=\"_fadeIn_m1hgl_8\">d'une <\/span><span class=\"_fadeIn_m1hgl_8\">Arbre d'agitation <\/span><span class=\"_fadeIn_m1hgl_8\">avec <\/span><span class=\"_fadeIn_m1hgl_8\">Organe d'agitation<\/span>\u00a0<span class=\"_fadeIn_m1hgl_8\">ainsi que <\/span><span class=\"_fadeIn_m1hgl_8\">un <\/span><span class=\"_fadeIn_m1hgl_8\">Tr\u00e9pied <\/span><span class=\"_fadeIn_m1hgl_8\">avec <\/span><span class=\"_fadeIn_m1hgl_8\">automatique <\/span><span class=\"_fadeIn_m1hgl_8\">Dispositif de levage <\/span><span class=\"_fadeIn_m1hgl_8\">et <\/span><span class=\"_fadeIn_m1hgl_8\">Panneau de commande<\/span><span class=\"_fadeIn_m1hgl_8\">. <\/span><span class=\"_fadeIn_m1hgl_8\">Tous les <\/span><span class=\"_fadeIn_m1hgl_8\">en contact avec le milieu <\/span><span class=\"_fadeIn_m1hgl_8\">Composants - <\/span><span class=\"_fadeIn_m1hgl_8\">Arbre d'agitation <\/span><span class=\"_fadeIn_m1hgl_8\">et <\/span><span class=\"_fadeIn_m1hgl_8\">Organe d'agitation<\/span><span class=\"_fadeIn_m1hgl_8\"> \u2013 <\/span><span class=\"_fadeIn_m1hgl_8\">sont <\/span><span class=\"_fadeIn_m1hgl_8\">de <\/span><span class=\"_fadeIn_m1hgl_8\">V4A <\/span><span class=\"_fadeIn_m1hgl_8\">Acier inoxydable (<\/span><span class=\"_fadeIn_m1hgl_8\">1.4404)<\/span> <span class=\"_fadeIn_m1hgl_8\">fabriqu\u00e9 <\/span><span class=\"_fadeIn_m1hgl_8\">et <\/span><span class=\"_fadeIn_m1hgl_8\">offrent une grande <\/span><span class=\"_fadeIn_m1hgl_8\">Hygi\u00e8ne <\/span><span class=\"_fadeIn_m1hgl_8\">et <\/span><span class=\"_fadeIn_m1hgl_8\">R\u00e9sistance \u00e0 la corrosion.<\/span><\/p>\n<p data-start=\"915\" data-end=\"1293\"><span class=\"_fadeIn_m1hgl_8\">Le site <\/span><span class=\"_fadeIn_m1hgl_8\">Agitateur <\/span><span class=\"_fadeIn_m1hgl_8\">est <\/span><span class=\"_fadeIn_m1hgl_8\">enti\u00e8rement <\/span><span class=\"_fadeIn_m1hgl_8\">sur <\/span><span class=\"_fadeIn_m1hgl_8\">le site <\/span><span class=\"_fadeIn_m1hgl_8\">Utilisation <\/span><span class=\"_fadeIn_m1hgl_8\">dans <\/span><span class=\"_fadeIn_m1hgl_8\">standardis\u00e9 3<\/span><span class=\"_fadeIn_m1hgl_8\">0-<\/span><span class=\"_fadeIn_m1hgl_8\">litre-<\/span><span class=\"_fadeIn_m1hgl_8\">F\u00fbts<\/span> <span class=\"_fadeIn_m1hgl_8\">vot\u00e9 <\/span><span class=\"_fadeIn_m1hgl_8\">et <\/span><span class=\"_fadeIn_m1hgl_8\">offre <\/span><span class=\"_fadeIn_m1hgl_8\">un <\/span><span class=\"_fadeIn_m1hgl_8\">uniforme, <\/span><span class=\"_fadeIn_m1hgl_8\">homog\u00e8ne <\/span><span class=\"_fadeIn_m1hgl_8\">R\u00e9sultat de l'agitation<\/span><span class=\"_fadeIn_m1hgl_8\">, <\/span><span class=\"_fadeIn_m1hgl_8\">m\u00eame <\/span><span class=\"_fadeIn_m1hgl_8\">chez <\/span><span class=\"_fadeIn_m1hgl_8\">tenaces, <\/span><span class=\"_fadeIn_m1hgl_8\">visqueux <\/span><span class=\"_fadeIn_m1hgl_8\">substances. <\/span><span class=\"_fadeIn_m1hgl_8\">Le site <\/span><span class=\"_fadeIn_m1hgl_8\">automatique <\/span><span class=\"_fadeIn_m1hgl_8\">Dispositif de levage<\/span> <span class=\"_fadeIn_m1hgl_8\">facilite <\/span><span class=\"_fadeIn_m1hgl_8\">le <\/span><span class=\"_fadeIn_m1hgl_8\">Soulever <\/span><span class=\"_fadeIn_m1hgl_8\">et <\/span><span class=\"_fadeIn_m1hgl_8\">Abaisser <\/span><span class=\"_fadeIn_m1hgl_8\">du site <\/span><span class=\"_fadeIn_m1hgl_8\">agitateur, <\/span><span class=\"_fadeIn_m1hgl_8\">assure <\/span><span class=\"_fadeIn_m1hgl_8\">pour <\/span><span class=\"_fadeIn_m1hgl_8\">un <\/span><span class=\"_fadeIn_m1hgl_8\">s\u00e9curis\u00e9 <\/span><span class=\"_fadeIn_m1hgl_8\">Changement de r\u00e9cipient <\/span><span class=\"_fadeIn_m1hgl_8\">et <\/span><span class=\"_fadeIn_m1hgl_8\">r\u00e9duit <\/span><span class=\"_fadeIn_m1hgl_8\">physique <\/span><span class=\"_fadeIn_m1hgl_8\">Charge <\/span><span class=\"_fadeIn_m1hgl_8\">sur le site <\/span><span class=\"_fadeIn_m1hgl_8\">Le travail au quotidien.<\/span><\/p>\n<p data-start=\"1295\" data-end=\"1572\"><span class=\"_fadeIn_m1hgl_8\">Pour <\/span><span class=\"_fadeIn_m1hgl_8\">maximum <\/span><span class=\"_fadeIn_m1hgl_8\">S\u00e9curit\u00e9 au travail <\/span><span class=\"_fadeIn_m1hgl_8\">dispose <\/span><span class=\"_fadeIn_m1hgl_8\">le <\/span><span class=\"_fadeIn_m1hgl_8\">Agitateur <\/span><span class=\"_fadeIn_m1hgl_8\">sur <\/span><span class=\"_fadeIn_m1hgl_8\">un <\/span><span class=\"_fadeIn_m1hgl_8\">automatique <\/span><span class=\"_fadeIn_m1hgl_8\">Arr\u00eat <\/span><span class=\"_fadeIn_m1hgl_8\">sur le site <\/span><span class=\"_fadeIn_m1hgl_8\">Soulever <\/span><span class=\"_fadeIn_m1hgl_8\">du site <\/span><span class=\"_fadeIn_m1hgl_8\">Couvercle<\/span><span class=\"_fadeIn_m1hgl_8\">, <\/span><span class=\"_fadeIn_m1hgl_8\">pour <\/span><span class=\"_fadeIn_m1hgl_8\">Interventions <\/span><span class=\"_fadeIn_m1hgl_8\">dans <\/span><span class=\"_fadeIn_m1hgl_8\">mobile <\/span><span class=\"_fadeIn_m1hgl_8\">Pi\u00e8ces <\/span><span class=\"_fadeIn_m1hgl_8\">sur <\/span><span class=\"_fadeIn_m1hgl_8\">emp\u00eacher. <\/span><span class=\"_fadeIn_m1hgl_8\">Le site <\/span><span class=\"_fadeIn_m1hgl_8\">Processus d'agitation <\/span><span class=\"_fadeIn_m1hgl_8\">lance <\/span><span class=\"_fadeIn_m1hgl_8\">\u00e0 nouveau <\/span><span class=\"_fadeIn_m1hgl_8\">automatique <\/span><span class=\"_fadeIn_m1hgl_8\">sur <\/span><span class=\"_fadeIn_m1hgl_8\">un <\/span><span class=\"_fadeIn_m1hgl_8\">D\u00e9tection de r\u00e9cipients<\/span> <span class=\"_fadeIn_m1hgl_8\">sur le site <\/span><span class=\"_fadeIn_m1hgl_8\">Abaisser - <\/span><span class=\"_fadeIn_m1hgl_8\">efficace <\/span><span class=\"_fadeIn_m1hgl_8\">et <\/span><span class=\"_fadeIn_m1hgl_8\">en toute s\u00e9curit\u00e9.<\/span><\/p>\n<h3 data-start=\"1337\" data-end=\"1549\"><span class=\"_fadeIn_m1hgl_8\">Vos choix :<\/span><\/h3>\n<p>ATEX Zone 1 :<br \/>\nEx II 2 G Ex h IIC T5 Gb X<br \/>\nEx II 2 D Ex h IIIC T100\u00b0C Db X ou<br \/>\nATEX zone 0\/1 :<br \/>\nEx II 1\/2 G Ex h IIC T5 Ga\/Gb<br \/>\nEx II 1\/2 D Ex h IIIC T100\u00b0C Da\/Db<\/p>\n<p>Syst\u00e8me de changement rapide de l'arbre d'agitation :<br \/>\nNotre <a href=\"https:\/\/youtu.be\/TjagGW4DoyA?feature=shared\" target=\"_blank\" rel=\"noopener\">Syst\u00e8me de changement rapide eco-Quick<\/a> vous offre un changement rapide et propre de l'arbre d'agitation en quelques secondes, sans outil suppl\u00e9mentaire.<\/p>\n<p>Organe d'agitation \u00e0 godets eco-Cup ou m\u00e9langeur \u00e0 pales inclin\u00e9es :<br \/>\n<span class=\"_fadeIn_m1hgl_8\">Le site <\/span><span class=\"_fadeIn_m1hgl_8\">eco-<\/span><span class=\"_fadeIn_m1hgl_8\">Coupe <\/span><span class=\"_fadeIn_m1hgl_8\">Organe d'agitation des gobelets<\/span> <span class=\"_fadeIn_m1hgl_8\">offre <\/span><span class=\"_fadeIn_m1hgl_8\">par <\/span><span class=\"_fadeIn_m1hgl_8\">son <\/span><span class=\"_fadeIn_m1hgl_8\">laminaire <\/span><span class=\"_fadeIn_m1hgl_8\">Comportement d'agitation<\/span> <span class=\"_fadeIn_m1hgl_8\">un <\/span><span class=\"_fadeIn_m1hgl_8\">homog\u00e8ne <\/span><span class=\"_fadeIn_m1hgl_8\">M\u00e9lange<\/span><span class=\"_fadeIn_m1hgl_8\"> \u2013 <\/span><span class=\"_fadeIn_m1hgl_8\">m\u00eame <\/span><span class=\"_fadeIn_m1hgl_8\">chez <\/span><span class=\"_fadeIn_m1hgl_8\">exigeants, <\/span><span class=\"_fadeIn_m1hgl_8\">\u00e0 haute viscosit\u00e9 <\/span><span class=\"_fadeIn_m1hgl_8\">M\u00e9dias <\/span><span class=\"_fadeIn_m1hgl_8\">comme <\/span><span class=\"_fadeIn_m1hgl_8\">P\u00e2tes, <\/span><span class=\"_fadeIn_m1hgl_8\">Suspensions <\/span><span class=\"_fadeIn_m1hgl_8\">ou <\/span><span class=\"_fadeIn_m1hgl_8\">\u00c9mulsions.<\/span><\/p>\n<p data-start=\"1337\" data-end=\"1549\">Le m\u00e9langeur \u00e0 pales inclin\u00e9es convainc par sa caract\u00e9ristique de transport axiale avec une composante l\u00e9g\u00e8rement radiale et g\u00e9n\u00e8re ainsi un flux turbulent qui permet un m\u00e9lange particuli\u00e8rement efficace. Gr\u00e2ce \u00e0 sa construction robuste, il est id\u00e9al pour les substances \u00e0 viscosit\u00e9 \u00e9lev\u00e9e.<\/p>\n<p data-start=\"1337\" data-end=\"1549\">Concept d'utilisation :<br \/>\nL'agitateur sur pied est disponible en option avec un tableau de commande standard avec Dead-Man-Grip ou <a href=\"https:\/\/ptm-mechatronics.com\/fr\/product\/dguv-schalttafel\/\" target=\"_blank\" rel=\"noopener\">Tableau de commande DGUV<\/a> avec <a href=\"https:\/\/ptm-mechatronics.com\/fr\/grundlagen-guide\/not-aus\/\" target=\"_blank\" rel=\"noopener\">Arr\u00eat d'urgence<\/a> et <a href=\"https:\/\/ptm-mechatronics.com\/fr\/grundlagen-guide\/zweihandbedienung\/\" target=\"_blank\" rel=\"noopener\">Utilisation \u00e0 deux mains<\/a>.<\/p>\n<p data-start=\"1337\" data-end=\"1549\">Fixation :<br \/>\nL'agitateur sur pied est disponible avec une fixation murale ou au sol.<\/p>\n<p data-start=\"1617\" data-end=\"1648\"><span class=\"_fadeIn_m1hgl_8\">Avantages <\/span><span class=\"_fadeIn_m1hgl_8\">sur <\/span><span class=\"_fadeIn_m1hgl_8\">un <\/span><span class=\"_fadeIn_m1hgl_8\">Regard :<\/span><\/p>\n<ul>\n<li data-start=\"1651\" data-end=\"1697\"><span class=\"_fadeIn_m1hgl_8\">Pneumatique <\/span><span class=\"_fadeIn_m1hgl_8\">Entra\u00eenement <\/span><span class=\"_fadeIn_m1hgl_8\">pour <\/span><span class=\"_fadeIn_m1hgl_8\">puissant <\/span><span class=\"_fadeIn_m1hgl_8\">Repos<\/span><\/li>\n<li data-start=\"1651\" data-end=\"1697\">Certifi\u00e9 ATEX pour zone 1 ou 0\/1<\/li>\n<li data-start=\"1651\" data-end=\"1697\"><span class=\"_fadeIn_m1hgl_8\">Pour 3<\/span><span class=\"_fadeIn_m1hgl_8\">0-<\/span><span class=\"_fadeIn_m1hgl_8\">litre-<\/span><span class=\"_fadeIn_m1hgl_8\">F\u00fbts <\/span><span class=\"_fadeIn_m1hgl_8\">optimise<\/span><\/li>\n<li data-start=\"1651\" data-end=\"1697\"><span class=\"_fadeIn_m1hgl_8\">Arbre d'agitation &amp; <\/span><span class=\"_fadeIn_m1hgl_8\">eco-<\/span><span class=\"_fadeIn_m1hgl_8\">Coupe <\/span><span class=\"_fadeIn_m1hgl_8\">de <\/span><span class=\"_fadeIn_m1hgl_8\">V4A <\/span><span class=\"_fadeIn_m1hgl_8\">Acier inoxydable<\/span><\/li>\n<li data-start=\"1651\" data-end=\"1697\"><span class=\"_fadeIn_m1hgl_8\">Automatique <\/span><span class=\"_fadeIn_m1hgl_8\">Dispositif de levage <\/span><span class=\"_fadeIn_m1hgl_8\">pour <\/span><span class=\"_fadeIn_m1hgl_8\">ergonomique <\/span><span class=\"_fadeIn_m1hgl_8\">Travailler<\/span><\/li>\n<li data-start=\"1651\" data-end=\"1697\"><span class=\"_fadeIn_m1hgl_8\">Panneau de commande <\/span><span class=\"_fadeIn_m1hgl_8\">vers <\/span><span class=\"_fadeIn_m1hgl_8\">simple <\/span><span class=\"_fadeIn_m1hgl_8\">Contr\u00f4le<\/span><\/li>\n<li data-start=\"1651\" data-end=\"1697\"><span class=\"_fadeIn_m1hgl_8\">Arr\u00eat de s\u00e9curit\u00e9 <\/span><span class=\"_fadeIn_m1hgl_8\">chez <\/span><span class=\"_fadeIn_m1hgl_8\">Course du couvercle<\/span><\/li>\n<li data-start=\"1651\" data-end=\"1697\"><span class=\"_fadeIn_m1hgl_8\">Automatique <\/span><span class=\"_fadeIn_m1hgl_8\">Red\u00e9marrage <\/span><span class=\"_fadeIn_m1hgl_8\">par <\/span><span class=\"_fadeIn_m1hgl_8\">D\u00e9tection de r\u00e9cipients<\/span><\/li>\n<li data-start=\"1651\" data-end=\"1697\"><span class=\"_fadeIn_m1hgl_8\">Pour <\/span><span class=\"_fadeIn_m1hgl_8\">bas- <\/span><span class=\"_fadeIn_m1hgl_8\">jusqu'\u00e0 <\/span><span class=\"_fadeIn_m1hgl_8\">haute viscosit\u00e9 <\/span><span class=\"_fadeIn_m1hgl_8\">M\u00e9dias<\/span><\/li>\n<li data-start=\"1651\" data-end=\"1697\"><span class=\"_fadeIn_m1hgl_8\">Hygi\u00e9nique, <\/span><span class=\"_fadeIn_m1hgl_8\">en toute s\u00e9curit\u00e9, <\/span><span class=\"_fadeIn_m1hgl_8\">adapt\u00e9 \u00e0 l'industrie<\/span><\/li>\n<\/ul>","protected":false},"excerpt":{"rendered":"<p><span class=\"_fadeIn_m1hgl_8\">Agitateur sur pied ATEX <\/span><span class=\"_fadeIn_m1hgl_8\">pour 3<\/span><span class=\"_fadeIn_m1hgl_8\">0-<\/span><span class=\"_fadeIn_m1hgl_8\">litre-<\/span><span class=\"_fadeIn_m1hgl_8\">F\u00fbts <\/span><span class=\"_fadeIn_m1hgl_8\">avec <\/span><span class=\"_fadeIn_m1hgl_8\">pneumatique <\/span><span class=\"_fadeIn_m1hgl_8\">Entra\u00eenement, <\/span><span class=\"_fadeIn_m1hgl_8\">V4A-<\/span><span class=\"_fadeIn_m1hgl_8\">Composants, <\/span><span class=\"_fadeIn_m1hgl_8\">automatique <\/span><span class=\"_fadeIn_m1hgl_8\">Dispositif de levage, <\/span><span class=\"_fadeIn_m1hgl_8\">Arr\u00eat de s\u00e9curit\u00e9 <\/span><span class=\"_fadeIn_m1hgl_8\">et <\/span><span class=\"_fadeIn_m1hgl_8\">Organe d'agitation<\/span><span class=\"_fadeIn_m1hgl_8\">\u00a0<\/span><span class=\"_fadeIn_m1hgl_8\">pour <\/span><span class=\"_fadeIn_m1hgl_8\">efficace, <\/span><span class=\"_fadeIn_m1hgl_8\">s\u00e9curis\u00e9 <\/span><span class=\"_fadeIn_m1hgl_8\">Repos <\/span><span class=\"_fadeIn_m1hgl_8\">chez <\/span><span class=\"_fadeIn_m1hgl_8\">tous les <\/span><span class=\"_fadeIn_m1hgl_8\">viscosit\u00e9s, avec fixation murale ou au sol.<\/span><\/p>","protected":false},"featured_media":15447,"comment_status":"open","ping_status":"closed","template":"","meta":{"_acf_changed":false},"product_brand":[],"product_cat":[595,612],"product_tag":[2893,2939,2950,2966,2977,2978,2979,2980],"class_list":{"0":"post-7666","1":"product","2":"type-product","3":"status-publish","4":"has-post-thumbnail","6":"product_cat-ruehrwerkstechnik","7":"product_cat-kleingebinderuehrwerke","8":"product_tag-ruehrwerk-mit-hebevorrichtung","9":"product_tag-pneumatischer-ruehrantrieb-atex","10":"product_tag-hygienisches-fassruehrwerk","11":"product_tag-v4a-ruehrwelle-eco-cup","12":"product_tag-stativruehrwerk-30-liter","13":"product_tag-ruehrwerk-edelstahl-30l","14":"product_tag-edelstahl-ruehrsystem-30-liter","15":"product_tag-bedienpult-ruehrwerk","16":"product_shipping_class-europalette-speditionsversand","17":"pa_antriebsart-pneumatisch","18":"pa_atex-fuer-atex-zone-1","19":"pa_atex-fuer-atex-zone-0-1","20":"pa_bedienkonzept-standardschalttafel","21":"pa_bedienkonzept-dguv-schalttafel","22":"pa_befestigung-mit-bodenbefestigung","23":"pa_befestigung-mit-wandbefestigung","24":"pa_behaeltervolumen-30-liter","25":"pa_deckeldurchmesser-380mm","26":"pa_dichtung-ptfe","27":"pa_drehmoment-4nm","28":"pa_drehzahl-0-300-1-min","29":"pa_durchmesser-ruehrwelle-16mm","30":"pa_geeignete-fassdurchmesser-30-liter","31":"pa_geraeuschpegel-75db","32":"pa_gesamtbreite-440mm","33":"pa_gesamthoehe-1335mm","34":"pa_labs-oel-und-silikonfrei","35":"pa_laenge-ruehrwelle-ca-360mm-ab-deckeloberkante","36":"pa_material-deckel-v4a-edelstahl-1-4404","37":"pa_mittlerer-luftverbrauch-25l-min","38":"pa_model-eco-station-30","39":"pa_ruehrorgan-schraegblattmischer-175mm","40":"pa_ruehrorgan-becherruehrorgan-eco-cup-170mm","41":"pa_schnellwechselsystem-mit-schnellwechselsystem","42":"pa_schnellwechselsystem-mit-gewindeverbindung","43":"pa_stativverfahrweg-500mm","44":"pa_typ-stativruehrwerk","45":"pa_versorgung-5-6bar","47":"first","48":"instock","49":"taxable","50":"shipping-taxable","51":"purchasable","52":"product-type-variable"},"bundled_by":[],"bundle_stock_status":"instock","bundle_stock_quantity":null,"bundle_virtual":false,"bundle_layout":"","bundle_add_to_cart_form_location":"","bundle_editable_in_cart":false,"bundle_sold_individually_context":"","bundle_item_grouping":"","bundle_min_size":"","bundle_max_size":"","bundle_price":[],"bundled_items":[],"bundle_sell_ids":[],"exclude_global_add_ons":[],"addons":[],"acf":[],"_links":{"self":[{"href":"https:\/\/ptm-mechatronics.com\/fr\/wp-json\/wp\/v2\/product\/7666","targetHints":{"allow":["GET"]}}],"collection":[{"href":"https:\/\/ptm-mechatronics.com\/fr\/wp-json\/wp\/v2\/product"}],"about":[{"href":"https:\/\/ptm-mechatronics.com\/fr\/wp-json\/wp\/v2\/types\/product"}],"replies":[{"embeddable":true,"href":"https:\/\/ptm-mechatronics.com\/fr\/wp-json\/wp\/v2\/comments?post=7666"}],"wp:featuredmedia":[{"embeddable":true,"href":"https:\/\/ptm-mechatronics.com\/fr\/wp-json\/wp\/v2\/media\/15447"}],"wp:attachment":[{"href":"https:\/\/ptm-mechatronics.com\/fr\/wp-json\/wp\/v2\/media?parent=7666"}],"wp:term":[{"taxonomy":"product_brand","embeddable":true,"href":"https:\/\/ptm-mechatronics.com\/fr\/wp-json\/wp\/v2\/product_brand?post=7666"},{"taxonomy":"product_cat","embeddable":true,"href":"https:\/\/ptm-mechatronics.com\/fr\/wp-json\/wp\/v2\/product_cat?post=7666"},{"taxonomy":"product_tag","embeddable":true,"href":"https:\/\/ptm-mechatronics.com\/fr\/wp-json\/wp\/v2\/product_tag?post=7666"}],"curies":[{"name":"wp","href":"https:\/\/api.w.org\/{rel}","templated":true}]}}