{"id":7660,"date":"2024-02-07T17:44:21","date_gmt":"2024-02-07T17:44:21","guid":{"rendered":""},"modified":"2026-05-04T12:54:10","modified_gmt":"2026-05-04T10:54:10","slug":"stativruehrwerk-fuer-100-liter-fass-antrieb-atex-zone-1","status":"publish","type":"product","link":"https:\/\/ptm-mechatronics.com\/fr\/product\/stativruehrwerk-fuer-100-liter-fass-antrieb-atex-zone-1\/","title":{"rendered":"Agitateur sur pied pour f\u00fbt de 100 litres - entra\u00eenement ATEX zone 1"},"content":{"rendered":"<p data-start=\"372\" data-end=\"913\"><span class=\"_fadeIn_m1hgl_8\">Le site <\/span><span class=\"_fadeIn_m1hgl_8\">Agitateur sur pied <\/span><span class=\"_fadeIn_m1hgl_8\">pour 1<\/span><span class=\"_fadeIn_m1hgl_8\">00-<\/span><span class=\"_fadeIn_m1hgl_8\">litre-<\/span><span class=\"_fadeIn_m1hgl_8\">F\u00fbts<\/span> <span class=\"_fadeIn_m1hgl_8\">a \u00e9t\u00e9 <\/span><span class=\"_fadeIn_m1hgl_8\">pour <\/span><span class=\"_fadeIn_m1hgl_8\">le <\/span><span class=\"_fadeIn_m1hgl_8\">efficace <\/span><span class=\"_fadeIn_m1hgl_8\">et <\/span><span class=\"_fadeIn_m1hgl_8\">s\u00e9curis\u00e9 <\/span><span class=\"_fadeIn_m1hgl_8\">Traitement <\/span><span class=\"_fadeIn_m1hgl_8\">bas- <\/span><span class=\"_fadeIn_m1hgl_8\">jusqu'\u00e0 <\/span><span class=\"_fadeIn_m1hgl_8\">haute viscosit\u00e9 <\/span><span class=\"_fadeIn_m1hgl_8\">M\u00e9dias<\/span> <span class=\"_fadeIn_m1hgl_8\">d\u00e9velopp\u00e9. <\/span><span class=\"_fadeIn_m1hgl_8\">Il <\/span><span class=\"_fadeIn_m1hgl_8\">existe <\/span><span class=\"_fadeIn_m1hgl_8\">de <\/span><span class=\"_fadeIn_m1hgl_8\">un <\/span><span class=\"_fadeIn_m1hgl_8\">puissants, <\/span><span class=\"_fadeIn_m1hgl_8\">pneumatique <\/span><span class=\"_fadeIn_m1hgl_8\">Entra\u00eenement<\/span><span class=\"_fadeIn_m1hgl_8\">, <\/span><span class=\"_fadeIn_m1hgl_8\">un <\/span><span class=\"_fadeIn_m1hgl_8\">massif <\/span><span class=\"_fadeIn_m1hgl_8\">Acier inoxydable-<\/span><span class=\"_fadeIn_m1hgl_8\">Couvercle<\/span><span class=\"_fadeIn_m1hgl_8\">, <\/span><span class=\"_fadeIn_m1hgl_8\">d'une <\/span><span class=\"_fadeIn_m1hgl_8\">Arbre d'agitation <\/span><span class=\"_fadeIn_m1hgl_8\">avec <\/span><span class=\"_fadeIn_m1hgl_8\">Organe d'agitation des gobelets <\/span><span class=\"_fadeIn_m1hgl_8\">eco-<\/span><span class=\"_fadeIn_m1hgl_8\">Coupe<\/span> <span class=\"_fadeIn_m1hgl_8\">ainsi que <\/span><span class=\"_fadeIn_m1hgl_8\">un <\/span><span class=\"_fadeIn_m1hgl_8\">Tr\u00e9pied <\/span><span class=\"_fadeIn_m1hgl_8\">avec <\/span><span class=\"_fadeIn_m1hgl_8\">automatique <\/span><span class=\"_fadeIn_m1hgl_8\">Dispositif de levage <\/span><span class=\"_fadeIn_m1hgl_8\">et <\/span><span class=\"_fadeIn_m1hgl_8\">Panneau de commande<\/span><span class=\"_fadeIn_m1hgl_8\">. <\/span><span class=\"_fadeIn_m1hgl_8\">Tous les <\/span><span class=\"_fadeIn_m1hgl_8\">en contact avec le milieu <\/span><span class=\"_fadeIn_m1hgl_8\">Composants - <\/span><span class=\"_fadeIn_m1hgl_8\">Arbre d'agitation <\/span><span class=\"_fadeIn_m1hgl_8\">et <\/span><span class=\"_fadeIn_m1hgl_8\">Organe d'agitation<\/span><span class=\"_fadeIn_m1hgl_8\"> \u2013 <\/span><span class=\"_fadeIn_m1hgl_8\">sont <\/span><span class=\"_fadeIn_m1hgl_8\">de <\/span><span class=\"_fadeIn_m1hgl_8\">V4A <\/span><span class=\"_fadeIn_m1hgl_8\">Acier inoxydable (<\/span><span class=\"_fadeIn_m1hgl_8\">1.4404)<\/span> <span class=\"_fadeIn_m1hgl_8\">fabriqu\u00e9 <\/span><span class=\"_fadeIn_m1hgl_8\">et <\/span><span class=\"_fadeIn_m1hgl_8\">offrent une grande <\/span><span class=\"_fadeIn_m1hgl_8\">Hygi\u00e8ne <\/span><span class=\"_fadeIn_m1hgl_8\">et <\/span><span class=\"_fadeIn_m1hgl_8\">R\u00e9sistance \u00e0 la corrosion.<\/span><\/p>\n<p data-start=\"915\" data-end=\"1293\"><span class=\"_fadeIn_m1hgl_8\">Le site <\/span><span class=\"_fadeIn_m1hgl_8\">Agitateur <\/span><span class=\"_fadeIn_m1hgl_8\">est <\/span><span class=\"_fadeIn_m1hgl_8\">enti\u00e8rement <\/span><span class=\"_fadeIn_m1hgl_8\">sur <\/span><span class=\"_fadeIn_m1hgl_8\">le site <\/span><span class=\"_fadeIn_m1hgl_8\">Utilisation <\/span><span class=\"_fadeIn_m1hgl_8\">dans <\/span><span class=\"_fadeIn_m1hgl_8\">standardis\u00e9 1<\/span><span class=\"_fadeIn_m1hgl_8\">00-<\/span><span class=\"_fadeIn_m1hgl_8\">litre-<\/span><span class=\"_fadeIn_m1hgl_8\">F\u00fbts<\/span> <span class=\"_fadeIn_m1hgl_8\">vot\u00e9 <\/span><span class=\"_fadeIn_m1hgl_8\">et <\/span><span class=\"_fadeIn_m1hgl_8\">offre <\/span><span class=\"_fadeIn_m1hgl_8\">un <\/span><span class=\"_fadeIn_m1hgl_8\">uniforme, <\/span><span class=\"_fadeIn_m1hgl_8\">homog\u00e8ne <\/span><span class=\"_fadeIn_m1hgl_8\">R\u00e9sultat de l'agitation<\/span><span class=\"_fadeIn_m1hgl_8\">, <\/span><span class=\"_fadeIn_m1hgl_8\">m\u00eame <\/span><span class=\"_fadeIn_m1hgl_8\">chez <\/span><span class=\"_fadeIn_m1hgl_8\">tenaces, <\/span><span class=\"_fadeIn_m1hgl_8\">visqueux <\/span><span class=\"_fadeIn_m1hgl_8\">substances. <\/span><span class=\"_fadeIn_m1hgl_8\">Le site <\/span><span class=\"_fadeIn_m1hgl_8\">automatique <\/span><span class=\"_fadeIn_m1hgl_8\">Dispositif de levage<\/span> <span class=\"_fadeIn_m1hgl_8\">facilite <\/span><span class=\"_fadeIn_m1hgl_8\">le <\/span><span class=\"_fadeIn_m1hgl_8\">Soulever <\/span><span class=\"_fadeIn_m1hgl_8\">et <\/span><span class=\"_fadeIn_m1hgl_8\">Abaisser <\/span><span class=\"_fadeIn_m1hgl_8\">du site <\/span><span class=\"_fadeIn_m1hgl_8\">agitateur, <\/span><span class=\"_fadeIn_m1hgl_8\">assure <\/span><span class=\"_fadeIn_m1hgl_8\">pour <\/span><span class=\"_fadeIn_m1hgl_8\">un <\/span><span class=\"_fadeIn_m1hgl_8\">s\u00e9curis\u00e9 <\/span><span class=\"_fadeIn_m1hgl_8\">Changement de r\u00e9cipient <\/span><span class=\"_fadeIn_m1hgl_8\">et <\/span><span class=\"_fadeIn_m1hgl_8\">r\u00e9duit <\/span><span class=\"_fadeIn_m1hgl_8\">physique <\/span><span class=\"_fadeIn_m1hgl_8\">Charge <\/span><span class=\"_fadeIn_m1hgl_8\">sur le site <\/span><span class=\"_fadeIn_m1hgl_8\">Le travail au quotidien.<\/span><\/p>\n<p data-start=\"1295\" data-end=\"1572\"><span class=\"_fadeIn_m1hgl_8\">Pour <\/span><span class=\"_fadeIn_m1hgl_8\">maximum <\/span><span class=\"_fadeIn_m1hgl_8\">S\u00e9curit\u00e9 au travail <\/span><span class=\"_fadeIn_m1hgl_8\">dispose <\/span><span class=\"_fadeIn_m1hgl_8\">le <\/span><span class=\"_fadeIn_m1hgl_8\">Agitateur <\/span><span class=\"_fadeIn_m1hgl_8\">sur <\/span><span class=\"_fadeIn_m1hgl_8\">un <\/span><span class=\"_fadeIn_m1hgl_8\">automatique <\/span><span class=\"_fadeIn_m1hgl_8\">Arr\u00eat <\/span><span class=\"_fadeIn_m1hgl_8\">sur le site <\/span><span class=\"_fadeIn_m1hgl_8\">Soulever <\/span><span class=\"_fadeIn_m1hgl_8\">du site <\/span><span class=\"_fadeIn_m1hgl_8\">Couvercle<\/span><span class=\"_fadeIn_m1hgl_8\">, <\/span><span class=\"_fadeIn_m1hgl_8\">pour <\/span><span class=\"_fadeIn_m1hgl_8\">Interventions <\/span><span class=\"_fadeIn_m1hgl_8\">dans <\/span><span class=\"_fadeIn_m1hgl_8\">mobile <\/span><span class=\"_fadeIn_m1hgl_8\">Pi\u00e8ces <\/span><span class=\"_fadeIn_m1hgl_8\">sur <\/span><span class=\"_fadeIn_m1hgl_8\">emp\u00eacher. <\/span><span class=\"_fadeIn_m1hgl_8\">Le site <\/span><span class=\"_fadeIn_m1hgl_8\">Processus d'agitation <\/span><span class=\"_fadeIn_m1hgl_8\">lance <\/span><span class=\"_fadeIn_m1hgl_8\">\u00e0 nouveau <\/span><span class=\"_fadeIn_m1hgl_8\">automatique <\/span><span class=\"_fadeIn_m1hgl_8\">sur <\/span><span class=\"_fadeIn_m1hgl_8\">un <\/span><span class=\"_fadeIn_m1hgl_8\">D\u00e9tection de r\u00e9cipients<\/span> <span class=\"_fadeIn_m1hgl_8\">sur le site <\/span><span class=\"_fadeIn_m1hgl_8\">Abaisser - <\/span><span class=\"_fadeIn_m1hgl_8\">efficace <\/span><span class=\"_fadeIn_m1hgl_8\">et <\/span><span class=\"_fadeIn_m1hgl_8\">en toute s\u00e9curit\u00e9.<\/span><\/p>\n<p data-start=\"1295\" data-end=\"1572\">L'agitateur sur pied est disponible avec une fixation murale ou au sol.<\/p>\n<p data-start=\"1574\" data-end=\"1615\"><span class=\"_fadeIn_m1hgl_8\">Remarque : <\/span><span class=\"_fadeIn_m1hgl_8\">Livraison <\/span><span class=\"_fadeIn_m1hgl_8\">se fait sur <\/span><span class=\"_fadeIn_m1hgl_8\">sans <\/span><span class=\"_fadeIn_m1hgl_8\">F\u00fbt.<\/span><\/p>\n<p data-start=\"1617\" data-end=\"1648\"><span class=\"_fadeIn_m1hgl_8\">Avantages <\/span><span class=\"_fadeIn_m1hgl_8\">sur <\/span><span class=\"_fadeIn_m1hgl_8\">un <\/span><span class=\"_fadeIn_m1hgl_8\">Regard :<\/span><\/p>\n<ul>\n<li data-start=\"1651\" data-end=\"1697\"><span class=\"_fadeIn_m1hgl_8\">Pneumatique <\/span><span class=\"_fadeIn_m1hgl_8\">Entra\u00eenement <\/span><span class=\"_fadeIn_m1hgl_8\">pour <\/span><span class=\"_fadeIn_m1hgl_8\">puissant <\/span><span class=\"_fadeIn_m1hgl_8\">Repos<\/span><\/li>\n<li data-start=\"1651\" data-end=\"1697\"><span class=\"_fadeIn_m1hgl_8\">Pour 1<\/span><span class=\"_fadeIn_m1hgl_8\">00-<\/span><span class=\"_fadeIn_m1hgl_8\">litre-<\/span><span class=\"_fadeIn_m1hgl_8\">F\u00fbts <\/span><span class=\"_fadeIn_m1hgl_8\">optimise<\/span><\/li>\n<li data-start=\"1651\" data-end=\"1697\"><span class=\"_fadeIn_m1hgl_8\">Arbre d'agitation &amp; <\/span><span class=\"_fadeIn_m1hgl_8\">eco-<\/span><span class=\"_fadeIn_m1hgl_8\">Coupe <\/span><span class=\"_fadeIn_m1hgl_8\">de <\/span><span class=\"_fadeIn_m1hgl_8\">V4A <\/span><span class=\"_fadeIn_m1hgl_8\">Acier inoxydable<\/span><\/li>\n<li data-start=\"1651\" data-end=\"1697\"><span class=\"_fadeIn_m1hgl_8\">Automatique <\/span><span class=\"_fadeIn_m1hgl_8\">Dispositif de levage <\/span><span class=\"_fadeIn_m1hgl_8\">pour <\/span><span class=\"_fadeIn_m1hgl_8\">ergonomique <\/span><span class=\"_fadeIn_m1hgl_8\">Travailler<\/span><\/li>\n<li data-start=\"1651\" data-end=\"1697\"><span class=\"_fadeIn_m1hgl_8\">Panneau de commande <\/span><span class=\"_fadeIn_m1hgl_8\">vers <\/span><span class=\"_fadeIn_m1hgl_8\">simple <\/span><span class=\"_fadeIn_m1hgl_8\">Contr\u00f4le<\/span><\/li>\n<li data-start=\"1651\" data-end=\"1697\"><span class=\"_fadeIn_m1hgl_8\">Arr\u00eat de s\u00e9curit\u00e9 <\/span><span class=\"_fadeIn_m1hgl_8\">chez <\/span><span class=\"_fadeIn_m1hgl_8\">Course du couvercle<\/span><\/li>\n<li data-start=\"1651\" data-end=\"1697\"><span class=\"_fadeIn_m1hgl_8\">Automatique <\/span><span class=\"_fadeIn_m1hgl_8\">Red\u00e9marrage <\/span><span class=\"_fadeIn_m1hgl_8\">par <\/span><span class=\"_fadeIn_m1hgl_8\">D\u00e9tection de r\u00e9cipients<\/span><\/li>\n<li data-start=\"1651\" data-end=\"1697\"><span class=\"_fadeIn_m1hgl_8\">Pour <\/span><span class=\"_fadeIn_m1hgl_8\">bas- <\/span><span class=\"_fadeIn_m1hgl_8\">jusqu'\u00e0 <\/span><span class=\"_fadeIn_m1hgl_8\">haute viscosit\u00e9 <\/span><span class=\"_fadeIn_m1hgl_8\">M\u00e9dias<\/span><\/li>\n<li data-start=\"1651\" data-end=\"1697\"><span class=\"_fadeIn_m1hgl_8\">Hygi\u00e9nique, <\/span><span class=\"_fadeIn_m1hgl_8\">en toute s\u00e9curit\u00e9, <\/span><span class=\"_fadeIn_m1hgl_8\">adapt\u00e9 \u00e0 l'industrie<\/span><\/li>\n<\/ul>","protected":false},"excerpt":{"rendered":"<p><span class=\"_fadeIn_m1hgl_8\">Agitateur sur pied <\/span><span class=\"_fadeIn_m1hgl_8\">pour 1<\/span><span class=\"_fadeIn_m1hgl_8\">00-<\/span><span class=\"_fadeIn_m1hgl_8\">litre-<\/span><span class=\"_fadeIn_m1hgl_8\">F\u00fbts <\/span><span class=\"_fadeIn_m1hgl_8\">avec <\/span><span class=\"_fadeIn_m1hgl_8\">pneumatique <\/span><span class=\"_fadeIn_m1hgl_8\">Entra\u00eenement, <\/span><span class=\"_fadeIn_m1hgl_8\">V4A-<\/span><span class=\"_fadeIn_m1hgl_8\">Composants, <\/span><span class=\"_fadeIn_m1hgl_8\">automatique <\/span><span class=\"_fadeIn_m1hgl_8\">Dispositif de levage, <\/span><span class=\"_fadeIn_m1hgl_8\">Arr\u00eat de s\u00e9curit\u00e9 <\/span><span class=\"_fadeIn_m1hgl_8\">et <\/span><span class=\"_fadeIn_m1hgl_8\">eco-<\/span><span class=\"_fadeIn_m1hgl_8\">Coupe <\/span><span class=\"_fadeIn_m1hgl_8\">pour <\/span><span class=\"_fadeIn_m1hgl_8\">efficace, <\/span><span class=\"_fadeIn_m1hgl_8\">s\u00e9curis\u00e9 <\/span><span class=\"_fadeIn_m1hgl_8\">Repos <\/span><span class=\"_fadeIn_m1hgl_8\">chez <\/span><span class=\"_fadeIn_m1hgl_8\">tous les <\/span><span class=\"_fadeIn_m1hgl_8\">viscosit\u00e9s, avec fixation murale ou au sol.<\/span><\/p>","protected":false},"featured_media":15445,"comment_status":"open","ping_status":"closed","template":"","meta":{"_acf_changed":false},"product_brand":[],"product_cat":[595,603],"product_tag":[2960,2971,2972,2973,2974,2975,2976,2893,2895,2939],"class_list":{"0":"post-7660","1":"product","2":"type-product","3":"status-publish","4":"has-post-thumbnail","6":"product_cat-ruehrwerkstechnik","7":"product_cat-fassruehrwerke","8":"product_tag-fassruehrwerk-edelstahl","9":"product_tag-bedienpult-ruehrtechnik","10":"product_tag-stativruehrwerk-100-liter","11":"product_tag-v4a-ruehrwerk-eco-cup","12":"product_tag-edelstahl-ruehrsystem-100l","13":"product_tag-fassruehrwerk-industrie","14":"product_tag-hygienisches-ruehrwerk-100-liter","15":"product_tag-ruehrwerk-mit-hebevorrichtung","16":"product_tag-ruehrwerk-mit-sicherheitsabschaltung","17":"product_tag-pneumatischer-ruehrantrieb-atex","18":"product_shipping_class-europalette-speditionsversand","19":"pa_antriebsart-pneumatisch","20":"pa_atex-zone-122122","21":"pa_behaeltervolumen-100-liter","22":"pa_deckeldurchmesser-440mm","23":"pa_dichtung-ptfe","24":"pa_drehmoment-8nm","25":"pa_drehzahl-0-300-1-min","26":"pa_durchmesser-ruehrwelle-20mm","27":"pa_ex-gas-ex-ii-2-g-ex-h-iic-t5-gb-x","28":"pa_ex-staub-ex-ii-2-d-ex-h-iiic-t100c-db-x","29":"pa_geeignete-fassdurchmesser-100-liter","30":"pa_geraeuschpegel-75db","31":"pa_gesamtbreite-550mm","32":"pa_gesamthoehe-1746mm","33":"pa_gesamttiefe-700mm","34":"pa_labs-oel-und-silikonfrei","35":"pa_laenge-ruehrwelle-ca-740mm-ab-deckeloberkante","36":"pa_material-deckel-v4a-edelstahl-1-4404","37":"pa_mittlerer-luftverbrauch-50l-min","38":"pa_model-eco-station-100","39":"pa_ruehrorgan-becherruehrorgan-eco-cup-260mm","40":"pa_stativverfahrweg-700mm","41":"pa_typ-stativruehrwerk","42":"pa_versorgung-5-6bar","44":"first","45":"instock","46":"taxable","47":"shipping-taxable","48":"purchasable","49":"product-type-variable"},"bundled_by":[],"bundle_stock_status":"instock","bundle_stock_quantity":null,"bundle_virtual":false,"bundle_layout":"","bundle_add_to_cart_form_location":"","bundle_editable_in_cart":false,"bundle_sold_individually_context":"","bundle_item_grouping":"","bundle_min_size":"","bundle_max_size":"","bundle_price":[],"bundled_items":[],"bundle_sell_ids":[],"exclude_global_add_ons":[],"addons":[],"acf":[],"_links":{"self":[{"href":"https:\/\/ptm-mechatronics.com\/fr\/wp-json\/wp\/v2\/product\/7660","targetHints":{"allow":["GET"]}}],"collection":[{"href":"https:\/\/ptm-mechatronics.com\/fr\/wp-json\/wp\/v2\/product"}],"about":[{"href":"https:\/\/ptm-mechatronics.com\/fr\/wp-json\/wp\/v2\/types\/product"}],"replies":[{"embeddable":true,"href":"https:\/\/ptm-mechatronics.com\/fr\/wp-json\/wp\/v2\/comments?post=7660"}],"wp:featuredmedia":[{"embeddable":true,"href":"https:\/\/ptm-mechatronics.com\/fr\/wp-json\/wp\/v2\/media\/15445"}],"wp:attachment":[{"href":"https:\/\/ptm-mechatronics.com\/fr\/wp-json\/wp\/v2\/media?parent=7660"}],"wp:term":[{"taxonomy":"product_brand","embeddable":true,"href":"https:\/\/ptm-mechatronics.com\/fr\/wp-json\/wp\/v2\/product_brand?post=7660"},{"taxonomy":"product_cat","embeddable":true,"href":"https:\/\/ptm-mechatronics.com\/fr\/wp-json\/wp\/v2\/product_cat?post=7660"},{"taxonomy":"product_tag","embeddable":true,"href":"https:\/\/ptm-mechatronics.com\/fr\/wp-json\/wp\/v2\/product_tag?post=7660"}],"curies":[{"name":"wp","href":"https:\/\/api.w.org\/{rel}","templated":true}]}}