{"id":7648,"date":"2024-02-07T17:44:21","date_gmt":"2024-02-07T17:44:21","guid":{"rendered":""},"modified":"2025-11-07T15:52:15","modified_gmt":"2025-11-07T14:52:15","slug":"ruehrwerk-mit-traverse-fuer-60-liter-fass-antrieb-atex-zone-1","status":"publish","type":"product","link":"https:\/\/ptm-mechatronics.com\/fr\/product\/ruehrwerk-mit-traverse-fuer-60-liter-fass-antrieb-atex-zone-1\/","title":{"rendered":"Agitateur avec traverse pour f\u00fbt de 60 litres - Entra\u00eenement ATEX zone 1"},"content":{"rendered":"<p>L'agitateur se compose d'un entra\u00eenement pneumatique efficace et performant avec certification ATEX pour la zone ATEX 1, d'un arbre d'agitation avec organe d'agitation \u00e0 godets eco-Cup et d'une traverse. L'arbre d'agitation, l'organe d'agitation et la traverse sont fabriqu\u00e9s en acier inoxydable V4A 1.4404 de haute qualit\u00e9. La traverse avec deux dispositifs de serrage s'adapte aux f\u00fbts standardis\u00e9s d'une capacit\u00e9 de 60 litres d'un diam\u00e8tre de 300 \u00e0 400 mm.<br \/>\nL'agitateur brasse de mani\u00e8re fiable tous types de produits \u00e0 faible ou haute viscosit\u00e9. Ses composants sont d\u00e9j\u00e0 parfaitement adapt\u00e9s \u00e0 un processus d'agitation fiable et s\u00fbr dans des f\u00fbts de 60 litres. L'organe d'agitation \u00e0 godets eco-Cup, compris dans la livraison, a un comportement d'agitation doux et fournit un r\u00e9sultat d'agitation homog\u00e8ne.<\/p>","protected":false},"excerpt":{"rendered":"<p>Agitateur puissant pr\u00eat \u00e0 l'emploi avec traverse, arbre d'agitation et organe d'agitation pour f\u00fbt de 60 litres - Entra\u00eenement ATEX zone 1<\/p>","protected":false},"featured_media":15340,"comment_status":"open","ping_status":"closed","template":"","meta":{"_acf_changed":false},"product_brand":[],"product_cat":[595,603],"product_tag":[],"class_list":{"0":"post-7648","1":"product","2":"type-product","3":"status-publish","4":"has-post-thumbnail","6":"product_cat-ruehrwerkstechnik","7":"product_cat-fassruehrwerke","8":"product_shipping_class-karton-paketversand","9":"pa_antriebsart-pneumatisch","10":"pa_atex-zone-122122","11":"pa_behaeltervolumen-60-liter","12":"pa_dichtung-ptfe","13":"pa_drehmoment-4nm","14":"pa_drehzahl-0-300-1-min","15":"pa_durchmesser-ruehrwelle-16mm","16":"pa_ex-gas-ex-ii-2-g-ex-h-iic-t5-gb-x","17":"pa_ex-staub-ex-ii-2-d-ex-h-iiic-t100c-db-x","18":"pa_geeignete-fassdurchmesser-300-400mm","19":"pa_geraeuschpegel-75db","20":"pa_labs-oel-und-silikonfrei","21":"pa_laenge-ruehrwelle-ca-535mm-ab-deckeloberkante","22":"pa_material-gehaeuse-aluminium-eloxiert","23":"pa_material-traverse-v4a-edelstahl-1-4404","24":"pa_mittlerer-luftverbrauch-25l-min","25":"pa_ruehrorgan-becherruehrorgan-eco-cup-210mm","26":"pa_schutzart-ip67","27":"pa_steckverschraubung-abluft-schlauch-o10mm","28":"pa_steckverschraubung-zuluft-schlauch-o6mm","29":"pa_typ-traversenruehrwerk","30":"pa_versorgung-5-6bar","32":"first","33":"instock","34":"taxable","35":"shipping-taxable","36":"purchasable","37":"product-type-simple"},"bundled_by":[],"bundle_stock_status":"instock","bundle_stock_quantity":null,"bundle_virtual":false,"bundle_layout":"","bundle_add_to_cart_form_location":"","bundle_editable_in_cart":false,"bundle_sold_individually_context":"","bundle_item_grouping":"","bundle_min_size":"","bundle_max_size":"","bundle_price":[],"bundled_items":[],"bundle_sell_ids":[],"exclude_global_add_ons":[],"addons":[],"acf":[],"_links":{"self":[{"href":"https:\/\/ptm-mechatronics.com\/fr\/wp-json\/wp\/v2\/product\/7648","targetHints":{"allow":["GET"]}}],"collection":[{"href":"https:\/\/ptm-mechatronics.com\/fr\/wp-json\/wp\/v2\/product"}],"about":[{"href":"https:\/\/ptm-mechatronics.com\/fr\/wp-json\/wp\/v2\/types\/product"}],"replies":[{"embeddable":true,"href":"https:\/\/ptm-mechatronics.com\/fr\/wp-json\/wp\/v2\/comments?post=7648"}],"wp:featuredmedia":[{"embeddable":true,"href":"https:\/\/ptm-mechatronics.com\/fr\/wp-json\/wp\/v2\/media\/15340"}],"wp:attachment":[{"href":"https:\/\/ptm-mechatronics.com\/fr\/wp-json\/wp\/v2\/media?parent=7648"}],"wp:term":[{"taxonomy":"product_brand","embeddable":true,"href":"https:\/\/ptm-mechatronics.com\/fr\/wp-json\/wp\/v2\/product_brand?post=7648"},{"taxonomy":"product_cat","embeddable":true,"href":"https:\/\/ptm-mechatronics.com\/fr\/wp-json\/wp\/v2\/product_cat?post=7648"},{"taxonomy":"product_tag","embeddable":true,"href":"https:\/\/ptm-mechatronics.com\/fr\/wp-json\/wp\/v2\/product_tag?post=7648"}],"curies":[{"name":"wp","href":"https:\/\/api.w.org\/{rel}","templated":true}]}}