{"id":7633,"date":"2024-02-07T17:44:20","date_gmt":"2024-02-07T17:44:20","guid":{"rendered":""},"modified":"2025-11-07T15:52:15","modified_gmt":"2025-11-07T14:52:15","slug":"ruehrwerk-mit-deckel-fuer-60-liter-fass-antrieb-atex-zone-1","status":"publish","type":"product","link":"https:\/\/ptm-mechatronics.com\/fr\/product\/ruehrwerk-mit-deckel-fuer-60-liter-fass-antrieb-atex-zone-1\/","title":{"rendered":"Agitateur avec couvercle pour f\u00fbt de 60 litres - entra\u00eenement ATEX zone 1"},"content":{"rendered":"<h1 data-start=\"304\" data-end=\"381\"><span style=\"font-size: 75%;\"><span class=\"_fadeIn_m1hgl_8\">ATEX-<\/span><span class=\"_fadeIn_m1hgl_8\">Agitateur <\/span><span class=\"_fadeIn_m1hgl_8\">pour <\/span><span class=\"_fadeIn_m1hgl_8\">60-<\/span><span class=\"_fadeIn_m1hgl_8\">litre-<\/span><span class=\"_fadeIn_m1hgl_8\">F\u00fbts - <\/span><span class=\"_fadeIn_m1hgl_8\">puissant, <\/span><span class=\"_fadeIn_m1hgl_8\">en toute s\u00e9curit\u00e9 <\/span><span class=\"_fadeIn_m1hgl_8\">et <\/span><span class=\"_fadeIn_m1hgl_8\">hygi\u00e9nique<\/span><\/span><\/h1>\n<p data-start=\"383\" data-end=\"874\"><span class=\"_fadeIn_m1hgl_8\">Ce <\/span><span class=\"_fadeIn_m1hgl_8\">ATEX-<\/span><span class=\"_fadeIn_m1hgl_8\">certifi\u00e9 <\/span><span class=\"_fadeIn_m1hgl_8\">Agitateur<\/span> <span class=\"_fadeIn_m1hgl_8\">est <\/span><span class=\"_fadeIn_m1hgl_8\">sp\u00e9cialement <\/span><span class=\"_fadeIn_m1hgl_8\">pour <\/span><span class=\"_fadeIn_m1hgl_8\">le site <\/span><span class=\"_fadeIn_m1hgl_8\">Utilisation <\/span><span class=\"_fadeIn_m1hgl_8\">dans <\/span><span class=\"_fadeIn_m1hgl_8\">\u00e0 risque d'explosion <\/span><span class=\"_fadeIn_m1hgl_8\">Domaines <\/span><span class=\"_fadeIn_m1hgl_8\">le <\/span><span class=\"_fadeIn_m1hgl_8\">ATEX <\/span><span class=\"_fadeIn_m1hgl_8\">Zone <\/span><span class=\"_fadeIn_m1hgl_8\">1<\/span> <span class=\"_fadeIn_m1hgl_8\">con\u00e7u <\/span><span class=\"_fadeIn_m1hgl_8\">et <\/span><span class=\"_fadeIn_m1hgl_8\">a \u00e9t\u00e9 <\/span><span class=\"_fadeIn_m1hgl_8\">pour <\/span><span class=\"_fadeIn_m1hgl_8\">le <\/span><span class=\"_fadeIn_m1hgl_8\">efficace <\/span><span class=\"_fadeIn_m1hgl_8\">Repos <\/span><span class=\"_fadeIn_m1hgl_8\">de <\/span><span class=\"_fadeIn_m1hgl_8\">bas- <\/span><span class=\"_fadeIn_m1hgl_8\">jusqu'\u00e0 <\/span><span class=\"_fadeIn_m1hgl_8\">\u00e0 haute viscosit\u00e9 <\/span><span class=\"_fadeIn_m1hgl_8\">M\u00e9dias<\/span> <span class=\"_fadeIn_m1hgl_8\">dans <\/span><span class=\"_fadeIn_m1hgl_8\">60-<\/span><span class=\"_fadeIn_m1hgl_8\">litre-<\/span><span class=\"_fadeIn_m1hgl_8\">F\u00fbts<\/span> <span class=\"_fadeIn_m1hgl_8\">d\u00e9velopp\u00e9. <\/span><span class=\"_fadeIn_m1hgl_8\">\u00c9quip\u00e9 <\/span><span class=\"_fadeIn_m1hgl_8\">avec <\/span><span class=\"_fadeIn_m1hgl_8\">un <\/span><span class=\"_fadeIn_m1hgl_8\">efficace sur le plan \u00e9nerg\u00e9tique, <\/span><span class=\"_fadeIn_m1hgl_8\">pneumatique <\/span><span class=\"_fadeIn_m1hgl_8\">Entra\u00eenement<\/span><span class=\"_fadeIn_m1hgl_8\">, <\/span><span class=\"_fadeIn_m1hgl_8\">d'une <\/span><span class=\"_fadeIn_m1hgl_8\">Arbre d'agitation <\/span><span class=\"_fadeIn_m1hgl_8\">avec <\/span><span class=\"_fadeIn_m1hgl_8\">Organe d'agitation des gobelets <\/span><span class=\"_fadeIn_m1hgl_8\">eco-<\/span><span class=\"_fadeIn_m1hgl_8\">Coupe<\/span> <span class=\"_fadeIn_m1hgl_8\">ainsi que <\/span><span class=\"_fadeIn_m1hgl_8\">un <\/span><span class=\"_fadeIn_m1hgl_8\">fonctionnel <\/span><span class=\"_fadeIn_m1hgl_8\">Acier inoxydable-<\/span><span class=\"_fadeIn_m1hgl_8\">Couvercle<\/span> <span class=\"_fadeIn_m1hgl_8\">est <\/span><span class=\"_fadeIn_m1hgl_8\">ce <\/span><span class=\"_fadeIn_m1hgl_8\">Syst\u00e8me complet <\/span><span class=\"_fadeIn_m1hgl_8\">id\u00e9al <\/span><span class=\"_fadeIn_m1hgl_8\">pour <\/span><span class=\"_fadeIn_m1hgl_8\">professionnel <\/span><span class=\"_fadeIn_m1hgl_8\">Processus d'agitation <\/span><span class=\"_fadeIn_m1hgl_8\">dans <\/span><span class=\"_fadeIn_m1hgl_8\">le <\/span><span class=\"_fadeIn_m1hgl_8\">Industrie.<\/span><\/p>\n<p data-start=\"876\" data-end=\"1368\"><span class=\"_fadeIn_m1hgl_8\">Tous les <\/span><span class=\"_fadeIn_m1hgl_8\">en contact avec le milieu <\/span><span class=\"_fadeIn_m1hgl_8\">Composants - <\/span><span class=\"_fadeIn_m1hgl_8\">Couvercle, <\/span><span class=\"_fadeIn_m1hgl_8\">Arbre d'agitation <\/span><span class=\"_fadeIn_m1hgl_8\">et <\/span><span class=\"_fadeIn_m1hgl_8\">Organe d'agitation<\/span><span class=\"_fadeIn_m1hgl_8\"> \u2013 <\/span><span class=\"_fadeIn_m1hgl_8\">existent <\/span><span class=\"_fadeIn_m1hgl_8\">de <\/span><span class=\"_fadeIn_m1hgl_8\">V4A <\/span><span class=\"_fadeIn_m1hgl_8\">Acier inoxydable (<\/span><span class=\"_fadeIn_m1hgl_8\">1.4404)<\/span><span class=\"_fadeIn_m1hgl_8\">, <\/span><span class=\"_fadeIn_m1hgl_8\">ce que <\/span><span class=\"_fadeIn_m1hgl_8\">le <\/span><span class=\"_fadeIn_m1hgl_8\">Agitateur <\/span><span class=\"_fadeIn_m1hgl_8\">r\u00e9sistant \u00e0 la corrosion, <\/span><span class=\"_fadeIn_m1hgl_8\">hygi\u00e9nique <\/span><span class=\"_fadeIn_m1hgl_8\">et <\/span><span class=\"_fadeIn_m1hgl_8\">durable<\/span> <span class=\"_fadeIn_m1hgl_8\">fait. <\/span><span class=\"_fadeIn_m1hgl_8\">Le site <\/span><span class=\"_fadeIn_m1hgl_8\">Couvercle <\/span><span class=\"_fadeIn_m1hgl_8\">avec <\/span><span class=\"_fadeIn_m1hgl_8\">un <\/span><span class=\"_fadeIn_m1hgl_8\">Plage de serrage <\/span><span class=\"_fadeIn_m1hgl_8\">de <\/span><span class=\"_fadeIn_m1hgl_8\">300 <\/span><span class=\"_fadeIn_m1hgl_8\">jusqu'\u00e0 <\/span><span class=\"_fadeIn_m1hgl_8\">400 <\/span><span class=\"_fadeIn_m1hgl_8\">mm<\/span> <span class=\"_fadeIn_m1hgl_8\">dispose <\/span><span class=\"_fadeIn_m1hgl_8\">sur <\/span><span class=\"_fadeIn_m1hgl_8\">deux <\/span><span class=\"_fadeIn_m1hgl_8\">Dispositifs de serrage<\/span> <span class=\"_fadeIn_m1hgl_8\">vers <\/span><span class=\"_fadeIn_m1hgl_8\">s\u00e9curis\u00e9 <\/span><span class=\"_fadeIn_m1hgl_8\">Fixation <\/span><span class=\"_fadeIn_m1hgl_8\">sur <\/span><span class=\"_fadeIn_m1hgl_8\">le site <\/span><span class=\"_fadeIn_m1hgl_8\">F\u00fbt, <\/span><span class=\"_fadeIn_m1hgl_8\">un <\/span><span class=\"_fadeIn_m1hgl_8\">int\u00e9gr\u00e9 <\/span><span class=\"_fadeIn_m1hgl_8\">Clapet d'ajout<\/span> <span class=\"_fadeIn_m1hgl_8\">vers <\/span><span class=\"_fadeIn_m1hgl_8\">Alimentation en mat\u00e9riel <\/span><span class=\"_fadeIn_m1hgl_8\">pendant <\/span><span class=\"_fadeIn_m1hgl_8\">du site <\/span><span class=\"_fadeIn_m1hgl_8\">Exploitation <\/span><span class=\"_fadeIn_m1hgl_8\">ainsi que <\/span><span class=\"_fadeIn_m1hgl_8\">un <\/span><span class=\"_fadeIn_m1hgl_8\">Barri\u00e8re de s\u00e9curit\u00e9<\/span><span class=\"_fadeIn_m1hgl_8\">, <\/span><span class=\"_fadeIn_m1hgl_8\">le <\/span><span class=\"_fadeIn_m1hgl_8\">le site <\/span><span class=\"_fadeIn_m1hgl_8\">Intervention <\/span><span class=\"_fadeIn_m1hgl_8\">dans <\/span><span class=\"_fadeIn_m1hgl_8\">mobile <\/span><span class=\"_fadeIn_m1hgl_8\">Pi\u00e8ces <\/span><span class=\"_fadeIn_m1hgl_8\">fiable <\/span><span class=\"_fadeIn_m1hgl_8\">emp\u00each\u00e9.<\/span><\/p>\n<p data-start=\"1370\" data-end=\"1637\"><span class=\"_fadeIn_m1hgl_8\">Le site <\/span><span class=\"_fadeIn_m1hgl_8\">sur le site <\/span><span class=\"_fadeIn_m1hgl_8\">Contenu de la livraison <\/span><span class=\"_fadeIn_m1hgl_8\">inclus <\/span><span class=\"_fadeIn_m1hgl_8\">Organe d'agitation des gobelets <\/span><span class=\"_fadeIn_m1hgl_8\">eco-<\/span><span class=\"_fadeIn_m1hgl_8\">Coupe<\/span> <span class=\"_fadeIn_m1hgl_8\">est <\/span><span class=\"_fadeIn_m1hgl_8\">pour <\/span><span class=\"_fadeIn_m1hgl_8\">un <\/span><span class=\"_fadeIn_m1hgl_8\">en particulier <\/span><span class=\"_fadeIn_m1hgl_8\">doux <\/span><span class=\"_fadeIn_m1hgl_8\">et <\/span><span class=\"_fadeIn_m1hgl_8\">en m\u00eame temps <\/span><span class=\"_fadeIn_m1hgl_8\">efficace <\/span><span class=\"_fadeIn_m1hgl_8\">Comportement d'agitation<\/span> <span class=\"_fadeIn_m1hgl_8\">con\u00e7u <\/span><span class=\"_fadeIn_m1hgl_8\">et <\/span><span class=\"_fadeIn_m1hgl_8\">assure <\/span><span class=\"_fadeIn_m1hgl_8\">pour <\/span><span class=\"_fadeIn_m1hgl_8\">un <\/span><span class=\"_fadeIn_m1hgl_8\">homog\u00e8ne <\/span><span class=\"_fadeIn_m1hgl_8\">R\u00e9sultat de l'agitation<\/span><span class=\"_fadeIn_m1hgl_8\"> \u2013 <\/span><span class=\"_fadeIn_m1hgl_8\">m\u00eame <\/span><span class=\"_fadeIn_m1hgl_8\">chez <\/span><span class=\"_fadeIn_m1hgl_8\">visqueux <\/span><span class=\"_fadeIn_m1hgl_8\">M\u00e9dias <\/span><span class=\"_fadeIn_m1hgl_8\">comme <\/span><span class=\"_fadeIn_m1hgl_8\">P\u00e2tes, <\/span><span class=\"_fadeIn_m1hgl_8\">Cr\u00e8mes <\/span><span class=\"_fadeIn_m1hgl_8\">ou <\/span><span class=\"_fadeIn_m1hgl_8\">\u00e9pais <\/span><span class=\"_fadeIn_m1hgl_8\">Solutions.<\/span><\/p>\n<p data-start=\"1639\" data-end=\"1670\"><span class=\"_fadeIn_m1hgl_8\">Avantages <\/span><span class=\"_fadeIn_m1hgl_8\">sur <\/span><span class=\"_fadeIn_m1hgl_8\">un <\/span><span class=\"_fadeIn_m1hgl_8\">Regard :<\/span><\/p>\n<ul>\n<li data-start=\"1673\" data-end=\"1729\"><span class=\"_fadeIn_m1hgl_8\">Pneumatique <\/span><span class=\"_fadeIn_m1hgl_8\">Entra\u00eenement <\/span><span class=\"_fadeIn_m1hgl_8\">avec <\/span><span class=\"_fadeIn_m1hgl_8\">ATEX-<\/span><span class=\"_fadeIn_m1hgl_8\">Certification (<\/span><span class=\"_fadeIn_m1hgl_8\">Zone <\/span><span class=\"_fadeIn_m1hgl_8\">1)<\/span><\/li>\n<li data-start=\"1673\" data-end=\"1729\"><span class=\"_fadeIn_m1hgl_8\">Pour <\/span><span class=\"_fadeIn_m1hgl_8\">60-<\/span><span class=\"_fadeIn_m1hgl_8\">litre-<\/span><span class=\"_fadeIn_m1hgl_8\">F\u00fbts, <\/span><span class=\"_fadeIn_m1hgl_8\">\u00d8 <\/span><span class=\"_fadeIn_m1hgl_8\">300-<\/span><span class=\"_fadeIn_m1hgl_8\">400 mm<\/span><\/li>\n<li data-start=\"1673\" data-end=\"1729\"><span class=\"_fadeIn_m1hgl_8\">Tous les <\/span><span class=\"_fadeIn_m1hgl_8\">Composants <\/span><span class=\"_fadeIn_m1hgl_8\">de <\/span><span class=\"_fadeIn_m1hgl_8\">V4A <\/span><span class=\"_fadeIn_m1hgl_8\">Acier inoxydable (<\/span><span class=\"_fadeIn_m1hgl_8\">1.4404)<\/span><\/li>\n<li data-start=\"1673\" data-end=\"1729\"><span class=\"_fadeIn_m1hgl_8\">Deux <\/span><span class=\"_fadeIn_m1hgl_8\">Dispositifs de serrage <\/span><span class=\"_fadeIn_m1hgl_8\">pour <\/span><span class=\"_fadeIn_m1hgl_8\">s\u00e9curis\u00e9 <\/span><span class=\"_fadeIn_m1hgl_8\">Arr\u00eat<\/span><\/li>\n<li data-start=\"1673\" data-end=\"1729\"><span class=\"_fadeIn_m1hgl_8\">Avec <\/span><span class=\"_fadeIn_m1hgl_8\">int\u00e9gr\u00e9 <\/span><span class=\"_fadeIn_m1hgl_8\">Clapet d'ajout <\/span><span class=\"_fadeIn_m1hgl_8\">et <\/span><span class=\"_fadeIn_m1hgl_8\">Barri\u00e8re de s\u00e9curit\u00e9<\/span><\/li>\n<li data-start=\"1673\" data-end=\"1729\"><span class=\"_fadeIn_m1hgl_8\">Douceur <\/span><span class=\"_fadeIn_m1hgl_8\">Comportement d'agitation <\/span><span class=\"_fadeIn_m1hgl_8\">avec <\/span><span class=\"_fadeIn_m1hgl_8\">eco-<\/span><span class=\"_fadeIn_m1hgl_8\">Coupe<\/span><\/li>\n<li data-start=\"1673\" data-end=\"1729\"><span class=\"_fadeIn_m1hgl_8\">Pour <\/span><span class=\"_fadeIn_m1hgl_8\">faible <\/span><span class=\"_fadeIn_m1hgl_8\">jusqu'\u00e0 <\/span><span class=\"_fadeIn_m1hgl_8\">haute viscosit\u00e9 <\/span><span class=\"_fadeIn_m1hgl_8\">M\u00e9dias <\/span><span class=\"_fadeIn_m1hgl_8\">appropri\u00e9<\/span><\/li>\n<li data-start=\"1673\" data-end=\"1729\"><span class=\"_fadeIn_m1hgl_8\">Hygi\u00e9nique, <\/span><span class=\"_fadeIn_m1hgl_8\">robuste, <\/span><span class=\"_fadeIn_m1hgl_8\">peu d'entretien<\/span><\/li>\n<\/ul>","protected":false},"excerpt":{"rendered":"<p><span class=\"_fadeIn_m1hgl_8\">ATEX-<\/span><span class=\"_fadeIn_m1hgl_8\">Agitateur <\/span><span class=\"_fadeIn_m1hgl_8\">pour <\/span><span class=\"_fadeIn_m1hgl_8\">60-<\/span><span class=\"_fadeIn_m1hgl_8\">litre-<\/span><span class=\"_fadeIn_m1hgl_8\">F\u00fbts <\/span><span class=\"_fadeIn_m1hgl_8\">avec <\/span><span class=\"_fadeIn_m1hgl_8\">V4A-<\/span><span class=\"_fadeIn_m1hgl_8\">Composants, <\/span><span class=\"_fadeIn_m1hgl_8\">eco-<\/span><span class=\"_fadeIn_m1hgl_8\">Coupe, <\/span><span class=\"_fadeIn_m1hgl_8\">Clapet d'ajout <\/span><span class=\"_fadeIn_m1hgl_8\">et <\/span><span class=\"_fadeIn_m1hgl_8\">Barri\u00e8re de s\u00e9curit\u00e9 <\/span><span class=\"_fadeIn_m1hgl_8\">pour <\/span><span class=\"_fadeIn_m1hgl_8\">s\u00fbr, <\/span><span class=\"_fadeIn_m1hgl_8\">efficace <\/span><span class=\"_fadeIn_m1hgl_8\">et <\/span><span class=\"_fadeIn_m1hgl_8\">hygi\u00e9nique <\/span><span class=\"_fadeIn_m1hgl_8\">Repos <\/span><span class=\"_fadeIn_m1hgl_8\">de <\/span><span class=\"_fadeIn_m1hgl_8\">M\u00e9dias <\/span><span class=\"_fadeIn_m1hgl_8\">de tous les <\/span><span class=\"_fadeIn_m1hgl_8\">Viscosit\u00e9s.<\/span><\/p>","protected":false},"featured_media":15443,"comment_status":"open","ping_status":"closed","template":"","meta":{"_acf_changed":false},"product_brand":[],"product_cat":[603,595],"product_tag":[2951,2952,2953,2954,2955,2956,2637,2940,2947,2950],"class_list":{"0":"post-7633","1":"product","2":"type-product","3":"status-publish","4":"has-post-thumbnail","6":"product_cat-fassruehrwerke","7":"product_cat-ruehrwerkstechnik","8":"product_tag-edelstahl-ruehrwerk-300-400-mm","9":"product_tag-atex-ruehrwerk-60-liter","10":"product_tag-ruehrwerk-edelstahl-v4a","11":"product_tag-zugabeklappe-ruehrwerk","12":"product_tag-fassruehrwerk-atex-zone-1","13":"product_tag-pneumatischer-ruehrantrieb","14":"product_tag-ruehrwerk-fuer-hochviskose-medien","15":"product_tag-becherruehrorgan-eco-cup","16":"product_tag-ruehrwerk-mit-sicherheitsgitter","17":"product_tag-hygienisches-fassruehrwerk","18":"product_shipping_class-karton-paketversand","19":"pa_antriebsart-pneumatisch","20":"pa_atex-zone-122122","21":"pa_behaeltervolumen-60-liter","22":"pa_dichtung-ptfe","23":"pa_drehmoment-4nm","24":"pa_drehzahl-0-300-1-min","25":"pa_durchmesser-ruehrwelle-16mm","26":"pa_ex-gas-ex-ii-2-g-ex-h-iic-t5-gb-x","27":"pa_ex-staub-ex-ii-2-d-ex-h-iiic-t100c-db-x","28":"pa_geeignete-fassdurchmesser-300-400mm","29":"pa_geraeuschpegel-75db","30":"pa_labs-oel-und-silikonfrei","31":"pa_laenge-ruehrwelle-ca-535mm-ab-deckeloberkante","32":"pa_material-deckel-v4a-edelstahl-1-4404","33":"pa_material-gehaeuse-aluminium-eloxiert","34":"pa_mittlerer-luftverbrauch-25l-min","35":"pa_ruehrorgan-becherruehrorgan-eco-cup-210mm","36":"pa_schutzart-ip67","37":"pa_steckverschraubung-abluft-schlauch-o10mm","38":"pa_steckverschraubung-zuluft-schlauch-o6mm","39":"pa_typ-deckelruehrwerk","40":"pa_versorgung-5-6bar","42":"first","43":"instock","44":"taxable","45":"shipping-taxable","46":"purchasable","47":"product-type-simple"},"bundled_by":[],"bundle_stock_status":"instock","bundle_stock_quantity":null,"bundle_virtual":false,"bundle_layout":"","bundle_add_to_cart_form_location":"","bundle_editable_in_cart":false,"bundle_sold_individually_context":"","bundle_item_grouping":"","bundle_min_size":"","bundle_max_size":"","bundle_price":[],"bundled_items":[],"bundle_sell_ids":[],"exclude_global_add_ons":[],"addons":[],"acf":[],"_links":{"self":[{"href":"https:\/\/ptm-mechatronics.com\/fr\/wp-json\/wp\/v2\/product\/7633","targetHints":{"allow":["GET"]}}],"collection":[{"href":"https:\/\/ptm-mechatronics.com\/fr\/wp-json\/wp\/v2\/product"}],"about":[{"href":"https:\/\/ptm-mechatronics.com\/fr\/wp-json\/wp\/v2\/types\/product"}],"replies":[{"embeddable":true,"href":"https:\/\/ptm-mechatronics.com\/fr\/wp-json\/wp\/v2\/comments?post=7633"}],"wp:featuredmedia":[{"embeddable":true,"href":"https:\/\/ptm-mechatronics.com\/fr\/wp-json\/wp\/v2\/media\/15443"}],"wp:attachment":[{"href":"https:\/\/ptm-mechatronics.com\/fr\/wp-json\/wp\/v2\/media?parent=7633"}],"wp:term":[{"taxonomy":"product_brand","embeddable":true,"href":"https:\/\/ptm-mechatronics.com\/fr\/wp-json\/wp\/v2\/product_brand?post=7633"},{"taxonomy":"product_cat","embeddable":true,"href":"https:\/\/ptm-mechatronics.com\/fr\/wp-json\/wp\/v2\/product_cat?post=7633"},{"taxonomy":"product_tag","embeddable":true,"href":"https:\/\/ptm-mechatronics.com\/fr\/wp-json\/wp\/v2\/product_tag?post=7633"}],"curies":[{"name":"wp","href":"https:\/\/api.w.org\/{rel}","templated":true}]}}