{"id":7612,"date":"2024-02-07T17:44:20","date_gmt":"2024-02-07T17:44:20","guid":{"rendered":""},"modified":"2025-11-07T15:52:12","modified_gmt":"2025-11-07T14:52:12","slug":"handruehrer-atex-eco-up-450","status":"publish","type":"product","link":"https:\/\/ptm-mechatronics.com\/fr\/product\/handruehrer-atex-eco-up-450\/","title":{"rendered":"M\u00e9langeur \u00e0 main ATEX eco-Up 450"},"content":{"rendered":"<p data-start=\"164\" data-end=\"221\"><span class=\"_fadeIn_m1hgl_8\">Batteur \u00e0 main <\/span><span class=\"_fadeIn_m1hgl_8\">eco-<\/span><span class=\"_fadeIn_m1hgl_8\">Up - <\/span><span class=\"_fadeIn_m1hgl_8\">ergonomique, <\/span><span class=\"_fadeIn_m1hgl_8\">puissant, <\/span><span class=\"_fadeIn_m1hgl_8\">en toute s\u00e9curit\u00e9<\/span><\/p>\n<p data-start=\"223\" data-end=\"575\"><span class=\"_fadeIn_m1hgl_8\">Avec <\/span><span class=\"_fadeIn_m1hgl_8\">le site <\/span><span class=\"_fadeIn_m1hgl_8\">Batteur \u00e0 main <\/span><span class=\"_fadeIn_m1hgl_8\">eco-<\/span><span class=\"_fadeIn_m1hgl_8\">Up<\/span> <span class=\"_fadeIn_m1hgl_8\">laissent <\/span><span class=\"_fadeIn_m1hgl_8\">se <\/span><span class=\"_fadeIn_m1hgl_8\">liquide <\/span><span class=\"_fadeIn_m1hgl_8\">et <\/span><span class=\"_fadeIn_m1hgl_8\">haute viscosit\u00e9 <\/span><span class=\"_fadeIn_m1hgl_8\">Substances<\/span> <span class=\"_fadeIn_m1hgl_8\">en toute s\u00e9curit\u00e9, <\/span><span class=\"_fadeIn_m1hgl_8\">puissant <\/span><span class=\"_fadeIn_m1hgl_8\">et <\/span><span class=\"_fadeIn_m1hgl_8\">confortable <\/span><span class=\"_fadeIn_m1hgl_8\">remuer. <\/span><span class=\"_fadeIn_m1hgl_8\">Le site <\/span><span class=\"_fadeIn_m1hgl_8\">Appareil <\/span><span class=\"_fadeIn_m1hgl_8\">a \u00e9t\u00e9 <\/span><span class=\"_fadeIn_m1hgl_8\">sp\u00e9cialement <\/span><span class=\"_fadeIn_m1hgl_8\">pour <\/span><span class=\"_fadeIn_m1hgl_8\">le <\/span><span class=\"_fadeIn_m1hgl_8\">ergonomique <\/span><span class=\"_fadeIn_m1hgl_8\">Utilisation \u00e0 deux mains<\/span> <span class=\"_fadeIn_m1hgl_8\">con\u00e7u <\/span><span class=\"_fadeIn_m1hgl_8\">et <\/span><span class=\"_fadeIn_m1hgl_8\">convainc <\/span><span class=\"_fadeIn_m1hgl_8\">par <\/span><span class=\"_fadeIn_m1hgl_8\">un <\/span><span class=\"_fadeIn_m1hgl_8\">stable, <\/span><span class=\"_fadeIn_m1hgl_8\">facile d'utilisation <\/span><span class=\"_fadeIn_m1hgl_8\">Manipulation<\/span><span class=\"_fadeIn_m1hgl_8\"> \u2013 <\/span><span class=\"_fadeIn_m1hgl_8\">id\u00e9al <\/span><span class=\"_fadeIn_m1hgl_8\">pour <\/span><span class=\"_fadeIn_m1hgl_8\">le site <\/span><span class=\"_fadeIn_m1hgl_8\">Utilisation <\/span><span class=\"_fadeIn_m1hgl_8\">dans <\/span><span class=\"_fadeIn_m1hgl_8\">Production et <\/span><span class=\"_fadeIn_m1hgl_8\">Industrie.<\/span><\/p>\n<p data-start=\"577\" data-end=\"952\"><span class=\"_fadeIn_m1hgl_8\">Gr\u00e2ce \u00e0 <\/span><span class=\"_fadeIn_m1hgl_8\">du site <\/span><span class=\"_fadeIn_m1hgl_8\">ergonomique <\/span><span class=\"_fadeIn_m1hgl_8\">moul\u00e9 <\/span><span class=\"_fadeIn_m1hgl_8\">Poign\u00e9es<\/span> <span class=\"_fadeIn_m1hgl_8\">pour <\/span><span class=\"_fadeIn_m1hgl_8\">les deux <\/span><span class=\"_fadeIn_m1hgl_8\">Mains <\/span><span class=\"_fadeIn_m1hgl_8\">est <\/span><span class=\"_fadeIn_m1hgl_8\">un <\/span><span class=\"_fadeIn_m1hgl_8\">plus s\u00fbr <\/span><span class=\"_fadeIn_m1hgl_8\">Stand <\/span><span class=\"_fadeIn_m1hgl_8\">sur le site <\/span><span class=\"_fadeIn_m1hgl_8\">Repos <\/span><span class=\"_fadeIn_m1hgl_8\">est garantie. <\/span><span class=\"_fadeIn_m1hgl_8\">Le site <\/span><span class=\"_fadeIn_m1hgl_8\">Soulever, <\/span><span class=\"_fadeIn_m1hgl_8\">Tenir <\/span><span class=\"_fadeIn_m1hgl_8\">et <\/span><span class=\"_fadeIn_m1hgl_8\">Diriger <\/span><span class=\"_fadeIn_m1hgl_8\">du site <\/span><span class=\"_fadeIn_m1hgl_8\">Appareil <\/span><span class=\"_fadeIn_m1hgl_8\">se fait sur <\/span><span class=\"_fadeIn_m1hgl_8\">sans effort <\/span><span class=\"_fadeIn_m1hgl_8\">et <\/span><span class=\"_fadeIn_m1hgl_8\">permet <\/span><span class=\"_fadeIn_m1hgl_8\">le site <\/span><span class=\"_fadeIn_m1hgl_8\">Utilisateurs <\/span><span class=\"_fadeIn_m1hgl_8\">un <\/span><span class=\"_fadeIn_m1hgl_8\">contr\u00f4l\u00e9, <\/span><span class=\"_fadeIn_m1hgl_8\">puissant <\/span><span class=\"_fadeIn_m1hgl_8\">Mouvement<\/span><span class=\"_fadeIn_m1hgl_8\">, <\/span><span class=\"_fadeIn_m1hgl_8\">m\u00eame <\/span><span class=\"_fadeIn_m1hgl_8\">chez <\/span><span class=\"_fadeIn_m1hgl_8\">tenace <\/span><span class=\"_fadeIn_m1hgl_8\">Les m\u00e9dias. <\/span><span class=\"_fadeIn_m1hgl_8\">Pour ce faire, <\/span><span class=\"_fadeIn_m1hgl_8\">reste <\/span><span class=\"_fadeIn_m1hgl_8\">le <\/span><span class=\"_fadeIn_m1hgl_8\">Utilisation <\/span><span class=\"_fadeIn_m1hgl_8\">\u00e0 tout moment <\/span><span class=\"_fadeIn_m1hgl_8\">en toute s\u00e9curit\u00e9 <\/span><span class=\"_fadeIn_m1hgl_8\">et <\/span><span class=\"_fadeIn_m1hgl_8\">simplement<\/span><span class=\"_fadeIn_m1hgl_8\">, <\/span><span class=\"_fadeIn_m1hgl_8\">sans <\/span><span class=\"_fadeIn_m1hgl_8\">sur <\/span><span class=\"_fadeIn_m1hgl_8\">important <\/span><span class=\"_fadeIn_m1hgl_8\">Caract\u00e9ristiques de s\u00e9curit\u00e9 <\/span><span class=\"_fadeIn_m1hgl_8\">sur <\/span><span class=\"_fadeIn_m1hgl_8\">renoncer.<\/span><\/p>\n<p data-start=\"954\" data-end=\"1186\"><span class=\"_fadeIn_m1hgl_8\">Fourni <\/span><span class=\"_fadeIn_m1hgl_8\">sera <\/span><span class=\"_fadeIn_m1hgl_8\">le <\/span><span class=\"_fadeIn_m1hgl_8\">eco-<\/span><span class=\"_fadeIn_m1hgl_8\">Up <\/span><span class=\"_fadeIn_m1hgl_8\">Batteur \u00e0 main <\/span><span class=\"_fadeIn_m1hgl_8\">avec <\/span><span class=\"_fadeIn_m1hgl_8\">un <\/span><span class=\"_fadeIn_m1hgl_8\">favorisant la descente <\/span><span class=\"_fadeIn_m1hgl_8\">Organe d'agitation h\u00e9lico\u00efdal<\/span><span class=\"_fadeIn_m1hgl_8\">, <\/span><span class=\"_fadeIn_m1hgl_8\">le <\/span><span class=\"_fadeIn_m1hgl_8\">un <\/span><span class=\"_fadeIn_m1hgl_8\">en particulier <\/span><span class=\"_fadeIn_m1hgl_8\">efficace <\/span><span class=\"_fadeIn_m1hgl_8\">et <\/span><span class=\"_fadeIn_m1hgl_8\">uniforme <\/span><span class=\"_fadeIn_m1hgl_8\">M\u00e9lange <\/span><span class=\"_fadeIn_m1hgl_8\">les plus divers <\/span><span class=\"_fadeIn_m1hgl_8\">M\u00e9dias <\/span><span class=\"_fadeIn_m1hgl_8\">garanti - <\/span><span class=\"_fadeIn_m1hgl_8\">de <\/span><span class=\"_fadeIn_m1hgl_8\">\u00e0 faible viscosit\u00e9 <\/span><span class=\"_fadeIn_m1hgl_8\">jusqu'\u00e0 <\/span><span class=\"_fadeIn_m1hgl_8\">\u00e0 haute viscosit\u00e9 <\/span><span class=\"_fadeIn_m1hgl_8\">Mat\u00e9riaux.<\/span><\/p>\n<p data-start=\"1188\" data-end=\"1219\"><span class=\"_fadeIn_m1hgl_8\">Avantages <\/span><span class=\"_fadeIn_m1hgl_8\">sur <\/span><span class=\"_fadeIn_m1hgl_8\">un <\/span><span class=\"_fadeIn_m1hgl_8\">Regard :<\/span><\/p>\n<ul>\n<li data-start=\"1222\" data-end=\"1270\"><span class=\"_fadeIn_m1hgl_8\">Ergonomique <\/span><span class=\"_fadeIn_m1hgl_8\">Appareil \u00e0 deux mains <\/span><span class=\"_fadeIn_m1hgl_8\">pour <\/span><span class=\"_fadeIn_m1hgl_8\">s\u00e9curis\u00e9 <\/span><span class=\"_fadeIn_m1hgl_8\">Stand<\/span><\/li>\n<li data-start=\"1222\" data-end=\"1270\"><span class=\"_fadeIn_m1hgl_8\">Puissant <\/span><span class=\"_fadeIn_m1hgl_8\">manuel <\/span><span class=\"_fadeIn_m1hgl_8\">Repos <\/span><span class=\"_fadeIn_m1hgl_8\">les plus divers <\/span><span class=\"_fadeIn_m1hgl_8\">M\u00e9dias<\/span><\/li>\n<li data-start=\"1222\" data-end=\"1270\"><span class=\"_fadeIn_m1hgl_8\">Id\u00e9al <\/span><span class=\"_fadeIn_m1hgl_8\">pour <\/span><span class=\"_fadeIn_m1hgl_8\">haute viscosit\u00e9 <\/span><span class=\"_fadeIn_m1hgl_8\">et <\/span><span class=\"_fadeIn_m1hgl_8\">liquide <\/span><span class=\"_fadeIn_m1hgl_8\">Substances<\/span><\/li>\n<li data-start=\"1222\" data-end=\"1270\"><span class=\"_fadeIn_m1hgl_8\">Simple, <\/span><span class=\"_fadeIn_m1hgl_8\">s\u00e9curis\u00e9 <\/span><span class=\"_fadeIn_m1hgl_8\">Manutention <\/span><span class=\"_fadeIn_m1hgl_8\">avec <\/span><span class=\"_fadeIn_m1hgl_8\">les deux <\/span><span class=\"_fadeIn_m1hgl_8\">mains<\/span><\/li>\n<li data-start=\"1222\" data-end=\"1270\"><span class=\"_fadeIn_m1hgl_8\">Y compris <\/span><span class=\"_fadeIn_m1hgl_8\">favorisant la descente <\/span><span class=\"_fadeIn_m1hgl_8\">Organe d'agitation h\u00e9lico\u00efdal<\/span><\/li>\n<li data-start=\"1222\" data-end=\"1270\"><span class=\"_fadeIn_m1hgl_8\">Mobile, <\/span><span class=\"_fadeIn_m1hgl_8\">flexible <\/span><span class=\"_fadeIn_m1hgl_8\">et <\/span><span class=\"_fadeIn_m1hgl_8\">polyvalent <\/span><span class=\"_fadeIn_m1hgl_8\">utilisable<\/span><\/li>\n<li data-start=\"1222\" data-end=\"1270\"><span class=\"_fadeIn_m1hgl_8\">Adapt\u00e9 <\/span><span class=\"_fadeIn_m1hgl_8\">pour <\/span><span class=\"_fadeIn_m1hgl_8\">Production<\/span> <span class=\"_fadeIn_m1hgl_8\">et <\/span><span class=\"_fadeIn_m1hgl_8\">Industrie<\/span><\/li>\n<\/ul>","protected":false},"excerpt":{"rendered":"<p><span class=\"_fadeIn_m1hgl_8\">E<\/span><span class=\"_fadeIn_m1hgl_8\">rgonomique <\/span><span class=\"_fadeIn_m1hgl_8\">Batteur \u00e0 main <\/span><span class=\"_fadeIn_m1hgl_8\">eco-<\/span><span class=\"_fadeIn_m1hgl_8\">Up <\/span><span class=\"_fadeIn_m1hgl_8\">pour <\/span><span class=\"_fadeIn_m1hgl_8\">s\u00e9curis\u00e9 <\/span><span class=\"_fadeIn_m1hgl_8\">et <\/span><span class=\"_fadeIn_m1hgl_8\">puissant <\/span><span class=\"_fadeIn_m1hgl_8\">Repos <\/span><span class=\"_fadeIn_m1hgl_8\">de <\/span><span class=\"_fadeIn_m1hgl_8\">liquide <\/span><span class=\"_fadeIn_m1hgl_8\">jusqu'\u00e0 <\/span><span class=\"_fadeIn_m1hgl_8\">\u00e0 haute viscosit\u00e9 <\/span><span class=\"_fadeIn_m1hgl_8\">M\u00e9dias <\/span><span class=\"_fadeIn_m1hgl_8\">par <\/span><span class=\"_fadeIn_m1hgl_8\">Utilisation \u00e0 deux mains - <\/span><span class=\"_fadeIn_m1hgl_8\">y compris <\/span><span class=\"_fadeIn_m1hgl_8\">Organe d'agitation h\u00e9lico\u00efdal <\/span><span class=\"_fadeIn_m1hgl_8\">pour <\/span><span class=\"_fadeIn_m1hgl_8\">efficace <\/span><span class=\"_fadeIn_m1hgl_8\">M\u00e9lange.<\/span><\/p>","protected":false},"featured_media":15438,"comment_status":"open","ping_status":"closed","template":"","meta":{"_acf_changed":false},"product_brand":[],"product_cat":[595,600],"product_tag":[2903,2904,2905,2906,2907,2908,2899,2900,2901,2902],"class_list":{"0":"post-7612","1":"product","2":"type-product","3":"status-publish","4":"has-post-thumbnail","6":"product_cat-ruehrwerkstechnik","7":"product_cat-handruehrer","8":"product_tag-manuelles-ruehrgeraet","9":"product_tag-ruehrgeraet-hochviskose-medien","10":"product_tag-ruehrgeraet-fuer-labor","11":"product_tag-handruehrer-mit-wendelruehrorgan","12":"product_tag-manuelles-ruehrwerkzeug","13":"product_tag-fluessigkeiten-manuell-ruehren","14":"product_tag-handruehrgeraet-industrie","15":"product_tag-handruehrer-eco-up","16":"product_tag-zweihandruehrer-kaufen","17":"product_tag-ergonomischer-handruehrer","18":"product_shipping_class-karton-paketversand","19":"pa_anschluss-schnellkupplung-nw7-2","20":"pa_antriebsart-pneumatisch","21":"pa_atex-zone-122122","22":"pa_aufnahme-fuer-ruehrorgan-m14-gewinde","23":"pa_dichtung-ptfe","24":"pa_drehmoment-4nm","25":"pa_drehzahl-0-300-1-min","26":"pa_ex-gas-ex-ii-2-g-ex-h-iic-t5-gb-x","27":"pa_ex-staub-ex-ii-2-d-ex-h-iiic-t100c-db-x","28":"pa_geraeuschpegel-75db","29":"pa_labs-oel-und-silikonfrei","30":"pa_material-gehaeuse-aluminium-eloxiert","31":"pa_mittlerer-luftverbrauch-25l-min","32":"pa_model-eco-up-450","33":"pa_schutzart-ip67","34":"pa_versorgung-5-6bar","36":"first","37":"instock","38":"taxable","39":"shipping-taxable","40":"purchasable","41":"product-type-simple"},"bundled_by":[],"bundle_stock_status":"instock","bundle_stock_quantity":null,"bundle_virtual":false,"bundle_layout":"","bundle_add_to_cart_form_location":"","bundle_editable_in_cart":false,"bundle_sold_individually_context":"","bundle_item_grouping":"","bundle_min_size":"","bundle_max_size":"","bundle_price":[],"bundled_items":[],"bundle_sell_ids":[],"exclude_global_add_ons":[],"addons":[],"acf":[],"_links":{"self":[{"href":"https:\/\/ptm-mechatronics.com\/fr\/wp-json\/wp\/v2\/product\/7612","targetHints":{"allow":["GET"]}}],"collection":[{"href":"https:\/\/ptm-mechatronics.com\/fr\/wp-json\/wp\/v2\/product"}],"about":[{"href":"https:\/\/ptm-mechatronics.com\/fr\/wp-json\/wp\/v2\/types\/product"}],"replies":[{"embeddable":true,"href":"https:\/\/ptm-mechatronics.com\/fr\/wp-json\/wp\/v2\/comments?post=7612"}],"wp:featuredmedia":[{"embeddable":true,"href":"https:\/\/ptm-mechatronics.com\/fr\/wp-json\/wp\/v2\/media\/15438"}],"wp:attachment":[{"href":"https:\/\/ptm-mechatronics.com\/fr\/wp-json\/wp\/v2\/media?parent=7612"}],"wp:term":[{"taxonomy":"product_brand","embeddable":true,"href":"https:\/\/ptm-mechatronics.com\/fr\/wp-json\/wp\/v2\/product_brand?post=7612"},{"taxonomy":"product_cat","embeddable":true,"href":"https:\/\/ptm-mechatronics.com\/fr\/wp-json\/wp\/v2\/product_cat?post=7612"},{"taxonomy":"product_tag","embeddable":true,"href":"https:\/\/ptm-mechatronics.com\/fr\/wp-json\/wp\/v2\/product_tag?post=7612"}],"curies":[{"name":"wp","href":"https:\/\/api.w.org\/{rel}","templated":true}]}}