{"id":4016,"date":"2024-02-07T17:44:43","date_gmt":"2024-02-07T17:44:43","guid":{"rendered":""},"modified":"2025-11-27T16:33:44","modified_gmt":"2025-11-27T15:33:44","slug":"drehzahlanzeige-atex-zone-1","status":"publish","type":"product","link":"https:\/\/ptm-mechatronics.com\/fr\/product\/drehzahlanzeige-atex-zone-1\/","title":{"rendered":"Indicateur de vitesse ATEX Zone 1"},"content":{"rendered":"<h2 data-start=\"190\" data-end=\"266\"><span style=\"font-size: 75%\">Indicateur de vitesse pour ATEX Zone 1 - pr\u00e9cis, s\u00fbr, antid\u00e9flagrant<\/span><\/h2>\n<p data-start=\"268\" data-end=\"641\">L'indicateur de vitesse pour ATEX Zone 1 a \u00e9t\u00e9 sp\u00e9cialement con\u00e7u pour surveiller de mani\u00e8re fiable et s\u00fbre la vitesse des agitateurs PTM dans les zones \u00e0 risque d'explosion. Il permet un affichage pr\u00e9cis de la vitesse de rotation de l'agitateur et favorise ainsi un contr\u00f4le exact du processus, m\u00eame dans les environnements de production sensibles tels que l'industrie chimique, pharmaceutique ou alimentaire.<\/p>\n<p data-start=\"643\" data-end=\"1006\">Gr\u00e2ce \u00e0 sa construction robuste et antid\u00e9flagrante, l'indicateur de vitesse est parfaitement adapt\u00e9 \u00e0 la zone 1 ATEX et r\u00e9pond aux normes de s\u00e9curit\u00e9 les plus strictes pour une utilisation dans des zones dangereuses pr\u00e9sentant des risques d'explosion de gaz ou de poussi\u00e8res. L'int\u00e9gration simple dans les syst\u00e8mes d'agitation PTM existants assure une installation rapide ainsi qu'un fonctionnement sans probl\u00e8me.<\/p>\n<p data-start=\"1008\" data-end=\"1243\">L'affichage fournit des valeurs pr\u00e9cises en temps r\u00e9el qui aident l'utilisateur \u00e0 contr\u00f4ler et \u00e0 optimiser les processus de m\u00e9lange. Il am\u00e9liore ainsi non seulement la s\u00e9curit\u00e9 des processus, mais aussi la qualit\u00e9 et la reproductibilit\u00e9 des produits.<\/p>","protected":false},"excerpt":{"rendered":"<p>Indicateur de vitesse antid\u00e9flagrant pour ATEX Zone 1 pour une surveillance pr\u00e9cise de la vitesse des agitateurs PTM pour une s\u00e9curit\u00e9 maximale des processus dans les environnements de production \u00e0 risque.<\/p>","protected":false},"featured_media":15410,"comment_status":"open","ping_status":"closed","template":"","meta":{"_acf_changed":false},"product_brand":[],"product_cat":[1421,595,596,603,612,614],"product_tag":[3114,3115,3106,3107,3108,3109,3110,3111,3112,3113],"class_list":{"0":"post-4016","1":"product","2":"type-product","3":"status-publish","4":"has-post-thumbnail","6":"product_cat-zubehoer-ruehrwerkstechnik","7":"product_cat-ruehrwerkstechnik","8":"product_cat-laborruehrer","9":"product_cat-fassruehrwerke","10":"product_cat-kleingebinderuehrwerke","11":"product_cat-containerruehrwerke","12":"product_tag-atex-drehzahlkontrolle","13":"product_tag-explosionsgeschuetztes-zubehoer-ruehrwerk","14":"product_tag-drehzahlanzeige-atex","15":"product_tag-atex-zone-1-anzeige","16":"product_tag-drehzahlueberwachung-ruehrwerk","17":"product_tag-explosionsgeschuetzte-anzeige","18":"product_tag-ptm-drehzahlanzeige","19":"product_tag-ruehrwerksanzeige-zone-1","20":"product_tag-drehzahlmessung-atex","21":"product_tag-prozessueberwachung-ruehrwerk","22":"product_shipping_class-karton-paketversand","24":"first","25":"instock","26":"taxable","27":"shipping-taxable","28":"purchasable","29":"product-type-simple"},"bundled_by":[],"bundle_stock_status":"instock","bundle_stock_quantity":null,"bundle_virtual":false,"bundle_layout":"","bundle_add_to_cart_form_location":"","bundle_editable_in_cart":false,"bundle_sold_individually_context":"","bundle_item_grouping":"","bundle_min_size":"","bundle_max_size":"","bundle_price":[],"bundled_items":[],"bundle_sell_ids":[],"exclude_global_add_ons":[],"addons":[],"acf":[],"_links":{"self":[{"href":"https:\/\/ptm-mechatronics.com\/fr\/wp-json\/wp\/v2\/product\/4016","targetHints":{"allow":["GET"]}}],"collection":[{"href":"https:\/\/ptm-mechatronics.com\/fr\/wp-json\/wp\/v2\/product"}],"about":[{"href":"https:\/\/ptm-mechatronics.com\/fr\/wp-json\/wp\/v2\/types\/product"}],"replies":[{"embeddable":true,"href":"https:\/\/ptm-mechatronics.com\/fr\/wp-json\/wp\/v2\/comments?post=4016"}],"wp:featuredmedia":[{"embeddable":true,"href":"https:\/\/ptm-mechatronics.com\/fr\/wp-json\/wp\/v2\/media\/15410"}],"wp:attachment":[{"href":"https:\/\/ptm-mechatronics.com\/fr\/wp-json\/wp\/v2\/media?parent=4016"}],"wp:term":[{"taxonomy":"product_brand","embeddable":true,"href":"https:\/\/ptm-mechatronics.com\/fr\/wp-json\/wp\/v2\/product_brand?post=4016"},{"taxonomy":"product_cat","embeddable":true,"href":"https:\/\/ptm-mechatronics.com\/fr\/wp-json\/wp\/v2\/product_cat?post=4016"},{"taxonomy":"product_tag","embeddable":true,"href":"https:\/\/ptm-mechatronics.com\/fr\/wp-json\/wp\/v2\/product_tag?post=4016"}],"curies":[{"name":"wp","href":"https:\/\/api.w.org\/{rel}","templated":true}]}}