{"id":3986,"date":"2024-02-07T17:44:42","date_gmt":"2024-02-07T17:44:42","guid":{"rendered":""},"modified":"2025-11-07T15:51:30","modified_gmt":"2025-11-07T14:51:30","slug":"deckel-eco-cap-100-fuer-100-110-liter-fass","status":"publish","type":"product","link":"https:\/\/ptm-mechatronics.com\/fr\/product\/deckel-eco-cap-100-fuer-100-110-liter-fass\/","title":{"rendered":"Couvercle eco-Cap 100 pour f\u00fbt de 100-110 litres"},"content":{"rendered":"<h1 data-start=\"317\" data-end=\"393\"><span style=\"font-size: 75%;\"><span class=\"_fadeIn_m1hgl_8\">Couvercle en acier inoxydable <\/span><span class=\"_fadeIn_m1hgl_8\">avec <\/span><span class=\"_fadeIn_m1hgl_8\">Trappe de visite - <\/span><span class=\"_fadeIn_m1hgl_8\">en toute s\u00e9curit\u00e9, <\/span><span class=\"_fadeIn_m1hgl_8\">flexible <\/span><span class=\"_fadeIn_m1hgl_8\">et <\/span><span class=\"_fadeIn_m1hgl_8\">orient\u00e9 vers le processus<\/span><\/span><\/h1>\n<p data-start=\"395\" data-end=\"709\"><span class=\"_fadeIn_m1hgl_8\">Le site <\/span><span class=\"_fadeIn_m1hgl_8\">de haute qualit\u00e9 <\/span><span class=\"_fadeIn_m1hgl_8\">Couvercle <\/span><span class=\"_fadeIn_m1hgl_8\">de <\/span><span class=\"_fadeIn_m1hgl_8\">V4A <\/span><span class=\"_fadeIn_m1hgl_8\">Acier inoxydable (<\/span><span class=\"_fadeIn_m1hgl_8\">1.4404)<\/span> <span class=\"_fadeIn_m1hgl_8\">a \u00e9t\u00e9 <\/span><span class=\"_fadeIn_m1hgl_8\">sp\u00e9cialement <\/span><span class=\"_fadeIn_m1hgl_8\">pour <\/span><span class=\"_fadeIn_m1hgl_8\">le <\/span><span class=\"_fadeIn_m1hgl_8\">s\u00e9curis\u00e9 <\/span><span class=\"_fadeIn_m1hgl_8\">Couverture <\/span><span class=\"_fadeIn_m1hgl_8\">de <\/span><span class=\"_fadeIn_m1hgl_8\">F\u00fbts <\/span><span class=\"_fadeIn_m1hgl_8\">et <\/span><span class=\"_fadeIn_m1hgl_8\">R\u00e9cipients <\/span><span class=\"_fadeIn_m1hgl_8\">avec <\/span><span class=\"_fadeIn_m1hgl_8\">un <\/span><span class=\"_fadeIn_m1hgl_8\">Diam\u00e8tre <\/span><span class=\"_fadeIn_m1hgl_8\">de 4<\/span><span class=\"_fadeIn_m1hgl_8\">00 <\/span><span class=\"_fadeIn_m1hgl_8\">jusqu'\u00e0 5<\/span><span class=\"_fadeIn_m1hgl_8\">00 mm<\/span> <span class=\"_fadeIn_m1hgl_8\">d\u00e9velopp\u00e9. <\/span><span class=\"_fadeIn_m1hgl_8\">Son <\/span><span class=\"_fadeIn_m1hgl_8\">robuste <\/span><span class=\"_fadeIn_m1hgl_8\">et <\/span><span class=\"_fadeIn_m1hgl_8\">hygi\u00e9nique <\/span><span class=\"_fadeIn_m1hgl_8\">Construction <\/span><span class=\"_fadeIn_m1hgl_8\">fait <\/span><span class=\"_fadeIn_m1hgl_8\">lui <\/span><span class=\"_fadeIn_m1hgl_8\">id\u00e9al <\/span><span class=\"_fadeIn_m1hgl_8\">pour <\/span><span class=\"_fadeIn_m1hgl_8\">Applications <\/span><span class=\"_fadeIn_m1hgl_8\">dans <\/span><span class=\"_fadeIn_m1hgl_8\">le <\/span><span class=\"_fadeIn_m1hgl_8\">Alimentaire, <\/span><span class=\"_fadeIn_m1hgl_8\">Pharma-, <\/span><span class=\"_fadeIn_m1hgl_8\">Cosm\u00e9tique- <\/span><span class=\"_fadeIn_m1hgl_8\">et <\/span><span class=\"_fadeIn_m1hgl_8\">Industrie chimique<\/span><span class=\"_fadeIn_m1hgl_8\">.<\/span><\/p>\n<p data-start=\"711\" data-end=\"1189\"><span class=\"_fadeIn_m1hgl_8\">\u00c9quip\u00e9 <\/span><span class=\"_fadeIn_m1hgl_8\">avec <\/span><span class=\"_fadeIn_m1hgl_8\">deux <\/span><span class=\"_fadeIn_m1hgl_8\">r\u00e9glable <\/span><span class=\"_fadeIn_m1hgl_8\">Dispositifs de serrage<\/span><span class=\"_fadeIn_m1hgl_8\">, <\/span><span class=\"_fadeIn_m1hgl_8\">laisse <\/span><span class=\"_fadeIn_m1hgl_8\">se <\/span><span class=\"_fadeIn_m1hgl_8\">le <\/span><span class=\"_fadeIn_m1hgl_8\">Couvercle <\/span><span class=\"_fadeIn_m1hgl_8\">rapide <\/span><span class=\"_fadeIn_m1hgl_8\">et <\/span><span class=\"_fadeIn_m1hgl_8\">en toute s\u00e9curit\u00e9 <\/span><span class=\"_fadeIn_m1hgl_8\">sur <\/span><span class=\"_fadeIn_m1hgl_8\">diff\u00e9rents <\/span><span class=\"_fadeIn_m1hgl_8\">Taille des conteneurs <\/span><span class=\"_fadeIn_m1hgl_8\">fixer - <\/span><span class=\"_fadeIn_m1hgl_8\">tout <\/span><span class=\"_fadeIn_m1hgl_8\">sans <\/span><span class=\"_fadeIn_m1hgl_8\">Outil. <\/span><span class=\"_fadeIn_m1hgl_8\">Un <\/span><span class=\"_fadeIn_m1hgl_8\">sp\u00e9cial <\/span><span class=\"_fadeIn_m1hgl_8\">Pleins feux sur <\/span><span class=\"_fadeIn_m1hgl_8\">est <\/span><span class=\"_fadeIn_m1hgl_8\">le <\/span><span class=\"_fadeIn_m1hgl_8\">int\u00e9gr\u00e9 <\/span><span class=\"_fadeIn_m1hgl_8\">\u00bc-<\/span><span class=\"_fadeIn_m1hgl_8\">Trappe de visite <\/span><span class=\"_fadeIn_m1hgl_8\">avec <\/span><span class=\"_fadeIn_m1hgl_8\">Barri\u00e8re de s\u00e9curit\u00e9<\/span><span class=\"_fadeIn_m1hgl_8\">, <\/span><span class=\"_fadeIn_m1hgl_8\">le <\/span><span class=\"_fadeIn_m1hgl_8\">un <\/span><span class=\"_fadeIn_m1hgl_8\">s\u00e9curis\u00e9 <\/span><span class=\"_fadeIn_m1hgl_8\">visuel <\/span><span class=\"_fadeIn_m1hgl_8\">Contr\u00f4le des processus <\/span><span class=\"_fadeIn_m1hgl_8\">permet, <\/span><span class=\"_fadeIn_m1hgl_8\">sans <\/span><span class=\"_fadeIn_m1hgl_8\">le site <\/span><span class=\"_fadeIn_m1hgl_8\">Couvercle <\/span><span class=\"_fadeIn_m1hgl_8\">supprimer <\/span><span class=\"_fadeIn_m1hgl_8\">sur <\/span><span class=\"_fadeIn_m1hgl_8\">doivent. <\/span><span class=\"_fadeIn_m1hgl_8\">Ainsi <\/span><span class=\"_fadeIn_m1hgl_8\">laissent <\/span><span class=\"_fadeIn_m1hgl_8\">se <\/span><span class=\"_fadeIn_m1hgl_8\">M\u00e9langeur <\/span><span class=\"_fadeIn_m1hgl_8\">ou <\/span><span class=\"_fadeIn_m1hgl_8\">Processus d'agitation <\/span><span class=\"_fadeIn_m1hgl_8\">confortable <\/span><span class=\"_fadeIn_m1hgl_8\">surveiller, <\/span><span class=\"_fadeIn_m1hgl_8\">pendant <\/span><span class=\"_fadeIn_m1hgl_8\">en m\u00eame temps <\/span><span class=\"_fadeIn_m1hgl_8\">le <\/span><span class=\"_fadeIn_m1hgl_8\">Protection <\/span><span class=\"_fadeIn_m1hgl_8\">avant <\/span><span class=\"_fadeIn_m1hgl_8\">mobile <\/span><span class=\"_fadeIn_m1hgl_8\">Partager <\/span><span class=\"_fadeIn_m1hgl_8\">garantit <\/span><span class=\"_fadeIn_m1hgl_8\">reste.<\/span><\/p>\n<p data-start=\"1191\" data-end=\"1222\"><span class=\"_fadeIn_m1hgl_8\">Avantages <\/span><span class=\"_fadeIn_m1hgl_8\">sur <\/span><span class=\"_fadeIn_m1hgl_8\">un <\/span><span class=\"_fadeIn_m1hgl_8\">Regard :<\/span><\/p>\n<ul>\n<li data-start=\"1225\" data-end=\"1266\"><span class=\"_fadeIn_m1hgl_8\">De <\/span><span class=\"_fadeIn_m1hgl_8\">de haute qualit\u00e9 <\/span><span class=\"_fadeIn_m1hgl_8\">V4A <\/span><span class=\"_fadeIn_m1hgl_8\">Acier inoxydable (<\/span><span class=\"_fadeIn_m1hgl_8\">1.4404)<\/span><\/li>\n<li data-start=\"1225\" data-end=\"1266\"><span class=\"_fadeIn_m1hgl_8\">Plage de serrage <\/span><span class=\"_fadeIn_m1hgl_8\">pour 4<\/span><span class=\"_fadeIn_m1hgl_8\">00-5<\/span><span class=\"_fadeIn_m1hgl_8\">00 mm <\/span><span class=\"_fadeIn_m1hgl_8\">Diam\u00e8tre<\/span><\/li>\n<li data-start=\"1225\" data-end=\"1266\"><span class=\"_fadeIn_m1hgl_8\">Deux <\/span><span class=\"_fadeIn_m1hgl_8\">Dispositifs de serrage <\/span><span class=\"_fadeIn_m1hgl_8\">pour <\/span><span class=\"_fadeIn_m1hgl_8\">fixe <\/span><span class=\"_fadeIn_m1hgl_8\">Arr\u00eat<\/span><\/li>\n<li data-start=\"1225\" data-end=\"1266\"><span class=\"_fadeIn_m1hgl_8\">Avec <\/span><span class=\"_fadeIn_m1hgl_8\">int\u00e9gr\u00e9 \u00bc-<\/span><span class=\"_fadeIn_m1hgl_8\">Trappe de visite<\/span><\/li>\n<li data-start=\"1225\" data-end=\"1266\"><span class=\"_fadeIn_m1hgl_8\">Barri\u00e8re de s\u00e9curit\u00e9 <\/span><span class=\"_fadeIn_m1hgl_8\">pour <\/span><span class=\"_fadeIn_m1hgl_8\">Protection <\/span><span class=\"_fadeIn_m1hgl_8\">chez <\/span><span class=\"_fadeIn_m1hgl_8\">en cours <\/span><span class=\"_fadeIn_m1hgl_8\">Exploitation<\/span><\/li>\n<li data-start=\"1225\" data-end=\"1266\"><span class=\"_fadeIn_m1hgl_8\">Hygi\u00e9nique <\/span><span class=\"_fadeIn_m1hgl_8\">et <\/span><span class=\"_fadeIn_m1hgl_8\">facile <\/span><span class=\"_fadeIn_m1hgl_8\">sur <\/span><span class=\"_fadeIn_m1hgl_8\">nettoyer<\/span><\/li>\n<li data-start=\"1225\" data-end=\"1266\"><span class=\"_fadeIn_m1hgl_8\">Id\u00e9al <\/span><span class=\"_fadeIn_m1hgl_8\">pour <\/span><span class=\"_fadeIn_m1hgl_8\">Production, <\/span><span class=\"_fadeIn_m1hgl_8\">Laboratoire- <\/span><span class=\"_fadeIn_m1hgl_8\">et <\/span><span class=\"_fadeIn_m1hgl_8\">Processus d'agitation<\/span><\/li>\n<li data-start=\"1225\" data-end=\"1266\"><span class=\"_fadeIn_m1hgl_8\">Convient \u00e0 <\/span><span class=\"_fadeIn_m1hgl_8\">pour <\/span><span class=\"_fadeIn_m1hgl_8\">diff\u00e9rents <\/span><span class=\"_fadeIn_m1hgl_8\">Tonneau- <\/span><span class=\"_fadeIn_m1hgl_8\">et <\/span><span class=\"_fadeIn_m1hgl_8\">Taille des conteneurs<\/span><\/li>\n<\/ul>","protected":false},"excerpt":{"rendered":"<p><span class=\"_fadeIn_m1hgl_8\">V4A-<\/span><span class=\"_fadeIn_m1hgl_8\">Couvercle en acier inoxydable <\/span><span class=\"_fadeIn_m1hgl_8\">avec <\/span><span class=\"_fadeIn_m1hgl_8\">Dispositif de serrage <\/span><span class=\"_fadeIn_m1hgl_8\">pour <\/span><span class=\"_fadeIn_m1hgl_8\">F\u00fbts <\/span><span class=\"_fadeIn_m1hgl_8\">avec 4<\/span><span class=\"_fadeIn_m1hgl_8\">00-5<\/span><span class=\"_fadeIn_m1hgl_8\">00 mm <\/span><span class=\"_fadeIn_m1hgl_8\">diam\u00e8tre (f\u00fbts de 100 \u00e0 110 litres),<\/span><span class=\"_fadeIn_m1hgl_8\"> avec <\/span><span class=\"_fadeIn_m1hgl_8\">int\u00e9gr\u00e9 \u00bc-<\/span><span class=\"_fadeIn_m1hgl_8\">Trappe de visite <\/span><span class=\"_fadeIn_m1hgl_8\">avec <\/span><span class=\"_fadeIn_m1hgl_8\">Barri\u00e8re de s\u00e9curit\u00e9 <\/span><span class=\"_fadeIn_m1hgl_8\">vers <\/span><span class=\"_fadeIn_m1hgl_8\">s\u00e9curis\u00e9 <\/span><span class=\"_fadeIn_m1hgl_8\">Surveillance des processus.<\/span><\/p>","protected":false},"featured_media":15398,"comment_status":"open","ping_status":"closed","template":"","meta":{"_acf_changed":false},"product_brand":[],"product_cat":[594,595,603],"product_tag":[2910,2911,2915,2928,2929,2930,2931,2932,2933,2934],"class_list":{"0":"post-3986","1":"product","2":"type-product","3":"status-publish","4":"has-post-thumbnail","6":"product_cat-zubehoer","7":"product_cat-ruehrwerkstechnik","8":"product_cat-fassruehrwerke","9":"product_tag-deckel-mit-sichtklappe","10":"product_tag-deckel-mit-sicherheitsgitter","11":"product_tag-hygienischer-fassdeckel","12":"product_tag-edelstahldeckel-400-500-mm","13":"product_tag-v4a-deckel-edelstahl","14":"product_tag-ruehrwerksdeckel-industrie","15":"product_tag-sichtfenster-deckel","16":"product_tag-prozessueberwachung-deckel","17":"product_tag-edelstahlbehaelter-deckel","18":"product_tag-spannverschluss-edelstahl-deckel","19":"product_shipping_class-karton-paketversand","20":"pa_behaeltervolumen-100-liter","21":"pa_mgl-fassdurchmesser-400-500mm","23":"first","24":"instock","25":"taxable","26":"shipping-taxable","27":"purchasable","28":"product-type-simple"},"bundled_by":["4312"],"bundle_stock_status":"instock","bundle_stock_quantity":null,"bundle_virtual":false,"bundle_layout":"","bundle_add_to_cart_form_location":"","bundle_editable_in_cart":false,"bundle_sold_individually_context":"","bundle_item_grouping":"","bundle_min_size":"","bundle_max_size":"","bundle_price":[],"bundled_items":[],"bundle_sell_ids":[],"exclude_global_add_ons":[],"addons":[],"acf":[],"_links":{"self":[{"href":"https:\/\/ptm-mechatronics.com\/fr\/wp-json\/wp\/v2\/product\/3986","targetHints":{"allow":["GET"]}}],"collection":[{"href":"https:\/\/ptm-mechatronics.com\/fr\/wp-json\/wp\/v2\/product"}],"about":[{"href":"https:\/\/ptm-mechatronics.com\/fr\/wp-json\/wp\/v2\/types\/product"}],"replies":[{"embeddable":true,"href":"https:\/\/ptm-mechatronics.com\/fr\/wp-json\/wp\/v2\/comments?post=3986"}],"wp:featuredmedia":[{"embeddable":true,"href":"https:\/\/ptm-mechatronics.com\/fr\/wp-json\/wp\/v2\/media\/15398"}],"wp:attachment":[{"href":"https:\/\/ptm-mechatronics.com\/fr\/wp-json\/wp\/v2\/media?parent=3986"}],"wp:term":[{"taxonomy":"product_brand","embeddable":true,"href":"https:\/\/ptm-mechatronics.com\/fr\/wp-json\/wp\/v2\/product_brand?post=3986"},{"taxonomy":"product_cat","embeddable":true,"href":"https:\/\/ptm-mechatronics.com\/fr\/wp-json\/wp\/v2\/product_cat?post=3986"},{"taxonomy":"product_tag","embeddable":true,"href":"https:\/\/ptm-mechatronics.com\/fr\/wp-json\/wp\/v2\/product_tag?post=3986"}],"curies":[{"name":"wp","href":"https:\/\/api.w.org\/{rel}","templated":true}]}}