{"id":3963,"date":"2024-02-07T17:44:42","date_gmt":"2024-02-07T17:44:42","guid":{"rendered":""},"modified":"2026-02-03T10:31:50","modified_gmt":"2026-02-03T09:31:50","slug":"anschlusset-mit-filterregler-und-manometer-fuer-ptm-antriebe-lebensmittelkonform","status":"publish","type":"product","link":"https:\/\/ptm-mechatronics.com\/fr\/product\/anschlusset-mit-filterregler-und-manometer-fuer-ptm-antriebe-lebensmittelkonform\/","title":{"rendered":"Kit de raccordement avec filtre r\u00e9gulateur et manom\u00e8tre pour entra\u00eenements PTM, conforme aux normes alimentaires"},"content":{"rendered":"<p data-start=\"248\" data-end=\"343\">Kit de raccordement de qualit\u00e9 alimentaire avec filtre r\u00e9gulateur &amp; manom\u00e8tre - complet, s\u00fbr, hygi\u00e9nique<\/p>\n<p data-start=\"345\" data-end=\"744\">Le kit de raccordement de qualit\u00e9 alimentaire avec filtre r\u00e9gulateur et manom\u00e8tre est un module d'alimentation en air enti\u00e8rement pr\u00e9mont\u00e9 qui contient tous les composants n\u00e9cessaires au raccordement s\u00fbr et hygi\u00e9nique de vos entra\u00eenements PTM \u00e0 un syst\u00e8me d'air comprim\u00e9. Il comprend un jeu de tuyaux conformes aux normes FDA, une vanne d'arr\u00eat ainsi qu'une unit\u00e9 de maintenance avec filtre, r\u00e9gulateur de pression et manom\u00e8tre.<\/p>\n<p data-start=\"746\" data-end=\"1161\">Le filtre r\u00e9gulateur int\u00e9gr\u00e9 nettoie de mani\u00e8re fiable l'air comprim\u00e9 des impuret\u00e9s et de l'humidit\u00e9, tandis que le manom\u00e8tre permet un contr\u00f4le pr\u00e9cis de la pression d'air. Gr\u00e2ce au jeu de tuyaux conforme aux normes FDA, ce module d'alimentation en air est con\u00e7u pour \u00eatre conforme aux normes alimentaires pour une utilisation dans des domaines sensibles en mati\u00e8re d'hygi\u00e8ne, tels que l'industrie alimentaire, pharmaceutique ou cosm\u00e9tique.<\/p>\n<p data-start=\"1163\" data-end=\"1343\">Le module de raccordement est parfaitement adapt\u00e9 aux entra\u00eenements PTM et permet un fonctionnement efficace, durable et n\u00e9cessitant peu d'entretien, m\u00eame dans des conditions exigeantes.<\/p>","protected":false},"excerpt":{"rendered":"<p>Le kit de raccordement de qualit\u00e9 alimentaire avec filtre r\u00e9gulateur, manom\u00e8tre et jeu de tuyaux conformes aux normes FDA garantit une alimentation en air comprim\u00e9 hygi\u00e9nique, s\u00fbre et durable pour les entra\u00eenements PTM.<\/p>","protected":false},"featured_media":15393,"comment_status":"open","ping_status":"closed","template":"","meta":{"_acf_changed":false},"product_brand":[],"product_cat":[1421,1906,428,594],"product_tag":[3063,3064,3065,3050,3057,3058,3059,3060,3061,3062],"class_list":{"0":"post-3963","1":"product","2":"type-product","3":"status-publish","4":"has-post-thumbnail","6":"product_cat-zubehoer-ruehrwerkstechnik","7":"product_cat-zubehoer-druckluftmotor","8":"product_cat-antriebstechnik","9":"product_cat-zubehoer","10":"product_tag-anschlusskit-lebensmittelecht","11":"product_tag-filtereinheit-fuer-antriebe","12":"product_tag-schlauchset-fda-konform","13":"product_tag-filterregler-manometer-set","14":"product_tag-lebensmittelechtes-anschlussset","15":"product_tag-druckluftanschluss-lebensmittelkonform","16":"product_tag-druckluftmodul-hygienisch","17":"product_tag-ptm-anschlussset-fda","18":"product_tag-druckluft-zubehoer-antriebe","19":"product_tag-hygienisches-druckluftset","20":"product_shipping_class-karton-paketversand","21":"pa_filter-5m","22":"pa_schlauchlaenge-3m","23":"pa_schnellkupplung-nw7","25":"first","26":"instock","27":"taxable","28":"shipping-taxable","29":"purchasable","30":"product-type-variable"},"bundled_by":[],"bundle_stock_status":"instock","bundle_stock_quantity":null,"bundle_virtual":false,"bundle_layout":"","bundle_add_to_cart_form_location":"","bundle_editable_in_cart":false,"bundle_sold_individually_context":"","bundle_item_grouping":"","bundle_min_size":"","bundle_max_size":"","bundle_price":[],"bundled_items":[],"bundle_sell_ids":[],"exclude_global_add_ons":[],"addons":[],"acf":[],"_links":{"self":[{"href":"https:\/\/ptm-mechatronics.com\/fr\/wp-json\/wp\/v2\/product\/3963","targetHints":{"allow":["GET"]}}],"collection":[{"href":"https:\/\/ptm-mechatronics.com\/fr\/wp-json\/wp\/v2\/product"}],"about":[{"href":"https:\/\/ptm-mechatronics.com\/fr\/wp-json\/wp\/v2\/types\/product"}],"replies":[{"embeddable":true,"href":"https:\/\/ptm-mechatronics.com\/fr\/wp-json\/wp\/v2\/comments?post=3963"}],"wp:featuredmedia":[{"embeddable":true,"href":"https:\/\/ptm-mechatronics.com\/fr\/wp-json\/wp\/v2\/media\/15393"}],"wp:attachment":[{"href":"https:\/\/ptm-mechatronics.com\/fr\/wp-json\/wp\/v2\/media?parent=3963"}],"wp:term":[{"taxonomy":"product_brand","embeddable":true,"href":"https:\/\/ptm-mechatronics.com\/fr\/wp-json\/wp\/v2\/product_brand?post=3963"},{"taxonomy":"product_cat","embeddable":true,"href":"https:\/\/ptm-mechatronics.com\/fr\/wp-json\/wp\/v2\/product_cat?post=3963"},{"taxonomy":"product_tag","embeddable":true,"href":"https:\/\/ptm-mechatronics.com\/fr\/wp-json\/wp\/v2\/product_tag?post=3963"}],"curies":[{"name":"wp","href":"https:\/\/api.w.org\/{rel}","templated":true}]}}