{"id":3952,"date":"2024-02-07T17:44:42","date_gmt":"2024-02-07T17:44:42","guid":{"rendered":""},"modified":"2025-11-07T15:51:25","modified_gmt":"2025-11-07T14:51:25","slug":"drehzahlsensor-namur-3-leiter","status":"publish","type":"product","link":"https:\/\/ptm-mechatronics.com\/fr\/product\/drehzahlsensor-namur-3-leiter\/","title":{"rendered":"Capteur de vitesse NAMUR 3 fils, avec 5m de c\u00e2ble, IP68, ATEX II 3GD Zone 2;22"},"content":{"rendered":"<p data-start=\"182\" data-end=\"257\">Capteur de vitesse NAMUR - pr\u00e9cis, robuste, certifi\u00e9 ATEX pour les zones 2\/22<\/p>\n<p data-start=\"259\" data-end=\"632\">Le capteur de vitesse NAMUR \u00e0 3 fils avec un c\u00e2ble de raccordement de 5 m, un indice de protection IP68 et une homologation ATEX II 3GD est sp\u00e9cialement con\u00e7u pour \u00eatre utilis\u00e9 dans les atmosph\u00e8res explosives des zones 2 et 22. Il permet une surveillance fiable et continue de la vitesse de rotation dans les applications industrielles telles que les techniques d'entra\u00eenement, les syst\u00e8mes de m\u00e9lange et les installations de convoyage.<\/p>\n<p data-start=\"634\" data-end=\"999\">Gr\u00e2ce \u00e0 la technologie NAMUR \u00e0 3 fils, le capteur s'int\u00e8gre parfaitement dans les concepts de commande existants et fournit des signaux pr\u00e9cis pour le contr\u00f4le des processus. Le bo\u00eetier robuste certifi\u00e9 IP68 prot\u00e8ge de mani\u00e8re fiable contre la poussi\u00e8re et l'eau - id\u00e9al pour les environnements exigeants dans l'ing\u00e9nierie des proc\u00e9d\u00e9s, l'industrie alimentaire, chimique et pharmaceutique.<\/p>\n<p data-start=\"1001\" data-end=\"1272\">Avec son c\u00e2ble de 5 m, le capteur peut \u00eatre mont\u00e9 de mani\u00e8re flexible et convient parfaitement \u00e0 la combinaison avec les moteurs pneumatiques et les syst\u00e8mes d'entra\u00eenement PTM. Le capteur r\u00e9pond \u00e0 toutes les exigences pour une surveillance durable, s\u00fbre et avec peu d'entretien du mouvement de rotation.<\/p>","protected":false},"excerpt":{"rendered":"<p>Le robuste capteur de vitesse NAMUR avec technologie \u00e0 3 fils, c\u00e2ble de 5 m, protection IP68 et homologation ATEX pour zone 2\/22 permet une surveillance pr\u00e9cise et s\u00fbre de la vitesse dans les environnements industriels \u00e0 risque d'explosion.<\/p>","protected":false},"featured_media":15390,"comment_status":"open","ping_status":"closed","template":"","meta":{"_acf_changed":false},"product_brand":[],"product_cat":[428,1421,594,595,1906],"product_tag":[3000,3001,3002,3003,3004,3005,2995,3006,2996,2997,2998,2999],"class_list":{"0":"post-3952","1":"product","2":"type-product","3":"status-publish","4":"has-post-thumbnail","6":"product_cat-antriebstechnik","7":"product_cat-zubehoer-ruehrwerkstechnik","8":"product_cat-zubehoer","9":"product_cat-ruehrwerkstechnik","10":"product_cat-zubehoer-druckluftmotor","11":"product_tag-explosionsgeschuetzter-drehzahlsensor","12":"product_tag-namur-signalgeber","13":"product_tag-drehzahlueberwachung-atex","14":"product_tag-sensor-mit-5m-kabel","15":"product_tag-namur-sensor-zone-0","16":"product_tag-ptm-drehzahlsensor","17":"product_tag-drehzahlsensor-namur","18":"product_tag-namur-messwertgeber","19":"product_tag-namur-sensor-3-leiter","20":"product_tag-atex-drehzahlsensor","21":"product_tag-zone-0-20-sensor","22":"product_tag-ip68-sensor","23":"product_shipping_class-karton-paketversand","24":"pa_anzahl-leiter-732","25":"pa_art-namur","26":"pa_atex-gas-ex-ll-3g-eex-na-iic-t6-x","27":"pa_atex-staub-ex-ii-3d-ip67-t80c-x","28":"pa_gewinde-m8x1","29":"pa_kabellaenge-5m","30":"pa_schutzart-ip68","31":"pa_spannung-7--30-vdc","33":"first","34":"instock","35":"taxable","36":"shipping-taxable","37":"purchasable","38":"product-type-simple"},"bundled_by":["4335","4344","4345"],"bundle_stock_status":"instock","bundle_stock_quantity":null,"bundle_virtual":false,"bundle_layout":"","bundle_add_to_cart_form_location":"","bundle_editable_in_cart":false,"bundle_sold_individually_context":"","bundle_item_grouping":"","bundle_min_size":"","bundle_max_size":"","bundle_price":[],"bundled_items":[],"bundle_sell_ids":[],"exclude_global_add_ons":[],"addons":[],"acf":[],"_links":{"self":[{"href":"https:\/\/ptm-mechatronics.com\/fr\/wp-json\/wp\/v2\/product\/3952","targetHints":{"allow":["GET"]}}],"collection":[{"href":"https:\/\/ptm-mechatronics.com\/fr\/wp-json\/wp\/v2\/product"}],"about":[{"href":"https:\/\/ptm-mechatronics.com\/fr\/wp-json\/wp\/v2\/types\/product"}],"replies":[{"embeddable":true,"href":"https:\/\/ptm-mechatronics.com\/fr\/wp-json\/wp\/v2\/comments?post=3952"}],"wp:featuredmedia":[{"embeddable":true,"href":"https:\/\/ptm-mechatronics.com\/fr\/wp-json\/wp\/v2\/media\/15390"}],"wp:attachment":[{"href":"https:\/\/ptm-mechatronics.com\/fr\/wp-json\/wp\/v2\/media?parent=3952"}],"wp:term":[{"taxonomy":"product_brand","embeddable":true,"href":"https:\/\/ptm-mechatronics.com\/fr\/wp-json\/wp\/v2\/product_brand?post=3952"},{"taxonomy":"product_cat","embeddable":true,"href":"https:\/\/ptm-mechatronics.com\/fr\/wp-json\/wp\/v2\/product_cat?post=3952"},{"taxonomy":"product_tag","embeddable":true,"href":"https:\/\/ptm-mechatronics.com\/fr\/wp-json\/wp\/v2\/product_tag?post=3952"}],"curies":[{"name":"wp","href":"https:\/\/api.w.org\/{rel}","templated":true}]}}