{"id":3948,"date":"2024-02-07T17:44:42","date_gmt":"2024-02-07T17:44:42","guid":{"rendered":""},"modified":"2025-11-07T15:51:25","modified_gmt":"2025-11-07T14:51:25","slug":"drehzahlsensor-namur-2-leiter","status":"publish","type":"product","link":"https:\/\/ptm-mechatronics.com\/fr\/product\/drehzahlsensor-namur-2-leiter\/","title":{"rendered":"Capteur de vitesse NAMUR 2 fils, avec 5m de c\u00e2ble, IP68, ATEX II 1GD zone 0;20"},"content":{"rendered":"<p data-start=\"221\" data-end=\"310\">Capteur de vitesse NAMUR 2 fils - antid\u00e9flagrant pour zone 0\/20, pr\u00e9cis et robuste<\/p>\n<p data-start=\"312\" data-end=\"734\">Le capteur de vitesse NAMUR avec technologie \u00e0 2 fils a \u00e9t\u00e9 sp\u00e9cialement d\u00e9velopp\u00e9 pour la surveillance s\u00fbre de la vitesse de rotation dans les atmosph\u00e8res explosives des zones ATEX 0 et 20. Avec son homologation ATEX II 1GD, sa classe de protection IP68 et son c\u00e2ble de raccordement de 5 m, il r\u00e9pond aux normes de s\u00e9curit\u00e9 et de qualit\u00e9 les plus strictes dans les environnements industriels tels que la chimie, la pharmacie, la transformation des aliments et le g\u00e9nie des proc\u00e9d\u00e9s.<\/p>\n<p data-start=\"736\" data-end=\"1100\">Gr\u00e2ce \u00e0 la technologie NAMUR \u00e0 deux fils, le capteur offre une transmission simple et fiable des signaux et s'int\u00e8gre facilement dans les syst\u00e8mes de mesure et de contr\u00f4le existants. La certification IP68 garantit une r\u00e9sistance durable \u00e0 la poussi\u00e8re, \u00e0 la salet\u00e9 et \u00e0 l'humidit\u00e9 - m\u00eame dans des conditions environnementales exigeantes ou lors de processus de nettoyage.<\/p>\n<p data-start=\"1102\" data-end=\"1433\">Avec son bo\u00eetier compact et robuste et sa construction antid\u00e9flagrante, ce capteur est parfaitement adapt\u00e9 \u00e0 la combinaison avec les moteurs pneumatiques PTM, les agitateurs et les solutions d'entra\u00eenement. Il assure une r\u00e9troaction pr\u00e9cise de la vitesse de rotation et contribue de mani\u00e8re d\u00e9cisive \u00e0 la s\u00e9curit\u00e9 des processus et \u00e0 la reproductibilit\u00e9.<\/p>","protected":false},"excerpt":{"rendered":"<p>Capteur de vitesse NAMUR avec technologie \u00e0 2 fils, c\u00e2ble de 5 m, protection IP68 et homologation ATEX pour zone 0\/20, surveillance pr\u00e9cise de la vitesse de rotation dans des environnements industriels hautement sensibles et \u00e0 risque d'explosion.<\/p>","protected":false},"featured_media":15386,"comment_status":"open","ping_status":"closed","template":"","meta":{"_acf_changed":false},"product_brand":[],"product_cat":[428,1421,594,595,1906],"product_tag":[3003,3005,3007,3008,3009,3010,3011,3012,3013,3000,3014,3002],"class_list":{"0":"post-3948","1":"product","2":"type-product","3":"status-publish","4":"has-post-thumbnail","6":"product_cat-antriebstechnik","7":"product_cat-zubehoer-ruehrwerkstechnik","8":"product_cat-zubehoer","9":"product_cat-ruehrwerkstechnik","10":"product_cat-zubehoer-druckluftmotor","11":"product_tag-sensor-mit-5m-kabel","12":"product_tag-ptm-drehzahlsensor","13":"product_tag-drehzahlsensor-namur-2-leiter","14":"product_tag-atex-sensor-zone-0","15":"product_tag-atex-sensor-zone-20","16":"product_tag-ip68-drehzahlsensor","17":"product_tag-namur-sensor-industrie","18":"product_tag-atex-1gd-sensor","19":"product_tag-sensor-fuer-explosionsgefaehrdete-bereiche","20":"product_tag-explosionsgeschuetzter-drehzahlsensor","21":"product_tag-2-leiter-signalgeber","22":"product_tag-drehzahlueberwachung-atex","23":"product_shipping_class-karton-paketversand","24":"pa_anzahl-leiter-728","25":"pa_art-namur","26":"pa_atex-gas-ex-ll-1g-ex-ia-iic-t6","27":"pa_atex-staub-ex-ii-1d-ex-iad-20-t80c","28":"pa_gewinde-m8x1","29":"pa_kabellaenge-5m","30":"pa_schutzart-ip68","31":"pa_spannung-731","33":"first","34":"instock","35":"taxable","36":"shipping-taxable","37":"purchasable","38":"product-type-simple"},"bundled_by":["4335","4344","4345","4346"],"bundle_stock_status":"instock","bundle_stock_quantity":null,"bundle_virtual":false,"bundle_layout":"","bundle_add_to_cart_form_location":"","bundle_editable_in_cart":false,"bundle_sold_individually_context":"","bundle_item_grouping":"","bundle_min_size":"","bundle_max_size":"","bundle_price":[],"bundled_items":[],"bundle_sell_ids":[],"exclude_global_add_ons":[],"addons":[],"acf":[],"_links":{"self":[{"href":"https:\/\/ptm-mechatronics.com\/fr\/wp-json\/wp\/v2\/product\/3948","targetHints":{"allow":["GET"]}}],"collection":[{"href":"https:\/\/ptm-mechatronics.com\/fr\/wp-json\/wp\/v2\/product"}],"about":[{"href":"https:\/\/ptm-mechatronics.com\/fr\/wp-json\/wp\/v2\/types\/product"}],"replies":[{"embeddable":true,"href":"https:\/\/ptm-mechatronics.com\/fr\/wp-json\/wp\/v2\/comments?post=3948"}],"wp:featuredmedia":[{"embeddable":true,"href":"https:\/\/ptm-mechatronics.com\/fr\/wp-json\/wp\/v2\/media\/15386"}],"wp:attachment":[{"href":"https:\/\/ptm-mechatronics.com\/fr\/wp-json\/wp\/v2\/media?parent=3948"}],"wp:term":[{"taxonomy":"product_brand","embeddable":true,"href":"https:\/\/ptm-mechatronics.com\/fr\/wp-json\/wp\/v2\/product_brand?post=3948"},{"taxonomy":"product_cat","embeddable":true,"href":"https:\/\/ptm-mechatronics.com\/fr\/wp-json\/wp\/v2\/product_cat?post=3948"},{"taxonomy":"product_tag","embeddable":true,"href":"https:\/\/ptm-mechatronics.com\/fr\/wp-json\/wp\/v2\/product_tag?post=3948"}],"curies":[{"name":"wp","href":"https:\/\/api.w.org\/{rel}","templated":true}]}}