{"id":3935,"date":"2024-02-07T17:44:42","date_gmt":"2024-02-07T17:44:42","guid":{"rendered":""},"modified":"2025-11-07T15:51:21","modified_gmt":"2025-11-07T14:51:21","slug":"druckluftmotor-inox-4nm-0-300rpm","status":"publish","type":"product","link":"https:\/\/ptm-mechatronics.com\/fr\/product\/druckluftmotor-inox-4nm-0-300rpm\/","title":{"rendered":"Moteur pneumatique INOX, 4Nm, 0-300rpm"},"content":{"rendered":"<p>Gr\u00e2ce \u00e0 leur structure purement m\u00e9canique tr\u00e8s robuste et \u00e0 leur puissance, les moteurs pneumatiques PTM conviennent \u00e0 de multiples domaines d'application. Ils peuvent \u00eatre utilis\u00e9s de mani\u00e8re tr\u00e8s g\u00e9n\u00e9rale comme entra\u00eenement dans des installations et des machines ou pour g\u00e9n\u00e9rer des mouvements de rotation et de pivotement. Les moteurs pneumatiques PTM sont bas\u00e9s sur le principe extr\u00eamement efficace du piston radial : malgr\u00e9 une faible consommation d'air, les moteurs d\u00e9veloppent un rendement tr\u00e8s \u00e9lev\u00e9 et un couple tr\u00e8s important. Ils constituent ainsi une alternative moderne et \u00e9conomique aux moteurs \u00e0 palettes. Ils fonctionnent aussi bien \u00e0 gauche qu'\u00e0 droite et peuvent \u00eatre charg\u00e9s jusqu'\u00e0 l'arr\u00eat. Gr\u00e2ce \u00e0 leur taille compacte, ils peuvent \u00eatre int\u00e9gr\u00e9s dans presque toutes les applications. Le mod\u00e8le INOX dispose en outre d'une protection antid\u00e9flagrante compl\u00e8te pour les zones ATEX 1, 2, 21 et 22, d'une conformit\u00e9 alimentaire et pharmaceutique, de la classe de salle blanche ISO1 selon DIN 14644 et est \u00e9tanche \u00e0 l'eau selon le type de protection IP68 ainsi que r\u00e9sistant aux acides et aux produits chimiques.<\/p>","protected":false},"excerpt":{"rendered":"<p>Moteur pneumatique INOX, Extr\u00eamement efficace et puissant, le moteur pneumatique atteint un rendement tr\u00e8s \u00e9lev\u00e9 et un couple tr\u00e8s important malgr\u00e9 une consommation d'air minimale. Certifi\u00e9 ATEX, conformit\u00e9 alimentaire et pharmaceutique, classe de salle blanche ISO1 selon DIN 14644, \u00e9tanche \u00e0 l'eau selon le type de protection IP68, r\u00e9sistant aux acides et aux produits chimiques.<\/p>","protected":false},"featured_media":15382,"comment_status":"open","ping_status":"closed","template":"","meta":{"_acf_changed":false},"product_brand":[],"product_cat":[21],"product_tag":[],"class_list":{"0":"post-3935","1":"product","2":"type-product","3":"status-publish","4":"has-post-thumbnail","6":"product_cat-unkategorisiert","7":"product_shipping_class-karton-paketversand","8":"pa_antriebsart-pneumatisch","9":"pa_atex-zone-122122","10":"pa_dichtung-ptfe-fda-konform","11":"pa_drehmoment-4nm","12":"pa_drehzahl-0-300-1-min","13":"pa_durchmesser-99mm","14":"pa_ex-gas-ex-ii-2-g-ex-h-iic-t5-gb-x","15":"pa_ex-staub-ex-ii-2-d-ex-h-iiic-t100c-db-x","16":"pa_geraeuschpegel-75db","17":"pa_hoehe-52mm","18":"pa_labs-oel-und-silikonfrei","19":"pa_luftanschluesse-2xm6x075","20":"pa_material-gehaeuse-v4a-edelstahl-1-4404-elektropoliert","21":"pa_model-pmo-450-inox","22":"pa_reinraumklassifizierung-iso1-nach-din14644","23":"pa_schutzart-ip68","24":"pa_steckverschraubung-2xschlauch-o6mm","25":"pa_versorgung-5-6bar","27":"first","28":"instock","29":"taxable","30":"shipping-taxable","31":"purchasable","32":"product-type-simple"},"bundled_by":["4346"],"bundle_stock_status":"instock","bundle_stock_quantity":null,"bundle_virtual":false,"bundle_layout":"","bundle_add_to_cart_form_location":"","bundle_editable_in_cart":false,"bundle_sold_individually_context":"","bundle_item_grouping":"","bundle_min_size":"","bundle_max_size":"","bundle_price":[],"bundled_items":[],"bundle_sell_ids":[],"exclude_global_add_ons":[],"addons":[],"acf":[],"_links":{"self":[{"href":"https:\/\/ptm-mechatronics.com\/fr\/wp-json\/wp\/v2\/product\/3935","targetHints":{"allow":["GET"]}}],"collection":[{"href":"https:\/\/ptm-mechatronics.com\/fr\/wp-json\/wp\/v2\/product"}],"about":[{"href":"https:\/\/ptm-mechatronics.com\/fr\/wp-json\/wp\/v2\/types\/product"}],"replies":[{"embeddable":true,"href":"https:\/\/ptm-mechatronics.com\/fr\/wp-json\/wp\/v2\/comments?post=3935"}],"wp:featuredmedia":[{"embeddable":true,"href":"https:\/\/ptm-mechatronics.com\/fr\/wp-json\/wp\/v2\/media\/15382"}],"wp:attachment":[{"href":"https:\/\/ptm-mechatronics.com\/fr\/wp-json\/wp\/v2\/media?parent=3935"}],"wp:term":[{"taxonomy":"product_brand","embeddable":true,"href":"https:\/\/ptm-mechatronics.com\/fr\/wp-json\/wp\/v2\/product_brand?post=3935"},{"taxonomy":"product_cat","embeddable":true,"href":"https:\/\/ptm-mechatronics.com\/fr\/wp-json\/wp\/v2\/product_cat?post=3935"},{"taxonomy":"product_tag","embeddable":true,"href":"https:\/\/ptm-mechatronics.com\/fr\/wp-json\/wp\/v2\/product_tag?post=3935"}],"curies":[{"name":"wp","href":"https:\/\/api.w.org\/{rel}","templated":true}]}}