{"id":3891,"date":"2024-02-07T17:44:41","date_gmt":"2024-02-07T17:44:41","guid":{"rendered":""},"modified":"2025-11-07T15:51:14","modified_gmt":"2025-11-07T14:51:14","slug":"druckluftmotor-basic-4nm-0-300rpm","status":"publish","type":"product","link":"https:\/\/ptm-mechatronics.com\/fr\/product\/druckluftmotor-basic-4nm-0-300rpm\/","title":{"rendered":"Moteur pneumatique Basic, 4Nm, 0-300rpm"},"content":{"rendered":"<p>Gr\u00e2ce \u00e0 leur structure purement m\u00e9canique tr\u00e8s robuste et \u00e0 leur puissance, les moteurs pneumatiques PTM conviennent \u00e0 de multiples domaines d'application. Ils peuvent \u00eatre utilis\u00e9s de mani\u00e8re tr\u00e8s g\u00e9n\u00e9rale comme entra\u00eenement dans des installations et des machines ou pour g\u00e9n\u00e9rer des mouvements de rotation et de pivotement. Les moteurs pneumatiques PTM sont bas\u00e9s sur le principe extr\u00eamement efficace du piston radial : malgr\u00e9 une faible consommation d'air, les moteurs d\u00e9veloppent un rendement tr\u00e8s \u00e9lev\u00e9 et un couple tr\u00e8s important. Ils constituent ainsi une alternative moderne et \u00e9conomique aux moteurs \u00e0 palettes. Ils fonctionnent aussi bien \u00e0 gauche qu'\u00e0 droite et peuvent \u00eatre charg\u00e9s jusqu'\u00e0 l'arr\u00eat. Gr\u00e2ce \u00e0 leur taille compacte, ils peuvent \u00eatre int\u00e9gr\u00e9s dans presque toutes les applications.<\/p>","protected":false},"excerpt":{"rendered":"<p>Moteur pneumatique Basic, \u00e9conomiser de l'\u00e9nergie gr\u00e2ce \u00e0 une technologie efficace. Extr\u00eamement efficace et puissant, le moteur pneumatique atteint un rendement tr\u00e8s \u00e9lev\u00e9 et un couple tr\u00e8s important malgr\u00e9 une consommation d'air minimale.<\/p>","protected":false},"featured_media":15308,"comment_status":"open","ping_status":"closed","template":"","meta":{"_acf_changed":false},"product_brand":[],"product_cat":[21],"product_tag":[],"class_list":{"0":"post-3891","1":"product","2":"type-product","3":"status-publish","4":"has-post-thumbnail","6":"product_cat-unkategorisiert","7":"product_shipping_class-karton-paketversand","8":"pa_antriebsart-pneumatisch","9":"pa_dichtung-nbr","10":"pa_drehmoment-4nm","11":"pa_drehzahl-0-300-1-min","12":"pa_durchmesser-99mm","13":"pa_geraeuschpegel-75db","14":"pa_hoehe-52mm","15":"pa_labs-oel-und-silikonfrei","16":"pa_luftanschluesse-2xm6x075","17":"pa_material-gehaeuse-aluminium-eloxiert","18":"pa_model-pmo-450-ba","19":"pa_schutzart-ip67","20":"pa_steckverschraubung-2xschlauch-o6mm","21":"pa_versorgung-5-6bar","23":"first","24":"instock","25":"taxable","26":"shipping-taxable","27":"purchasable","28":"product-type-simple"},"bundled_by":["4335"],"bundle_stock_status":"instock","bundle_stock_quantity":null,"bundle_virtual":false,"bundle_layout":"","bundle_add_to_cart_form_location":"","bundle_editable_in_cart":false,"bundle_sold_individually_context":"","bundle_item_grouping":"","bundle_min_size":"","bundle_max_size":"","bundle_price":[],"bundled_items":[],"bundle_sell_ids":[],"exclude_global_add_ons":[],"addons":[],"acf":[],"_links":{"self":[{"href":"https:\/\/ptm-mechatronics.com\/fr\/wp-json\/wp\/v2\/product\/3891","targetHints":{"allow":["GET"]}}],"collection":[{"href":"https:\/\/ptm-mechatronics.com\/fr\/wp-json\/wp\/v2\/product"}],"about":[{"href":"https:\/\/ptm-mechatronics.com\/fr\/wp-json\/wp\/v2\/types\/product"}],"replies":[{"embeddable":true,"href":"https:\/\/ptm-mechatronics.com\/fr\/wp-json\/wp\/v2\/comments?post=3891"}],"wp:featuredmedia":[{"embeddable":true,"href":"https:\/\/ptm-mechatronics.com\/fr\/wp-json\/wp\/v2\/media\/15308"}],"wp:attachment":[{"href":"https:\/\/ptm-mechatronics.com\/fr\/wp-json\/wp\/v2\/media?parent=3891"}],"wp:term":[{"taxonomy":"product_brand","embeddable":true,"href":"https:\/\/ptm-mechatronics.com\/fr\/wp-json\/wp\/v2\/product_brand?post=3891"},{"taxonomy":"product_cat","embeddable":true,"href":"https:\/\/ptm-mechatronics.com\/fr\/wp-json\/wp\/v2\/product_cat?post=3891"},{"taxonomy":"product_tag","embeddable":true,"href":"https:\/\/ptm-mechatronics.com\/fr\/wp-json\/wp\/v2\/product_tag?post=3891"}],"curies":[{"name":"wp","href":"https:\/\/api.w.org\/{rel}","templated":true}]}}