{"id":3884,"date":"2024-02-07T17:44:40","date_gmt":"2024-02-07T17:44:40","guid":{"rendered":""},"modified":"2025-11-07T15:51:13","modified_gmt":"2025-11-07T14:51:13","slug":"anschlussblock-fuer-dauerbetrieb-in-eine-drehrichtung-fuer-ptm-antrieb-1800","status":"publish","type":"product","link":"https:\/\/ptm-mechatronics.com\/fr\/product\/anschlussblock-fuer-dauerbetrieb-in-eine-drehrichtung-fuer-ptm-antrieb-1800\/","title":{"rendered":"Bloc de raccordement pour fonctionnement continu dans un sens de rotation pour entra\u00eenement PTM 1800"},"content":{"rendered":"<p>Le bloc de connexion assure une plus longue dur\u00e9e de vie du produit pour les applications dans un sens de rotation (en regardant le moyeu dans le sens inverse des aiguilles d'une montre).<\/p>","protected":false},"excerpt":{"rendered":"<p>Der Anschlussblock sorgt f\u00fcr eine l\u00e4ngere Produktlebensdauer f\u00fcr Anwendungen in eine Drehrichtung (mit Blick auf die Nabe gegen den Uhrzeigersinn).<\/p>","protected":false},"featured_media":15315,"comment_status":"open","ping_status":"closed","template":"","meta":{"_acf_changed":false},"product_brand":[],"product_cat":[21],"product_tag":[],"class_list":{"0":"post-3884","1":"product","2":"type-product","3":"status-publish","4":"has-post-thumbnail","6":"product_cat-unkategorisiert","7":"product_shipping_class-karton-paketversand","9":"first","10":"instock","11":"taxable","12":"shipping-taxable","13":"purchasable","14":"product-type-simple"},"bundled_by":["4335","4344","4345"],"bundle_stock_status":"instock","bundle_stock_quantity":null,"bundle_virtual":false,"bundle_layout":"","bundle_add_to_cart_form_location":"","bundle_editable_in_cart":false,"bundle_sold_individually_context":"","bundle_item_grouping":"","bundle_min_size":"","bundle_max_size":"","bundle_price":[],"bundled_items":[],"bundle_sell_ids":[],"exclude_global_add_ons":[],"addons":[],"acf":[],"_links":{"self":[{"href":"https:\/\/ptm-mechatronics.com\/fr\/wp-json\/wp\/v2\/product\/3884","targetHints":{"allow":["GET"]}}],"collection":[{"href":"https:\/\/ptm-mechatronics.com\/fr\/wp-json\/wp\/v2\/product"}],"about":[{"href":"https:\/\/ptm-mechatronics.com\/fr\/wp-json\/wp\/v2\/types\/product"}],"replies":[{"embeddable":true,"href":"https:\/\/ptm-mechatronics.com\/fr\/wp-json\/wp\/v2\/comments?post=3884"}],"wp:featuredmedia":[{"embeddable":true,"href":"https:\/\/ptm-mechatronics.com\/fr\/wp-json\/wp\/v2\/media\/15315"}],"wp:attachment":[{"href":"https:\/\/ptm-mechatronics.com\/fr\/wp-json\/wp\/v2\/media?parent=3884"}],"wp:term":[{"taxonomy":"product_brand","embeddable":true,"href":"https:\/\/ptm-mechatronics.com\/fr\/wp-json\/wp\/v2\/product_brand?post=3884"},{"taxonomy":"product_cat","embeddable":true,"href":"https:\/\/ptm-mechatronics.com\/fr\/wp-json\/wp\/v2\/product_cat?post=3884"},{"taxonomy":"product_tag","embeddable":true,"href":"https:\/\/ptm-mechatronics.com\/fr\/wp-json\/wp\/v2\/product_tag?post=3884"}],"curies":[{"name":"wp","href":"https:\/\/api.w.org\/{rel}","templated":true}]}}