{"id":3712,"date":"2024-02-07T17:44:31","date_gmt":"2024-02-07T17:44:31","guid":{"rendered":""},"modified":"2025-11-07T15:50:55","modified_gmt":"2025-11-07T14:50:55","slug":"ruehrwelle-fuer-1000-liter-ibc-hightorque-mit-schnellwechselsystem-eco-quick","status":"publish","type":"product","link":"https:\/\/ptm-mechatronics.com\/fr\/product\/ruehrwelle-fuer-1000-liter-ibc-hightorque-mit-schnellwechselsystem-eco-quick\/","title":{"rendered":"Arbre d'agitation pour IBC HighTorque de 1000 litres avec syst\u00e8me de changement rapide eco-Quick"},"content":{"rendered":"<p>Nos arbres d'agitation sont fabriqu\u00e9s en acier inoxydable V4A 1.4404 de haute qualit\u00e9. Gr\u00e2ce au syst\u00e8me de changement rapide brevet\u00e9 eco-Quick, les arbres d'agitation peuvent \u00eatre mont\u00e9s sur les entra\u00eenements PTM avec syst\u00e8me de changement rapide eco-Quick int\u00e9gr\u00e9 en un seul geste, sans aucun outil.<br \/>\nNous avons le diam\u00e8tre d'arbre qui convient \u00e0 chaque entra\u00eenement. Veillez \u00e0 choisir un diam\u00e8tre adapt\u00e9 \u00e0 votre entra\u00eenement. Veuillez \u00e9galement noter que les arbres d'agitation eco-Quick ne peuvent \u00eatre combin\u00e9s qu'avec des entra\u00eenements eco-Quick. Si vous avez des questions, veuillez vous adresser \u00e0 notre service client\u00e8le PTM.<\/p>","protected":false},"excerpt":{"rendered":"<p>Arbre d'agitation en acier inoxydable V4A 1.4404 de haute qualit\u00e9 avec syst\u00e8me de changement rapide brevet\u00e9 eco-Quick pour les entra\u00eenements PTM ; diam\u00e8tre \u230030mm et longueur 793mm \u00e0 partir du bord sup\u00e9rieur du couvercle.<\/p>","protected":false},"featured_media":15365,"comment_status":"open","ping_status":"closed","template":"","meta":{"_acf_changed":false},"product_brand":[],"product_cat":[595,651],"product_tag":[],"class_list":{"0":"post-3712","1":"product","2":"type-product","3":"status-publish","4":"has-post-thumbnail","6":"product_cat-ruehrwerkstechnik","7":"product_cat-ruehrwellen","8":"product_shipping_class-karton-paketversand","9":"pa_durchmesser-30mm","10":"pa_laenge-ab-deckeloberkante-793mm","11":"pa_material-v4a-edelstahl-1-4404","12":"pa_patentnummer-20-2020-107-557","14":"first","15":"instock","16":"taxable","17":"shipping-taxable","18":"purchasable","19":"product-type-simple"},"bundled_by":["4330"],"bundle_stock_status":"instock","bundle_stock_quantity":null,"bundle_virtual":false,"bundle_layout":"","bundle_add_to_cart_form_location":"","bundle_editable_in_cart":false,"bundle_sold_individually_context":"","bundle_item_grouping":"","bundle_min_size":"","bundle_max_size":"","bundle_price":[],"bundled_items":[],"bundle_sell_ids":[],"exclude_global_add_ons":[],"addons":[],"acf":[],"_links":{"self":[{"href":"https:\/\/ptm-mechatronics.com\/fr\/wp-json\/wp\/v2\/product\/3712","targetHints":{"allow":["GET"]}}],"collection":[{"href":"https:\/\/ptm-mechatronics.com\/fr\/wp-json\/wp\/v2\/product"}],"about":[{"href":"https:\/\/ptm-mechatronics.com\/fr\/wp-json\/wp\/v2\/types\/product"}],"replies":[{"embeddable":true,"href":"https:\/\/ptm-mechatronics.com\/fr\/wp-json\/wp\/v2\/comments?post=3712"}],"wp:featuredmedia":[{"embeddable":true,"href":"https:\/\/ptm-mechatronics.com\/fr\/wp-json\/wp\/v2\/media\/15365"}],"wp:attachment":[{"href":"https:\/\/ptm-mechatronics.com\/fr\/wp-json\/wp\/v2\/media?parent=3712"}],"wp:term":[{"taxonomy":"product_brand","embeddable":true,"href":"https:\/\/ptm-mechatronics.com\/fr\/wp-json\/wp\/v2\/product_brand?post=3712"},{"taxonomy":"product_cat","embeddable":true,"href":"https:\/\/ptm-mechatronics.com\/fr\/wp-json\/wp\/v2\/product_cat?post=3712"},{"taxonomy":"product_tag","embeddable":true,"href":"https:\/\/ptm-mechatronics.com\/fr\/wp-json\/wp\/v2\/product_tag?post=3712"}],"curies":[{"name":"wp","href":"https:\/\/api.w.org\/{rel}","templated":true}]}}