{"id":3455,"date":"2024-02-07T17:44:22","date_gmt":"2024-02-07T17:44:22","guid":{"rendered":""},"modified":"2026-05-04T12:52:50","modified_gmt":"2026-05-04T10:52:50","slug":"stativruehrwerk-fuer-kleingebinde-antrieb-atex-zone-1","status":"publish","type":"product","link":"https:\/\/ptm-mechatronics.com\/fr\/product\/stativruehrwerk-fuer-kleingebinde-antrieb-atex-zone-1\/","title":{"rendered":"Agitateur pneumatique sur pied pour petits r\u00e9cipients et laboratoire - ATEX"},"content":{"rendered":"<p>L'agitateur sur pied pour petits r\u00e9cipients et laboratoire est la solution id\u00e9ale pour des processus d'agitation efficaces et s\u00fbrs dans la production. Il combine une technologie de pointe avec une utilisation conviviale et permet ainsi un processus d'agitation optimal dans les petits r\u00e9cipients.<\/p>\n<h3><span style=\"font-size: 90%;\">Caract\u00e9ristiques et avantages :<\/span><\/h3>\n<ul>\n<li>Entra\u00eenement pneumatique puissant : pour une performance d'agitation fiable et constante.<\/li>\n<li>Manipulation ergonomique et s\u00fbre : le dispositif de levage automatique facilite le processus d'agitation ainsi que le changement de r\u00e9cipients et assure une m\u00e9thode de travail ergonomique.<\/li>\n<li>Flexibilit\u00e9 gr\u00e2ce aux hauteurs d'agitation r\u00e9glables : Gr\u00e2ce au frein m\u00e9canique, le statif peut \u00eatre r\u00e9gl\u00e9 avec pr\u00e9cision \u00e0 diff\u00e9rentes hauteurs d'agitation. Cela garantit une grande r\u00e9p\u00e9tabilit\u00e9 dans le processus de production et r\u00e9duit les temps de pr\u00e9paration.<\/li>\n<li>Adaptation \u00e0 diff\u00e9rentes tailles de r\u00e9cipients : Le support de serrage permet de fixer en toute s\u00e9curit\u00e9 des r\u00e9cipients de hauteur et de diam\u00e8tre diff\u00e9rents et assure la stabilit\u00e9 pendant le processus d'agitation.<\/li>\n<li>Commande simple : le pupitre de commande pratique permet une utilisation intuitive et un contr\u00f4le total du processus d'agitation.<\/li>\n<\/ul>\n<p>Cet agitateur sur pied allie efficacit\u00e9, s\u00e9curit\u00e9 et polyvalence et constitue le choix parfait pour les applications exigeantes de traitement de petits r\u00e9cipients.<\/p>\n<p>Livraison sans table ni r\u00e9cipient<\/p>","protected":false},"excerpt":{"rendered":"<p>Agitateur sur pied puissant pour petits r\u00e9cipients jusqu'\u00e0 30 litres - entra\u00eenement certifi\u00e9 pour la zone 1 ATEX - s\u00e9curit\u00e9 de travail \u00e9lev\u00e9e.<\/p>","protected":false},"featured_media":15351,"comment_status":"open","ping_status":"closed","template":"","meta":{"_acf_changed":false},"product_brand":[],"product_cat":[595,612],"product_tag":[2822,2549,2814,2815,2816,2817,2818,2819,2820,2821],"class_list":{"0":"post-3455","1":"product","2":"type-product","3":"status-publish","4":"has-post-thumbnail","6":"product_cat-ruehrwerkstechnik","7":"product_cat-kleingebinderuehrwerke","8":"product_tag-atex-zertifiziertes-ruehrwerk","9":"product_tag-pneumatisches-ruehrwerk-atex","10":"product_tag-atex-ruehrwerk","11":"product_tag-stativruehrwerk-kleingebinde","12":"product_tag-explosionsgeschuetztes-ruehrwerk","13":"product_tag-ruehrwerk-zone-1","14":"product_tag-ptm-ruehrtechnik","15":"product_tag-ruehrwerk-fuer-gefahrstoffe","16":"product_tag-kleingebinderuehrwerk-atex","17":"product_tag-ex-geschuetztes-ruehrwerk","18":"product_shipping_class-europalette-speditionsversand","19":"pa_antriebsart-pneumatisch","20":"pa_atex-fuer-atex-zone-1","21":"pa_atex-zone-122122","22":"pa_behaeltervolumen-10-20-liter","23":"pa_deckeldurchmesser-380mm","24":"pa_dichtung-ptfe","25":"pa_drehmoment-4nm","26":"pa_drehzahl-0-300-1-min","27":"pa_durchmesser-ruehrwelle-16mm","28":"pa_ex-gas-ex-ii-2-g-ex-h-iic-t5-gb-x","29":"pa_ex-staub-ex-ii-2-d-ex-h-iiic-t100c-db-x","30":"pa_geeignete-fassdurchmesser-30-liter","31":"pa_geraeuschpegel-75db","32":"pa_gesamtbreite-440mm","33":"pa_gesamthoehe-1335mm","34":"pa_gesamttiefe-600mm","35":"pa_labs-oel-und-silikonfrei","36":"pa_laenge-ruehrwelle-ca-360mm-ab-deckloberkante","37":"pa_material-deckel-v4a-edelstahl-1-4404","38":"pa_mittlerer-luftverbrauch-50l-min","39":"pa_model-eco-station-30","40":"pa_ruehrorgan-becherruehrorgan-eco-cup-170mm","41":"pa_stativverfahrweg-500mm","42":"pa_typ-stativruehrwerk","43":"pa_versorgung-5-6bar","45":"first","46":"instock","47":"taxable","48":"shipping-taxable","49":"purchasable","50":"product-type-simple"},"bundled_by":[],"bundle_stock_status":"instock","bundle_stock_quantity":null,"bundle_virtual":false,"bundle_layout":"","bundle_add_to_cart_form_location":"","bundle_editable_in_cart":false,"bundle_sold_individually_context":"","bundle_item_grouping":"","bundle_min_size":"","bundle_max_size":"","bundle_price":[],"bundled_items":[],"bundle_sell_ids":[],"exclude_global_add_ons":[],"addons":[],"acf":[],"_links":{"self":[{"href":"https:\/\/ptm-mechatronics.com\/fr\/wp-json\/wp\/v2\/product\/3455","targetHints":{"allow":["GET"]}}],"collection":[{"href":"https:\/\/ptm-mechatronics.com\/fr\/wp-json\/wp\/v2\/product"}],"about":[{"href":"https:\/\/ptm-mechatronics.com\/fr\/wp-json\/wp\/v2\/types\/product"}],"replies":[{"embeddable":true,"href":"https:\/\/ptm-mechatronics.com\/fr\/wp-json\/wp\/v2\/comments?post=3455"}],"wp:featuredmedia":[{"embeddable":true,"href":"https:\/\/ptm-mechatronics.com\/fr\/wp-json\/wp\/v2\/media\/15351"}],"wp:attachment":[{"href":"https:\/\/ptm-mechatronics.com\/fr\/wp-json\/wp\/v2\/media?parent=3455"}],"wp:term":[{"taxonomy":"product_brand","embeddable":true,"href":"https:\/\/ptm-mechatronics.com\/fr\/wp-json\/wp\/v2\/product_brand?post=3455"},{"taxonomy":"product_cat","embeddable":true,"href":"https:\/\/ptm-mechatronics.com\/fr\/wp-json\/wp\/v2\/product_cat?post=3455"},{"taxonomy":"product_tag","embeddable":true,"href":"https:\/\/ptm-mechatronics.com\/fr\/wp-json\/wp\/v2\/product_tag?post=3455"}],"curies":[{"name":"wp","href":"https:\/\/api.w.org\/{rel}","templated":true}]}}