{"id":3411,"date":"2024-02-07T17:44:21","date_gmt":"2024-02-07T17:44:21","guid":{"rendered":""},"modified":"2025-11-07T15:50:44","modified_gmt":"2025-11-07T14:50:44","slug":"ruehrwerk-fuer-60-liter-spundfass-antrieb-atex-zone-1","status":"publish","type":"product","link":"https:\/\/ptm-mechatronics.com\/fr\/product\/ruehrwerk-fuer-60-liter-spundfass-antrieb-atex-zone-1\/","title":{"rendered":"Agitateur pour f\u00fbt \u00e0 bonde de 60 litres - entra\u00eenement ATEX zone 1"},"content":{"rendered":"<h1 data-start=\"224\" data-end=\"307\"><span style=\"font-size: 75%;\">Agitateur pneumatique pour f\u00fbts \u00e0 bonde - certifi\u00e9 ATEX, robuste, flexible, pr\u00eat \u00e0 l'emploi<\/span><\/h1>\n<p data-start=\"309\" data-end=\"686\">Le puissant agitateur pneumatique pour f\u00fbts \u00e0 bonde est id\u00e9al pour m\u00e9langer de mani\u00e8re fiable les produits les plus divers - de la faible \u00e0 la haute viscosit\u00e9. La traverse r\u00e9glable en acier inoxydable V4A 1.4404 de haute qualit\u00e9 est particuli\u00e8rement robuste et s'adapte de mani\u00e8re flexible aux diam\u00e8tres de r\u00e9cipients de 378 \u00e0 613 mm. Le syst\u00e8me est fix\u00e9 en toute s\u00e9curit\u00e9 \u00e0 l'aide de deux dispositifs de serrage rapide.<\/p>\n<p data-start=\"688\" data-end=\"996\">L'orifice de ventilation conforme \u00e0 la norme DIN 6643 - G3\/4 reste librement accessible. Gr\u00e2ce au m\u00e9langeur \u00e0 palettes inclin\u00e9es rabattables fourni, l'agitateur est parfaitement adapt\u00e9 aux ouvertures de f\u00fbts \u00e0 bonde 2\u2033. Un arbre d'agitation adapt\u00e9 en acier inoxydable est compris dans la livraison - le syst\u00e8me est donc imm\u00e9diatement pr\u00eat \u00e0 l'emploi.<\/p>\n<p data-start=\"688\" data-end=\"996\">Remarque : les f\u00fbts \u00e0 bonde ne sont pas normalis\u00e9s. Veuillez v\u00e9rifier soigneusement les dimensions et la profondeur de votre f\u00fbt. Dans certains cas, il est n\u00e9cessaire d'adapter l'arbre de brassage. Nous nous ferons un plaisir de vous conseiller personnellement.<\/p>\n<p data-start=\"1202\" data-end=\"1247\">Livr\u00e9 sans f\u00fbt et sans tuyau.<\/p>","protected":false},"excerpt":{"rendered":"<p>Agitateur pneumatique avec traverse V4A pour f\u00fbts \u00e0 bonde, utilisable imm\u00e9diatement, r\u00e9glable de mani\u00e8re flexible et id\u00e9al pour les ouvertures de f\u00fbts 2\u2033.<\/p>","protected":false},"featured_media":15347,"comment_status":"open","ping_status":"closed","template":"","meta":{"_acf_changed":false},"product_brand":[],"product_cat":[595,603],"product_tag":[],"class_list":{"0":"post-3411","1":"product","2":"type-product","3":"status-publish","4":"has-post-thumbnail","6":"product_cat-ruehrwerkstechnik","7":"product_cat-fassruehrwerke","8":"product_shipping_class-karton-paketversand","9":"pa_antriebsart-pneumatisch","10":"pa_atex-zone-122122","11":"pa_behaeltervolumen-60-liter","12":"pa_dichtung-ptfe","13":"pa_drehmoment-8nm","14":"pa_drehzahl-0-300-1-min","15":"pa_durchmesser-ruehrwelle-20mm","16":"pa_ex-gas-ex-ii-2-g-ex-h-iic-t5-gb-x","17":"pa_ex-staub-ex-ii-2-d-ex-h-iiic-t100c-db-x","18":"pa_geeignete-fassdurchmesser-fuer-60-bis-200-liter-spundfaesser","19":"pa_geraeuschpegel-75db","20":"pa_labs-oel-und-silikonfrei","21":"pa_laenge-ruehrwelle-ca-545mm-ab-deckeloberkante","22":"pa_material-gehaeuse-aluminium-eloxiert","23":"pa_material-traverse-v4a-edelstahl-1-4404","24":"pa_mittlerer-luftverbrauch-50l-min","25":"pa_ruehrorgan-klapp-schraegblattmischer-d150mm","26":"pa_schutzart-ip67","27":"pa_steckverschraubung-abluft-schlauch-o10mm","28":"pa_steckverschraubung-zuluft-schlauch-o6mm","29":"pa_traversenspannweite-zwischen-378-und-613mm-einstellbar","30":"pa_typ-traversenruehrwerk","31":"pa_typ-spundfassruehrwerk","32":"pa_versorgung-5-6bar","34":"first","35":"instock","36":"taxable","37":"shipping-taxable","38":"purchasable","39":"product-type-simple"},"bundled_by":[],"bundle_stock_status":"instock","bundle_stock_quantity":null,"bundle_virtual":false,"bundle_layout":"","bundle_add_to_cart_form_location":"","bundle_editable_in_cart":false,"bundle_sold_individually_context":"","bundle_item_grouping":"","bundle_min_size":"","bundle_max_size":"","bundle_price":[],"bundled_items":[],"bundle_sell_ids":[],"exclude_global_add_ons":[],"addons":[],"acf":[],"_links":{"self":[{"href":"https:\/\/ptm-mechatronics.com\/fr\/wp-json\/wp\/v2\/product\/3411","targetHints":{"allow":["GET"]}}],"collection":[{"href":"https:\/\/ptm-mechatronics.com\/fr\/wp-json\/wp\/v2\/product"}],"about":[{"href":"https:\/\/ptm-mechatronics.com\/fr\/wp-json\/wp\/v2\/types\/product"}],"replies":[{"embeddable":true,"href":"https:\/\/ptm-mechatronics.com\/fr\/wp-json\/wp\/v2\/comments?post=3411"}],"wp:featuredmedia":[{"embeddable":true,"href":"https:\/\/ptm-mechatronics.com\/fr\/wp-json\/wp\/v2\/media\/15347"}],"wp:attachment":[{"href":"https:\/\/ptm-mechatronics.com\/fr\/wp-json\/wp\/v2\/media?parent=3411"}],"wp:term":[{"taxonomy":"product_brand","embeddable":true,"href":"https:\/\/ptm-mechatronics.com\/fr\/wp-json\/wp\/v2\/product_brand?post=3411"},{"taxonomy":"product_cat","embeddable":true,"href":"https:\/\/ptm-mechatronics.com\/fr\/wp-json\/wp\/v2\/product_cat?post=3411"},{"taxonomy":"product_tag","embeddable":true,"href":"https:\/\/ptm-mechatronics.com\/fr\/wp-json\/wp\/v2\/product_tag?post=3411"}],"curies":[{"name":"wp","href":"https:\/\/api.w.org\/{rel}","templated":true}]}}