{"id":3350,"date":"2024-02-07T17:44:20","date_gmt":"2024-02-07T17:44:20","guid":{"rendered":""},"modified":"2025-11-07T15:50:36","modified_gmt":"2025-11-07T14:50:36","slug":"ruehrwerk-mit-deckel-fuer-10-20-liter-eimer-antrieb-atex-zone-1","status":"publish","type":"product","link":"https:\/\/ptm-mechatronics.com\/fr\/product\/ruehrwerk-mit-deckel-fuer-10-20-liter-eimer-antrieb-atex-zone-1\/","title":{"rendered":"Agitateur avec couvercle pour seaux de 10 \u00e0 20 litres - entra\u00eenement ATEX zone 1"},"content":{"rendered":"<h1 data-start=\"322\" data-end=\"395\"><span style=\"font-size: 75%;\"><span class=\"_fadeIn_m1hgl_8\">ATEX-<\/span><span class=\"_fadeIn_m1hgl_8\">Agitateur <\/span><span class=\"_fadeIn_m1hgl_8\">pour <\/span><span class=\"_fadeIn_m1hgl_8\">10-<\/span><span class=\"_fadeIn_m1hgl_8\">20 L <\/span><span class=\"_fadeIn_m1hgl_8\">Seau - <\/span><span class=\"_fadeIn_m1hgl_8\">en toute s\u00e9curit\u00e9, <\/span><span class=\"_fadeIn_m1hgl_8\">efficace, <\/span><span class=\"_fadeIn_m1hgl_8\">optimis\u00e9 en termes de processus<\/span><\/span><\/h1>\n<p data-start=\"397\" data-end=\"821\"><span class=\"_fadeIn_m1hgl_8\">Ce <\/span><span class=\"_fadeIn_m1hgl_8\">ATEX-<\/span><span class=\"_fadeIn_m1hgl_8\">certifi\u00e9 <\/span><span class=\"_fadeIn_m1hgl_8\">Agitateur<\/span> <span class=\"_fadeIn_m1hgl_8\">a \u00e9t\u00e9 <\/span><span class=\"_fadeIn_m1hgl_8\">sp\u00e9cialement <\/span><span class=\"_fadeIn_m1hgl_8\">pour <\/span><span class=\"_fadeIn_m1hgl_8\">le <\/span><span class=\"_fadeIn_m1hgl_8\">s\u00e9curis\u00e9 <\/span><span class=\"_fadeIn_m1hgl_8\">et <\/span><span class=\"_fadeIn_m1hgl_8\">efficace <\/span><span class=\"_fadeIn_m1hgl_8\">Repos <\/span><span class=\"_fadeIn_m1hgl_8\">dans <\/span><span class=\"_fadeIn_m1hgl_8\">\u00e0 risque d'explosion <\/span><span class=\"_fadeIn_m1hgl_8\">Domaines <\/span><span class=\"_fadeIn_m1hgl_8\">le <\/span><span class=\"_fadeIn_m1hgl_8\">ATEX <\/span><span class=\"_fadeIn_m1hgl_8\">Zone <\/span><span class=\"_fadeIn_m1hgl_8\">1<\/span> <span class=\"_fadeIn_m1hgl_8\">d\u00e9velopp\u00e9. <\/span><span class=\"_fadeIn_m1hgl_8\">Il <\/span><span class=\"_fadeIn_m1hgl_8\">existe <\/span><span class=\"_fadeIn_m1hgl_8\">de <\/span><span class=\"_fadeIn_m1hgl_8\">un <\/span><span class=\"_fadeIn_m1hgl_8\">puissants, <\/span><span class=\"_fadeIn_m1hgl_8\">pneumatique <\/span><span class=\"_fadeIn_m1hgl_8\">Entra\u00eenement<\/span><span class=\"_fadeIn_m1hgl_8\">, <\/span><span class=\"_fadeIn_m1hgl_8\">d'une <\/span><span class=\"_fadeIn_m1hgl_8\">Arbre d'agitation <\/span><span class=\"_fadeIn_m1hgl_8\">avec <\/span><span class=\"_fadeIn_m1hgl_8\">Organe d'agitation des gobelets <\/span><span class=\"_fadeIn_m1hgl_8\">eco-<\/span><span class=\"_fadeIn_m1hgl_8\">Coupe<\/span> <span class=\"_fadeIn_m1hgl_8\">ainsi que <\/span><span class=\"_fadeIn_m1hgl_8\">un <\/span><span class=\"_fadeIn_m1hgl_8\">stable <\/span><span class=\"_fadeIn_m1hgl_8\">Couvercle<\/span> <span class=\"_fadeIn_m1hgl_8\">avec <\/span><span class=\"_fadeIn_m1hgl_8\">Dispositifs de serrage - <\/span><span class=\"_fadeIn_m1hgl_8\">tous <\/span><span class=\"_fadeIn_m1hgl_8\">en contact avec le milieu <\/span><span class=\"_fadeIn_m1hgl_8\">Composants <\/span><span class=\"_fadeIn_m1hgl_8\">sont <\/span><span class=\"_fadeIn_m1hgl_8\">de <\/span><span class=\"_fadeIn_m1hgl_8\">de haute qualit\u00e9 <\/span><span class=\"_fadeIn_m1hgl_8\">V4A <\/span><span class=\"_fadeIn_m1hgl_8\">Acier inoxydable (<\/span><span class=\"_fadeIn_m1hgl_8\">1.4404)<\/span> <span class=\"_fadeIn_m1hgl_8\">fabriqu\u00e9e.<\/span><\/p>\n<p data-start=\"823\" data-end=\"1357\"><span class=\"_fadeIn_m1hgl_8\">Le site <\/span><span class=\"_fadeIn_m1hgl_8\">Couvercle <\/span><span class=\"_fadeIn_m1hgl_8\">dispose <\/span><span class=\"_fadeIn_m1hgl_8\">sur <\/span><span class=\"_fadeIn_m1hgl_8\">deux <\/span><span class=\"_fadeIn_m1hgl_8\">flexible <\/span><span class=\"_fadeIn_m1hgl_8\">Dispositifs de serrage<\/span><span class=\"_fadeIn_m1hgl_8\">, <\/span><span class=\"_fadeIn_m1hgl_8\">le <\/span><span class=\"_fadeIn_m1hgl_8\">un <\/span><span class=\"_fadeIn_m1hgl_8\">s\u00e9curis\u00e9 <\/span><span class=\"_fadeIn_m1hgl_8\">Fixation <\/span><span class=\"_fadeIn_m1hgl_8\">sur <\/span><span class=\"_fadeIn_m1hgl_8\">standardis\u00e9 <\/span><span class=\"_fadeIn_m1hgl_8\">Seaux <\/span><span class=\"_fadeIn_m1hgl_8\">avec <\/span><span class=\"_fadeIn_m1hgl_8\">10 <\/span><span class=\"_fadeIn_m1hgl_8\">jusqu'\u00e0 <\/span><span class=\"_fadeIn_m1hgl_8\">20 <\/span><span class=\"_fadeIn_m1hgl_8\">litres <\/span><span class=\"_fadeIn_m1hgl_8\">Volume<\/span> <span class=\"_fadeIn_m1hgl_8\">et <\/span><span class=\"_fadeIn_m1hgl_8\">un <\/span><span class=\"_fadeIn_m1hgl_8\">Diam\u00e8tre <\/span><span class=\"_fadeIn_m1hgl_8\">de <\/span><span class=\"_fadeIn_m1hgl_8\">230 <\/span><span class=\"_fadeIn_m1hgl_8\">jusqu'\u00e0 <\/span><span class=\"_fadeIn_m1hgl_8\">300 mm<\/span> <span class=\"_fadeIn_m1hgl_8\">permettent. <\/span><span class=\"_fadeIn_m1hgl_8\">Le site <\/span><span class=\"_fadeIn_m1hgl_8\">Syst\u00e8me <\/span><span class=\"_fadeIn_m1hgl_8\">est <\/span><span class=\"_fadeIn_m1hgl_8\">optimal <\/span><span class=\"_fadeIn_m1hgl_8\">sur <\/span><span class=\"_fadeIn_m1hgl_8\">un <\/span><span class=\"_fadeIn_m1hgl_8\">stable <\/span><span class=\"_fadeIn_m1hgl_8\">et <\/span><span class=\"_fadeIn_m1hgl_8\">hygi\u00e9nique <\/span><span class=\"_fadeIn_m1hgl_8\">Processus d'agitation<\/span> <span class=\"_fadeIn_m1hgl_8\">vot\u00e9 - <\/span><span class=\"_fadeIn_m1hgl_8\">\u00e9galement <\/span><span class=\"_fadeIn_m1hgl_8\">chez <\/span><span class=\"_fadeIn_m1hgl_8\">\u00e0 haute viscosit\u00e9 <\/span><span class=\"_fadeIn_m1hgl_8\">M\u00e9dias<\/span><span class=\"_fadeIn_m1hgl_8\">. <\/span><span class=\"_fadeIn_m1hgl_8\">Le site <\/span><span class=\"_fadeIn_m1hgl_8\">fourni <\/span><span class=\"_fadeIn_m1hgl_8\">Organe d'agitation des gobelets <\/span><span class=\"_fadeIn_m1hgl_8\">eco-<\/span><span class=\"_fadeIn_m1hgl_8\">Coupe<\/span> <span class=\"_fadeIn_m1hgl_8\">assure <\/span><span class=\"_fadeIn_m1hgl_8\">gr\u00e2ce \u00e0 <\/span><span class=\"_fadeIn_m1hgl_8\">de son <\/span><span class=\"_fadeIn_m1hgl_8\">doux, <\/span><span class=\"_fadeIn_m1hgl_8\">mais <\/span><span class=\"_fadeIn_m1hgl_8\">effective <\/span><span class=\"_fadeIn_m1hgl_8\">Propri\u00e9t\u00e9s d'\u00e9coulement<\/span> <span class=\"_fadeIn_m1hgl_8\">pour <\/span><span class=\"_fadeIn_m1hgl_8\">un <\/span><span class=\"_fadeIn_m1hgl_8\">en particulier <\/span><span class=\"_fadeIn_m1hgl_8\">homog\u00e8ne <\/span><span class=\"_fadeIn_m1hgl_8\">R\u00e9sultat de l'agitation<\/span><span class=\"_fadeIn_m1hgl_8\">, <\/span><span class=\"_fadeIn_m1hgl_8\">sans <\/span><span class=\"_fadeIn_m1hgl_8\">le <\/span><span class=\"_fadeIn_m1hgl_8\">Produit <\/span><span class=\"_fadeIn_m1hgl_8\">inutile <\/span><span class=\"_fadeIn_m1hgl_8\">sur <\/span><span class=\"_fadeIn_m1hgl_8\">\u00e0 la charge du patient.<\/span><\/p>\n<p data-start=\"1359\" data-end=\"1390\"><span class=\"_fadeIn_m1hgl_8\">Avantages <\/span><span class=\"_fadeIn_m1hgl_8\">sur <\/span><span class=\"_fadeIn_m1hgl_8\">un <\/span><span class=\"_fadeIn_m1hgl_8\">Regard :<\/span><\/p>\n<ul>\n<li data-start=\"1393\" data-end=\"1449\"><span class=\"_fadeIn_m1hgl_8\">Pneumatique <\/span><span class=\"_fadeIn_m1hgl_8\">Entra\u00eenement <\/span><span class=\"_fadeIn_m1hgl_8\">avec <\/span><span class=\"_fadeIn_m1hgl_8\">ATEX-<\/span><span class=\"_fadeIn_m1hgl_8\">Certification (<\/span><span class=\"_fadeIn_m1hgl_8\">Zone <\/span><span class=\"_fadeIn_m1hgl_8\">1)<\/span><\/li>\n<li data-start=\"1393\" data-end=\"1449\"><span class=\"_fadeIn_m1hgl_8\">Pour <\/span><span class=\"_fadeIn_m1hgl_8\">10-<\/span><span class=\"_fadeIn_m1hgl_8\">20 litres <\/span><span class=\"_fadeIn_m1hgl_8\">Seau (<\/span><span class=\"_fadeIn_m1hgl_8\">\u00d8 <\/span><span class=\"_fadeIn_m1hgl_8\">230-<\/span><span class=\"_fadeIn_m1hgl_8\">300 mm)<\/span><\/li>\n<li data-start=\"1393\" data-end=\"1449\"><span class=\"_fadeIn_m1hgl_8\">Avec <\/span><span class=\"_fadeIn_m1hgl_8\">V4A-<\/span><span class=\"_fadeIn_m1hgl_8\">Arbre d'agitation, <\/span><span class=\"_fadeIn_m1hgl_8\">Organe d'agitation &amp; <\/span><span class=\"_fadeIn_m1hgl_8\">Couvercle<\/span><\/li>\n<li data-start=\"1393\" data-end=\"1449\"><span class=\"_fadeIn_m1hgl_8\">Organe d'agitation des gobelets <\/span><span class=\"_fadeIn_m1hgl_8\">eco-<\/span><span class=\"_fadeIn_m1hgl_8\">Coupe <\/span><span class=\"_fadeIn_m1hgl_8\">pour <\/span><span class=\"_fadeIn_m1hgl_8\">doux, <\/span><span class=\"_fadeIn_m1hgl_8\">homog\u00e8ne <\/span><span class=\"_fadeIn_m1hgl_8\">Repos<\/span><\/li>\n<li data-start=\"1393\" data-end=\"1449\"><span class=\"_fadeIn_m1hgl_8\">Adapt\u00e9 <\/span><span class=\"_fadeIn_m1hgl_8\">pour <\/span><span class=\"_fadeIn_m1hgl_8\">bas- <\/span><span class=\"_fadeIn_m1hgl_8\">jusqu'\u00e0 <\/span><span class=\"_fadeIn_m1hgl_8\">haute viscosit\u00e9 <\/span><span class=\"_fadeIn_m1hgl_8\">M\u00e9dias<\/span><\/li>\n<li data-start=\"1393\" data-end=\"1449\"><span class=\"_fadeIn_m1hgl_8\">Deux <\/span><span class=\"_fadeIn_m1hgl_8\">Dispositifs de serrage <\/span><span class=\"_fadeIn_m1hgl_8\">pour <\/span><span class=\"_fadeIn_m1hgl_8\">s\u00e9curis\u00e9 <\/span><span class=\"_fadeIn_m1hgl_8\">Arr\u00eat<\/span><\/li>\n<li data-start=\"1393\" data-end=\"1449\"><span class=\"_fadeIn_m1hgl_8\">Haute <\/span><span class=\"_fadeIn_m1hgl_8\">qualit\u00e9 des mat\u00e9riaux, <\/span><span class=\"_fadeIn_m1hgl_8\">hygi\u00e9nique <\/span><span class=\"_fadeIn_m1hgl_8\">et <\/span><span class=\"_fadeIn_m1hgl_8\">r\u00e9sistant \u00e0 la corrosion<\/span><\/li>\n<li data-start=\"1393\" data-end=\"1449\"><span class=\"_fadeIn_m1hgl_8\">Complet <\/span><span class=\"_fadeIn_m1hgl_8\">vot\u00e9, <\/span><span class=\"_fadeIn_m1hgl_8\">imm\u00e9diatement <\/span><span class=\"_fadeIn_m1hgl_8\">pr\u00eat \u00e0 l'emploi <\/span><span class=\"_fadeIn_m1hgl_8\">Syst\u00e8me<\/span><\/li>\n<\/ul>","protected":false},"excerpt":{"rendered":"<p><span class=\"_fadeIn_m1hgl_8\">ATEX-<\/span><span class=\"_fadeIn_m1hgl_8\">certifi\u00e9 <\/span><span class=\"_fadeIn_m1hgl_8\">Agitateur <\/span><span class=\"_fadeIn_m1hgl_8\">avec <\/span><span class=\"_fadeIn_m1hgl_8\">V4A-<\/span><span class=\"_fadeIn_m1hgl_8\">Composants <\/span><span class=\"_fadeIn_m1hgl_8\">et <\/span><span class=\"_fadeIn_m1hgl_8\">eco-<\/span><span class=\"_fadeIn_m1hgl_8\">Coupe <\/span><span class=\"_fadeIn_m1hgl_8\">Organa de m\u00e9lange de gobelets, <\/span><span class=\"_fadeIn_m1hgl_8\">optimal <\/span><span class=\"_fadeIn_m1hgl_8\">pour <\/span><span class=\"_fadeIn_m1hgl_8\">10-<\/span><span class=\"_fadeIn_m1hgl_8\">20 L <\/span><span class=\"_fadeIn_m1hgl_8\">Seau <\/span><span class=\"_fadeIn_m1hgl_8\">pour un <\/span><span class=\"_fadeIn_m1hgl_8\">s\u00fbr, <\/span><span class=\"_fadeIn_m1hgl_8\">efficace <\/span><span class=\"_fadeIn_m1hgl_8\">Repos <\/span><span class=\"_fadeIn_m1hgl_8\">\u00e9galement <\/span><span class=\"_fadeIn_m1hgl_8\">visqueux <\/span><span class=\"_fadeIn_m1hgl_8\">Les m\u00e9dias.<\/span><\/p>","protected":false},"featured_media":15339,"comment_status":"open","ping_status":"closed","template":"","meta":{"_acf_changed":false},"product_brand":[],"product_cat":[595,612],"product_tag":[2939,2940,2941,2942,2943,2637,2935,2936,2937,2938],"class_list":{"0":"post-3350","1":"product","2":"type-product","3":"status-publish","4":"has-post-thumbnail","6":"product_cat-ruehrwerkstechnik","7":"product_cat-kleingebinderuehrwerke","8":"product_tag-pneumatischer-ruehrantrieb-atex","9":"product_tag-becherruehrorgan-eco-cup","10":"product_tag-eimerruehrwerk-explosionsgeschuetzt","11":"product_tag-ruehrwerk-mit-spannvorrichtung","12":"product_tag-hygienisches-edelstahl-ruehrwerk","13":"product_tag-ruehrwerk-fuer-hochviskose-medien","14":"product_tag-atex-ruehrwerk-eimer","15":"product_tag-ruehrwerk-10-liter","16":"product_tag-ruehrwerk-20-liter","17":"product_tag-v4a-ruehrwerk-edelstahl","18":"product_shipping_class-karton-paketversand","19":"pa_antriebsart-pneumatisch","20":"pa_atex-zone-122122","21":"pa_behaeltervolumen-10-20-liter","22":"pa_dichtung-ptfe","23":"pa_drehmoment-4nm","24":"pa_drehzahl-0-300-1-min","25":"pa_durchmesser-ruehrwelle-16mm","26":"pa_ex-gas-ex-ii-2-g-ex-h-iic-t5-gb-x","27":"pa_ex-staub-ex-ii-2-d-ex-h-iiic-t100c-db-x","28":"pa_geeignete-fassdurchmesser-230-300mm","29":"pa_geraeuschpegel-75db","30":"pa_labs-oel-und-silikonfrei","31":"pa_laenge-ruehrwelle-ca-250mm-ab-deckeloberkante","32":"pa_material-deckel-v4a-edelstahl-1-4404","33":"pa_material-gehaeuse-aluminium-eloxiert","34":"pa_mittlerer-luftverbrauch-25l-min","35":"pa_ruehrorgan-becherruehrorgan-eco-cup-120mm","36":"pa_schutzart-ip67","37":"pa_steckverschraubung-abluft-schlauch-o10mm","38":"pa_steckverschraubung-zuluft-schlauch-o6mm","39":"pa_typ-deckelruehrwerk","40":"pa_versorgung-5-6bar","42":"first","43":"instock","44":"taxable","45":"shipping-taxable","46":"purchasable","47":"product-type-simple"},"bundled_by":[],"bundle_stock_status":"instock","bundle_stock_quantity":null,"bundle_virtual":false,"bundle_layout":"","bundle_add_to_cart_form_location":"","bundle_editable_in_cart":false,"bundle_sold_individually_context":"","bundle_item_grouping":"","bundle_min_size":"","bundle_max_size":"","bundle_price":[],"bundled_items":[],"bundle_sell_ids":[],"exclude_global_add_ons":[],"addons":[],"acf":[],"_links":{"self":[{"href":"https:\/\/ptm-mechatronics.com\/fr\/wp-json\/wp\/v2\/product\/3350","targetHints":{"allow":["GET"]}}],"collection":[{"href":"https:\/\/ptm-mechatronics.com\/fr\/wp-json\/wp\/v2\/product"}],"about":[{"href":"https:\/\/ptm-mechatronics.com\/fr\/wp-json\/wp\/v2\/types\/product"}],"replies":[{"embeddable":true,"href":"https:\/\/ptm-mechatronics.com\/fr\/wp-json\/wp\/v2\/comments?post=3350"}],"wp:featuredmedia":[{"embeddable":true,"href":"https:\/\/ptm-mechatronics.com\/fr\/wp-json\/wp\/v2\/media\/15339"}],"wp:attachment":[{"href":"https:\/\/ptm-mechatronics.com\/fr\/wp-json\/wp\/v2\/media?parent=3350"}],"wp:term":[{"taxonomy":"product_brand","embeddable":true,"href":"https:\/\/ptm-mechatronics.com\/fr\/wp-json\/wp\/v2\/product_brand?post=3350"},{"taxonomy":"product_cat","embeddable":true,"href":"https:\/\/ptm-mechatronics.com\/fr\/wp-json\/wp\/v2\/product_cat?post=3350"},{"taxonomy":"product_tag","embeddable":true,"href":"https:\/\/ptm-mechatronics.com\/fr\/wp-json\/wp\/v2\/product_tag?post=3350"}],"curies":[{"name":"wp","href":"https:\/\/api.w.org\/{rel}","templated":true}]}}