{"id":3282,"date":"2024-02-07T17:44:20","date_gmt":"2024-02-07T17:44:20","guid":{"rendered":""},"modified":"2025-11-07T15:50:32","modified_gmt":"2025-11-07T14:50:32","slug":"becherruehrorgan-eco-disc-60mm-v4a-mit-ruehrwelle","status":"publish","type":"product","link":"https:\/\/ptm-mechatronics.com\/fr\/product\/becherruehrorgan-eco-disc-60mm-v4a-mit-ruehrwelle\/","title":{"rendered":"Organe d'agitation \u00e0 godets eco-Disc, 60mm, V4A avec arbre d'agitation"},"content":{"rendered":"<p>Les agitateurs \u00e0 godets assurent un m\u00e9lange efficace mais en douceur avec un cisaillement minimal, m\u00eame \u00e0 faible vitesse. En tant qu'agitateurs lents, ils sont donc parfaitement adapt\u00e9s aux produits sensibles. Ils g\u00e9n\u00e8rent un flux laminaire avec un comportement de transport axial.<\/p>","protected":false},"excerpt":{"rendered":"<p>Organe d'agitation \u00e0 godets de 60 mm de diam\u00e8tre en acier inoxydable V4A 1.4404 de haute qualit\u00e9<\/p>","protected":false},"featured_media":15332,"comment_status":"open","ping_status":"closed","template":"","meta":{"_acf_changed":false},"product_brand":[],"product_cat":[595,596],"product_tag":[],"class_list":{"0":"post-3282","1":"product","2":"type-product","3":"status-publish","4":"has-post-thumbnail","6":"product_cat-ruehrwerkstechnik","7":"product_cat-laborruehrer","8":"product_shipping_class-karton-paketversand","9":"pa_disc-durchmesser-21mm","10":"pa_durchmesser-60mm","11":"pa_gewinde-m10","12":"pa_material-v4a-edelstahl-1-4404","13":"pa_ruehrwellendurchmesser-10mm-mit-spannfutterabsatz-8mm","14":"pa_ruehrwellenlaenge-350mm","16":"first","17":"instock","18":"taxable","19":"shipping-taxable","20":"purchasable","21":"product-type-simple"},"bundled_by":[],"bundle_stock_status":"instock","bundle_stock_quantity":null,"bundle_virtual":false,"bundle_layout":"","bundle_add_to_cart_form_location":"","bundle_editable_in_cart":false,"bundle_sold_individually_context":"","bundle_item_grouping":"","bundle_min_size":"","bundle_max_size":"","bundle_price":[],"bundled_items":[],"bundle_sell_ids":[],"exclude_global_add_ons":[],"addons":[],"acf":[],"_links":{"self":[{"href":"https:\/\/ptm-mechatronics.com\/fr\/wp-json\/wp\/v2\/product\/3282","targetHints":{"allow":["GET"]}}],"collection":[{"href":"https:\/\/ptm-mechatronics.com\/fr\/wp-json\/wp\/v2\/product"}],"about":[{"href":"https:\/\/ptm-mechatronics.com\/fr\/wp-json\/wp\/v2\/types\/product"}],"replies":[{"embeddable":true,"href":"https:\/\/ptm-mechatronics.com\/fr\/wp-json\/wp\/v2\/comments?post=3282"}],"wp:featuredmedia":[{"embeddable":true,"href":"https:\/\/ptm-mechatronics.com\/fr\/wp-json\/wp\/v2\/media\/15332"}],"wp:attachment":[{"href":"https:\/\/ptm-mechatronics.com\/fr\/wp-json\/wp\/v2\/media?parent=3282"}],"wp:term":[{"taxonomy":"product_brand","embeddable":true,"href":"https:\/\/ptm-mechatronics.com\/fr\/wp-json\/wp\/v2\/product_brand?post=3282"},{"taxonomy":"product_cat","embeddable":true,"href":"https:\/\/ptm-mechatronics.com\/fr\/wp-json\/wp\/v2\/product_cat?post=3282"},{"taxonomy":"product_tag","embeddable":true,"href":"https:\/\/ptm-mechatronics.com\/fr\/wp-json\/wp\/v2\/product_tag?post=3282"}],"curies":[{"name":"wp","href":"https:\/\/api.w.org\/{rel}","templated":true}]}}